{"id":1788,"date":"2025-02-14T07:36:51","date_gmt":"2025-02-14T07:36:51","guid":{"rendered":"https:\/\/vavcase.com\/?post_type=product&#038;p=1788"},"modified":"2025-02-17T06:00:37","modified_gmt":"2025-02-17T06:00:37","slug":"asnomy-hard-shell-travel-case-for-ps5-slim-console-dual-controllers-protective-carry-bag-with-organizer","status":"publish","type":"product","link":"https:\/\/vavcase.com\/de\/produkt\/asnomy-hartschale-reisekoffer-fur-ps5-slim-konsole-dual-controllers-schutz-tragetasche-mit-organizer\/","title":{"rendered":"ASNOMY Hartschalen-Reisekoffer f\u00fcr PS5 Slim Konsole &amp; Dual-Controller - sch\u00fctzende Tragetasche mit Organizer"},"content":{"rendered":"<p><strong>Kompakte und sch\u00fctzende Reisetasche f\u00fcr PS5 Slim<\/strong><\/p>\n<ul>\n<li>Speziell entwickelt f\u00fcr die\u00a0<strong>PS5 Slim-Konsole<\/strong>\u00a0(Modell 2023).<\/li>\n<li>Dauerhaft\u00a0<strong>Hartschale<\/strong>\u00a0au\u00dfen f\u00fcr maximalen Schutz auf Reisen.<\/li>\n<li>Passend zum\u00a0<strong>PS5 Slim-Konsole<\/strong>,\u00a0<strong>2 DualSense Steuerger\u00e4te<\/strong>und wichtiges Zubeh\u00f6r.<\/li>\n<li>Eingebaut\u00a0<strong>Organizer-F\u00e4cher<\/strong>\u00a0f\u00fcr Kabel, Spiele und mehr.<\/li>\n<li>Leicht und tragbar, perfekt f\u00fcr Gamer, die viel unterwegs sind.<\/li>\n<li>Elegantes Design mit einem sicheren Rei\u00dfverschluss f\u00fcr zus\u00e4tzliche Sicherheit.<\/li>\n<\/ul>\n<p>Ideal f\u00fcr Gamer, die ihre PS5 Slim und ihr Zubeh\u00f6r zuverl\u00e4ssig und geordnet transportieren wollen!<\/p>\n<p>&nbsp;<\/p>\n<table>\n<thead>\n<tr>\n<th><strong>Attribut<\/strong><\/th>\n<th><strong>Einzelheiten<\/strong><\/th>\n<\/tr>\n<\/thead>\n<tbody>\n<tr>\n<td><strong>Produkt Abmessungen<\/strong><\/td>\n<td>15.35\u2033L x 9.45\u2033W x 19\u2033H<\/td>\n<\/tr>\n<tr>\n<td><strong>Geh\u00e4use Typ<\/strong><\/td>\n<td>Hart<\/td>\n<\/tr>\n<tr>\n<td><strong>Verschlussart<\/strong><\/td>\n<td>Rei\u00dfverschluss<\/td>\n<\/tr>\n<tr>\n<td><strong>Handgriff Typ<\/strong><\/td>\n<td>Leder<\/td>\n<\/tr>\n<tr>\n<td><strong>Anzahl der F\u00e4cher<\/strong><\/td>\n<td>3<\/td>\n<\/tr>\n<tr>\n<td><strong>Riemen Typ<\/strong><\/td>\n<td>Verstellbarer Schultergurt<\/td>\n<\/tr>\n<tr>\n<td><strong>Hersteller<\/strong><\/td>\n<td>ASNOMY<\/td>\n<\/tr>\n<tr>\n<td><strong>ASIN<\/strong><\/td>\n<td>B0D7B6P81L<\/td>\n<\/tr>\n<tr>\n<td><strong>Meistverkaufter Rang<\/strong><\/td>\n<td>#5,884 in Videospiele<\/td>\n<\/tr>\n<tr>\n<td><\/td>\n<td>#32 in PlayStation 5-Geh\u00e4usen<\/td>\n<\/tr>\n<tr>\n<td><strong>Artikel Modellnummer<\/strong><\/td>\n<td>AS0118-PSS-2024<\/td>\n<\/tr>\n<tr>\n<td><strong>Artikel Gewicht<\/strong><\/td>\n<td>2,81 Pfund<\/td>\n<\/tr>\n<tr>\n<td><strong>Abteilung<\/strong><\/td>\n<td>Unisex-Erwachsene<\/td>\n<\/tr>\n<tr>\n<td><strong>Herkunftsland<\/strong><\/td>\n<td>China<\/td>\n<\/tr>\n<tr>\n<td><strong>Datum der Erstverf\u00fcgbarkeit<\/strong><\/td>\n<td>18. Juni 2024<\/td>\n<\/tr>\n<\/tbody>\n<\/table>","protected":false},"excerpt":{"rendered":"<ul>\n<li data-start=\"0\" data-end=\"68\">Zur sicheren Aufbewahrung von PS5 Slim (2023), 2 Controllern und Zubeh\u00f6r.<\/li>\n<li data-start=\"69\" data-end=\"132\">Maximaler Schutz durch robuste Hartschale f\u00fcr sicheres Reisen.<\/li>\n<li data-start=\"133\" data-end=\"181\">Separate F\u00e4cher f\u00fcr Kabel und Spiele.<\/li>\n<li data-start=\"182\" data-end=\"241\">Leicht und tragbar, perfekt f\u00fcr Spiele unterwegs.<\/li>\n<li data-start=\"242\" data-end=\"300\" data-is-last-node=\"\">Dank des sicheren Rei\u00dfverschlusses bleibt alles sicher und stilvoll.<\/li>\n<\/ul>","protected":false},"featured_media":1794,"comment_status":"open","ping_status":"closed","template":"","meta":[],"product_brand":[],"product_cat":[60,55],"product_tag":[59],"class_list":{"0":"post-1788","1":"product","2":"type-product","3":"status-publish","4":"has-post-thumbnail","6":"product_cat-console-cases","7":"product_cat-gaming-cases-protection","8":"product_tag-console-cases","10":"first","11":"instock","12":"shipping-taxable","13":"purchasable","14":"product-type-simple"},"_links":{"self":[{"href":"https:\/\/vavcase.com\/de\/wp-json\/wp\/v2\/product\/1788","targetHints":{"allow":["GET"]}}],"collection":[{"href":"https:\/\/vavcase.com\/de\/wp-json\/wp\/v2\/product"}],"about":[{"href":"https:\/\/vavcase.com\/de\/wp-json\/wp\/v2\/types\/product"}],"replies":[{"embeddable":true,"href":"https:\/\/vavcase.com\/de\/wp-json\/wp\/v2\/comments?post=1788"}],"wp:featuredmedia":[{"embeddable":true,"href":"https:\/\/vavcase.com\/de\/wp-json\/wp\/v2\/media\/1794"}],"wp:attachment":[{"href":"https:\/\/vavcase.com\/de\/wp-json\/wp\/v2\/media?parent=1788"}],"wp:term":[{"taxonomy":"product_brand","embeddable":true,"href":"https:\/\/vavcase.com\/de\/wp-json\/wp\/v2\/product_brand?post=1788"},{"taxonomy":"product_cat","embeddable":true,"href":"https:\/\/vavcase.com\/de\/wp-json\/wp\/v2\/product_cat?post=1788"},{"taxonomy":"product_tag","embeddable":true,"href":"https:\/\/vavcase.com\/de\/wp-json\/wp\/v2\/product_tag?post=1788"}],"curies":[{"name":"wp","href":"https:\/\/api.w.org\/{rel}","templated":true}]}}