{"id":1812,"date":"2025-02-14T08:56:08","date_gmt":"2025-02-14T08:56:08","guid":{"rendered":"https:\/\/vavcase.com\/?post_type=product&#038;p=1812"},"modified":"2025-02-17T05:59:02","modified_gmt":"2025-02-17T05:59:02","slug":"yodooltly-hard-shell-travel-case-for-ps5-console-compatible-with-disc-digital-edition-includes-storage-for-controllers-pulse-3d-headset-cords-accessories","status":"publish","type":"product","link":"https:\/\/vavcase.com\/de\/produkt\/yodooltly-hartschale-reisekoffer-fur-ps5-konsole-kompatibel-mit-disc-digital-edition-enthalt-speicher-fur-controller-puls-3d-headset-schnure-zubehor\/","title":{"rendered":"YODOOLTLY Hartschalen-PS5-Reisekoffer - f\u00fcr Disc &amp; Digital Edition, Controller, Pulse 3D Headset, Kabel und Zubeh\u00f6r"},"content":{"rendered":"<p data-start=\"0\" data-end=\"69\"><strong data-start=\"0\" data-end=\"67\">YODOOLTLY PS5 Tragetasche - Ultimativer Schutz und Komfort<\/strong><\/p>\n<ul data-start=\"71\" data-end=\"946\" data-is-last-node=\"\">\n<li data-start=\"71\" data-end=\"482\">\n<p data-start=\"73\" data-end=\"482\"><strong data-start=\"73\" data-end=\"121\">Hochwertige Materialien und hervorragender Schutz<\/strong> - Diese PS5-Transporttasche wurde f\u00fcr die sichere Aufbewahrung entwickelt und besteht aus strapazierf\u00e4higem, wasserdichtem und kratzfestem Nylon, damit sie immer wie neu aussieht. Die EVA-Hartschale bietet wichtige strukturelle Unterst\u00fctzung und sch\u00fctzt die Konsole vor St\u00f6\u00dfen von au\u00dfen, w\u00e4hrend das weiche, mit Samt gef\u00fctterte Innere mit Lycra-Polsterung die Bewegungen im Inneren minimiert und Kratzer verhindert.<\/p>\n<\/li>\n<li data-start=\"484\" data-end=\"946\" data-is-last-node=\"\">\n<p data-start=\"486\" data-end=\"946\" data-is-last-node=\"\"><strong data-start=\"486\" data-end=\"528\">Intelligente Aufbewahrung und reisefreundliches Design<\/strong> - Die Tasche enth\u00e4lt spezielle F\u00e4cher f\u00fcr die PS5-Konsole, Controller, 3D-Kopfh\u00f6rer, Kabel und eine Konsolenbasis, damit beim Transport alles an seinem Platz bleibt. Eine Mitteltrennwand mit einer Netztasche erm\u00f6glicht die Aufbewahrung von Kleinteilen wie Discs und Kabeln. Mit einem stabilen Tragegriff und einem verstellbaren Schultergurt bietet diese Tasche zwei Trageoptionen, die die Belastung reduzieren und einen bequemen Transport gew\u00e4hrleisten.<\/p>\n<\/li>\n<\/ul>\n<table>\n<thead>\n<tr>\n<th><strong>Attribut<\/strong><\/th>\n<th><strong>Einzelheiten<\/strong><\/th>\n<\/tr>\n<\/thead>\n<tbody>\n<tr>\n<td><strong>Produkt Abmessungen<\/strong><\/td>\n<td>17.32\u2033L x 7.87\u2033W x 3.74\u2033H<\/td>\n<\/tr>\n<tr>\n<td><strong>Artikel Gewicht<\/strong><\/td>\n<td>3,77 Pfund<\/td>\n<\/tr>\n<tr>\n<td><strong>Geh\u00e4use Typ<\/strong><\/td>\n<td>Hart<\/td>\n<\/tr>\n<tr>\n<td><strong>Kapazit\u00e4t<\/strong><\/td>\n<td>4,5 Pfund<\/td>\n<\/tr>\n<tr>\n<td><strong>Verschlussart<\/strong><\/td>\n<td>Rei\u00dfverschluss<\/td>\n<\/tr>\n<tr>\n<td><strong>Anzahl der F\u00e4cher<\/strong><\/td>\n<td>1<\/td>\n<\/tr>\n<tr>\n<td><strong>Beschreibung der Tasche<\/strong><\/td>\n<td>Rei\u00dfverschlusstasche<\/td>\n<\/tr>\n<tr>\n<td><strong>Riemen Typ<\/strong><\/td>\n<td>Einstellbar<\/td>\n<\/tr>\n<tr>\n<td><strong>Hersteller<\/strong><\/td>\n<td>fitoogo<\/td>\n<\/tr>\n<tr>\n<td><strong>UPC<\/strong><\/td>\n<td>749877707185<\/td>\n<\/tr>\n<tr>\n<td><strong>ASIN<\/strong><\/td>\n<td>B0BXPBJD7Y<\/td>\n<\/tr>\n<tr>\n<td><strong>Artikel Modellnummer<\/strong><\/td>\n<td>Tragetasche f\u00fcr ps5 001<\/td>\n<\/tr>\n<tr>\n<td><strong>Kundenrezensionen<\/strong><\/td>\n<td>4,7 von 5 Sternen (175 Bewertungen)<\/td>\n<\/tr>\n<tr>\n<td><strong>Meistverkaufter Rang<\/strong><\/td>\n<td>#3.000 in Videospielen<\/td>\n<\/tr>\n<tr>\n<td><\/td>\n<td>#10 in PlayStation 5-Geh\u00e4usen<\/td>\n<\/tr>\n<tr>\n<td><strong>Datum der Erstverf\u00fcgbarkeit<\/strong><\/td>\n<td>7. M\u00e4rz 2023<\/td>\n<\/tr>\n<tr>\n<td><strong>Abteilung<\/strong><\/td>\n<td>Unisex-Erwachsene<\/td>\n<\/tr>\n<tr>\n<td><strong>Herkunftsland<\/strong><\/td>\n<td>China<\/td>\n<\/tr>\n<\/tbody>\n<\/table>","protected":false},"excerpt":{"rendered":"<ul>\n<li data-start=\"0\" data-end=\"93\">Wasserdichtes und kratzfestes Nylon-Au\u00dfenmaterial mit EVA-Hartschale f\u00fcr Sto\u00dffestigkeit.<\/li>\n<li data-start=\"94\" data-end=\"195\">Der weiche, mit Samt gef\u00fctterte Innenraum mit Lycra-Polsterung verhindert Kratzer und h\u00e4lt die Konsole sicher.<\/li>\n<li data-start=\"196\" data-end=\"285\">Spezielle F\u00e4cher f\u00fcr PS5-Konsole, Controller, 3D-Kopfh\u00f6rer, Kabel und Sockel.<\/li>\n<li data-start=\"286\" data-end=\"370\">Mittlere Trennwand mit Netztasche f\u00fcr kleines Zubeh\u00f6r wie Discs und Kabel.<\/li>\n<li data-start=\"371\" data-end=\"450\">Stabiler Griff und verstellbarer Schultergurt f\u00fcr vielseitige Tragem\u00f6glichkeiten.<\/li>\n<li data-start=\"451\" data-end=\"526\" data-is-last-node=\"\">Entwickelt f\u00fcr Gamer, die unterwegs sind, und bietet eleganten und zuverl\u00e4ssigen Schutz.<\/li>\n<\/ul>","protected":false},"featured_media":1839,"comment_status":"open","ping_status":"closed","template":"","meta":[],"product_brand":[],"product_cat":[60,55],"product_tag":[],"class_list":{"0":"post-1812","1":"product","2":"type-product","3":"status-publish","4":"has-post-thumbnail","6":"product_cat-console-cases","7":"product_cat-gaming-cases-protection","9":"first","10":"instock","11":"shipping-taxable","12":"purchasable","13":"product-type-simple"},"_links":{"self":[{"href":"https:\/\/vavcase.com\/de\/wp-json\/wp\/v2\/product\/1812","targetHints":{"allow":["GET"]}}],"collection":[{"href":"https:\/\/vavcase.com\/de\/wp-json\/wp\/v2\/product"}],"about":[{"href":"https:\/\/vavcase.com\/de\/wp-json\/wp\/v2\/types\/product"}],"replies":[{"embeddable":true,"href":"https:\/\/vavcase.com\/de\/wp-json\/wp\/v2\/comments?post=1812"}],"wp:featuredmedia":[{"embeddable":true,"href":"https:\/\/vavcase.com\/de\/wp-json\/wp\/v2\/media\/1839"}],"wp:attachment":[{"href":"https:\/\/vavcase.com\/de\/wp-json\/wp\/v2\/media?parent=1812"}],"wp:term":[{"taxonomy":"product_brand","embeddable":true,"href":"https:\/\/vavcase.com\/de\/wp-json\/wp\/v2\/product_brand?post=1812"},{"taxonomy":"product_cat","embeddable":true,"href":"https:\/\/vavcase.com\/de\/wp-json\/wp\/v2\/product_cat?post=1812"},{"taxonomy":"product_tag","embeddable":true,"href":"https:\/\/vavcase.com\/de\/wp-json\/wp\/v2\/product_tag?post=1812"}],"curies":[{"name":"wp","href":"https:\/\/api.w.org\/{rel}","templated":true}]}}