{"id":1846,"date":"2025-02-14T09:14:03","date_gmt":"2025-02-14T09:14:03","guid":{"rendered":"https:\/\/vavcase.com\/?post_type=product&#038;p=1846"},"modified":"2025-02-17T05:58:27","modified_gmt":"2025-02-17T05:58:27","slug":"ezgnuk-game-backpack-for-ps5-slim-travel-case-for-console-laptop-headphones-game-discs-accessories","status":"publish","type":"product","link":"https:\/\/vavcase.com\/de\/produkt\/ezgnuk-spiel-rucksack-fur-ps5-slim-reisetasche-fur-konsole-laptop-kopfhorer-spiel-discs-zubehor\/","title":{"rendered":"Ezgnuk Game Backpack f\u00fcr PS5 Slim - Reiseetui f\u00fcr Konsole, Laptop, Kopfh\u00f6rer, Game Discs &amp; Zubeh\u00f6r"},"content":{"rendered":"<h3 data-start=\"0\" data-end=\"81\"><strong data-start=\"4\" data-end=\"79\">Ezgnuk Game Backpack f\u00fcr PS5 Slim - ger\u00e4umig, langlebig und reisefreudig<\/strong><\/h3>\n<ul data-start=\"83\" data-end=\"959\">\n<li data-start=\"83\" data-end=\"200\">Mit den Ma\u00dfen 18,89 \"x14,17 \"x7,87\" passt er f\u00fcr PS5 Slim, Controller, Laptops, Kopfh\u00f6rer, Spielediscs und Zubeh\u00f6r.<\/li>\n<li data-start=\"201\" data-end=\"288\">Auch Reiseutensilien wie Kleidung, Kameras, Powerbanks und P\u00e4sse k\u00f6nnen darin aufbewahrt werden.<\/li>\n<li data-start=\"289\" data-end=\"385\">Das Hauptfach bietet Platz f\u00fcr die PS5 Slim und den Laptop und hat zwei Innentaschen f\u00fcr Controller.<\/li>\n<li data-start=\"386\" data-end=\"483\">Zus\u00e4tzlicher Platz f\u00fcr Kopfh\u00f6rer, Spiele-Discs und Kabel sowie Seitentaschen f\u00fcr kleinere Dinge.<\/li>\n<li data-start=\"484\" data-end=\"547\">Hergestellt aus hochwertigem, wasserdichtem und rei\u00dffestem Nylon.<\/li>\n<li data-start=\"548\" data-end=\"637\">Die dicke Schutzpolsterung an der Unterseite und den Kanten sch\u00fctzt vor St\u00f6\u00dfen und Kratzern.<\/li>\n<li data-start=\"638\" data-end=\"709\">Das sto\u00dffeste Innenfutter sch\u00fctzt vor St\u00f6\u00dfen und Druck.<\/li>\n<li data-start=\"710\" data-end=\"785\">Die verstellbaren, gepolsterten Schultergurte verteilen das Gewicht gleichm\u00e4\u00dfig und sorgen f\u00fcr Komfort.<\/li>\n<li data-start=\"786\" data-end=\"859\">Die atmungsaktive H\u00fcftpolsterung reduziert die Belastung bei langen Tragezeiten.<\/li>\n<li data-start=\"860\" data-end=\"959\">Ideal f\u00fcr Gaming-Turniere, Reisen oder den t\u00e4glichen Gebrauch, damit Ihre Konsole sicher und transportabel ist.<\/li>\n<\/ul>\n<table>\n<thead>\n<tr>\n<th><strong>Attribut<\/strong><\/th>\n<th><strong>Einzelheiten<\/strong><\/th>\n<\/tr>\n<\/thead>\n<tbody>\n<tr>\n<td><strong>Geh\u00e4use Typ<\/strong><\/td>\n<td>Weiche Schale<\/td>\n<\/tr>\n<tr>\n<td><strong>Verschlussart<\/strong><\/td>\n<td>Rei\u00dfverschluss<\/td>\n<\/tr>\n<tr>\n<td><strong>Handgriff Typ<\/strong><\/td>\n<td>Schultergurt<\/td>\n<\/tr>\n<tr>\n<td><strong>Anzahl der F\u00e4cher<\/strong><\/td>\n<td>5<\/td>\n<\/tr>\n<tr>\n<td><strong>Beschreibung der Tasche<\/strong><\/td>\n<td>Utility-Tasche<\/td>\n<\/tr>\n<tr>\n<td><strong>Riemen Typ<\/strong><\/td>\n<td>Schultergurt<\/td>\n<\/tr>\n<tr>\n<td><strong>Hersteller<\/strong><\/td>\n<td>Ezgnuk<\/td>\n<\/tr>\n<tr>\n<td><strong>UPC<\/strong><\/td>\n<td>702602575633<\/td>\n<\/tr>\n<tr>\n<td><strong>ASIN<\/strong><\/td>\n<td>B0D8J7JKLL<\/td>\n<\/tr>\n<tr>\n<td><strong>Kundenrezensionen<\/strong><\/td>\n<td>4.4 von 5 Sternen (27 Bewertungen)<\/td>\n<\/tr>\n<tr>\n<td><strong>Meistverkaufter Rang<\/strong><\/td>\n<td>#20,119 in Videospiele<\/td>\n<\/tr>\n<tr>\n<td><\/td>\n<td>#280 in PlayStation-Zubeh\u00f6r<\/td>\n<\/tr>\n<tr>\n<td><strong>Produkt Abmessungen<\/strong><\/td>\n<td>4,5 x 14 x 9,4 Zoll<\/td>\n<\/tr>\n<tr>\n<td><strong>Artikel Gewicht<\/strong><\/td>\n<td>2,07 Pfund<\/td>\n<\/tr>\n<tr>\n<td><strong>Art des Gegenstands<\/strong><\/td>\n<td>Kleidung<\/td>\n<\/tr>\n<tr>\n<td><strong>Artikel Modellnummer<\/strong><\/td>\n<td>PS503 Schlank<\/td>\n<\/tr>\n<tr>\n<td><strong>Abteilung<\/strong><\/td>\n<td>Unisex Erwachsene<\/td>\n<\/tr>\n<tr>\n<td><strong>Herkunftsland<\/strong><\/td>\n<td>China<\/td>\n<\/tr>\n<tr>\n<td><strong>Datum der Erstverf\u00fcgbarkeit<\/strong><\/td>\n<td>1. Juli 2024<\/td>\n<\/tr>\n<\/tbody>\n<\/table>","protected":false},"excerpt":{"rendered":"<ul>\n<li data-start=\"0\" data-end=\"61\">Passend f\u00fcr PS5 Slim, Controller, Laptop, Kopfh\u00f6rer und mehr.<\/li>\n<li data-start=\"62\" data-end=\"133\">Spezielle F\u00e4cher f\u00fcr Zubeh\u00f6r, Spiele-Discs und andere wichtige Dinge.<\/li>\n<li data-start=\"134\" data-end=\"200\">Wasserdichtes, rei\u00dffestes Nylon mit gepolsterter Sto\u00dfd\u00e4mpfung.<\/li>\n<li data-start=\"201\" data-end=\"259\">Verstellbare gepolsterte Tr\u00e4ger und atmungsaktive Taillenst\u00fctze.<\/li>\n<li data-start=\"260\" data-end=\"311\" data-is-last-node=\"\">Ideal f\u00fcr Turniere, Reisen und den t\u00e4glichen Gebrauch.<\/li>\n<\/ul>","protected":false},"featured_media":1850,"comment_status":"open","ping_status":"closed","template":"","meta":[],"product_brand":[],"product_cat":[60,55],"product_tag":[],"class_list":{"0":"post-1846","1":"product","2":"type-product","3":"status-publish","4":"has-post-thumbnail","6":"product_cat-console-cases","7":"product_cat-gaming-cases-protection","9":"first","10":"instock","11":"shipping-taxable","12":"purchasable","13":"product-type-simple"},"_links":{"self":[{"href":"https:\/\/vavcase.com\/de\/wp-json\/wp\/v2\/product\/1846","targetHints":{"allow":["GET"]}}],"collection":[{"href":"https:\/\/vavcase.com\/de\/wp-json\/wp\/v2\/product"}],"about":[{"href":"https:\/\/vavcase.com\/de\/wp-json\/wp\/v2\/types\/product"}],"replies":[{"embeddable":true,"href":"https:\/\/vavcase.com\/de\/wp-json\/wp\/v2\/comments?post=1846"}],"wp:featuredmedia":[{"embeddable":true,"href":"https:\/\/vavcase.com\/de\/wp-json\/wp\/v2\/media\/1850"}],"wp:attachment":[{"href":"https:\/\/vavcase.com\/de\/wp-json\/wp\/v2\/media?parent=1846"}],"wp:term":[{"taxonomy":"product_brand","embeddable":true,"href":"https:\/\/vavcase.com\/de\/wp-json\/wp\/v2\/product_brand?post=1846"},{"taxonomy":"product_cat","embeddable":true,"href":"https:\/\/vavcase.com\/de\/wp-json\/wp\/v2\/product_cat?post=1846"},{"taxonomy":"product_tag","embeddable":true,"href":"https:\/\/vavcase.com\/de\/wp-json\/wp\/v2\/product_tag?post=1846"}],"curies":[{"name":"wp","href":"https:\/\/api.w.org\/{rel}","templated":true}]}}