{"id":1855,"date":"2025-02-14T09:29:16","date_gmt":"2025-02-14T09:29:16","guid":{"rendered":"https:\/\/vavcase.com\/?post_type=product&#038;p=1855"},"modified":"2025-02-17T10:13:50","modified_gmt":"2025-02-17T10:13:50","slug":"diocall-hard-case-for-ps5-slim-2023-protective-travel-case-for-console-dualsense-controllers-accessories","status":"publish","type":"product","link":"https:\/\/vavcase.com\/de\/produkt\/diocall-hartes-etui-fur-ps5-slim-2023-schutzendes-reiseetui-fur-konsole-dualsense-controllers-zubehor\/","title":{"rendered":"Diocall Hartschalenkoffer f\u00fcr PS5 Slim (2023) - Sch\u00fctzendes Reiseetui f\u00fcr Konsole, DualSense-Controller und Zubeh\u00f6r"},"content":{"rendered":"<ul>\n<li data-start=\"86\" data-end=\"336\">\n<p data-start=\"88\" data-end=\"125\"><strong data-start=\"88\" data-end=\"123\">Perfekte Passform f\u00fcr PS5 Slim (2023)<\/strong><\/p>\n<ul data-start=\"128\" data-end=\"336\">\n<li data-start=\"128\" data-end=\"194\">Speziell f\u00fcr die PS5 Slim Disc &amp; Digital Edition entwickelt.<\/li>\n<li data-start=\"197\" data-end=\"275\">Sorgt f\u00fcr einen passgenauen und sicheren Sitz (nicht kompatibel mit der originalen PS5 2020).<\/li>\n<li data-start=\"278\" data-end=\"336\">Bietet zuverl\u00e4ssigen Schutz f\u00fcr Reisen und Transport.<\/li>\n<\/ul>\n<\/li>\n<li data-start=\"338\" data-end=\"551\">\n<p data-start=\"340\" data-end=\"374\"><strong data-start=\"340\" data-end=\"372\">Ger\u00e4umiger und organisierter Stauraum<\/strong><\/p>\n<ul data-start=\"377\" data-end=\"551\">\n<li data-start=\"377\" data-end=\"461\">Gro\u00dfes Fassungsverm\u00f6gen f\u00fcr die PS5 Slim, zwei DualSense-Controller und Spiele-Discs.<\/li>\n<li data-start=\"464\" data-end=\"551\">Zus\u00e4tzlicher Stauraum f\u00fcr einen vertikalen St\u00e4nder, Ladekabel und anderes Zubeh\u00f6r.<\/li>\n<\/ul>\n<\/li>\n<li data-start=\"553\" data-end=\"791\">\n<p data-start=\"555\" data-end=\"601\"><strong data-start=\"555\" data-end=\"599\">Hartschalenschutz f\u00fcr maximale Sicherheit<\/strong><\/p>\n<ul data-start=\"604\" data-end=\"791\">\n<li data-start=\"604\" data-end=\"669\">Strapazierf\u00e4higes Hartschalengeh\u00e4use mit individuellen Innenf\u00e4chern.<\/li>\n<li data-start=\"672\" data-end=\"730\">Sch\u00fctzt die Konsole vor St\u00f6\u00dfen, Kratzern und Staub.<\/li>\n<li data-start=\"733\" data-end=\"791\">Die feste Struktur h\u00e4lt das Zubeh\u00f6r auf Reisen sicher.<\/li>\n<\/ul>\n<\/li>\n<li data-start=\"793\" data-end=\"970\">\n<p data-start=\"795\" data-end=\"835\"><strong data-start=\"795\" data-end=\"833\">Leicht zu tragen, bequem zu halten<\/strong><\/p>\n<ul data-start=\"838\" data-end=\"970\">\n<li data-start=\"838\" data-end=\"906\">Verstellbarer, gepolsterter Schultergurt f\u00fcr verschiedene Tragem\u00f6glichkeiten.<\/li>\n<li data-start=\"909\" data-end=\"970\">Weicher und bequemer Riemen f\u00fcr m\u00fchelosen Transport.<\/li>\n<\/ul>\n<\/li>\n<li data-start=\"972\" data-end=\"1121\">\n<p data-start=\"974\" data-end=\"1006\"><strong data-start=\"974\" data-end=\"1004\">Ideal f\u00fcr Gamer, die unterwegs sind<\/strong><\/p>\n<ul data-start=\"1009\" data-end=\"1121\">\n<li data-start=\"1009\" data-end=\"1067\">Leichtes und dennoch robustes Design f\u00fcr Reisen und Lagerung.<\/li>\n<li data-start=\"1070\" data-end=\"1121\">Perfekt f\u00fcr Gaming-Events oder die sichere Aufbewahrung zu Hause.<\/li>\n<\/ul>\n<\/li>\n<\/ul>\n<table>\n<thead>\n<tr>\n<th><strong>Attribut<\/strong><\/th>\n<th><strong>Einzelheiten<\/strong><\/th>\n<\/tr>\n<\/thead>\n<tbody>\n<tr>\n<td><strong>Produkt Abmessungen<\/strong><\/td>\n<td>15\u2033L x 6.7\u2033W x 11\u2033H<\/td>\n<\/tr>\n<tr>\n<td><strong>Artikel Gewicht<\/strong><\/td>\n<td>1,1 Kilogramm (2,42 Pfund)<\/td>\n<\/tr>\n<tr>\n<td><strong>Geh\u00e4use Typ<\/strong><\/td>\n<td>Hart<\/td>\n<\/tr>\n<tr>\n<td><strong>Verschlussart<\/strong><\/td>\n<td>Rei\u00dfverschluss<\/td>\n<\/tr>\n<tr>\n<td><strong>Handgriff Typ<\/strong><\/td>\n<td>Weich<\/td>\n<\/tr>\n<tr>\n<td><strong>Anzahl der F\u00e4cher<\/strong><\/td>\n<td>3<\/td>\n<\/tr>\n<tr>\n<td><strong>Beschreibung der Tasche<\/strong><\/td>\n<td>Allgemeine Tasche<\/td>\n<\/tr>\n<tr>\n<td><strong>Riemen Typ<\/strong><\/td>\n<td>Nylon<\/td>\n<\/tr>\n<tr>\n<td><strong>Hersteller<\/strong><\/td>\n<td>Diocall<\/td>\n<\/tr>\n<tr>\n<td><strong>ASIN<\/strong><\/td>\n<td>B0CPWF5MSQ<\/td>\n<\/tr>\n<tr>\n<td><strong>Kundenrezensionen<\/strong><\/td>\n<td>4,7 von 5 Sternen (25 Bewertungen)<\/td>\n<\/tr>\n<tr>\n<td><strong>Meistverkaufter Rang<\/strong><\/td>\n<td>#8,530 in Videospiele<\/td>\n<\/tr>\n<tr>\n<td><\/td>\n<td>#40 in PlayStation 5-Geh\u00e4usen<\/td>\n<\/tr>\n<tr>\n<td><strong>Art des Gegenstands<\/strong><\/td>\n<td>Unbekannte Bindung<\/td>\n<\/tr>\n<tr>\n<td><strong>Artikel Modellnummer<\/strong><\/td>\n<td>Geh\u00e4useP5 7723<\/td>\n<\/tr>\n<tr>\n<td><strong>Abteilung<\/strong><\/td>\n<td>Unisex-Erwachsene<\/td>\n<\/tr>\n<tr>\n<td><strong>Herkunftsland<\/strong><\/td>\n<td>China<\/td>\n<\/tr>\n<tr>\n<td><strong>Datum der Erstverf\u00fcgbarkeit<\/strong><\/td>\n<td>10. Dezember 2023<\/td>\n<\/tr>\n<\/tbody>\n<\/table>\n<p data-start=\"1386\" data-end=\"1639\" data-is-last-node=\"\">","protected":false},"excerpt":{"rendered":"<ul>\n<li data-start=\"49\" data-end=\"154\"><strong data-start=\"51\" data-end=\"66\">Perfekte Passform<\/strong> - Entwickelt f\u00fcr PS5 Slim (2023) Disc &amp; Digital Edition (nicht kompatibel mit PS5 2020).<\/li>\n<li data-start=\"155\" data-end=\"247\"><strong data-start=\"157\" data-end=\"181\">Ger\u00e4umig &amp; Organisiert<\/strong> - F\u00fcr die PS5 Slim, zwei Controller, Spielediscs und Zubeh\u00f6r.<\/li>\n<li data-start=\"248\" data-end=\"325\"><strong data-start=\"250\" data-end=\"275\">Hartschalenschutz<\/strong> - Sch\u00fctzt vor St\u00f6\u00dfen, Kratzern und Staub.<\/li>\n<li data-start=\"326\" data-end=\"399\"><strong data-start=\"328\" data-end=\"345\">Leicht zu transportieren<\/strong> - Weicher Griff und verstellbarer, gepolsterter Schultergurt.<\/li>\n<li data-start=\"400\" data-end=\"480\"><strong data-start=\"402\" data-end=\"426\">F\u00fcr Gamer, die unterwegs sind<\/strong> - Leicht und dennoch strapazierf\u00e4hig f\u00fcr sicheres Reisen an jedem Ort.<\/li>\n<\/ul>","protected":false},"featured_media":1861,"comment_status":"open","ping_status":"closed","template":"","meta":[],"product_brand":[],"product_cat":[60,55],"product_tag":[],"class_list":{"0":"post-1855","1":"product","2":"type-product","3":"status-publish","4":"has-post-thumbnail","6":"product_cat-console-cases","7":"product_cat-gaming-cases-protection","9":"first","10":"instock","11":"shipping-taxable","12":"purchasable","13":"product-type-simple"},"_links":{"self":[{"href":"https:\/\/vavcase.com\/de\/wp-json\/wp\/v2\/product\/1855","targetHints":{"allow":["GET"]}}],"collection":[{"href":"https:\/\/vavcase.com\/de\/wp-json\/wp\/v2\/product"}],"about":[{"href":"https:\/\/vavcase.com\/de\/wp-json\/wp\/v2\/types\/product"}],"replies":[{"embeddable":true,"href":"https:\/\/vavcase.com\/de\/wp-json\/wp\/v2\/comments?post=1855"}],"wp:featuredmedia":[{"embeddable":true,"href":"https:\/\/vavcase.com\/de\/wp-json\/wp\/v2\/media\/1861"}],"wp:attachment":[{"href":"https:\/\/vavcase.com\/de\/wp-json\/wp\/v2\/media?parent=1855"}],"wp:term":[{"taxonomy":"product_brand","embeddable":true,"href":"https:\/\/vavcase.com\/de\/wp-json\/wp\/v2\/product_brand?post=1855"},{"taxonomy":"product_cat","embeddable":true,"href":"https:\/\/vavcase.com\/de\/wp-json\/wp\/v2\/product_cat?post=1855"},{"taxonomy":"product_tag","embeddable":true,"href":"https:\/\/vavcase.com\/de\/wp-json\/wp\/v2\/product_tag?post=1855"}],"curies":[{"name":"wp","href":"https:\/\/api.w.org\/{rel}","templated":true}]}}