{"id":1867,"date":"2025-02-14T09:37:17","date_gmt":"2025-02-14T09:37:17","guid":{"rendered":"https:\/\/vavcase.com\/?post_type=product&#038;p=1867"},"modified":"2026-04-08T14:19:33","modified_gmt":"2026-04-08T14:19:33","slug":"xanad-2-in-1-hard-travel-case-for-xbox-playstation-nintendo-switch-wireless-controllers-blue","status":"publish","type":"product","link":"https:\/\/vavcase.com\/de\/produkt\/xanad-2-in-1-harte-reisekoffer-fur-xbox-playstation-nintendo-switch-wireless-controllers-blau\/","title":{"rendered":"XANAD 2-in-1 Hartschalenkoffer f\u00fcr Xbox, PlayStation, Nintendo Switch &amp; Wireless-Controller - Blau"},"content":{"rendered":"<div class=\"flex max-w-full flex-col flex-grow\">\n<div class=\"min-h-8 text-message flex w-full flex-col items-end gap-2 whitespace-normal break-words text-start [.text-message+&amp;]:mt-5\" dir=\"auto\" data-message-author-role=\"assistant\" data-message-id=\"8bc4af7b-0710-4d93-88c6-2ef797363591\" data-message-model-slug=\"gpt-4o\">\n<div class=\"flex w-full flex-col gap-1 empty:hidden first:pt-[3px]\">\n<div class=\"markdown prose w-full break-words dark:prose-invert dark\">\n<ul>\n<li data-start=\"0\" data-end=\"118\">Geeignet f\u00fcr Nintendo Switch Pro Controller, Xbox One, Xbox One S, Xbox One X und Xbox Shock Blue Controller.<\/li>\n<li data-start=\"119\" data-end=\"187\">Enth\u00e4lt einen speziellen Stauraum f\u00fcr Kabel und Ladekabel.<\/li>\n<li data-start=\"188\" data-end=\"349\">Das weiche Samtinterieur polstert Ihren Controller, w\u00e4hrend die strapazierf\u00e4hige EVA-Hartschale sto\u00dffesten, halbwasserdichten, staubdichten und verschlei\u00dffesten Schutz bietet.<\/li>\n<li data-start=\"350\" data-end=\"433\">Leicht und kompakt mit einem stabilen, komfortablen Griff f\u00fcr einfachen Transport.<\/li>\n<li data-start=\"434\" data-end=\"544\">Individuell geformt f\u00fcr eine perfekte Passform mit Geh\u00e4useabmessungen: 9,3 x 8,5 x 2,8 Zoll und Gewicht: 387,6 g (0,9 lbs).<\/li>\n<li data-start=\"545\" data-end=\"666\" data-is-last-node=\"\">Nur Tasche (Controller und Zubeh\u00f6r nicht enthalten). Zum Schutz und zur m\u00fchelosen Organisation Ihrer Spielutensilien gebaut!<\/li>\n<\/ul>\n<\/div>\n<\/div>\n<\/div>\n<\/div>\n<table>\n<thead>\n<tr>\n<th><strong>Attribut<\/strong><\/th>\n<th><strong>Einzelheiten<\/strong><\/th>\n<\/tr>\n<\/thead>\n<tbody>\n<tr>\n<td><strong>Produkt Abmessungen<\/strong><\/td>\n<td>9,3\u2033L x 8,5\u2033W x 2,8\u2033H<\/td>\n<\/tr>\n<tr>\n<td><strong>Geh\u00e4use Typ<\/strong><\/td>\n<td>Hart<\/td>\n<\/tr>\n<tr>\n<td><strong>Verschlussart<\/strong><\/td>\n<td>Rei\u00dfverschluss<\/td>\n<\/tr>\n<tr>\n<td><strong>Handgriff Typ<\/strong><\/td>\n<td>Standard<\/td>\n<\/tr>\n<tr>\n<td><strong>Anzahl der F\u00e4cher<\/strong><\/td>\n<td>2<\/td>\n<\/tr>\n<tr>\n<td><strong>Beschreibung der Tasche<\/strong><\/td>\n<td>Rei\u00dfverschlusstasche<\/td>\n<\/tr>\n<tr>\n<td><strong>Riemen Typ<\/strong><\/td>\n<td>Standard-Griff<\/td>\n<\/tr>\n<tr>\n<td><strong>Hersteller<\/strong><\/td>\n<td>XANAD<\/td>\n<\/tr>\n<tr>\n<td><strong>ASIN<\/strong><\/td>\n<td>B0D4Q8N2X7<\/td>\n<\/tr>\n<tr>\n<td><strong>Kundenrezensionen<\/strong><\/td>\n<td>4.3 von 5 Sternen (46 Bewertungen)<\/td>\n<\/tr>\n<tr>\n<td><strong>Artikel Modellnummer<\/strong><\/td>\n<td>ZDXTDMJ551 US<\/td>\n<\/tr>\n<tr>\n<td><strong>Artikel Gewicht<\/strong><\/td>\n<td>14,4 Unzen<\/td>\n<\/tr>\n<tr>\n<td><strong>Abteilung<\/strong><\/td>\n<td>M\u00e4nner<\/td>\n<\/tr>\n<tr>\n<td><strong>Herkunftsland<\/strong><\/td>\n<td>China<\/td>\n<\/tr>\n<tr>\n<td><strong>Datum der Erstverf\u00fcgbarkeit<\/strong><\/td>\n<td>21. Mai 2024<\/td>\n<\/tr>\n<\/tbody>\n<\/table>","protected":false},"excerpt":{"rendered":"<div class=\"flex-1 overflow-hidden @container\/thread translate-y-[2rem] -mt-[2rem] pb-[1.5rem]\">\n<div class=\"flex h-full flex-col overflow-y-auto\">\n<div class=\"flex flex-col text-sm md:pb-9\">\n<article class=\"w-full text-token-text-primary focus-visible:outline-2 focus-visible:outline-offset-[-4px]\" dir=\"auto\" data-testid=\"conversation-turn-21\" data-scroll-anchor=\"true\">\n<div class=\"m-auto text-base py-[18px] px-6\">\n<div class=\"mx-auto flex flex-1 text-base gap-4 md:gap-5 lg:gap-6 md:max-w-3xl lg:max-w-[40rem] xl:max-w-[48rem]\">\n<div class=\"group\/conversation-turn relative flex w-full min-w-0 flex-col agent-turn @xs\/thread:px-0 @sm\/thread:px-1.5 @md\/thread:px-4\">\n<div class=\"flex-col gap-1 md:gap-3\">\n<div class=\"flex max-w-full flex-col flex-grow\">\n<div class=\"min-h-8 text-message flex w-full flex-col items-end gap-2 whitespace-normal break-words text-start [.text-message+&amp;]:mt-5\" dir=\"auto\" data-message-author-role=\"assistant\" data-message-id=\"8e47cbcf-0234-4636-a200-53dc4306af27\" data-message-model-slug=\"gpt-4o\">\n<div class=\"flex w-full flex-col gap-1 empty:hidden first:pt-[3px]\">\n<div class=\"markdown prose w-full break-words dark:prose-invert dark\">\n<ul data-start=\"0\" data-end=\"579\">\n<li data-start=\"0\" data-end=\"155\">Passend f\u00fcr Nintendo Switch Pro Controller, Xbox One, Xbox One S, Xbox One X und Xbox Shock Blue Controller, mit extra Platz f\u00fcr Kabel und Ladekabel.<\/li>\n<li data-start=\"156\" data-end=\"317\">Das weiche Samtinterieur polstert Ihren Controller, w\u00e4hrend die strapazierf\u00e4hige EVA-Hartschale sto\u00dffesten, halbwasserdichten, staubdichten und verschlei\u00dffesten Schutz bietet.<\/li>\n<li data-start=\"318\" data-end=\"419\">Leicht und kompakt mit einem stabilen Griff f\u00fcr den einfachen Transport in einer Tasche, einem Rucksack oder im Gep\u00e4ck.<\/li>\n<li data-start=\"420\" data-end=\"522\">Individuell geformt f\u00fcr eine perfekte Passform mit Abmessungen: 9,3 x 8,5 x 2,8 Zoll, Gewicht: 387,6 g (0,9 lbs).<\/li>\n<li data-start=\"523\" data-end=\"579\">Nur Geh\u00e4use (Controller und Zubeh\u00f6r nicht enthalten).<\/li>\n<\/ul>\n<p data-start=\"581\" data-end=\"670\" data-is-last-node=\"\">XANAD 2-in-1 Hartschalenkoffer - Sch\u00fctzen und organisieren Sie Ihre Spielutensilien m\u00fchelos!<\/p>\n<\/div>\n<\/div>\n<\/div>\n<\/div>\n<\/div>\n<\/div>\n<\/div>\n<\/div>\n<\/article>\n<\/div>\n<\/div>\n<\/div>","protected":false},"featured_media":1870,"comment_status":"open","ping_status":"closed","template":"","meta":[],"product_brand":[],"product_cat":[61,55],"product_tag":[],"class_list":{"0":"post-1867","1":"product","2":"type-product","3":"status-publish","4":"has-post-thumbnail","6":"product_cat-controller-cases","7":"product_cat-gaming-cases-protection","9":"first","10":"instock","11":"featured","12":"shipping-taxable","13":"purchasable","14":"product-type-simple"},"_links":{"self":[{"href":"https:\/\/vavcase.com\/de\/wp-json\/wp\/v2\/product\/1867","targetHints":{"allow":["GET"]}}],"collection":[{"href":"https:\/\/vavcase.com\/de\/wp-json\/wp\/v2\/product"}],"about":[{"href":"https:\/\/vavcase.com\/de\/wp-json\/wp\/v2\/types\/product"}],"replies":[{"embeddable":true,"href":"https:\/\/vavcase.com\/de\/wp-json\/wp\/v2\/comments?post=1867"}],"wp:featuredmedia":[{"embeddable":true,"href":"https:\/\/vavcase.com\/de\/wp-json\/wp\/v2\/media\/1870"}],"wp:attachment":[{"href":"https:\/\/vavcase.com\/de\/wp-json\/wp\/v2\/media?parent=1867"}],"wp:term":[{"taxonomy":"product_brand","embeddable":true,"href":"https:\/\/vavcase.com\/de\/wp-json\/wp\/v2\/product_brand?post=1867"},{"taxonomy":"product_cat","embeddable":true,"href":"https:\/\/vavcase.com\/de\/wp-json\/wp\/v2\/product_cat?post=1867"},{"taxonomy":"product_tag","embeddable":true,"href":"https:\/\/vavcase.com\/de\/wp-json\/wp\/v2\/product_tag?post=1867"}],"curies":[{"name":"wp","href":"https:\/\/api.w.org\/{rel}","templated":true}]}}