{"id":1885,"date":"2025-02-14T09:43:40","date_gmt":"2025-02-14T09:43:40","guid":{"rendered":"https:\/\/vavcase.com\/?post_type=product&#038;p=1885"},"modified":"2025-02-17T06:04:06","modified_gmt":"2025-02-17T06:04:06","slug":"younik-hard-travel-case-for-2-controllers-protective-carrying-case-for-ps5-ps4-xbox-one-switch-pro-more","status":"publish","type":"product","link":"https:\/\/vavcase.com\/de\/produkt\/younik-hartes-reiseetui-fur-2-controller-schutzende-tragetasche-fur-ps5-ps4-xbox-one-switch-pro-mehr\/","title":{"rendered":"Younik Hard Travel Case f\u00fcr 2 Controller - Schutztasche f\u00fcr PS5, PS4, Xbox One, Switch Pro &amp; mehr"},"content":{"rendered":"<ul>\n<li data-start=\"0\" data-end=\"161\">Entwickelt f\u00fcr eine breite Palette von Game Controllern, einschlie\u00dflich PS5, PS4, Xbox One, Switch Pro und mehr, mit Platz f\u00fcr zwei verschiedene Arten von Controllern.<\/li>\n<li data-start=\"162\" data-end=\"302\">Das Hauptfach fasst zwei Controller, w\u00e4hrend eine Innentasche zus\u00e4tzlichen Platz f\u00fcr Zubeh\u00f6r wie Kabel und Daumengriffe bietet.<\/li>\n<li data-start=\"303\" data-end=\"475\">Hergestellt aus dickem EVA-Material mit einem weichen Schwammfutter, das hervorragenden Schutz bietet. Die wasser- und staubdichte Au\u00dfenh\u00fclle sorgt daf\u00fcr, dass Ihre Controller sicher bleiben.<\/li>\n<li data-start=\"476\" data-end=\"642\">Hergestellt aus hochwertigen Materialien und mit Pr\u00e4zisionsn\u00e4hten, die ihre Form \u00fcber lange Zeit beibehalten, ohne sich zu verformen oder abzunutzen. Leicht zu reinigen f\u00fcr eine lange Nutzungsdauer.<\/li>\n<li data-start=\"643\" data-end=\"793\" data-is-last-node=\"\">Mit einer stabilen Handschlaufe zum bequemen Tragen, perfekt f\u00fcr Reisen oder zum Spielen unterwegs. Ideal f\u00fcr die Mitnahme zu Freunden oder Gaming-Events.<\/li>\n<\/ul>\n<table>\n<thead>\n<tr>\n<th><strong>Attribut<\/strong><\/th>\n<th><strong>Einzelheiten<\/strong><\/th>\n<\/tr>\n<\/thead>\n<tbody>\n<tr>\n<td><strong>Geh\u00e4use Typ<\/strong><\/td>\n<td>Hart<\/td>\n<\/tr>\n<tr>\n<td><strong>Verschlussart<\/strong><\/td>\n<td>Rei\u00dfverschluss<\/td>\n<\/tr>\n<tr>\n<td><strong>Handgriff Typ<\/strong><\/td>\n<td>Handschlaufe<\/td>\n<\/tr>\n<tr>\n<td><strong>Anzahl der F\u00e4cher<\/strong><\/td>\n<td>2<\/td>\n<\/tr>\n<tr>\n<td><strong>Beschreibung der Tasche<\/strong><\/td>\n<td>Rei\u00dfverschlusstasche<\/td>\n<\/tr>\n<tr>\n<td><strong>Riemen Typ<\/strong><\/td>\n<td>Handschlaufe<\/td>\n<\/tr>\n<tr>\n<td><strong>Hersteller<\/strong><\/td>\n<td>Younik<\/td>\n<\/tr>\n<tr>\n<td><strong>ASIN<\/strong><\/td>\n<td>B0BFDJ7DHB<\/td>\n<\/tr>\n<tr>\n<td><strong>Kundenrezensionen<\/strong><\/td>\n<td>4,7 von 5 Sternen (277 Bewertungen)<\/td>\n<\/tr>\n<tr>\n<td><strong>Meistverkaufter Rang<\/strong><\/td>\n<td>#6,329 in Videospiele<\/td>\n<\/tr>\n<tr>\n<td><\/td>\n<td>#12 in PlayStation 4-Taschen und -Aufbewahrung<\/td>\n<\/tr>\n<tr>\n<td><strong>Produkt Abmessungen<\/strong><\/td>\n<td>10,63 x 2,56 x 5,51 Zoll<\/td>\n<\/tr>\n<tr>\n<td><strong>Artikel Gewicht<\/strong><\/td>\n<td>14,4 Unzen<\/td>\n<\/tr>\n<tr>\n<td><strong>Herkunftsland<\/strong><\/td>\n<td>China<\/td>\n<\/tr>\n<tr>\n<td><strong>Datum der Erstverf\u00fcgbarkeit<\/strong><\/td>\n<td>November 27, 2022<\/td>\n<\/tr>\n<\/tbody>\n<\/table>","protected":false},"excerpt":{"rendered":"<ul>\n<li data-start=\"0\" data-end=\"113\">Passend f\u00fcr PS5, PS4, Xbox One, Switch Pro und mehr, mit Platz f\u00fcr zwei Controller - ideal f\u00fcr Spieler, die mehrere Konsolen nutzen.<\/li>\n<li data-start=\"114\" data-end=\"227\">Das Hauptfach bietet Platz f\u00fcr zwei Controller und verf\u00fcgt \u00fcber eine Innentasche f\u00fcr Kabel, Daumengriffe und anderes Zubeh\u00f6r.<\/li>\n<li data-start=\"228\" data-end=\"374\">Hergestellt aus dickem EVA-Material mit einem weichen Schwammfutter f\u00fcr Sto\u00dffestigkeit. Die wasser- und staubabweisende Schale bietet zus\u00e4tzlichen Schutz.<\/li>\n<li data-start=\"375\" data-end=\"467\">Hochwertige N\u00e4hte sorgen f\u00fcr eine lange Lebensdauer und eine einfache Pflege und Reinigung.<\/li>\n<li data-start=\"468\" data-end=\"562\">Mit einer stabilen Handschlaufe zum bequemen Tragen, perfekt f\u00fcr Reisen oder Gaming-Events.<\/li>\n<li data-start=\"563\" data-end=\"631\">Produktabmessungen: 10,63 x 2,56 x 5,51 Zoll | Gewicht: 14,4 Unzen<\/li>\n<li data-start=\"632\" data-end=\"690\" data-is-last-node=\"\">Bewahren Sie Ihre Controller sicher, organisiert und reisebereit auf!<\/li>\n<\/ul>","protected":false},"featured_media":1887,"comment_status":"open","ping_status":"closed","template":"","meta":[],"product_brand":[],"product_cat":[61,55],"product_tag":[],"class_list":{"0":"post-1885","1":"product","2":"type-product","3":"status-publish","4":"has-post-thumbnail","6":"product_cat-controller-cases","7":"product_cat-gaming-cases-protection","9":"first","10":"instock","11":"shipping-taxable","12":"purchasable","13":"product-type-simple"},"_links":{"self":[{"href":"https:\/\/vavcase.com\/de\/wp-json\/wp\/v2\/product\/1885","targetHints":{"allow":["GET"]}}],"collection":[{"href":"https:\/\/vavcase.com\/de\/wp-json\/wp\/v2\/product"}],"about":[{"href":"https:\/\/vavcase.com\/de\/wp-json\/wp\/v2\/types\/product"}],"replies":[{"embeddable":true,"href":"https:\/\/vavcase.com\/de\/wp-json\/wp\/v2\/comments?post=1885"}],"wp:featuredmedia":[{"embeddable":true,"href":"https:\/\/vavcase.com\/de\/wp-json\/wp\/v2\/media\/1887"}],"wp:attachment":[{"href":"https:\/\/vavcase.com\/de\/wp-json\/wp\/v2\/media?parent=1885"}],"wp:term":[{"taxonomy":"product_brand","embeddable":true,"href":"https:\/\/vavcase.com\/de\/wp-json\/wp\/v2\/product_brand?post=1885"},{"taxonomy":"product_cat","embeddable":true,"href":"https:\/\/vavcase.com\/de\/wp-json\/wp\/v2\/product_cat?post=1885"},{"taxonomy":"product_tag","embeddable":true,"href":"https:\/\/vavcase.com\/de\/wp-json\/wp\/v2\/product_tag?post=1885"}],"curies":[{"name":"wp","href":"https:\/\/api.w.org\/{rel}","templated":true}]}}