{"id":1893,"date":"2025-02-14T09:59:06","date_gmt":"2025-02-14T09:59:06","guid":{"rendered":"https:\/\/vavcase.com\/?post_type=product&#038;p=1893"},"modified":"2025-02-17T10:13:38","modified_gmt":"2025-02-17T10:13:38","slug":"sisma-hard-shell-carry-case-for-xbox-series-x-s-core-wireless-controller-protective-travel-bag","status":"publish","type":"product","link":"https:\/\/vavcase.com\/de\/produkt\/sisma-hartschale-tragetasche-fur-xbox-serie-x-s-core-wireless-controller-schutz-reisetasche\/","title":{"rendered":"Sisma Hartschalen-Tragetasche f\u00fcr Xbox Series X\/S &amp; Core Wireless Controller - sch\u00fctzende Reisetasche"},"content":{"rendered":"<h3 data-start=\"0\" data-end=\"115\"><strong data-start=\"4\" data-end=\"113\">Sisma Xbox Controller Case - Hartschalen-Schutzh\u00fclle f\u00fcr Xbox Series X\/S &amp; Core Wireless Controller<\/strong><\/h3>\n<ul>\n<li data-start=\"0\" data-end=\"180\"><strong data-start=\"2\" data-end=\"30\">Perfekte Passform &amp; Schutz<\/strong> - Speziell f\u00fcr kabellose Xbox-Controller der Serie X\/S &amp; Core entwickelt, mit passgenauer Passform zum Schutz vor St\u00f6\u00dfen, Staub und Joystick-Drift.<\/li>\n<li data-start=\"181\" data-end=\"322\"><strong data-start=\"183\" data-end=\"207\">Langlebig &amp; sto\u00dffest<\/strong> - Gefertigt aus strapazierf\u00e4higem EVA und 1680D-Oxford-Gewebe, das Schutz vor St\u00fcrzen und Widerstandsf\u00e4higkeit im Alltag bietet.<\/li>\n<li data-start=\"323\" data-end=\"445\"><strong data-start=\"325\" data-end=\"351\">Reisefreundliches Design<\/strong> - Dank seiner kompakten Gr\u00f6\u00dfe passt er problemlos in Rucks\u00e4cke oder Gep\u00e4ckst\u00fccke und ist somit perfekt f\u00fcr das Spielen unterwegs.<\/li>\n<li data-start=\"446\" data-end=\"556\"><strong data-start=\"448\" data-end=\"466\">Sichere Lagerung<\/strong> - Das Rei\u00dfverschlussgeh\u00e4use sch\u00fctzt die Controller, ohne dass Kn\u00f6pfe oder Joysticks gedr\u00fcckt werden.<\/li>\n<li data-start=\"557\" data-end=\"629\"><strong data-start=\"559\" data-end=\"582\">Bequemes Tragen<\/strong> - Abnehmbare Handschlaufe zum einfachen Tragen am Handgelenk.<\/li>\n<li data-start=\"630\" data-end=\"748\"><strong data-start=\"632\" data-end=\"650\">Doppelte Rei\u00dfverschl\u00fcsse<\/strong> - Die Zwei-Wege-Metallrei\u00dfverschl\u00fcsse sind glatt und verschlei\u00dffest und gew\u00e4hrleisten ein m\u00fcheloses \u00d6ffnen und Schlie\u00dfen.<\/li>\n<li data-start=\"749\" data-end=\"823\" data-is-last-node=\"\"><strong data-start=\"751\" data-end=\"771\">Das Paket enth\u00e4lt<\/strong>: 1x Xbox Controller Case (Controller nicht enthalten).<\/li>\n<\/ul>\n<table>\n<thead>\n<tr>\n<th><strong>Attribut<\/strong><\/th>\n<th><strong>Einzelheiten<\/strong><\/th>\n<\/tr>\n<\/thead>\n<tbody>\n<tr>\n<td><strong>Produkt Abmessungen<\/strong><\/td>\n<td>7,3\u2033L x 6,3\u2033W x 3,1\u2033H<\/td>\n<\/tr>\n<tr>\n<td><strong>Artikel Gewicht<\/strong><\/td>\n<td>180 Gramm (6,3 Unzen)<\/td>\n<\/tr>\n<tr>\n<td><strong>Geh\u00e4use Typ<\/strong><\/td>\n<td>Hart<\/td>\n<\/tr>\n<tr>\n<td><strong>Kapazit\u00e4t<\/strong><\/td>\n<td>1,5 Liter<\/td>\n<\/tr>\n<tr>\n<td><strong>Verschlussart<\/strong><\/td>\n<td>Rei\u00dfverschluss<\/td>\n<\/tr>\n<tr>\n<td><strong>Beschreibung der Tasche<\/strong><\/td>\n<td>Rei\u00dfverschlusstasche<\/td>\n<\/tr>\n<tr>\n<td><strong>Riemen Typ<\/strong><\/td>\n<td>Grundlegend<\/td>\n<\/tr>\n<tr>\n<td><strong>Hersteller<\/strong><\/td>\n<td>sisma<\/td>\n<\/tr>\n<tr>\n<td><strong>ASIN<\/strong><\/td>\n<td>B08SLST7TJ<\/td>\n<\/tr>\n<tr>\n<td><strong>Kundenrezensionen<\/strong><\/td>\n<td>4,8 von 5 Sternen (1.335 Bewertungen)<\/td>\n<\/tr>\n<tr>\n<td><strong>Meistverkaufter Rang<\/strong><\/td>\n<td>#2,636 in Videospiele<\/td>\n<\/tr>\n<tr>\n<td><\/td>\n<td>#2 in Xbox Series X-Geh\u00e4usen<\/td>\n<\/tr>\n<tr>\n<td><strong>Art des Gegenstands<\/strong><\/td>\n<td>Reisegep\u00e4ck<\/td>\n<\/tr>\n<tr>\n<td><strong>Artikel Modellnummer<\/strong><\/td>\n<td>SVG2021XB6C<\/td>\n<\/tr>\n<tr>\n<td><strong>Abteilung<\/strong><\/td>\n<td>Unisex Erwachsene<\/td>\n<\/tr>\n<tr>\n<td><strong>Herkunftsland<\/strong><\/td>\n<td>China<\/td>\n<\/tr>\n<tr>\n<td><strong>Datum der Erstverf\u00fcgbarkeit<\/strong><\/td>\n<td>11. Januar 2021<\/td>\n<\/tr>\n<\/tbody>\n<\/table>","protected":false},"excerpt":{"rendered":"<ul data-start=\"0\" data-end=\"663\">\n<li data-start=\"0\" data-end=\"142\"><strong data-start=\"2\" data-end=\"30\">Perfekte Passform &amp; Schutz<\/strong> - Speziell f\u00fcr Xbox Series X\/S &amp; Core Controller entwickelt, zum Schutz vor St\u00f6\u00dfen, Staub und Joystick-Drift.<\/li>\n<li data-start=\"143\" data-end=\"281\"><strong data-start=\"145\" data-end=\"169\">Langlebig &amp; sto\u00dffest<\/strong> - Hergestellt aus strapazierf\u00e4higem EVA und 1680D Oxford-Gewebe f\u00fcr zuverl\u00e4ssigen Fallschutz und lange Haltbarkeit.<\/li>\n<li data-start=\"282\" data-end=\"393\"><strong data-start=\"284\" data-end=\"310\">Reisefreundliches Design<\/strong> - Kompakt und leicht in Rucks\u00e4cken oder Gep\u00e4ck zu verstauen, perfekt f\u00fcr das Spielen unterwegs.<\/li>\n<li data-start=\"394\" data-end=\"494\"><strong data-start=\"396\" data-end=\"414\">Sichere Lagerung<\/strong> - Das Rei\u00dfverschlussgeh\u00e4use sch\u00fctzt Ihren Controller, ohne dass Sie irgendwelche Tasten dr\u00fccken m\u00fcssen.<\/li>\n<li data-start=\"495\" data-end=\"570\"><strong data-start=\"497\" data-end=\"520\">Bequemes Tragen<\/strong> - Abnehmbare Handschlaufe zum einfachen Tragen am Handgelenk.<\/li>\n<li data-start=\"571\" data-end=\"663\"><strong data-start=\"573\" data-end=\"591\">Doppelte Rei\u00dfverschl\u00fcsse<\/strong> - Glatte, verschlei\u00dffeste Zwei-Wege-Metallrei\u00dfverschl\u00fcsse f\u00fcr m\u00fchelosen Zugang.<\/li>\n<\/ul>\n<p data-start=\"665\" data-end=\"729\" data-is-last-node=\"\"><strong data-start=\"665\" data-end=\"677\">Enth\u00e4lt<\/strong>: 1x Xbox Controller Case (Controller nicht enthalten).<\/p>","protected":false},"featured_media":1897,"comment_status":"open","ping_status":"closed","template":"","meta":[],"product_brand":[],"product_cat":[61,55],"product_tag":[],"class_list":{"0":"post-1893","1":"product","2":"type-product","3":"status-publish","4":"has-post-thumbnail","6":"product_cat-controller-cases","7":"product_cat-gaming-cases-protection","9":"first","10":"instock","11":"shipping-taxable","12":"purchasable","13":"product-type-simple"},"_links":{"self":[{"href":"https:\/\/vavcase.com\/de\/wp-json\/wp\/v2\/product\/1893","targetHints":{"allow":["GET"]}}],"collection":[{"href":"https:\/\/vavcase.com\/de\/wp-json\/wp\/v2\/product"}],"about":[{"href":"https:\/\/vavcase.com\/de\/wp-json\/wp\/v2\/types\/product"}],"replies":[{"embeddable":true,"href":"https:\/\/vavcase.com\/de\/wp-json\/wp\/v2\/comments?post=1893"}],"wp:featuredmedia":[{"embeddable":true,"href":"https:\/\/vavcase.com\/de\/wp-json\/wp\/v2\/media\/1897"}],"wp:attachment":[{"href":"https:\/\/vavcase.com\/de\/wp-json\/wp\/v2\/media?parent=1893"}],"wp:term":[{"taxonomy":"product_brand","embeddable":true,"href":"https:\/\/vavcase.com\/de\/wp-json\/wp\/v2\/product_brand?post=1893"},{"taxonomy":"product_cat","embeddable":true,"href":"https:\/\/vavcase.com\/de\/wp-json\/wp\/v2\/product_cat?post=1893"},{"taxonomy":"product_tag","embeddable":true,"href":"https:\/\/vavcase.com\/de\/wp-json\/wp\/v2\/product_tag?post=1893"}],"curies":[{"name":"wp","href":"https:\/\/api.w.org\/{rel}","templated":true}]}}