{"id":1903,"date":"2025-02-14T10:14:33","date_gmt":"2025-02-14T10:14:33","guid":{"rendered":"https:\/\/vavcase.com\/?post_type=product&#038;p=1903"},"modified":"2025-02-17T06:06:03","modified_gmt":"2025-02-17T06:06:03","slug":"hawksbill-ps5-dualsense-controller-case-hard-shell-travel-bag-for-2-controllers-accessories-gray","status":"publish","type":"product","link":"https:\/\/vavcase.com\/de\/produkt\/hawksbill-ps5-dualsense-controller-fall-hartschale-reisetasche-fur-2-controller-zubehor-grau\/","title":{"rendered":"Hawksbill PS5 DualSense Controller Case - Hartschalen-Reisetasche f\u00fcr 2 Controller und Zubeh\u00f6r (grau)"},"content":{"rendered":"<ul data-start=\"0\" data-end=\"690\">\n<li data-start=\"0\" data-end=\"171\"><strong data-start=\"2\" data-end=\"24\">Premium-Schutz<\/strong> - Hergestellt aus hochwertigem EVA-Material f\u00fcr Druckfestigkeit, Sto\u00dfd\u00e4mpfung und Wasserbest\u00e4ndigkeit, um Ihre PS5 DualSense-Controller zu sch\u00fctzen.<\/li>\n<li data-start=\"172\" data-end=\"325\"><strong data-start=\"174\" data-end=\"205\">Perfekte Passform &amp; extra Stauraum<\/strong> - Speziell f\u00fcr Sony PS5 DualSense Wireless Controller entwickelt, mit internen Netztaschen f\u00fcr Kabel und Zubeh\u00f6r.<\/li>\n<li data-start=\"326\" data-end=\"448\"><strong data-start=\"328\" data-end=\"351\">Sto\u00dffest &amp; sicher<\/strong> - Das weiche Innenfutter und die gepolsterten F\u00e4cher sch\u00fctzen Ihre Controller vor St\u00f6\u00dfen und Kratzern.<\/li>\n<li data-start=\"449\" data-end=\"568\"><strong data-start=\"451\" data-end=\"481\">Tragbar und reisefreundlich<\/strong> - Kompakt und leicht, ideal f\u00fcr den Transport in Rucks\u00e4cken, Gep\u00e4ckst\u00fccken oder Reisetaschen.<\/li>\n<li data-start=\"569\" data-end=\"690\"><strong data-start=\"571\" data-end=\"598\">Garantierte Befriedigung<\/strong> - Inklusive 30-Tage-Geld-zur\u00fcck-Garantie und einer zus\u00e4tzlichen 6-monatigen Garantie, damit Sie sich keine Sorgen machen m\u00fcssen.<\/li>\n<\/ul>\n<p data-start=\"692\" data-end=\"760\" data-is-last-node=\"\"><strong data-start=\"692\" data-end=\"712\">Das Paket enth\u00e4lt<\/strong>: 1x Controller Case (Controller nicht enthalten).<\/p>\n<table>\n<thead>\n<tr>\n<th><strong>Attribut<\/strong><\/th>\n<th><strong>Einzelheiten<\/strong><\/th>\n<\/tr>\n<\/thead>\n<tbody>\n<tr>\n<td><strong>Muster<\/strong><\/td>\n<td>Solide<\/td>\n<\/tr>\n<tr>\n<td><strong>Artikel Gewicht<\/strong><\/td>\n<td>0,33 Kilogramm (11,7 Unzen)<\/td>\n<\/tr>\n<tr>\n<td><strong>Geh\u00e4use Typ<\/strong><\/td>\n<td>Hart<\/td>\n<\/tr>\n<tr>\n<td><strong>Verschlussart<\/strong><\/td>\n<td>Rei\u00dfverschluss<\/td>\n<\/tr>\n<tr>\n<td><strong>Handgriff Typ<\/strong><\/td>\n<td>Web-Griff<\/td>\n<\/tr>\n<tr>\n<td><strong>Anzahl der F\u00e4cher<\/strong><\/td>\n<td>2<\/td>\n<\/tr>\n<tr>\n<td><strong>Beschreibung der Tasche<\/strong><\/td>\n<td>Rei\u00dfverschlusstasche<\/td>\n<\/tr>\n<tr>\n<td><strong>Hersteller<\/strong><\/td>\n<td>Hawksbill Spiele<\/td>\n<\/tr>\n<tr>\n<td><strong>UPC<\/strong><\/td>\n<td>850033704006<\/td>\n<\/tr>\n<tr>\n<td><strong>ASIN<\/strong><\/td>\n<td>B09M98HXYQ<\/td>\n<\/tr>\n<tr>\n<td><strong>Kundenrezensionen<\/strong><\/td>\n<td>4,7 von 5 Sternen (119 Bewertungen)<\/td>\n<\/tr>\n<tr>\n<td><strong>Meistverkaufter Rang<\/strong><\/td>\n<td>#22.312 in Videospiele<\/td>\n<\/tr>\n<tr>\n<td><\/td>\n<td>#133 in PlayStation 5-Geh\u00e4usen<\/td>\n<\/tr>\n<tr>\n<td><strong>Abmessungen der Verpackung<\/strong><\/td>\n<td>10,59 x 9,96 x 3,62 Zoll<\/td>\n<\/tr>\n<tr>\n<td><strong>Artikel Modellnummer<\/strong><\/td>\n<td>HB-PS5-2CM<\/td>\n<\/tr>\n<tr>\n<td><strong>Abteilung<\/strong><\/td>\n<td>Unisex-Erwachsene<\/td>\n<\/tr>\n<tr>\n<td><strong>Herkunftsland<\/strong><\/td>\n<td>China<\/td>\n<\/tr>\n<tr>\n<td><strong>Datum der Erstverf\u00fcgbarkeit<\/strong><\/td>\n<td>November 19, 2021<\/td>\n<\/tr>\n<\/tbody>\n<\/table>","protected":false},"excerpt":{"rendered":"<ul data-start=\"0\" data-end=\"507\">\n<li data-start=\"0\" data-end=\"123\"><strong data-start=\"2\" data-end=\"25\">\u00dcberlegener Schutz<\/strong> - Sto\u00dffestes, sto\u00dfabsorbierendes und wasserabweisendes EVA-Material f\u00fcr ultimativen Schutz.<\/li>\n<li data-start=\"124\" data-end=\"232\"><strong data-start=\"126\" data-end=\"157\">Perfekte Passform &amp; extra Stauraum<\/strong> - Zur Aufnahme von DualSense-Controllern mit Netztaschen zur Aufbewahrung von Zubeh\u00f6r.<\/li>\n<li data-start=\"233\" data-end=\"320\"><strong data-start=\"235\" data-end=\"258\">Sto\u00dffest &amp; sicher<\/strong> - Weiches Innenfutter zum Schutz vor St\u00f6\u00dfen und Kratzern.<\/li>\n<li data-start=\"321\" data-end=\"418\"><strong data-start=\"323\" data-end=\"353\">Tragbar und reisefreundlich<\/strong> - Leicht und kompakt, passt leicht in Taschen und Gep\u00e4ck.<\/li>\n<li data-start=\"419\" data-end=\"507\"><strong data-start=\"421\" data-end=\"445\">Rundum-Sorglos-Garantie<\/strong> - 30 Tage Geld-zur\u00fcck-Garantie und 6 Monate Garantie f\u00fcr den Seelenfrieden.<\/li>\n<\/ul>\n<p data-start=\"509\" data-end=\"569\" data-is-last-node=\"\"><strong data-start=\"509\" data-end=\"521\">Enth\u00e4lt<\/strong>: 1x Controller Case (Controller nicht enthalten).<\/p>","protected":false},"featured_media":1907,"comment_status":"open","ping_status":"closed","template":"","meta":[],"product_brand":[],"product_cat":[61,55],"product_tag":[],"class_list":{"0":"post-1903","1":"product","2":"type-product","3":"status-publish","4":"has-post-thumbnail","6":"product_cat-controller-cases","7":"product_cat-gaming-cases-protection","9":"first","10":"instock","11":"shipping-taxable","12":"purchasable","13":"product-type-simple"},"_links":{"self":[{"href":"https:\/\/vavcase.com\/de\/wp-json\/wp\/v2\/product\/1903","targetHints":{"allow":["GET"]}}],"collection":[{"href":"https:\/\/vavcase.com\/de\/wp-json\/wp\/v2\/product"}],"about":[{"href":"https:\/\/vavcase.com\/de\/wp-json\/wp\/v2\/types\/product"}],"replies":[{"embeddable":true,"href":"https:\/\/vavcase.com\/de\/wp-json\/wp\/v2\/comments?post=1903"}],"wp:featuredmedia":[{"embeddable":true,"href":"https:\/\/vavcase.com\/de\/wp-json\/wp\/v2\/media\/1907"}],"wp:attachment":[{"href":"https:\/\/vavcase.com\/de\/wp-json\/wp\/v2\/media?parent=1903"}],"wp:term":[{"taxonomy":"product_brand","embeddable":true,"href":"https:\/\/vavcase.com\/de\/wp-json\/wp\/v2\/product_brand?post=1903"},{"taxonomy":"product_cat","embeddable":true,"href":"https:\/\/vavcase.com\/de\/wp-json\/wp\/v2\/product_cat?post=1903"},{"taxonomy":"product_tag","embeddable":true,"href":"https:\/\/vavcase.com\/de\/wp-json\/wp\/v2\/product_tag?post=1903"}],"curies":[{"name":"wp","href":"https:\/\/api.w.org\/{rel}","templated":true}]}}