{"id":1923,"date":"2025-02-14T10:31:33","date_gmt":"2025-02-14T10:31:33","guid":{"rendered":"https:\/\/vavcase.com\/?post_type=product&#038;p=1923"},"modified":"2025-02-17T10:13:23","modified_gmt":"2025-02-17T10:13:23","slug":"tiswell-hard-controller-case-for-xbox-one-series-x-s-elite-2-eva-protective-travel-storage-case-black","status":"publish","type":"product","link":"https:\/\/vavcase.com\/de\/produkt\/tiswell-hart-controller-etui-fur-xbox-one-serie-x-s-elite-2-eva-schutz-reisen-aufbewahrung-etui-schwarz\/","title":{"rendered":"Tiswell Hard Controller Case f\u00fcr Xbox One\/Series X\/S\/Elite 2 - EVA-Schutzh\u00fclle f\u00fcr die Reise (Schwarz)"},"content":{"rendered":"<p data-start=\"0\" data-end=\"100\"><strong data-start=\"0\" data-end=\"100\">Tiswell Hard Controller Case f\u00fcr Xbox One\/Series X\/S\/Elite 2 - EVA-Schutztasche f\u00fcr die Reise<\/strong><\/p>\n<ul data-start=\"102\" data-end=\"629\">\n<li data-start=\"102\" data-end=\"240\"><strong data-start=\"104\" data-end=\"132\">Perfekte Passform &amp; Schutz<\/strong> - Speziell entwickelt f\u00fcr Xbox One, Series X\/S und Elite Series 2 Core Controller (nur offizielle Versionen).<\/li>\n<li data-start=\"241\" data-end=\"370\"><strong data-start=\"243\" data-end=\"267\">Langlebiges EVA-Material<\/strong> - Sto\u00dffest, staubdicht und wasserdicht, um Ihren Controller vor St\u00fcrzen, St\u00f6\u00dfen und Kratzern zu sch\u00fctzen.<\/li>\n<li data-start=\"371\" data-end=\"463\"><strong data-start=\"373\" data-end=\"391\">Weiches Innenpolster<\/strong> - Das Anti-Schock-Blasen-Design h\u00e4lt Ihren Controller sicher und an seinem Platz.<\/li>\n<li data-start=\"464\" data-end=\"539\"><strong data-start=\"466\" data-end=\"488\">Hochwertiger YKK-Rei\u00dfverschluss<\/strong> - Glatt und robust f\u00fcr lange Haltbarkeit.<\/li>\n<li data-start=\"540\" data-end=\"629\"><strong data-start=\"542\" data-end=\"568\">Tragbar und leicht<\/strong> - Wiegt nur 150 g, leicht zu tragen in Ihrem Rucksack oder Ihrer Tasche.<\/li>\n<\/ul>\n<p data-start=\"631\" data-end=\"692\" data-is-last-node=\"\">Nimm deinen Xbox-Controller selbstbewusst und stilvoll \u00fcberall hin mit!<\/p>\n<table>\n<thead>\n<tr>\n<th><strong>Attribut<\/strong><\/th>\n<th><strong>Einzelheiten<\/strong><\/th>\n<\/tr>\n<\/thead>\n<tbody>\n<tr>\n<td><strong>Muster<\/strong><\/td>\n<td>Herz<\/td>\n<\/tr>\n<tr>\n<td><strong>Geh\u00e4use Typ<\/strong><\/td>\n<td>Hart<\/td>\n<\/tr>\n<tr>\n<td><strong>Verschlussart<\/strong><\/td>\n<td>Rei\u00dfverschluss<\/td>\n<\/tr>\n<tr>\n<td><strong>Handgriff Typ<\/strong><\/td>\n<td>Rei\u00dfverschluss<\/td>\n<\/tr>\n<tr>\n<td><strong>Anzahl der F\u00e4cher<\/strong><\/td>\n<td>1<\/td>\n<\/tr>\n<tr>\n<td><strong>Beschreibung der Tasche<\/strong><\/td>\n<td>Schnallentasche<\/td>\n<\/tr>\n<tr>\n<td><strong>Hersteller<\/strong><\/td>\n<td>Tiswell<\/td>\n<\/tr>\n<tr>\n<td><strong>ASIN<\/strong><\/td>\n<td>B0D7MSXLC8<\/td>\n<\/tr>\n<tr>\n<td><strong>Meistverkaufter Rang<\/strong><\/td>\n<td>#9,158 in Videospiele<\/td>\n<\/tr>\n<tr>\n<td><\/td>\n<td>#23 in Xbox Serie X-Geh\u00e4use<\/td>\n<\/tr>\n<tr>\n<td><strong>Abmessungen der Verpackung<\/strong><\/td>\n<td>7,4 x 5,51 x 2,68 Zoll<\/td>\n<\/tr>\n<tr>\n<td><strong>Artikel Gewicht<\/strong><\/td>\n<td>6,4 Unzen<\/td>\n<\/tr>\n<tr>\n<td><strong>Artikel Modellnummer<\/strong><\/td>\n<td>XBox One Hartschalenkoffer<\/td>\n<\/tr>\n<tr>\n<td><strong>Abteilung<\/strong><\/td>\n<td>Unisex<\/td>\n<\/tr>\n<tr>\n<td><strong>Herkunftsland<\/strong><\/td>\n<td>China<\/td>\n<\/tr>\n<tr>\n<td><strong>Datum der Erstverf\u00fcgbarkeit<\/strong><\/td>\n<td>20. Juni 2024<\/td>\n<\/tr>\n<tr>\n<td><strong>Garantie &amp; Support<\/strong><\/td>\n<td>Klicken Sie f\u00fcr Garantieinformationen<\/td>\n<\/tr>\n<\/tbody>\n<\/table>\n<p data-start=\"657\" data-end=\"728\" data-is-last-node=\"\">","protected":false},"excerpt":{"rendered":"<p data-start=\"0\" data-end=\"100\"><strong data-start=\"0\" data-end=\"100\">Tiswell Hard Controller Case f\u00fcr Xbox One\/Series X\/S\/Elite 2 - EVA-Schutztasche f\u00fcr die Reise<\/strong><\/p>\n<ul data-start=\"102\" data-end=\"625\">\n<li data-start=\"102\" data-end=\"236\"><strong data-start=\"104\" data-end=\"132\">Perfekte Passform &amp; Schutz<\/strong> - Kompatibel mit Xbox One, Series X\/S und Elite Series 2 Core Controllern (nur offizielle Versionen).<\/li>\n<li data-start=\"237\" data-end=\"360\"><strong data-start=\"239\" data-end=\"263\">Langlebiges EVA-Material<\/strong> - Sto\u00dffest, staub- und wasserdicht, zum Schutz vor St\u00fcrzen, St\u00f6\u00dfen und Kratzern.<\/li>\n<li data-start=\"361\" data-end=\"451\"><strong data-start=\"363\" data-end=\"381\">Weiches Innenpolster<\/strong> - Das Anti-Schock-Blasen-Design h\u00e4lt Ihren Controller sicher an seinem Platz.<\/li>\n<li data-start=\"452\" data-end=\"535\"><strong data-start=\"454\" data-end=\"476\">Hochwertiger YKK-Rei\u00dfverschluss<\/strong> - Glatt, robust und f\u00fcr eine lange Lebensdauer gebaut.<\/li>\n<li data-start=\"536\" data-end=\"625\"><strong data-start=\"538\" data-end=\"564\">Tragbar und leicht<\/strong> - Wiegt nur 150 g, leicht zu tragen in Ihrem Rucksack oder Tasche.<\/li>\n<\/ul>\n<p data-start=\"627\" data-end=\"695\" data-is-last-node=\"\"><strong data-start=\"627\" data-end=\"659\">Tiswell Hartschalenkoffer f\u00fcr Controller<\/strong> - Reisen Sie mit Selbstvertrauen und Stil!<\/p>","protected":false},"featured_media":1928,"comment_status":"open","ping_status":"closed","template":"","meta":[],"product_brand":[],"product_cat":[61,55],"product_tag":[],"class_list":{"0":"post-1923","1":"product","2":"type-product","3":"status-publish","4":"has-post-thumbnail","6":"product_cat-controller-cases","7":"product_cat-gaming-cases-protection","9":"first","10":"instock","11":"shipping-taxable","12":"product-type-simple"},"_links":{"self":[{"href":"https:\/\/vavcase.com\/de\/wp-json\/wp\/v2\/product\/1923","targetHints":{"allow":["GET"]}}],"collection":[{"href":"https:\/\/vavcase.com\/de\/wp-json\/wp\/v2\/product"}],"about":[{"href":"https:\/\/vavcase.com\/de\/wp-json\/wp\/v2\/types\/product"}],"replies":[{"embeddable":true,"href":"https:\/\/vavcase.com\/de\/wp-json\/wp\/v2\/comments?post=1923"}],"wp:featuredmedia":[{"embeddable":true,"href":"https:\/\/vavcase.com\/de\/wp-json\/wp\/v2\/media\/1928"}],"wp:attachment":[{"href":"https:\/\/vavcase.com\/de\/wp-json\/wp\/v2\/media?parent=1923"}],"wp:term":[{"taxonomy":"product_brand","embeddable":true,"href":"https:\/\/vavcase.com\/de\/wp-json\/wp\/v2\/product_brand?post=1923"},{"taxonomy":"product_cat","embeddable":true,"href":"https:\/\/vavcase.com\/de\/wp-json\/wp\/v2\/product_cat?post=1923"},{"taxonomy":"product_tag","embeddable":true,"href":"https:\/\/vavcase.com\/de\/wp-json\/wp\/v2\/product_tag?post=1923"}],"curies":[{"name":"wp","href":"https:\/\/api.w.org\/{rel}","templated":true}]}}