{"id":1939,"date":"2025-02-14T10:49:16","date_gmt":"2025-02-14T10:49:16","guid":{"rendered":"https:\/\/vavcase.com\/?post_type=product&#038;p=1939"},"modified":"2025-02-17T10:06:27","modified_gmt":"2025-02-17T10:06:27","slug":"smatree-15-6-anti-shock-laptop-sleeve-waterproof-protective-slim-case-for-msi-gaming-laptops","status":"publish","type":"product","link":"https:\/\/vavcase.com\/de\/produkt\/smatree-15-6-anti-shock-laptop-sleeve-wasserdichte-schutzhulle-fur-msi-gaming-laptops\/","title":{"rendered":"Smatree 15.6\u2033 Anti-Shock Laptop Sleeve - Wasserdichtes &amp; sch\u00fctzendes Slim Case f\u00fcr MSI Gaming Laptops"},"content":{"rendered":"<ul data-start=\"0\" data-end=\"565\">\n<li data-start=\"0\" data-end=\"111\"><strong data-start=\"2\" data-end=\"46\">Patentierter \"Super Corner\"-Schlagschutz<\/strong> - Das fortschrittliche Design absorbiert St\u00f6\u00dfe und beh\u00e4lt gleichzeitig ein schlankes Profil.<\/li>\n<li data-start=\"112\" data-end=\"221\"><strong data-start=\"114\" data-end=\"129\">Perfekte Passform<\/strong> - Entwickelt f\u00fcr MSI Sword 15, Katana GF66\/Katana 15, Crosshair 15 und Pulse GL66 (15,6\u2033).<\/li>\n<li data-start=\"222\" data-end=\"316\"><strong data-start=\"224\" data-end=\"253\">Wasserbest\u00e4ndig und langlebig<\/strong> - 300D-Polyester sch\u00fctzt vor leichten Verschmutzungen und Wasserspritzern.<\/li>\n<li data-start=\"317\" data-end=\"411\"><strong data-start=\"319\" data-end=\"339\">Multifunktional<\/strong> - Enth\u00e4lt eine abnehmbare Zubeh\u00f6rtasche f\u00fcr Kabel, Ladeger\u00e4te und mehr.<\/li>\n<li data-start=\"412\" data-end=\"487\"><strong data-start=\"414\" data-end=\"430\">Reisefertig<\/strong> - Mit Gep\u00e4ckriemen f\u00fcr m\u00fchelosen Transport.<\/li>\n<li data-start=\"488\" data-end=\"565\"><strong data-start=\"490\" data-end=\"513\">Innere Abmessungen<\/strong> - 38,5 \u00d7 27 \u00d7 2 cm (15,16 \u00d7 10,63 \u00d7 0,79 Zoll).<\/li>\n<\/ul>\n<p data-start=\"567\" data-end=\"638\" data-is-last-node=\"\"><strong data-start=\"567\" data-end=\"638\" data-is-last-node=\"\">Schlank, robust und reisetauglich - so ist Ihr MSI-Notebook gesch\u00fctzt!<\/strong><\/p>\n<table>\n<thead>\n<tr>\n<th><strong>Attribut<\/strong><\/th>\n<th><strong>Einzelheiten<\/strong><\/th>\n<\/tr>\n<\/thead>\n<tbody>\n<tr>\n<td><strong>Abmessungen der Verpackung<\/strong><\/td>\n<td>16,89 x 12,05 x 1,42 Zoll<\/td>\n<\/tr>\n<tr>\n<td><strong>Artikel Gewicht<\/strong><\/td>\n<td>1,72 Pfund<\/td>\n<\/tr>\n<tr>\n<td><strong>ASIN<\/strong><\/td>\n<td>B0DHZMPC48<\/td>\n<\/tr>\n<tr>\n<td><strong>Meistverkaufter Rang<\/strong><\/td>\n<td>#20,308 in Laptop-H\u00fcllen<\/td>\n<\/tr>\n<tr>\n<td><strong>Besondere Merkmale<\/strong><\/td>\n<td>Professioneller Schockschutz (Super Corner Technology)<\/td>\n<\/tr>\n<tr>\n<td><strong>Formfaktor<\/strong><\/td>\n<td>Fall<\/td>\n<\/tr>\n<tr>\n<td><strong>Farbe<\/strong><\/td>\n<td>Elite-Schwarz<\/td>\n<\/tr>\n<tr>\n<td><strong>Hersteller<\/strong><\/td>\n<td>Smatree<\/td>\n<\/tr>\n<tr>\n<td><strong>Herkunftsland<\/strong><\/td>\n<td>China<\/td>\n<\/tr>\n<tr>\n<td><strong>Datum der Erstverf\u00fcgbarkeit<\/strong><\/td>\n<td>26. September 2024<\/td>\n<\/tr>\n<\/tbody>\n<\/table>","protected":false},"excerpt":{"rendered":"<ul>\n<li data-start=\"0\" data-end=\"111\"><strong data-start=\"2\" data-end=\"46\">Patentierter \"Super Corner\"-Schlagschutz<\/strong> - Sch\u00fctzt vor St\u00f6\u00dfen und St\u00fcrzen und beh\u00e4lt gleichzeitig ein schlankes Profil.<\/li>\n<li data-start=\"112\" data-end=\"228\"><strong data-start=\"114\" data-end=\"129\">Perfekte Passform<\/strong> - Speziell entwickelt f\u00fcr MSI Sword 15, Katana GF66\/Katana 15, Crosshair 15, Pulse GL66 (15,6\u2033).<\/li>\n<li data-start=\"229\" data-end=\"341\"><strong data-start=\"231\" data-end=\"260\">Wasserbest\u00e4ndig und langlebig<\/strong> - Hergestellt aus 300D-Polyester, das Schutz vor leichten Verschmutzungen und Spritzern bietet.<\/li>\n<li data-start=\"342\" data-end=\"443\"><strong data-start=\"344\" data-end=\"371\">Multifunktionales Design<\/strong> - Mit einer abnehmbaren Zubeh\u00f6rtasche f\u00fcr Kabel, Ladeger\u00e4te und mehr.<\/li>\n<li data-start=\"444\" data-end=\"514\"><strong data-start=\"446\" data-end=\"462\">Reisefertig<\/strong> - Mit einem Gep\u00e4ckriemen f\u00fcr m\u00fcheloses Tragen.<\/li>\n<li data-start=\"515\" data-end=\"590\"><strong data-start=\"517\" data-end=\"540\">Innere Abmessungen<\/strong> - 38,5 \u00d7 27 \u00d7 2 cm (15,16 \u00d7 10,63 \u00d7 0,79 Zoll).<\/li>\n<\/ul>","protected":false},"featured_media":1942,"comment_status":"open","ping_status":"closed","template":"","meta":[],"product_brand":[],"product_cat":[55,62],"product_tag":[],"class_list":{"0":"post-1939","1":"product","2":"type-product","3":"status-publish","4":"has-post-thumbnail","6":"product_cat-gaming-cases-protection","7":"product_cat-gaming-laptop-sleeves","9":"first","10":"instock","11":"shipping-taxable","12":"purchasable","13":"product-type-simple"},"_links":{"self":[{"href":"https:\/\/vavcase.com\/de\/wp-json\/wp\/v2\/product\/1939","targetHints":{"allow":["GET"]}}],"collection":[{"href":"https:\/\/vavcase.com\/de\/wp-json\/wp\/v2\/product"}],"about":[{"href":"https:\/\/vavcase.com\/de\/wp-json\/wp\/v2\/types\/product"}],"replies":[{"embeddable":true,"href":"https:\/\/vavcase.com\/de\/wp-json\/wp\/v2\/comments?post=1939"}],"wp:featuredmedia":[{"embeddable":true,"href":"https:\/\/vavcase.com\/de\/wp-json\/wp\/v2\/media\/1942"}],"wp:attachment":[{"href":"https:\/\/vavcase.com\/de\/wp-json\/wp\/v2\/media?parent=1939"}],"wp:term":[{"taxonomy":"product_brand","embeddable":true,"href":"https:\/\/vavcase.com\/de\/wp-json\/wp\/v2\/product_brand?post=1939"},{"taxonomy":"product_cat","embeddable":true,"href":"https:\/\/vavcase.com\/de\/wp-json\/wp\/v2\/product_cat?post=1939"},{"taxonomy":"product_tag","embeddable":true,"href":"https:\/\/vavcase.com\/de\/wp-json\/wp\/v2\/product_tag?post=1939"}],"curies":[{"name":"wp","href":"https:\/\/api.w.org\/{rel}","templated":true}]}}