{"id":1950,"date":"2025-02-14T11:10:23","date_gmt":"2025-02-14T11:10:23","guid":{"rendered":"https:\/\/vavcase.com\/?post_type=product&#038;p=1950"},"modified":"2025-02-17T10:04:50","modified_gmt":"2025-02-17T10:04:50","slug":"mosiso-17-17-3-inch-puffy-laptop-sleeve-protective-polyester-case-with-small-accessory-bag-compatible-with-dell-xps-hp-pavilion-ideapad-acer-alienware-hp-omen-sand","status":"publish","type":"product","link":"https:\/\/vavcase.com\/de\/produkt\/mosiso-17-17-3-zoll-puffy-laptop-sleeve-schutzhulle-aus-polyester-mit-kleiner-zubehor-tasche-kompatibel-mit-dell-xps-hp-pavilion-ideapad-acer-alienware-hp-omen-sand\/","title":{"rendered":"MOSISO 17-17.3 Zoll Puffy Laptop Sleeve - Schutzh\u00fclle aus Polyester mit kleiner Zubeh\u00f6rtasche, Kompatibel mit Dell XPS, HP Pavilion, Ideapad, Acer, Alienware, HP Omen - Sand"},"content":{"rendered":"<ul data-start=\"0\" data-end=\"518\">\n<li data-start=\"0\" data-end=\"122\"><strong data-start=\"2\" data-end=\"24\">Premium-Schutz<\/strong> - Puffy Polyester, Schaumstoffpolsterung und Fleecefutter sch\u00fctzen vor St\u00f6\u00dfen, Schl\u00e4gen und Kratzern.<\/li>\n<li data-start=\"123\" data-end=\"236\"><strong data-start=\"125\" data-end=\"142\">Extra Lagerung<\/strong> - Inklusive einer passenden Tasche (7,87\u2033 x 4,33\u2033 x 1,38\u2033) f\u00fcr eine Maus, Kopfh\u00f6rer oder Zubeh\u00f6r.<\/li>\n<li data-start=\"237\" data-end=\"340\"><strong data-start=\"239\" data-end=\"262\">Schlank und leicht<\/strong> - Das schlanke Design passt leicht in Rucks\u00e4cke, Aktentaschen oder Taschen, ohne aufzutragen.<\/li>\n<li data-start=\"341\" data-end=\"431\"><strong data-start=\"343\" data-end=\"368\">Glatter Rei\u00dfverschluss<\/strong> - Rei\u00dfverschluss an der Oberseite f\u00fcr schnellen und m\u00fchelosen Zugriff auf den Laptop.<\/li>\n<li data-start=\"432\" data-end=\"518\"><strong data-start=\"434\" data-end=\"463\">Perfekt f\u00fcr Reisen und Arbeit<\/strong> - Ideal f\u00fcr den t\u00e4glichen Gebrauch, f\u00fcr Gesch\u00e4ftsreisen oder f\u00fcr das Pendeln.<\/li>\n<\/ul>\n<p data-start=\"520\" data-end=\"706\"><strong data-start=\"520\" data-end=\"540\">Kompatibel mit:<\/strong> Dell XPS 17, HP Pavilion 17.3\u2033, HP Envy\/OMEN 17, Lenovo IdeaPad 3 17\u2033 (2020), Acer Aspire 5 17.3\u2033, Asus VivoBook Pro 17, Alienware m17 R4 17.3\u2033, LG Gram 17 &amp; mehr.<\/p>\n<p data-start=\"708\" data-end=\"787\" data-is-last-node=\"\"><strong data-start=\"708\" data-end=\"787\" data-is-last-node=\"\">Stilvoll, sch\u00fctzend und praktisch - ein Muss f\u00fcr Profis, die viel unterwegs sind!<\/strong><\/p>\n<table>\n<thead>\n<tr>\n<th><strong>Attribut<\/strong><\/th>\n<th><strong>Einzelheiten<\/strong><\/th>\n<\/tr>\n<\/thead>\n<tbody>\n<tr>\n<td><strong>Marke<\/strong><\/td>\n<td>MOSISO<\/td>\n<\/tr>\n<tr>\n<td><strong>Artikel Gewicht<\/strong><\/td>\n<td>12 Unzen<\/td>\n<\/tr>\n<tr>\n<td><strong>Abmessungen der Verpackung<\/strong><\/td>\n<td>17 x 12 x 0,79 Zoll<\/td>\n<\/tr>\n<tr>\n<td><strong>Farbe<\/strong><\/td>\n<td>Sand<\/td>\n<\/tr>\n<tr>\n<td><strong>Hersteller<\/strong><\/td>\n<td>Mosiso<\/td>\n<\/tr>\n<tr>\n<td><strong>ASIN<\/strong><\/td>\n<td>B0D9W55WPC<\/td>\n<\/tr>\n<tr>\n<td><strong>Datum der Erstverf\u00fcgbarkeit<\/strong><\/td>\n<td>22. Juli 2024<\/td>\n<\/tr>\n<\/tbody>\n<\/table>","protected":false},"excerpt":{"rendered":"<ul>\n<li data-start=\"0\" data-end=\"113\"><strong data-start=\"2\" data-end=\"23\">Weich und sch\u00fctzend<\/strong> - Puffiges Polyester, Schaumstoffpolsterung und Fleecefutter sch\u00fctzen vor St\u00f6\u00dfen und Kratzern.<\/li>\n<li data-start=\"114\" data-end=\"206\"><strong data-start=\"116\" data-end=\"133\">Extra Lagerung<\/strong> - Im Lieferumfang enthalten ist eine passende Tasche f\u00fcr Maus, Kopfh\u00f6rer und Zubeh\u00f6r.<\/li>\n<li data-start=\"207\" data-end=\"304\"><strong data-start=\"209\" data-end=\"231\">Schlank und leicht<\/strong> - Passt m\u00fchelos in Rucks\u00e4cke und Aktentaschen, ohne aufzutragen.<\/li>\n<li data-start=\"305\" data-end=\"378\"><strong data-start=\"307\" data-end=\"324\">Glatter Rei\u00dfverschluss<\/strong> - Das Top-Loading-Design gew\u00e4hrleistet einen schnellen und einfachen Zugriff.<\/li>\n<li data-start=\"379\" data-end=\"498\"><strong data-start=\"381\" data-end=\"403\">Breite Kompatibilit\u00e4t<\/strong> - Geeignet f\u00fcr Dell XPS 17, HP Pavilion, Lenovo IdeaPad, Acer, Alienware, HP Omen, und mehr.<\/li>\n<\/ul>","protected":false},"featured_media":1952,"comment_status":"open","ping_status":"closed","template":"","meta":[],"product_brand":[],"product_cat":[55,62],"product_tag":[],"class_list":{"0":"post-1950","1":"product","2":"type-product","3":"status-publish","4":"has-post-thumbnail","6":"product_cat-gaming-cases-protection","7":"product_cat-gaming-laptop-sleeves","9":"first","10":"instock","11":"shipping-taxable","12":"purchasable","13":"product-type-simple"},"_links":{"self":[{"href":"https:\/\/vavcase.com\/de\/wp-json\/wp\/v2\/product\/1950","targetHints":{"allow":["GET"]}}],"collection":[{"href":"https:\/\/vavcase.com\/de\/wp-json\/wp\/v2\/product"}],"about":[{"href":"https:\/\/vavcase.com\/de\/wp-json\/wp\/v2\/types\/product"}],"replies":[{"embeddable":true,"href":"https:\/\/vavcase.com\/de\/wp-json\/wp\/v2\/comments?post=1950"}],"wp:featuredmedia":[{"embeddable":true,"href":"https:\/\/vavcase.com\/de\/wp-json\/wp\/v2\/media\/1952"}],"wp:attachment":[{"href":"https:\/\/vavcase.com\/de\/wp-json\/wp\/v2\/media?parent=1950"}],"wp:term":[{"taxonomy":"product_brand","embeddable":true,"href":"https:\/\/vavcase.com\/de\/wp-json\/wp\/v2\/product_brand?post=1950"},{"taxonomy":"product_cat","embeddable":true,"href":"https:\/\/vavcase.com\/de\/wp-json\/wp\/v2\/product_cat?post=1950"},{"taxonomy":"product_tag","embeddable":true,"href":"https:\/\/vavcase.com\/de\/wp-json\/wp\/v2\/product_tag?post=1950"}],"curies":[{"name":"wp","href":"https:\/\/api.w.org\/{rel}","templated":true}]}}