{"id":1995,"date":"2025-02-14T12:11:18","date_gmt":"2025-02-14T12:11:18","guid":{"rendered":"https:\/\/vavcase.com\/?post_type=product&#038;p=1995"},"modified":"2025-08-03T04:14:15","modified_gmt":"2025-08-03T04:14:15","slug":"amary-11-6-12-laptop-sleeve-with-handle-neoprene-notebook-carrying-case-for-macbook-hp-dell-lenovo-asus-moon-design","status":"publish","type":"product","link":"https:\/\/vavcase.com\/de\/produkt\/amary-11-6-12-laptop-hulle-mit-griff-neopren-notebook-tragetasche-fur-macbook-hp-dell-lenovo-asus-moon-design\/","title":{"rendered":"AMARY 11.6\u2033-12\u2033 Laptop-Tasche mit Griff - Neopren Notebook-Tasche f\u00fcr MacBook, HP, Dell, Lenovo, Asus (Moon Design)"},"content":{"rendered":"<ul data-start=\"64\" data-end=\"670\" data-is-last-node=\"\">\n<li data-start=\"64\" data-end=\"170\"><strong data-start=\"66\" data-end=\"95\">Hervorragende Schockabsorption<\/strong> - 4,5 mm dick <strong data-start=\"110\" data-end=\"130\">Neopren-Polsterung<\/strong> sch\u00fctzt vor St\u00f6\u00dfen und Kratzern.<\/li>\n<li data-start=\"171\" data-end=\"301\"><strong data-start=\"173\" data-end=\"188\">Perfekte Passform<\/strong> - Gr\u00f6\u00dfe bei <strong data-start=\"200\" data-end=\"221\">32cm x 24cm x 2cm<\/strong>ideal f\u00fcr <strong data-start=\"233\" data-end=\"288\">11,6\u2033 Acer Chromebooks, Dell Inspiron 11,6\u2033 Laptops<\/strong>und mehr.<\/li>\n<li data-start=\"302\" data-end=\"409\"><strong data-start=\"304\" data-end=\"334\">Langlebig &amp; maschinenwaschbar<\/strong> - <strong data-start=\"337\" data-end=\"354\">Leicht zu reinigen<\/strong>schnell trocknend und lichtecht f\u00fcr den Langzeitgebrauch.<\/li>\n<li data-start=\"410\" data-end=\"529\"><strong data-start=\"412\" data-end=\"451\">Doppelseitiger Druck und glatte Rei\u00dfverschl\u00fcsse<\/strong> - Stilvolles Design auf <strong data-start=\"472\" data-end=\"486\">beide Seiten<\/strong> mit einer <strong data-start=\"494\" data-end=\"526\">sicherer Doppel-Rei\u00dfverschluss<\/strong>.<\/li>\n<li data-start=\"530\" data-end=\"670\" data-is-last-node=\"\"><strong data-start=\"532\" data-end=\"556\">Trendig &amp; geschenktauglich<\/strong> - Verf\u00fcgbar in <strong data-start=\"572\" data-end=\"594\">sch\u00f6ne Muster<\/strong>und macht es zu einem <strong data-start=\"608\" data-end=\"624\">perfektes Geschenk<\/strong> f\u00fcr Studenten, Fachleute und Technikliebhaber.<\/li>\n<li data-start=\"530\" data-end=\"670\" data-is-last-node=\"\"><strong data-start=\"0\" data-end=\"60\">Ultraweiche Laptop-H\u00fclle aus Neopren - stilvoll und sch\u00fctzend<\/strong><\/li>\n<\/ul>\n<table>\n<thead>\n<tr>\n<th><strong>Attribut<\/strong><\/th>\n<th><strong>Einzelheiten<\/strong><\/th>\n<\/tr>\n<\/thead>\n<tbody>\n<tr>\n<td><strong>Produkt Abmessungen<\/strong><\/td>\n<td>12,6 x 9,45 x 0,7 Zoll<\/td>\n<\/tr>\n<tr>\n<td><strong>Artikel Gewicht<\/strong><\/td>\n<td>4,2 Unzen<\/td>\n<\/tr>\n<tr>\n<td><strong>ASIN<\/strong><\/td>\n<td>B09WCQL59V<\/td>\n<\/tr>\n<tr>\n<td><strong>Artikel Modellnummer<\/strong><\/td>\n<td>AM-12<\/td>\n<\/tr>\n<tr>\n<td><strong>Meistverkaufter Rang<\/strong><\/td>\n<td>#7,467 in Laptop-H\u00fcllen<\/td>\n<\/tr>\n<tr>\n<td><strong>Datum der Erstverf\u00fcgbarkeit<\/strong><\/td>\n<td>August 10, 2019<\/td>\n<\/tr>\n<tr>\n<td><strong>Abteilung<\/strong><\/td>\n<td>Unisex<\/td>\n<\/tr>\n<tr>\n<td><strong>Hersteller<\/strong><\/td>\n<td>AMARY<\/td>\n<\/tr>\n<tr>\n<td><strong>Herkunftsland<\/strong><\/td>\n<td>China<\/td>\n<\/tr>\n<\/tbody>\n<\/table>","protected":false},"excerpt":{"rendered":"<ul>\n<li data-start=\"68\" data-end=\"180\"><strong data-start=\"70\" data-end=\"90\">Hochwertiges Material<\/strong> - Hergestellt aus <strong data-start=\"103\" data-end=\"132\">4,5 mm sto\u00dffestes Neopren<\/strong>und gew\u00e4hrleistet leichten Komfort und Schutz.<\/li>\n<li data-start=\"181\" data-end=\"308\"><strong data-start=\"183\" data-end=\"198\">Perfekte Passform<\/strong> - <strong data-start=\"201\" data-end=\"222\">32cm x 24cm x 2cm<\/strong>, kompatibel mit <strong data-start=\"240\" data-end=\"295\">11.6\" Acer Chromebooks, Dell Inspiron 11.6\u2033 Laptops<\/strong>und mehr.<\/li>\n<li data-start=\"309\" data-end=\"416\"><strong data-start=\"311\" data-end=\"328\">Leicht zu reinigen<\/strong> - <strong data-start=\"331\" data-end=\"385\">Maschinenwaschbar, schnelltrocknend und lichtecht<\/strong> f\u00fcr lange Haltbarkeit.<\/li>\n<li data-start=\"417\" data-end=\"531\"><strong data-start=\"419\" data-end=\"453\">Doppelter Rei\u00dfverschluss &amp; stilvolles Design<\/strong> - Sicher <strong data-start=\"463\" data-end=\"488\">Doppel-Rei\u00dfverschluss<\/strong> mit einer <strong data-start=\"496\" data-end=\"528\">Beidseitiger Druck<\/strong>.<\/li>\n<li data-start=\"532\" data-end=\"649\" data-is-last-node=\"\"><strong data-start=\"534\" data-end=\"553\">Tolle Geschenkidee<\/strong> - Verf\u00fcgbar in <strong data-start=\"569\" data-end=\"588\">trendige Muster<\/strong>und macht es zu einem <strong data-start=\"602\" data-end=\"648\">Perfektes Geschenk f\u00fcr Weihnachten oder besondere Anl\u00e4sse<\/strong>.<\/li>\n<\/ul>","protected":false},"featured_media":1999,"comment_status":"open","ping_status":"closed","template":"","meta":[],"product_brand":[],"product_cat":[55,62],"product_tag":[],"class_list":{"0":"post-1995","1":"product","2":"type-product","3":"status-publish","4":"has-post-thumbnail","6":"product_cat-gaming-cases-protection","7":"product_cat-gaming-laptop-sleeves","9":"first","10":"instock","11":"shipping-taxable","12":"purchasable","13":"product-type-simple"},"_links":{"self":[{"href":"https:\/\/vavcase.com\/de\/wp-json\/wp\/v2\/product\/1995","targetHints":{"allow":["GET"]}}],"collection":[{"href":"https:\/\/vavcase.com\/de\/wp-json\/wp\/v2\/product"}],"about":[{"href":"https:\/\/vavcase.com\/de\/wp-json\/wp\/v2\/types\/product"}],"replies":[{"embeddable":true,"href":"https:\/\/vavcase.com\/de\/wp-json\/wp\/v2\/comments?post=1995"}],"wp:featuredmedia":[{"embeddable":true,"href":"https:\/\/vavcase.com\/de\/wp-json\/wp\/v2\/media\/1999"}],"wp:attachment":[{"href":"https:\/\/vavcase.com\/de\/wp-json\/wp\/v2\/media?parent=1995"}],"wp:term":[{"taxonomy":"product_brand","embeddable":true,"href":"https:\/\/vavcase.com\/de\/wp-json\/wp\/v2\/product_brand?post=1995"},{"taxonomy":"product_cat","embeddable":true,"href":"https:\/\/vavcase.com\/de\/wp-json\/wp\/v2\/product_cat?post=1995"},{"taxonomy":"product_tag","embeddable":true,"href":"https:\/\/vavcase.com\/de\/wp-json\/wp\/v2\/product_tag?post=1995"}],"curies":[{"name":"wp","href":"https:\/\/api.w.org\/{rel}","templated":true}]}}