{"id":2007,"date":"2025-02-14T12:25:18","date_gmt":"2025-02-14T12:25:18","guid":{"rendered":"https:\/\/vavcase.com\/?post_type=product&#038;p=2007"},"modified":"2025-02-17T09:57:12","modified_gmt":"2025-02-17T09:57:12","slug":"lapac-abstract-design-laptop-sleeve-bag-13-14-inch-neoprene-light-weight-computer-skin-bag-notebook-carrying-case-cover-bags-for-13-13-3-inch","status":"publish","type":"product","link":"https:\/\/vavcase.com\/de\/produkt\/lapac-abstraktes-design-laptop-hulle-tasche-13-14-zoll-neopren-leichtes-gewicht-computer-haut-tasche-notebook-tragen-fall-abdeckung-taschen-fur-13-13-3-zoll\/","title":{"rendered":"Lapac Abstraktes Design Laptop Sleeve Tasche 13-14 Zoll, Neopren leichtes Gewicht Computer Skin Tasche, Notebook Tragetasche Abdeckung Taschen f\u00fcr 13\/13.3 Zoll"},"content":{"rendered":"<p data-start=\"0\" data-end=\"81\"><strong data-start=\"0\" data-end=\"79\">Schlanke &amp; stylische 13-14 Zoll Laptop-H\u00fclle - trendiger Schutz f\u00fcr Ihr Ger\u00e4t<\/strong><\/p>\n<ul data-start=\"83\" data-end=\"939\" data-is-last-node=\"\">\n<li data-start=\"83\" data-end=\"235\"><strong data-start=\"85\" data-end=\"115\">Abmessungen und Kompatibilit\u00e4t<\/strong> - Ma\u00dfnahmen <strong data-start=\"127\" data-end=\"153\">14 x 0,7 x 9,64 Zoll<\/strong>, passend f\u00fcr die meisten <strong data-start=\"168\" data-end=\"190\">13-14-Zoll-Laptops<\/strong>. Pr\u00fcfen Sie vor dem Kauf die Gr\u00f6\u00dfe Ihres Ger\u00e4ts.<\/li>\n<li data-start=\"236\" data-end=\"438\"><strong data-start=\"238\" data-end=\"265\">Stilvolles &amp; trendiges Design<\/strong> - Merkmale <strong data-start=\"279\" data-end=\"315\">von der Natur inspiriertes abstraktes Muster<\/strong>perfekt f\u00fcr Studenten, Berufst\u00e4tige und Reisende. Ein tolles Geschenk f\u00fcr Frauen und M\u00e4dchen, die stilvolles technisches Zubeh\u00f6r lieben.<\/li>\n<li data-start=\"439\" data-end=\"569\"><strong data-start=\"441\" data-end=\"463\">Premium-Schutz<\/strong> - Hergestellt mit <strong data-start=\"476\" data-end=\"504\">sto\u00dfd\u00e4mpfendes Material<\/strong> zum Schutz Ihres Laptops vor <strong data-start=\"535\" data-end=\"566\">St\u00f6\u00dfe, St\u00fcrze und Kratzer<\/strong>.<\/li>\n<li data-start=\"570\" data-end=\"721\"><strong data-start=\"572\" data-end=\"594\">Schlank und leicht<\/strong> - Konzipiert f\u00fcr <strong data-start=\"610\" data-end=\"630\">leichte Tragbarkeit<\/strong> und ist daher ideal f\u00fcr den Transport in Rucks\u00e4cken, Aktenkoffern oder Handtaschen.<\/li>\n<li data-start=\"722\" data-end=\"829\"><strong data-start=\"724\" data-end=\"749\">Glatte Doppelrei\u00dfverschl\u00fcsse<\/strong> - Gew\u00e4hrleistet <strong data-start=\"760\" data-end=\"778\">sicherer Verschluss<\/strong> und schnellen Zugriff auf Ihren Laptop, wann immer Sie ihn brauchen.<\/li>\n<li data-start=\"830\" data-end=\"939\" data-is-last-node=\"\"><strong data-start=\"832\" data-end=\"855\">Perfekt zum Verschenken<\/strong> - A <strong data-start=\"860\" data-end=\"886\">stilvoll und funktionell<\/strong> eine gute Wahl f\u00fcr Studenten, Berufst\u00e4tige und Technikliebhaber!<\/li>\n<\/ul>\n<table>\n<thead>\n<tr>\n<th><strong>Attribut<\/strong><\/th>\n<th><strong>Einzelheiten<\/strong><\/th>\n<\/tr>\n<\/thead>\n<tbody>\n<tr>\n<td><strong>Produkt Abmessungen<\/strong><\/td>\n<td>14,22 x 8,89 x 8,64 cm<\/td>\n<\/tr>\n<tr>\n<td><strong>Artikel Gewicht<\/strong><\/td>\n<td>231 g<\/td>\n<\/tr>\n<tr>\n<td><strong>Besondere Merkmale<\/strong><\/td>\n<td>Leichtes Gewicht<\/td>\n<\/tr>\n<tr>\n<td><strong>Andere Anzeigefunktionen<\/strong><\/td>\n<td>CE<\/td>\n<\/tr>\n<tr>\n<td><strong>Formfaktor<\/strong><\/td>\n<td>Fall<\/td>\n<\/tr>\n<tr>\n<td><strong>Farbe<\/strong><\/td>\n<td>Abstrakt<\/td>\n<\/tr>\n<tr>\n<td><strong>Hersteller<\/strong><\/td>\n<td>Lapac<\/td>\n<\/tr>\n<tr>\n<td><strong>Herkunftsland<\/strong><\/td>\n<td>USA<\/td>\n<\/tr>\n<tr>\n<td><strong>ASIN<\/strong><\/td>\n<td>B09TZT9Q9V<\/td>\n<\/tr>\n<tr>\n<td><strong>Datum der Erstverf\u00fcgbarkeit<\/strong><\/td>\n<td>April 12, 2022<\/td>\n<\/tr>\n<tr>\n<td><strong>Artikel Abmessungen LxBxH<\/strong><\/td>\n<td>14,2 x 8,9 x 8,6 Zentimeter<\/td>\n<\/tr>\n<tr>\n<td><strong>Generischer Name<\/strong><\/td>\n<td>\u00c4rmel<\/td>\n<\/tr>\n<\/tbody>\n<\/table>","protected":false},"excerpt":{"rendered":"<ul data-start=\"80\" data-end=\"514\">\n<li data-start=\"80\" data-end=\"170\"><strong data-start=\"82\" data-end=\"97\">Perfekte Passform<\/strong> - Konzipiert f\u00fcr <strong data-start=\"113\" data-end=\"135\">13-14-Zoll-Laptops<\/strong>die einen festen und sicheren Sitz gew\u00e4hrleisten.<\/li>\n<li data-start=\"171\" data-end=\"278\"><strong data-start=\"173\" data-end=\"200\">Stilvolles abstraktes Design<\/strong> - Merkmale <strong data-start=\"214\" data-end=\"248\">einzigartiges, von der Natur inspiriertes Muster<\/strong>Das macht sie zu einer trendigen Wahl.<\/li>\n<li data-start=\"279\" data-end=\"367\"><strong data-start=\"281\" data-end=\"301\">Schockabsorption<\/strong> - Sch\u00fctzt Ihren Laptop vor <strong data-start=\"330\" data-end=\"364\">versehentliche St\u00f6\u00dfe und Kratzer<\/strong>.<\/li>\n<li data-start=\"368\" data-end=\"445\"><strong data-start=\"370\" data-end=\"392\">Schlank und leicht<\/strong> - Leicht <strong data-start=\"402\" data-end=\"422\">rutscht in Taschen<\/strong> ohne zus\u00e4tzliche Masse.<\/li>\n<li data-start=\"446\" data-end=\"514\"><strong data-start=\"448\" data-end=\"473\">Glatte Doppelrei\u00dfverschl\u00fcsse<\/strong> - Bietet <strong data-start=\"485\" data-end=\"511\">einfacher und sicherer Zugang<\/strong>.<\/li>\n<\/ul>\n<p data-start=\"516\" data-end=\"591\" data-is-last-node=\"\">Eine stilvolle und funktionelle H\u00fclle f\u00fcr Studenten, Berufst\u00e4tige und Reisende!<\/p>","protected":false},"featured_media":2010,"comment_status":"open","ping_status":"closed","template":"","meta":[],"product_brand":[],"product_cat":[55,62],"product_tag":[],"class_list":{"0":"post-2007","1":"product","2":"type-product","3":"status-publish","4":"has-post-thumbnail","6":"product_cat-gaming-cases-protection","7":"product_cat-gaming-laptop-sleeves","9":"first","10":"instock","11":"shipping-taxable","12":"purchasable","13":"product-type-simple"},"_links":{"self":[{"href":"https:\/\/vavcase.com\/de\/wp-json\/wp\/v2\/product\/2007","targetHints":{"allow":["GET"]}}],"collection":[{"href":"https:\/\/vavcase.com\/de\/wp-json\/wp\/v2\/product"}],"about":[{"href":"https:\/\/vavcase.com\/de\/wp-json\/wp\/v2\/types\/product"}],"replies":[{"embeddable":true,"href":"https:\/\/vavcase.com\/de\/wp-json\/wp\/v2\/comments?post=2007"}],"wp:featuredmedia":[{"embeddable":true,"href":"https:\/\/vavcase.com\/de\/wp-json\/wp\/v2\/media\/2010"}],"wp:attachment":[{"href":"https:\/\/vavcase.com\/de\/wp-json\/wp\/v2\/media?parent=2007"}],"wp:term":[{"taxonomy":"product_brand","embeddable":true,"href":"https:\/\/vavcase.com\/de\/wp-json\/wp\/v2\/product_brand?post=2007"},{"taxonomy":"product_cat","embeddable":true,"href":"https:\/\/vavcase.com\/de\/wp-json\/wp\/v2\/product_cat?post=2007"},{"taxonomy":"product_tag","embeddable":true,"href":"https:\/\/vavcase.com\/de\/wp-json\/wp\/v2\/product_tag?post=2007"}],"curies":[{"name":"wp","href":"https:\/\/api.w.org\/{rel}","templated":true}]}}