{"id":2025,"date":"2025-02-14T12:40:41","date_gmt":"2025-02-14T12:40:41","guid":{"rendered":"https:\/\/vavcase.com\/?post_type=product&#038;p=2025"},"modified":"2025-02-17T10:19:51","modified_gmt":"2025-02-17T10:19:51","slug":"travel-carry-case-for-meta-quest-2-quest-3-quest-3s-protective-vr-bag-with-ample-storage-for-controllers-accessories-patent-design","status":"publish","type":"product","link":"https:\/\/vavcase.com\/de\/produkt\/reisetasche-fur-meta-quest-2-quest-3-quest-3s-schutzende-vr-tasche-mit-reichlich-stauraum-fur-controllers-zubehor-patentdesign\/","title":{"rendered":"Reisetasche f\u00fcr Meta Quest 2\/Quest 3\/Quest 3S - sch\u00fctzende VR-Tasche mit reichlich Stauraum f\u00fcr Controller und Zubeh\u00f6r (Patent Design)"},"content":{"rendered":"<div class=\"flex-1 overflow-hidden @container\/thread translate-y-[2rem] -mt-[2rem] pb-[1.5rem]\">\n<div class=\"flex h-full flex-col overflow-y-auto\">\n<div class=\"flex flex-col text-sm md:pb-9\">\n<article class=\"w-full text-token-text-primary focus-visible:outline-2 focus-visible:outline-offset-[-4px]\" dir=\"auto\" data-testid=\"conversation-turn-67\" data-scroll-anchor=\"true\">\n<div class=\"m-auto text-base py-[18px] px-6\">\n<div class=\"mx-auto flex flex-1 text-base gap-4 md:gap-5 lg:gap-6 md:max-w-3xl lg:max-w-[40rem] xl:max-w-[48rem]\">\n<div class=\"group\/conversation-turn relative flex w-full min-w-0 flex-col agent-turn @xs\/thread:px-0 @sm\/thread:px-1.5 @md\/thread:px-4\">\n<div class=\"flex-col gap-1 md:gap-3\">\n<div class=\"flex max-w-full flex-col flex-grow\">\n<div class=\"min-h-8 text-message flex w-full flex-col items-end gap-2 whitespace-normal break-words text-start [.text-message+&amp;]:mt-5\" dir=\"auto\" data-message-author-role=\"assistant\" data-message-id=\"9f460597-e627-4157-bb97-5f183bf9256f\" data-message-model-slug=\"gpt-4o\">\n<div class=\"flex w-full flex-col gap-1 empty:hidden first:pt-[3px]\">\n<div class=\"markdown prose w-full break-words dark:prose-invert dark\">\n<ul>\n<li data-start=\"0\" data-end=\"226\"><strong data-start=\"2\" data-end=\"29\">Kompatibel &amp; sicherer Sitz<\/strong> - Speziell entwickelt f\u00fcr Meta Quest 2, Quest 3, Quest 3S und Quest Pro. Der gepolsterte Befestigungsriemen sorgt f\u00fcr einen festen Sitz und verhindert ein Verrutschen. Vollst\u00e4ndig zu \u00f6ffnendes Design mit doppelten Rei\u00dfverschl\u00fcssen f\u00fcr einfachen Zugang.<\/li>\n<li data-start=\"227\" data-end=\"396\"><strong data-start=\"229\" data-end=\"268\">Premium-Schutz f\u00fcr Ihre VR Gear<\/strong> - Die Au\u00dfenseite aus robustem Nylon und die dick gepolsterte Innenseite bieten Rundumschutz vor Kratzern, St\u00f6\u00dfen und versehentlichen Schl\u00e4gen.<\/li>\n<li data-start=\"397\" data-end=\"725\"><strong data-start=\"399\" data-end=\"435\">Ger\u00e4umiger Stauraum f\u00fcr Zubeh\u00f6r<\/strong> - Mehrere F\u00e4cher, um Ihr VR-Setup zu organisieren:\n<ul data-start=\"497\" data-end=\"725\">\n<li data-start=\"497\" data-end=\"527\">Obere Tasche f\u00fcr Steuerger\u00e4te<\/li>\n<li data-start=\"530\" data-end=\"566\">Gepolsterte Innenh\u00fclle f\u00fcr ein Tablet<\/li>\n<li data-start=\"569\" data-end=\"600\">Zwei Netztaschen f\u00fcr Kabel<\/li>\n<li data-start=\"603\" data-end=\"677\">Seitliche Netztaschen und Fronttasche f\u00fcr Powerbanks, Brieftaschen und Flaschen<\/li>\n<li data-start=\"680\" data-end=\"725\">MOLLE-Gurtband zur Befestigung von zus\u00e4tzlichem Zubeh\u00f6r<\/li>\n<\/ul>\n<\/li>\n<li data-start=\"726\" data-end=\"913\"><strong data-start=\"728\" data-end=\"759\">Leicht und bequem zu tragen<\/strong> - Verstellbare, gepolsterte Schultergurte und ein atmungsaktives Taillenpolster verringern die Belastung w\u00e4hrend der Reise. Der seitliche Ladeanschluss erm\u00f6glicht das Aufladen, ohne die Tasche \u00f6ffnen zu m\u00fcssen.<\/li>\n<li data-start=\"914\" data-end=\"1146\" data-is-last-node=\"\"><strong data-start=\"916\" data-end=\"944\">Perfekter Reisebegleiter<\/strong> - Gut durchdachte Taschen f\u00fcr organisiertes Zubeh\u00f6r. Anpassbare Vorderseite mit Aufn\u00e4hern f\u00fcr einen einzigartigen Look. Die ultimative Aufbewahrungsl\u00f6sung f\u00fcr Ihr VR-Gaming-Setup, ob zu Hause oder unterwegs.<\/li>\n<\/ul>\n<p data-start=\"1757\" data-end=\"2056\" data-is-last-node=\"\">\n<\/div>\n<\/div>\n<\/div>\n<\/div>\n<\/div>\n<\/div>\n<\/div>\n<\/div>\n<\/article>\n<\/div>\n<\/div>\n<\/div>\n<table id=\"productDetails_detailBullets_sections1\" class=\"a-keyvalue prodDetTable\" role=\"presentation\">\n<tbody>\n<tr>\n<th class=\"a-color-secondary a-size-base prodDetSectionEntry\">ackage Abmessungen<\/th>\n<td class=\"a-size-base prodDetAttrValue\">15,75 x 10,59 x 3,62 Zoll<\/td>\n<\/tr>\n<tr>\n<th class=\"a-color-secondary a-size-base prodDetSectionEntry\">Artikel Gewicht<\/th>\n<td class=\"a-size-base prodDetAttrValue\">1,69 Pfund<\/td>\n<\/tr>\n<tr>\n<th class=\"a-color-secondary a-size-base prodDetSectionEntry\">Abteilung<\/th>\n<td class=\"a-size-base prodDetAttrValue\">Unisex-Erwachsene<\/td>\n<\/tr>\n<tr>\n<th class=\"a-color-secondary a-size-base prodDetSectionEntry\">Hersteller<\/th>\n<td class=\"a-size-base prodDetAttrValue\">PGmoon<\/td>\n<\/tr>\n<tr>\n<th class=\"a-color-secondary a-size-base prodDetSectionEntry\">ASIN<\/th>\n<td class=\"a-size-base prodDetAttrValue\">B0D5CDBDWT<\/td>\n<\/tr>\n<tr>\n<th class=\"a-color-secondary a-size-base prodDetSectionEntry\">Herkunftsland<\/th>\n<td class=\"a-size-base prodDetAttrValue\">China<\/td>\n<\/tr>\n<tr>\n<th class=\"a-color-secondary a-size-base prodDetSectionEntry\">Modellnummer des Artikels<\/th>\n<td class=\"a-size-base prodDetAttrValue\">CAPG02501<\/td>\n<\/tr>\n<\/tbody>\n<\/table>","protected":false},"excerpt":{"rendered":"<ul>\n<li data-start=\"0\" data-end=\"135\"><strong data-start=\"2\" data-end=\"29\">Universelle Kompatibilit\u00e4t<\/strong> - Entwickelt f\u00fcr Meta Quest 2, Quest 3, Quest 3S und Quest Pro (nicht mit den genannten Marken verbunden).<\/li>\n<li data-start=\"136\" data-end=\"256\"><strong data-start=\"138\" data-end=\"161\">\u00dcberlegener Schutz<\/strong> - Strapazierf\u00e4higes Nylongeh\u00e4use mit dicker Polsterung zum Schutz Ihrer VR-Ausr\u00fcstung vor St\u00f6\u00dfen und Kratzern.<\/li>\n<li data-start=\"257\" data-end=\"369\"><strong data-start=\"259\" data-end=\"276\">Gro\u00dfz\u00fcgige Lagerung<\/strong> - Enth\u00e4lt spezielle F\u00e4cher f\u00fcr Controller, Kabel, Tablets, Powerbanks und mehr.<\/li>\n<li data-start=\"370\" data-end=\"462\"><strong data-start=\"372\" data-end=\"400\">Bequemer Ladeanschluss<\/strong> - Laden Sie Ihr VR-Headset ganz einfach auf, ohne die Tasche \u00f6ffnen zu m\u00fcssen.<\/li>\n<li data-start=\"463\" data-end=\"579\" data-is-last-node=\"\"><strong data-start=\"465\" data-end=\"495\">Bequem &amp; reisefertig<\/strong> - Verstellbare, gepolsterte Schultergurte und eine atmungsaktive H\u00fcftpolsterung f\u00fcr einfaches Tragen.<\/li>\n<\/ul>","protected":false},"featured_media":2034,"comment_status":"open","ping_status":"closed","template":"","meta":[],"product_brand":[],"product_cat":[55,63],"product_tag":[],"class_list":{"0":"post-2025","1":"product","2":"type-product","3":"status-publish","4":"has-post-thumbnail","6":"product_cat-gaming-cases-protection","7":"product_cat-vr-headset-cases","9":"first","10":"instock","11":"shipping-taxable","12":"purchasable","13":"product-type-simple"},"_links":{"self":[{"href":"https:\/\/vavcase.com\/de\/wp-json\/wp\/v2\/product\/2025","targetHints":{"allow":["GET"]}}],"collection":[{"href":"https:\/\/vavcase.com\/de\/wp-json\/wp\/v2\/product"}],"about":[{"href":"https:\/\/vavcase.com\/de\/wp-json\/wp\/v2\/types\/product"}],"replies":[{"embeddable":true,"href":"https:\/\/vavcase.com\/de\/wp-json\/wp\/v2\/comments?post=2025"}],"wp:featuredmedia":[{"embeddable":true,"href":"https:\/\/vavcase.com\/de\/wp-json\/wp\/v2\/media\/2034"}],"wp:attachment":[{"href":"https:\/\/vavcase.com\/de\/wp-json\/wp\/v2\/media?parent=2025"}],"wp:term":[{"taxonomy":"product_brand","embeddable":true,"href":"https:\/\/vavcase.com\/de\/wp-json\/wp\/v2\/product_brand?post=2025"},{"taxonomy":"product_cat","embeddable":true,"href":"https:\/\/vavcase.com\/de\/wp-json\/wp\/v2\/product_cat?post=2025"},{"taxonomy":"product_tag","embeddable":true,"href":"https:\/\/vavcase.com\/de\/wp-json\/wp\/v2\/product_tag?post=2025"}],"curies":[{"name":"wp","href":"https:\/\/api.w.org\/{rel}","templated":true}]}}