{"id":2040,"date":"2025-02-14T12:54:58","date_gmt":"2025-02-14T12:54:58","guid":{"rendered":"https:\/\/vavcase.com\/?post_type=product&#038;p=2040"},"modified":"2025-02-17T10:18:00","modified_gmt":"2025-02-17T10:18:00","slug":"devaso-hard-carrying-case-for-meta-quest-3s-quest-3-vision-pro-compact-travel-storage-case-for-vr-headset-accessories-transparent-design","status":"publish","type":"product","link":"https:\/\/vavcase.com\/de\/produkt\/devaso-hard-carrying-case-for-meta-quest-3s-quest-3-vision-pro-compact-travel-storage-case-for-vr-headset-accessories-transparent-design\/","title":{"rendered":"DEVASO Hartschalenkoffer f\u00fcr Meta Quest 3S\/Quest 3\/Vision Pro - Kompakter Reisekoffer f\u00fcr VR Headset und Zubeh\u00f6r, transparentes Design"},"content":{"rendered":"<ul>\n<li data-start=\"0\" data-end=\"241\"><strong data-start=\"2\" data-end=\"31\">Tragbare VR-Tragetasche<\/strong> - Entwickelt f\u00fcr Meta Quest 3S, Quest 3 und Vision Pro VR-Headsets, damit Ihr Ger\u00e4t und Ihr Zubeh\u00f6r sicher und geordnet bleiben (nicht kompatibel mit Elite-Straps oder Kopfb\u00e4ndern von Drittanbietern mit Batterien).<\/li>\n<li data-start=\"242\" data-end=\"439\"><strong data-start=\"244\" data-end=\"271\">Intelligente Raumausnutzung<\/strong> - Das VR-Headset, das Original-Kopfband aus Stoff, die Controller, das Ladeger\u00e4t und die Kabel lassen sich in einem kompakten und dennoch ger\u00e4umigen Design unterbringen (nur das Etui; Zubeh\u00f6r nicht enthalten).<\/li>\n<li data-start=\"440\" data-end=\"663\"><strong data-start=\"442\" data-end=\"472\">Starker und sicherer Schutz<\/strong> - Diese Hartschalentasche aus hochwertigem, strapazierf\u00e4higem Material sch\u00fctzt Ihre VR-Ausr\u00fcstung vor St\u00f6\u00dfen und Kratzern und verf\u00fcgt \u00fcber ein integriertes elastisches Band, das das Headset auf Reisen an seinem Platz h\u00e4lt.<\/li>\n<li data-start=\"664\" data-end=\"836\"><strong data-start=\"666\" data-end=\"698\">Reisefreundlich &amp; bequem<\/strong> - Ausgestattet mit einem bequemen, rutschfesten Silikongriff f\u00fcr den einfachen Transport und einem platzsparenden Design, das problemlos in einen Koffer passt.<\/li>\n<li data-start=\"837\" data-end=\"1020\" data-is-last-node=\"\"><strong data-start=\"839\" data-end=\"869\">Ein stilvolles und praktisches Geschenk<\/strong> - Die elegante, transparente H\u00fclle verbindet Funktionalit\u00e4t mit \u00c4sthetik und ist damit ein hervorragendes Geschenk f\u00fcr VR-Enthusiasten zu jedem besonderen Anlass.<\/li>\n<\/ul>\n<table>\n<thead>\n<tr>\n<th><strong>Attribut<\/strong><\/th>\n<th><strong>Einzelheiten<\/strong><\/th>\n<\/tr>\n<\/thead>\n<tbody>\n<tr>\n<td><strong>Abmessungen der Verpackung<\/strong><\/td>\n<td>9,45 x 9,33 x 5,35 Zoll<\/td>\n<\/tr>\n<tr>\n<td><strong>Artikel Gewicht<\/strong><\/td>\n<td>1,06 Pfund<\/td>\n<\/tr>\n<tr>\n<td><strong>ASIN<\/strong><\/td>\n<td>B0DH1XZ98H<\/td>\n<\/tr>\n<tr>\n<td><strong>Meistverkaufter Rang<\/strong><\/td>\n<td>#44.079 in Videospiele<\/td>\n<\/tr>\n<tr>\n<td><\/td>\n<td>#593 in Eigenst\u00e4ndiges VR-Zubeh\u00f6r<\/td>\n<\/tr>\n<tr>\n<td><strong>Datum der Erstverf\u00fcgbarkeit<\/strong><\/td>\n<td>24. September 2024<\/td>\n<\/tr>\n<tr>\n<td><strong>Abteilung<\/strong><\/td>\n<td>Unisex<\/td>\n<\/tr>\n<tr>\n<td><strong>Hersteller<\/strong><\/td>\n<td>DEVASO<\/td>\n<\/tr>\n<tr>\n<td><strong>Sprache<\/strong><\/td>\n<td>Englisch<\/td>\n<\/tr>\n<tr>\n<td><strong>Herkunftsland<\/strong><\/td>\n<td>China<\/td>\n<\/tr>\n<\/tbody>\n<\/table>","protected":false},"excerpt":{"rendered":"<ul>\n<li data-start=\"0\" data-end=\"142\"><strong data-start=\"2\" data-end=\"30\">Entwickelt f\u00fcr VR-Headsets<\/strong> - Kompatibel mit Meta Quest 3S, Quest 3 und Vision Pro (nicht f\u00fcr Elite-Armb\u00e4nder oder Batterie-Armb\u00e4nder anderer Hersteller).<\/li>\n<li data-start=\"143\" data-end=\"256\"><strong data-start=\"145\" data-end=\"169\">Kompakt und doch ger\u00e4umig<\/strong> - Enth\u00e4lt das VR-Headset, das Original-Kopfband aus Stoff, die Controller, das Ladeger\u00e4t und die Kabel.<\/li>\n<li data-start=\"257\" data-end=\"378\"><strong data-start=\"259\" data-end=\"283\">Langlebig &amp; sch\u00fctzend<\/strong> - Harte Schale mit elastischen Riemen f\u00fcr Stabilit\u00e4t und einem weichen Innenfutter, um Kratzer zu vermeiden.<\/li>\n<li data-start=\"379\" data-end=\"479\"><strong data-start=\"381\" data-end=\"411\">Tragbar und reisefreundlich<\/strong> - Rutschfester Silikongriff f\u00fcr mehr Komfort; passt leicht in Koffer.<\/li>\n<li data-start=\"480\" data-end=\"590\" data-is-last-node=\"\"><strong data-start=\"482\" data-end=\"505\">Perfekte Geschenkwahl<\/strong> - Transparentes, elegantes Design - ideal f\u00fcr VR-Gamer, die Wert auf Sicherheit und \u00c4sthetik legen.<\/li>\n<\/ul>","protected":false},"featured_media":2045,"comment_status":"open","ping_status":"closed","template":"","meta":[],"product_brand":[],"product_cat":[55,63],"product_tag":[],"class_list":{"0":"post-2040","1":"product","2":"type-product","3":"status-publish","4":"has-post-thumbnail","6":"product_cat-gaming-cases-protection","7":"product_cat-vr-headset-cases","9":"first","10":"instock","11":"shipping-taxable","12":"purchasable","13":"product-type-simple"},"_links":{"self":[{"href":"https:\/\/vavcase.com\/de\/wp-json\/wp\/v2\/product\/2040","targetHints":{"allow":["GET"]}}],"collection":[{"href":"https:\/\/vavcase.com\/de\/wp-json\/wp\/v2\/product"}],"about":[{"href":"https:\/\/vavcase.com\/de\/wp-json\/wp\/v2\/types\/product"}],"replies":[{"embeddable":true,"href":"https:\/\/vavcase.com\/de\/wp-json\/wp\/v2\/comments?post=2040"}],"wp:featuredmedia":[{"embeddable":true,"href":"https:\/\/vavcase.com\/de\/wp-json\/wp\/v2\/media\/2045"}],"wp:attachment":[{"href":"https:\/\/vavcase.com\/de\/wp-json\/wp\/v2\/media?parent=2040"}],"wp:term":[{"taxonomy":"product_brand","embeddable":true,"href":"https:\/\/vavcase.com\/de\/wp-json\/wp\/v2\/product_brand?post=2040"},{"taxonomy":"product_cat","embeddable":true,"href":"https:\/\/vavcase.com\/de\/wp-json\/wp\/v2\/product_cat?post=2040"},{"taxonomy":"product_tag","embeddable":true,"href":"https:\/\/vavcase.com\/de\/wp-json\/wp\/v2\/product_tag?post=2040"}],"curies":[{"name":"wp","href":"https:\/\/api.w.org\/{rel}","templated":true}]}}