{"id":2055,"date":"2025-02-14T13:06:26","date_gmt":"2025-02-14T13:06:26","guid":{"rendered":"https:\/\/vavcase.com\/?post_type=product&#038;p=2055"},"modified":"2025-02-17T10:16:37","modified_gmt":"2025-02-17T10:16:37","slug":"vznek-hard-carrying-case-for-oculus-meta-quest-3-quest-3s-fits-elite-strap-accessories-waterproof-travel-storage-bag","status":"publish","type":"product","link":"https:\/\/vavcase.com\/de\/produkt\/vznek-harte-tragetasche-fur-oculus-meta-quest-3-quest-3s-passt-elite-gurt-zubehor-wasserdicht-reisen-aufbewahrungstasche\/","title":{"rendered":"VZNEK Hartschalenkoffer f\u00fcr Oculus\/Meta Quest 3\/Quest 3S, passend f\u00fcr Elite Strap &amp; Zubeh\u00f6r, wasserdicht, Reisetasche"},"content":{"rendered":"<ul data-start=\"0\" data-end=\"908\">\n<li data-start=\"0\" data-end=\"218\"><strong data-start=\"2\" data-end=\"25\">\u00dcberlegener Schutz<\/strong>: Aus hochwertigem EVA-Material gefertigt, ist diese Tasche sto\u00dffest, staubdicht und feuchtigkeitsgesch\u00fctzt, um Ihre VR-Ausr\u00fcstung vor Kratzern und Schmutz zu sch\u00fctzen. Der glatte Doppelrei\u00dfverschluss sorgt f\u00fcr einen sicheren Verschluss.<\/li>\n<li data-start=\"219\" data-end=\"435\"><strong data-start=\"221\" data-end=\"245\">Ger\u00e4umig &amp; Organisiert<\/strong>: Die durchdachte Anordnung der Steckpl\u00e4tze bietet Platz f\u00fcr Ihr VR-Headset, Controller, Ladeger\u00e4t, Linsenschutz und vieles mehr. Eine Netztasche bietet zus\u00e4tzlichen Platz f\u00fcr kleines Zubeh\u00f6r wie Kabel oder Speicherkarten.<\/li>\n<li data-start=\"436\" data-end=\"612\"><strong data-start=\"438\" data-end=\"464\">Effiziente Nutzung des Raums<\/strong>: Der gro\u00dfe Innenraum bietet Platz f\u00fcr das komplette VR-Set und Zubeh\u00f6r von Drittanbietern. Kleine F\u00e4cher helfen, wichtige Dinge wie Notizb\u00fccher oder Karten zu organisieren.<\/li>\n<li data-start=\"613\" data-end=\"783\"><strong data-start=\"615\" data-end=\"648\">Bequem &amp; reisefreundlich<\/strong>: Der verstellbare Schultergurt mit atmungsaktivem Wabendesign reduziert den Druck auf die Schultern und sorgt f\u00fcr ein angenehmes Tragegef\u00fchl.<\/li>\n<li data-start=\"784\" data-end=\"908\"><strong data-start=\"786\" data-end=\"806\">Einfach zu pflegen<\/strong>: Die glatte Oberfl\u00e4che l\u00e4sst sich leicht mit einem feuchten Tuch oder einem Papiertuch abwischen, damit Ihr Koffer wie neu aussieht.<\/li>\n<\/ul>\n<p data-start=\"910\" data-end=\"1028\" data-is-last-node=\"\">Perfekt f\u00fcr die Aufbewahrung zu Hause und auf Reisen und bietet maximalen Schutz und Komfort f\u00fcr Ihr Oculus Quest 3 Zubeh\u00f6r.<\/p>\n<table>\n<thead>\n<tr>\n<th><strong>Attribut<\/strong><\/th>\n<th><strong>Einzelheiten<\/strong><\/th>\n<\/tr>\n<\/thead>\n<tbody>\n<tr>\n<td><strong>Produkt Abmessungen<\/strong><\/td>\n<td>9,64 x 1,77 x 11,8 Zoll<\/td>\n<\/tr>\n<tr>\n<td><strong>Artikel Gewicht<\/strong><\/td>\n<td>1,17 Pfund<\/td>\n<\/tr>\n<tr>\n<td><strong>ASIN<\/strong><\/td>\n<td>B0CJHS8KBQ<\/td>\n<\/tr>\n<tr>\n<td><strong>Artikel Modellnummer<\/strong><\/td>\n<td>Q3CE0010<\/td>\n<\/tr>\n<tr>\n<td><strong>Meistverkaufter Rang<\/strong><\/td>\n<td>#33.892 in Videospiele<\/td>\n<\/tr>\n<tr>\n<td><\/td>\n<td>#545 in PC-VR-Headsets<\/td>\n<\/tr>\n<tr>\n<td><strong>Datum der Erstverf\u00fcgbarkeit<\/strong><\/td>\n<td>21. September 2023<\/td>\n<\/tr>\n<tr>\n<td><strong>Abteilung<\/strong><\/td>\n<td>Unisex<\/td>\n<\/tr>\n<tr>\n<td><strong>Hersteller<\/strong><\/td>\n<td>VZNEK<\/td>\n<\/tr>\n<tr>\n<td><strong>Herkunftsland<\/strong><\/td>\n<td>USA<\/td>\n<\/tr>\n<\/tbody>\n<\/table>","protected":false},"excerpt":{"rendered":"<ul>\n<li data-start=\"0\" data-end=\"97\"><strong data-start=\"2\" data-end=\"19\">Kompatibilit\u00e4t<\/strong>: Entwickelt f\u00fcr Oculus Quest, Quest 3 und Quest 3S (VR-Ger\u00e4t nicht enthalten).<\/li>\n<li data-start=\"98\" data-end=\"231\"><strong data-start=\"100\" data-end=\"124\">Langlebig &amp; sch\u00fctzend<\/strong>: Hergestellt aus wasserfestem EVA-Material, sto\u00dffest, staubdicht und feuchtigkeitsbest\u00e4ndig f\u00fcr maximalen Schutz.<\/li>\n<li data-start=\"232\" data-end=\"346\"><strong data-start=\"234\" data-end=\"253\">Ger\u00e4umiges Design<\/strong>: Bietet Platz f\u00fcr das VR-Headset, die Controller, das Ladeger\u00e4t, den Linsenschutz und kleines Zubeh\u00f6r.<\/li>\n<li data-start=\"347\" data-end=\"478\"><strong data-start=\"349\" data-end=\"373\">Bequem zu tragen<\/strong>: Ein verstellbarer Schultergurt mit atmungsaktivem Wabendesign sorgt f\u00fcr zus\u00e4tzlichen Komfort.<\/li>\n<li data-start=\"479\" data-end=\"569\" data-is-last-node=\"\"><strong data-start=\"481\" data-end=\"498\">Leicht zu reinigen<\/strong>: Die glatte Oberfl\u00e4che l\u00e4sst sich leicht mit einem feuchten Tuch oder Papiertuch reinigen.<\/li>\n<\/ul>","protected":false},"featured_media":2058,"comment_status":"open","ping_status":"closed","template":"","meta":[],"product_brand":[],"product_cat":[55,63],"product_tag":[],"class_list":{"0":"post-2055","1":"product","2":"type-product","3":"status-publish","4":"has-post-thumbnail","6":"product_cat-gaming-cases-protection","7":"product_cat-vr-headset-cases","9":"first","10":"instock","11":"shipping-taxable","12":"purchasable","13":"product-type-simple"},"_links":{"self":[{"href":"https:\/\/vavcase.com\/de\/wp-json\/wp\/v2\/product\/2055","targetHints":{"allow":["GET"]}}],"collection":[{"href":"https:\/\/vavcase.com\/de\/wp-json\/wp\/v2\/product"}],"about":[{"href":"https:\/\/vavcase.com\/de\/wp-json\/wp\/v2\/types\/product"}],"replies":[{"embeddable":true,"href":"https:\/\/vavcase.com\/de\/wp-json\/wp\/v2\/comments?post=2055"}],"wp:featuredmedia":[{"embeddable":true,"href":"https:\/\/vavcase.com\/de\/wp-json\/wp\/v2\/media\/2058"}],"wp:attachment":[{"href":"https:\/\/vavcase.com\/de\/wp-json\/wp\/v2\/media?parent=2055"}],"wp:term":[{"taxonomy":"product_brand","embeddable":true,"href":"https:\/\/vavcase.com\/de\/wp-json\/wp\/v2\/product_brand?post=2055"},{"taxonomy":"product_cat","embeddable":true,"href":"https:\/\/vavcase.com\/de\/wp-json\/wp\/v2\/product_cat?post=2055"},{"taxonomy":"product_tag","embeddable":true,"href":"https:\/\/vavcase.com\/de\/wp-json\/wp\/v2\/product_tag?post=2055"}],"curies":[{"name":"wp","href":"https:\/\/api.w.org\/{rel}","templated":true}]}}