{"id":2064,"date":"2025-02-14T13:15:22","date_gmt":"2025-02-14T13:15:22","guid":{"rendered":"https:\/\/vavcase.com\/?post_type=product&#038;p=2064"},"modified":"2025-02-17T10:14:43","modified_gmt":"2025-02-17T10:14:43","slug":"carrying-case-for-oculus-meta-quest-2-3-3s-pro-fits-vr-elite-strap-controllers-accessories-travel-storage-bag","status":"publish","type":"product","link":"https:\/\/vavcase.com\/de\/produkt\/tragetasche-fur-oculus-meta-quest-2-3-3s-pro-passt-vr-elite-gurt-controllers-zubehor-reisen-aufbewahrungstasche\/","title":{"rendered":"Tragetasche f\u00fcr Oculus Meta Quest 2\/3\/3S\/Pro, passend f\u00fcr VR Elite Strap, Controller &amp; Zubeh\u00f6r, Reisetasche"},"content":{"rendered":"<ul>\n<li data-start=\"0\" data-end=\"153\">Entwickelt f\u00fcr VR-Headsets, passt sicher f\u00fcr Oculus Quest 2\/3\/3S\/Pro mit gepolstertem Innenriemen und enth\u00e4lt eine H\u00fclle f\u00fcr Tablets und eine Netztasche f\u00fcr Kabel.<\/li>\n<li data-start=\"154\" data-end=\"321\">Die Au\u00dfenseite aus robustem Nylon ist verschlei\u00dffest, die Innenpolsterung aus weichem Samt sch\u00fctzt vor Kratzern und St\u00f6\u00dfen, und die gro\u00dfe U-f\u00f6rmige \u00d6ffnung erm\u00f6glicht einen einfachen Zugriff.<\/li>\n<li data-start=\"322\" data-end=\"465\">Intelligente Aufbewahrung mit einem oberen Fach f\u00fcr Controller, zwei Seitentaschen und einer Rei\u00dfverschlusstasche auf der R\u00fcckseite, um Powerbank, Kabel und Telefon zu organisieren.<\/li>\n<li data-start=\"466\" data-end=\"605\">Der gepolsterte Griff, der abnehmbare Schultergurt und der R\u00fcckengurt, mit dem die Tasche an einem Koffer befestigt werden kann, erleichtern das Tragen.<\/li>\n<li data-start=\"606\" data-end=\"702\" data-is-last-node=\"\">Leicht und kompakt, ideal f\u00fcr Reisen und die Aufbewahrung zu Hause, perfekt f\u00fcr VR-Enthusiasten.<\/li>\n<\/ul>\n<table id=\"productDetails_detailBullets_sections1\" class=\"a-keyvalue prodDetTable\" role=\"presentation\">\n<tbody>\n<tr>\n<th class=\"a-color-secondary a-size-base prodDetSectionEntry\">Abmessungen der Verpackung<\/th>\n<td class=\"a-size-base prodDetAttrValue\">13,43 x 11,89 x 3,74 Zoll<\/td>\n<\/tr>\n<tr>\n<th class=\"a-color-secondary a-size-base prodDetSectionEntry\">Artikel Gewicht<\/th>\n<td class=\"a-size-base prodDetAttrValue\">1,39 Pfund<\/td>\n<\/tr>\n<tr>\n<th class=\"a-color-secondary a-size-base prodDetSectionEntry\">Abteilung<\/th>\n<td class=\"a-size-base prodDetAttrValue\">Unisex-Erwachsene<\/td>\n<\/tr>\n<tr>\n<th class=\"a-color-secondary a-size-base prodDetSectionEntry\">Hersteller<\/th>\n<td class=\"a-size-base prodDetAttrValue\">PGmoon<\/td>\n<\/tr>\n<tr>\n<th class=\"a-color-secondary a-size-base prodDetSectionEntry\">ASIN<\/th>\n<td class=\"a-size-base prodDetAttrValue\">B0DGX5MLXM<\/td>\n<\/tr>\n<tr>\n<th class=\"a-color-secondary a-size-base prodDetSectionEntry\">Herkunftsland<\/th>\n<td class=\"a-size-base prodDetAttrValue\">China<\/td>\n<\/tr>\n<tr>\n<th class=\"a-color-secondary a-size-base prodDetSectionEntry\">Modellnummer des Artikels<\/th>\n<td class=\"a-size-base prodDetAttrValue\">CAPG03301<\/td>\n<\/tr>\n<\/tbody>\n<\/table>","protected":false},"excerpt":{"rendered":"<ul>\n<li data-start=\"0\" data-end=\"93\">VR-Tragetasche - Kompatibel mit Oculus Meta Quest 2, Quest 3, Quest 3S und Quest Pro.<\/li>\n<li data-start=\"94\" data-end=\"195\">Umfassender Schutz - Strapazierf\u00e4higes Nylongeh\u00e4use mit weicher Samtpolsterung f\u00fcr effektive Sto\u00dfd\u00e4mpfung.<\/li>\n<li data-start=\"196\" data-end=\"290\">Ger\u00e4umiger Stauraum - Separate F\u00e4cher f\u00fcr Controller, Kabel, Tablet und Zubeh\u00f6r.<\/li>\n<li data-start=\"291\" data-end=\"399\">Einfacher Transport - Der gepolsterte Griff, der abnehmbare Schultergurt und der Koffergurt sorgen f\u00fcr Komfort.<\/li>\n<li data-start=\"400\" data-end=\"479\" data-is-last-node=\"\">Reisefreundlich - Kompaktes und dennoch ger\u00e4umiges Design, ideal f\u00fcr die Aufbewahrung zu Hause oder auf Reisen.<\/li>\n<\/ul>","protected":false},"featured_media":2066,"comment_status":"open","ping_status":"closed","template":"","meta":[],"product_brand":[],"product_cat":[55,63],"product_tag":[],"class_list":{"0":"post-2064","1":"product","2":"type-product","3":"status-publish","4":"has-post-thumbnail","6":"product_cat-gaming-cases-protection","7":"product_cat-vr-headset-cases","9":"first","10":"instock","11":"shipping-taxable","12":"purchasable","13":"product-type-simple"},"_links":{"self":[{"href":"https:\/\/vavcase.com\/de\/wp-json\/wp\/v2\/product\/2064","targetHints":{"allow":["GET"]}}],"collection":[{"href":"https:\/\/vavcase.com\/de\/wp-json\/wp\/v2\/product"}],"about":[{"href":"https:\/\/vavcase.com\/de\/wp-json\/wp\/v2\/types\/product"}],"replies":[{"embeddable":true,"href":"https:\/\/vavcase.com\/de\/wp-json\/wp\/v2\/comments?post=2064"}],"wp:featuredmedia":[{"embeddable":true,"href":"https:\/\/vavcase.com\/de\/wp-json\/wp\/v2\/media\/2066"}],"wp:attachment":[{"href":"https:\/\/vavcase.com\/de\/wp-json\/wp\/v2\/media?parent=2064"}],"wp:term":[{"taxonomy":"product_brand","embeddable":true,"href":"https:\/\/vavcase.com\/de\/wp-json\/wp\/v2\/product_brand?post=2064"},{"taxonomy":"product_cat","embeddable":true,"href":"https:\/\/vavcase.com\/de\/wp-json\/wp\/v2\/product_cat?post=2064"},{"taxonomy":"product_tag","embeddable":true,"href":"https:\/\/vavcase.com\/de\/wp-json\/wp\/v2\/product_tag?post=2064"}],"curies":[{"name":"wp","href":"https:\/\/api.w.org\/{rel}","templated":true}]}}