{"id":2072,"date":"2025-02-14T13:23:53","date_gmt":"2025-02-14T13:23:53","guid":{"rendered":"https:\/\/vavcase.com\/?post_type=product&#038;p=2072"},"modified":"2025-02-17T10:11:03","modified_gmt":"2025-02-17T10:11:03","slug":"large-hard-carrying-case-for-meta-quest-3-compatible-with-kiwi-design-bobovr-battery-head-strap-accessories-travel-friendly","status":"publish","type":"product","link":"https:\/\/vavcase.com\/de\/produkt\/grose-harte-tragetasche-fur-meta-quest-3-kompatibel-mit-kiwi-design-bobovr-akku-kopfband-zubehor-reisefreundlich\/","title":{"rendered":"Gro\u00dfe Hartschalentasche f\u00fcr Meta Quest 3, kompatibel mit Kiwi Design\/BOBOVR Akku-Kopfband und Zubeh\u00f6r, reisefreundlich"},"content":{"rendered":"<div class=\"flex max-w-full flex-col flex-grow\">\n<div class=\"min-h-8 text-message flex w-full flex-col items-end gap-2 whitespace-normal break-words text-start [.text-message+&amp;]:mt-5\" dir=\"auto\" data-message-author-role=\"assistant\" data-message-id=\"67f46488-2141-46ad-8e00-fb4b20a68c04\" data-message-model-slug=\"gpt-4o\">\n<div class=\"flex w-full flex-col gap-1 empty:hidden first:pt-[3px]\">\n<div class=\"markdown prose w-full break-words dark:prose-invert dark\">\n<ul>\n<li data-start=\"0\" data-end=\"276\">\n<p data-start=\"2\" data-end=\"276\"><strong data-start=\"2\" data-end=\"37\">Gro\u00dfe Tragetasche f\u00fcr Quest 3<\/strong> - Die STARTRC GAMES Reisetasche ist f\u00fcr das Meta Quest 3 VR-Headset und die Touch-Controller konzipiert. Kompatibel mit dem offiziellen Elite Strap mit Batterien, Kiwi Design und BOBOVR M3 Batterie-Kopfband (nicht kompatibel mit BOBOVR S3 Pro).<\/p>\n<\/li>\n<li data-start=\"278\" data-end=\"434\">\n<p data-start=\"280\" data-end=\"434\"><strong data-start=\"280\" data-end=\"303\">Gro\u00dfe Kompatibilit\u00e4t<\/strong> - Passt perfekt zum Quest 3 Headset, Elite Strap, Controllern, Ladeger\u00e4t, Kabeln und anderem Zubeh\u00f6r (Zubeh\u00f6r nicht enthalten).<\/p>\n<\/li>\n<li data-start=\"436\" data-end=\"674\">\n<p data-start=\"438\" data-end=\"674\"><strong data-start=\"438\" data-end=\"468\">Stabiler und sicherer Schutz<\/strong> - Hergestellt aus hochwertigen Materialien f\u00fcr lange Haltbarkeit. Verf\u00fcgt \u00fcber einen integrierten Kartenschlitz, ein elastisches Band und ein weiches Futter, um Ihr VR-Headset und Zubeh\u00f6r sicher zu stabilisieren und Kratzer oder Sch\u00e4den zu vermeiden.<\/p>\n<\/li>\n<li data-start=\"676\" data-end=\"892\">\n<p data-start=\"678\" data-end=\"892\"><strong data-start=\"678\" data-end=\"704\">\u00dcberall leicht zu tragen<\/strong> - Mit verstellbarem und abnehmbarem Schultergurt und bequemem Silikongriff. Das abnehmbare Design erm\u00f6glicht die Verwendung als Handtasche und ist somit ideal f\u00fcr Reisen und Aufbewahrung.<\/p>\n<\/li>\n<li data-start=\"894\" data-end=\"1059\">\n<p data-start=\"896\" data-end=\"1059\"><strong data-start=\"896\" data-end=\"925\">Zuverl\u00e4ssige Kundenbetreuung<\/strong> - Genie\u00dfen Sie ein 30-t\u00e4giges, bedingungsloses R\u00fcckgaberecht und einen 24\/7-Online-Kundendienst. Wir sind hier, um Ihnen bei Bedarf erstklassigen Support zu bieten.<\/p>\n<\/li>\n<li data-start=\"1061\" data-end=\"1156\" data-is-last-node=\"\">\n<p data-start=\"1063\" data-end=\"1156\" data-is-last-node=\"\"><strong data-start=\"1063\" data-end=\"1088\">Perfekt f\u00fcr VR-Spieler<\/strong> - Bietet Komfort, Schutz und Stil f\u00fcr Ihre gesamte VR-Ausr\u00fcstung.<\/p>\n<\/li>\n<\/ul>\n<\/div>\n<\/div>\n<\/div>\n<\/div>\n<div class=\"flex max-w-full flex-col flex-grow\">\n<table>\n<thead>\n<tr>\n<th><strong>Attribut<\/strong><\/th>\n<th><strong>Einzelheiten<\/strong><\/th>\n<\/tr>\n<\/thead>\n<tbody>\n<tr>\n<td><strong>Abmessungen der Verpackung<\/strong><\/td>\n<td>12,6 x 10,24 x 6,81 Zoll<\/td>\n<\/tr>\n<tr>\n<td><strong>Artikel Gewicht<\/strong><\/td>\n<td>1,79 Pfund<\/td>\n<\/tr>\n<tr>\n<td><strong>ASIN<\/strong><\/td>\n<td>B0CSS77FF2<\/td>\n<\/tr>\n<tr>\n<td><strong>Meistverkaufter Rang<\/strong><\/td>\n<td>#12,269 in Videospiele<\/td>\n<\/tr>\n<tr>\n<td><\/td>\n<td>#89 in Eigenst\u00e4ndige VR-Headsets<\/td>\n<\/tr>\n<tr>\n<td><strong>Andere Anzeigefunktionen<\/strong><\/td>\n<td>Drahtlos<\/td>\n<\/tr>\n<tr>\n<td><strong>Farbe<\/strong><\/td>\n<td>Grau<\/td>\n<\/tr>\n<tr>\n<td><strong>Was ist in der Box?<\/strong><\/td>\n<td>Controller, Gurt, Kabel, Kopfb\u00fcgel<\/td>\n<\/tr>\n<tr>\n<td><strong>Hersteller<\/strong><\/td>\n<td>STARTRC-SPIELE<\/td>\n<\/tr>\n<tr>\n<td><strong>Datum der Erstverf\u00fcgbarkeit<\/strong><\/td>\n<td>19. Januar 2024<\/td>\n<\/tr>\n<\/tbody>\n<\/table>\n<\/div>","protected":false},"excerpt":{"rendered":"<ul>\n<li data-start=\"0\" data-end=\"248\">\n<p data-start=\"2\" data-end=\"248\"><strong data-start=\"2\" data-end=\"37\">Gro\u00dfe Tragetasche f\u00fcr Quest 3<\/strong> - Speziell f\u00fcr das Meta Quest 3 VR-Headset und Touch-Controller-Zubeh\u00f6r entwickelt. Kompatibel mit dem offiziellen Elite Strap, Kiwi Design und BOBOVR M3 Akku-Kopfband (nicht kompatibel mit BOBOVR S3 Pro).<\/p>\n<\/li>\n<li data-start=\"250\" data-end=\"369\">\n<p data-start=\"252\" data-end=\"369\"><strong data-start=\"252\" data-end=\"271\">Stabil und sicher<\/strong> - Hartschalenetui mit weichem Innenfutter, integriertem Kartenfach und elastischem Band f\u00fcr zus\u00e4tzlichen Halt.<\/p>\n<\/li>\n<li data-start=\"371\" data-end=\"503\">\n<p data-start=\"373\" data-end=\"503\"><strong data-start=\"373\" data-end=\"390\">Leicht zu transportieren<\/strong> - Mit einem verstellbaren und abnehmbaren Schultergurt und einem bequemen Silikongriff f\u00fcr den Transport.<\/p>\n<\/li>\n<li data-start=\"505\" data-end=\"605\" data-is-last-node=\"\">\n<p data-start=\"507\" data-end=\"605\" data-is-last-node=\"\"><strong data-start=\"507\" data-end=\"527\">Zuverl\u00e4ssige Unterst\u00fctzung<\/strong> - 30-Tage-R\u00fcckgaberecht und 24\/7-Kundenservice f\u00fcr jegliche Unterst\u00fctzung.<\/p>\n<\/li>\n<\/ul>","protected":false},"featured_media":2074,"comment_status":"open","ping_status":"closed","template":"","meta":[],"product_brand":[],"product_cat":[55,63],"product_tag":[],"class_list":{"0":"post-2072","1":"product","2":"type-product","3":"status-publish","4":"has-post-thumbnail","6":"product_cat-gaming-cases-protection","7":"product_cat-vr-headset-cases","9":"first","10":"instock","11":"shipping-taxable","12":"purchasable","13":"product-type-simple"},"_links":{"self":[{"href":"https:\/\/vavcase.com\/de\/wp-json\/wp\/v2\/product\/2072","targetHints":{"allow":["GET"]}}],"collection":[{"href":"https:\/\/vavcase.com\/de\/wp-json\/wp\/v2\/product"}],"about":[{"href":"https:\/\/vavcase.com\/de\/wp-json\/wp\/v2\/types\/product"}],"replies":[{"embeddable":true,"href":"https:\/\/vavcase.com\/de\/wp-json\/wp\/v2\/comments?post=2072"}],"wp:featuredmedia":[{"embeddable":true,"href":"https:\/\/vavcase.com\/de\/wp-json\/wp\/v2\/media\/2074"}],"wp:attachment":[{"href":"https:\/\/vavcase.com\/de\/wp-json\/wp\/v2\/media?parent=2072"}],"wp:term":[{"taxonomy":"product_brand","embeddable":true,"href":"https:\/\/vavcase.com\/de\/wp-json\/wp\/v2\/product_brand?post=2072"},{"taxonomy":"product_cat","embeddable":true,"href":"https:\/\/vavcase.com\/de\/wp-json\/wp\/v2\/product_cat?post=2072"},{"taxonomy":"product_tag","embeddable":true,"href":"https:\/\/vavcase.com\/de\/wp-json\/wp\/v2\/product_tag?post=2072"}],"curies":[{"name":"wp","href":"https:\/\/api.w.org\/{rel}","templated":true}]}}