{"id":2245,"date":"2025-02-17T04:33:47","date_gmt":"2025-02-17T04:33:47","guid":{"rendered":"https:\/\/vavcase.com\/?post_type=product&#038;p=2245"},"modified":"2025-02-17T04:33:48","modified_gmt":"2025-02-17T04:33:48","slug":"pgmoon-tactical-game-backpack-compatible-with-ps5-ps5-slim-ps5-pro-ps4-console","status":"publish","type":"product","link":"https:\/\/vavcase.com\/de\/produkt\/pgmoon-taktische-spiel-rucksack-kompatibel-mit-ps5-ps5-slim-ps5-pro-ps4-konsole\/","title":{"rendered":"PGmoon Tactical Game Backpack Kompatibel mit PS5\/PS5 Slim\/PS5 Pro\/PS4 Konsole"},"content":{"rendered":"<h2>Informationen zum Produkt<\/h2>\n<div class=\"a-row a-spacing-top-base\">\n<div class=\"a-column a-span6\">\n<div class=\"a-row a-spacing-base\">\n<div class=\"a-section table-padding\">\n<table id=\"productDetails_detailBullets_sections1\" class=\"a-keyvalue prodDetTable\" role=\"presentation\">\n<tbody>\n<tr>\n<th class=\"a-color-secondary a-size-base prodDetSectionEntry\">Produkt Abmessungen<\/th>\n<td class=\"a-size-base prodDetAttrValue\">12,7\u2033L x 9,45\u2033W x 17,72\u2033H<\/td>\n<\/tr>\n<tr>\n<th class=\"a-color-secondary a-size-base prodDetSectionEntry\">Artikel Gewicht<\/th>\n<td class=\"a-size-base prodDetAttrValue\">1,21 Kilogramm<\/td>\n<\/tr>\n<tr>\n<th class=\"a-color-secondary a-size-base prodDetSectionEntry\">Geh\u00e4use Typ<\/th>\n<td class=\"a-size-base prodDetAttrValue\">Weich<\/td>\n<\/tr>\n<tr>\n<th class=\"a-color-secondary a-size-base prodDetSectionEntry\">Verschlussart<\/th>\n<td class=\"a-size-base prodDetAttrValue\">Rei\u00dfverschluss<\/td>\n<\/tr>\n<tr>\n<th class=\"a-color-secondary a-size-base prodDetSectionEntry\">Handgriff Typ<\/th>\n<td class=\"a-size-base prodDetAttrValue\">Schultergurt<\/td>\n<\/tr>\n<tr>\n<th class=\"a-color-secondary a-size-base prodDetSectionEntry\">Anzahl der F\u00e4cher<\/th>\n<td class=\"a-size-base prodDetAttrValue\">5<\/td>\n<\/tr>\n<tr>\n<th class=\"a-color-secondary a-size-base prodDetSectionEntry\">Beschreibung der Tasche<\/th>\n<td class=\"a-size-base prodDetAttrValue\">Rei\u00dfverschlusstasche<\/td>\n<\/tr>\n<tr>\n<th class=\"a-color-secondary a-size-base prodDetSectionEntry\">Riemen Typ<\/th>\n<td class=\"a-size-base prodDetAttrValue\">gepolsterter Schultergurt<\/td>\n<\/tr>\n<tr>\n<th class=\"a-color-secondary a-size-base prodDetSectionEntry\">Hersteller<\/th>\n<td class=\"a-size-base prodDetAttrValue\">PGmoon<\/td>\n<\/tr>\n<tr>\n<th class=\"a-color-secondary a-size-base prodDetSectionEntry\">ASIN<\/th>\n<td class=\"a-size-base prodDetAttrValue\">B0CFXVGPYB<\/td>\n<\/tr>\n<tr>\n<th class=\"a-color-secondary a-size-base prodDetSectionEntry\">Kundenrezensionen<\/th>\n<td class=\"a-size-base\">\n<div id=\"averageCustomerReviews\" data-asin=\"B0CFXVGPYB\" data-ref=\"dpx_acr_pop_\"><span class=\"a-declarative\" data-action=\"acrStarsLink-click-metrics\" data-acrstarslink-click-metrics=\"{}\"><span id=\"acrPopover\" class=\"reviewCountTextLinkedHistogram noUnderline\" title=\"4,9 von 5 Sternen\"><a class=\"a-popover-trigger a-declarative\" role=\"button\"><span class=\"a-size-base a-color-base\">4.9\u00a0<\/span><i class=\"a-icon a-icon-star a-star-5 cm-cr-review-stars-spacing-big\"><span class=\"a-icon-alt\">4,9 von 5 Sternen<\/span><\/i>\u00a0<i class=\"a-icon a-icon-popover\"><\/i><\/a>\u00a0\u00a0<\/span><\/span>\u00a0<span class=\"a-declarative\" data-action=\"acrLink-click-metrics\" data-acrlink-click-metrics=\"{}\"><a id=\"acrCustomerReviewLink\" class=\"a-link-normal\" href=\"https:\/\/www.amazon.com\/Tactical-Compatible-Controller-Accessories-playstation-5\/dp\/B0CFXVGPYB\/ref=sr_1_5?dib=eyJ2IjoiMSJ9.2cYb2ixP8aVFF7PEyv0VVraiyRt5rc1CKpNDgs7Bb0JNc3Lecvgau92G9oWn7WE_KRZ-iYFGBktIVhJ6EZGV7N_YLAUjcqLIfj9m1S96qFcarOiayc3ILWICmuJWwiATCz9PaIGktIYf4Jq9jv1RPnHSSnsE1lt0zaygH951ueIvO4DFijj9QwCdFyg-vtkICDwa7i-czG32zoqmQH1WqLijyU2U9fusI2lgCGuQYtg.YWvL05sRuHGz2u153ObQyDOY2YG7Kt-A-C4BlnDqwF8&amp;dib_tag=se&amp;keywords=gaming+backpack&amp;qid=1739765805&amp;sr=8-5#customerReviews\"><span id=\"acrCustomerReviewText\" class=\"a-size-base\">104 Bewertungen<\/span><\/a><\/span><\/div>\n<p>4,9 von 5 Sternen<\/td>\n<\/tr>\n<tr>\n<th class=\"a-color-secondary a-size-base prodDetSectionEntry\">Meistverkaufter Rang<\/th>\n<td>#3,605 in Videospielen (<a href=\"https:\/\/www.amazon.com\/gp\/bestsellers\/videogames\/ref=pd_zg_ts_videogames\">Siehe Top 100 in Videospiele<\/a>)<br \/>\n#9 in\u00a0<a href=\"https:\/\/www.amazon.com\/gp\/bestsellers\/videogames\/20972793011\/ref=pd_zg_hrsr_videogames\">PlayStation 5-Geh\u00e4use<\/a><\/td>\n<\/tr>\n<tr>\n<th class=\"a-color-secondary a-size-base prodDetSectionEntry\">Art der Position<\/th>\n<td class=\"a-size-base prodDetAttrValue\">Reisegep\u00e4ck<\/td>\n<\/tr>\n<tr>\n<th class=\"a-color-secondary a-size-base prodDetSectionEntry\">Modellnummer des Artikels<\/th>\n<td class=\"a-size-base prodDetAttrValue\">CAPG00201<\/td>\n<\/tr>\n<tr>\n<th class=\"a-color-secondary a-size-base prodDetSectionEntry\">Artikel Gewicht<\/th>\n<td class=\"a-size-base prodDetAttrValue\">2,66 Pfund<\/td>\n<\/tr>\n<tr>\n<th class=\"a-color-secondary a-size-base prodDetSectionEntry\">Abteilung<\/th>\n<td class=\"a-size-base prodDetAttrValue\">Unisex Erwachsene<\/td>\n<\/tr>\n<tr>\n<th class=\"a-color-secondary a-size-base prodDetSectionEntry\">Datum der Erstverf\u00fcgbarkeit<\/th>\n<td class=\"a-size-base prodDetAttrValue\">17. August 2023<\/td>\n<\/tr>\n<\/tbody>\n<\/table>\n<\/div>\n<\/div>\n<\/div>\n<\/div>","protected":false},"excerpt":{"rendered":"<p><strong>GROSSE KAPAZIT\u00c4T:<\/strong> Das Hauptfach verf\u00fcgt \u00fcber ein gepolstertes Fach, das einen 15,6\"-Monitor auf der gegen\u00fcberliegenden Seite aufnehmen kann, sowie eine ma\u00dfgeschneiderte Inneneinteilung, mit der Sie Ihre Konsole sch\u00fctzen k\u00f6nnen; au\u00dferdem befindet sich in der Mitte ein 15,6\"-Laptopfach.<br \/>\n<strong>PERFEKT GESTALTET:<\/strong> Der dickere PE-Schaum im Inneren dieses Reiserucksacks sch\u00fctzt die Konsole vor Kratzern und St\u00f6\u00dfen. F\u00fcr die Au\u00dfenh\u00fclle wird robustes Nylon verwendet, das w\u00e4hrend des Transports lange Zeit h\u00e4lt.<br \/>\n<strong>INSPIRIERENDES DESIGN F\u00dcR DIE LAGERUNG:<\/strong> Ihre Controller und Kopfh\u00f6rer k\u00f6nnen in der unteren, gepolsterten Vordertasche sicher verstaut werden, w\u00e4hrend Discs, Kabel und Schl\u00fcssel in der oberen Vordertasche Platz finden. Mithilfe des durchgehenden MOLLE-Gewebes k\u00f6nnen Sie Ihre eigenen Zubeh\u00f6rtaschen erstellen.<br \/>\n<strong>EINFACH ZU TRAGEN:<\/strong> Die atmungsaktive H\u00fcftpolsterung und die ergonomischen, verstellbaren Schultergurte k\u00f6nnen die Belastung der Schultern und die Erm\u00fcdung der Taille w\u00e4hrend des Tragens verringern; die seitlichen Schnallen erm\u00f6glichen es, sie zu straffen, wodurch der Rucksack klein und tragbar wird.<br \/>\n<strong>AMAZING BAG:<\/strong> Eine durchdachte Raumaufteilung hilft bei der richtigen Platzierung der Konsole und aller Peripherieger\u00e4te; ein perfekter Begleiter f\u00fcr Gamer, der f\u00fcr eine bequeme Reise sorgt; zus\u00e4tzlich als stilvoller Reiserucksack; die genannte Marke hat nichts mit unserem Produkt zu tun.<\/p>","protected":false},"featured_media":2252,"comment_status":"open","ping_status":"closed","template":"","meta":[],"product_brand":[],"product_cat":[69,57],"product_tag":[],"class_list":{"0":"post-2245","1":"product","2":"type-product","3":"status-publish","4":"has-post-thumbnail","6":"product_cat-gaming-backpacks","7":"product_cat-travel-gears","9":"first","10":"instock","11":"shipping-taxable","12":"purchasable","13":"product-type-simple"},"_links":{"self":[{"href":"https:\/\/vavcase.com\/de\/wp-json\/wp\/v2\/product\/2245","targetHints":{"allow":["GET"]}}],"collection":[{"href":"https:\/\/vavcase.com\/de\/wp-json\/wp\/v2\/product"}],"about":[{"href":"https:\/\/vavcase.com\/de\/wp-json\/wp\/v2\/types\/product"}],"replies":[{"embeddable":true,"href":"https:\/\/vavcase.com\/de\/wp-json\/wp\/v2\/comments?post=2245"}],"wp:featuredmedia":[{"embeddable":true,"href":"https:\/\/vavcase.com\/de\/wp-json\/wp\/v2\/media\/2252"}],"wp:attachment":[{"href":"https:\/\/vavcase.com\/de\/wp-json\/wp\/v2\/media?parent=2245"}],"wp:term":[{"taxonomy":"product_brand","embeddable":true,"href":"https:\/\/vavcase.com\/de\/wp-json\/wp\/v2\/product_brand?post=2245"},{"taxonomy":"product_cat","embeddable":true,"href":"https:\/\/vavcase.com\/de\/wp-json\/wp\/v2\/product_cat?post=2245"},{"taxonomy":"product_tag","embeddable":true,"href":"https:\/\/vavcase.com\/de\/wp-json\/wp\/v2\/product_tag?post=2245"}],"curies":[{"name":"wp","href":"https:\/\/api.w.org\/{rel}","templated":true}]}}