{"id":2254,"date":"2025-02-17T04:39:12","date_gmt":"2025-02-17T04:39:12","guid":{"rendered":"https:\/\/vavcase.com\/?post_type=product&#038;p=2254"},"modified":"2025-02-17T04:39:52","modified_gmt":"2025-02-17T04:39:52","slug":"gaming-console-backpack-compatible-with-ps5-ps5-slim-ps5-pro","status":"publish","type":"product","link":"https:\/\/vavcase.com\/de\/produkt\/spielkonsole-rucksack-kompatibel-mit-ps5-ps5-slim-ps5-pro\/","title":{"rendered":"Spielkonsolen-Rucksack Kompatibel mit PS5\/PS5 Slim\/PS5 Pro"},"content":{"rendered":"<h2>Informationen zum Produkt<\/h2>\n<div class=\"a-row a-spacing-top-base\">\n<div class=\"a-column a-span6\">\n<div class=\"a-row a-spacing-base\">\n<div class=\"a-section table-padding\">\n<table id=\"productDetails_detailBullets_sections1\" class=\"a-keyvalue prodDetTable\" role=\"presentation\">\n<tbody>\n<tr>\n<th class=\"a-color-secondary a-size-base prodDetSectionEntry\">ASIN<\/th>\n<td class=\"a-size-base prodDetAttrValue\">B0CKPJXFG4<\/td>\n<\/tr>\n<tr>\n<th class=\"a-color-secondary a-size-base prodDetSectionEntry\">Kundenrezensionen<\/th>\n<td class=\"a-size-base\">\n<div id=\"averageCustomerReviews\" data-asin=\"B0CKPJXFG4\" data-ref=\"dpx_acr_pop_\"><span class=\"a-declarative\" data-action=\"acrStarsLink-click-metrics\" data-acrstarslink-click-metrics=\"{}\"><span id=\"acrPopover\" class=\"reviewCountTextLinkedHistogram noUnderline\" title=\"4,5 von 5 Sternen\"><a class=\"a-popover-trigger a-declarative\" role=\"button\"><span class=\"a-size-base a-color-base\">4.5\u00a0<\/span><i class=\"a-icon a-icon-star a-star-4-5 cm-cr-review-stars-spacing-big\"><span class=\"a-icon-alt\">4,5 von 5 Sternen<\/span><\/i>\u00a0<i class=\"a-icon a-icon-popover\"><\/i><\/a>\u00a0\u00a0<\/span><\/span>\u00a0<span class=\"a-declarative\" data-action=\"acrLink-click-metrics\" data-acrlink-click-metrics=\"{}\"><a id=\"acrCustomerReviewLink\" class=\"a-link-normal\" href=\"https:\/\/www.amazon.com\/WELIDAY-Backpack-Compatible-PS5-Compartment\/dp\/B0CKPJXFG4\/ref=sr_1_14?dib=eyJ2IjoiMSJ9.2cYb2ixP8aVFF7PEyv0VVraiyRt5rc1CKpNDgs7Bb0JNc3Lecvgau92G9oWn7WE_KRZ-iYFGBktIVhJ6EZGV7N_YLAUjcqLIfj9m1S96qFcarOiayc3ILWICmuJWwiATCz9PaIGktIYf4Jq9jv1RPnHSSnsE1lt0zaygH951ueIvO4DFijj9QwCdFyg-vtkICDwa7i-czG32zoqmQH1WqLijyU2U9fusI2lgCGuQYtg.YWvL05sRuHGz2u153ObQyDOY2YG7Kt-A-C4BlnDqwF8&amp;dib_tag=se&amp;keywords=gaming%2Bbackpack&amp;qid=1739765805&amp;sr=8-14&amp;th=1#customerReviews\"><span id=\"acrCustomerReviewText\" class=\"a-size-base\">22 Bewertungen<\/span><\/a><\/span><\/div>\n<p>4,5 von 5 Sternen<\/td>\n<\/tr>\n<tr>\n<th class=\"a-color-secondary a-size-base prodDetSectionEntry\">Meistverkaufter Rang<\/th>\n<td>#13,884 in Videospiele (<a href=\"https:\/\/www.amazon.com\/gp\/bestsellers\/videogames\/ref=pd_zg_ts_videogames\">Siehe Top 100 in Videospiele<\/a>)<br \/>\n#76 in\u00a0<a href=\"https:\/\/www.amazon.com\/gp\/bestsellers\/videogames\/20972793011\/ref=pd_zg_hrsr_videogames\">PlayStation 5-Geh\u00e4use<\/a><\/td>\n<\/tr>\n<tr>\n<th class=\"a-color-secondary a-size-base prodDetSectionEntry\">Produkt Abmessungen<\/th>\n<td class=\"a-size-base prodDetAttrValue\">13,8 x 7,9 x 17,7 Zoll; 2,18 Pfund<\/td>\n<\/tr>\n<tr>\n<th class=\"a-color-secondary a-size-base prodDetSectionEntry\">Art der Position<\/th>\n<td class=\"a-size-base prodDetAttrValue\">Unbekannte Bindung<\/td>\n<\/tr>\n<tr>\n<th class=\"a-color-secondary a-size-base prodDetSectionEntry\">Modellnummer des Artikels<\/th>\n<td class=\"a-size-base prodDetAttrValue\">PS5-Rucksack<\/td>\n<\/tr>\n<tr>\n<th class=\"a-color-secondary a-size-base prodDetSectionEntry\">Artikel Gewicht<\/th>\n<td class=\"a-size-base prodDetAttrValue\">2,18 Pfund<\/td>\n<\/tr>\n<tr>\n<th class=\"a-color-secondary a-size-base prodDetSectionEntry\">Abteilung<\/th>\n<td class=\"a-size-base prodDetAttrValue\">Unisex-Erwachsene<\/td>\n<\/tr>\n<tr>\n<th class=\"a-color-secondary a-size-base prodDetSectionEntry\">Hersteller<\/th>\n<td class=\"a-size-base prodDetAttrValue\">WELIDAY<\/td>\n<\/tr>\n<tr>\n<th class=\"a-color-secondary a-size-base prodDetSectionEntry\">Datum der Erstverf\u00fcgbarkeit<\/th>\n<td class=\"a-size-base prodDetAttrValue\">8. Oktober 2023<\/td>\n<\/tr>\n<tr>\n<th class=\"a-color-secondary a-size-base prodDetSectionEntry\">Altersgruppe Beschreibung<\/th>\n<td class=\"a-size-base prodDetAttrValue\">Erwachsene<\/td>\n<\/tr>\n<tr>\n<th class=\"a-color-secondary a-size-base prodDetSectionEntry\">Artikel Gewicht<\/th>\n<td class=\"a-size-base prodDetAttrValue\">0,99 Kilogramm<\/td>\n<\/tr>\n<tr>\n<th class=\"a-color-secondary a-size-base prodDetSectionEntry\">Kapazit\u00e4t Gesamt<\/th>\n<td class=\"a-size-base prodDetAttrValue\">35 Liter<\/td>\n<\/tr>\n<\/tbody>\n<\/table>\n<\/div>\n<\/div>\n<\/div>\n<\/div>","protected":false},"excerpt":{"rendered":"<p><strong>Gro\u00dfes Fassungsverm\u00f6gen des Fachs<\/strong>: Der WELIDAY Gaming-Rucksack hat die Ma\u00dfe 14 x 8 x 18 Zoll und verstellbare Inneneinteilungen, mit denen Sie das Organisationsfach f\u00fcr Ihre Konsole individuell gestalten k\u00f6nnen. Zus\u00e4tzlich gibt es eine gepolsterte H\u00fclle f\u00fcr einen 15,6-Zoll-Laptop oder einen tragbaren Monitor.<br \/>\n<strong>Mehrere Taschen:<\/strong> Eine Netztasche und eine Au\u00dfentasche mit Rei\u00dfverschluss sind im Gaming Console Backpack enthalten, der auch eine gro\u00dfe Vordertasche mit zwei Innenf\u00e4chern, einen Wireless Controller, Kopfh\u00f6rer, eine Gaming-Maus, Kabel, Ladeger\u00e4te und mehr enth\u00e4lt. In zwei Seitenf\u00e4chern werden zus\u00e4tzliche Spiele-Discs aufbewahrt.<br \/>\n<strong>Vollst\u00e4ndiger Schutz:<\/strong> Das strapazierf\u00e4hige Nylongewebe ist mit verst\u00e4rktem Schaumstoff gef\u00fcllt, der eine ausreichende Polsterung bietet, um Ihre wertvolle Ausr\u00fcstung zu sch\u00fctzen. Um die Sicherheit Ihrer Konsole und Ihres Zubeh\u00f6rs auf Reisen zu gew\u00e4hrleisten, ist das Material sowohl kratzfest als auch wasserabweisend.<\/p>\n<p><strong>Bequem zu transportieren:<\/strong> Ergonomische, gepolsterte und verstellbare Schultergurte lindern die Erm\u00fcdung beim Transport. Zus\u00e4tzlich tr\u00e4gt die atmungsaktive Polsterung im Mittelteil zu einem ruhigeren Reiseerlebnis bei. PS5 \/ PS5 Slim \/ PS5 Pro \/ PS4 \/ Xbox One, unter anderem, sind kompatibel.<br \/>\n<strong>Ausgezeichnetes Geschenk:<\/strong> Die WELIDAY-Tasche f\u00fcr Spielkonsolen ist die perfekte L\u00f6sung f\u00fcr Ihren n\u00e4chsten Spieleabend, da sie mehrere Stauf\u00e4cher enth\u00e4lt, in denen Sie alle Ihre Spielutensilien unterbringen k\u00f6nnen. Ein au\u00dfergew\u00f6hnliches Geschenk f\u00fcr Spielefans, Kollegen und Familie.<\/p>","protected":false},"featured_media":2261,"comment_status":"open","ping_status":"closed","template":"","meta":[],"product_brand":[],"product_cat":[69,57],"product_tag":[],"class_list":{"0":"post-2254","1":"product","2":"type-product","3":"status-publish","4":"has-post-thumbnail","6":"product_cat-gaming-backpacks","7":"product_cat-travel-gears","9":"first","10":"instock","11":"shipping-taxable","12":"purchasable","13":"product-type-simple"},"_links":{"self":[{"href":"https:\/\/vavcase.com\/de\/wp-json\/wp\/v2\/product\/2254","targetHints":{"allow":["GET"]}}],"collection":[{"href":"https:\/\/vavcase.com\/de\/wp-json\/wp\/v2\/product"}],"about":[{"href":"https:\/\/vavcase.com\/de\/wp-json\/wp\/v2\/types\/product"}],"replies":[{"embeddable":true,"href":"https:\/\/vavcase.com\/de\/wp-json\/wp\/v2\/comments?post=2254"}],"wp:featuredmedia":[{"embeddable":true,"href":"https:\/\/vavcase.com\/de\/wp-json\/wp\/v2\/media\/2261"}],"wp:attachment":[{"href":"https:\/\/vavcase.com\/de\/wp-json\/wp\/v2\/media?parent=2254"}],"wp:term":[{"taxonomy":"product_brand","embeddable":true,"href":"https:\/\/vavcase.com\/de\/wp-json\/wp\/v2\/product_brand?post=2254"},{"taxonomy":"product_cat","embeddable":true,"href":"https:\/\/vavcase.com\/de\/wp-json\/wp\/v2\/product_cat?post=2254"},{"taxonomy":"product_tag","embeddable":true,"href":"https:\/\/vavcase.com\/de\/wp-json\/wp\/v2\/product_tag?post=2254"}],"curies":[{"name":"wp","href":"https:\/\/api.w.org\/{rel}","templated":true}]}}