{"id":2262,"date":"2025-02-17T04:44:03","date_gmt":"2025-02-17T04:44:03","guid":{"rendered":"https:\/\/vavcase.com\/?post_type=product&#038;p=2262"},"modified":"2025-02-17T04:44:03","modified_gmt":"2025-02-17T04:44:03","slug":"travel-backpack-for-ps5-protective-carrying-case-bag-for-17-3-laptop-controllers-game-discs-and-more-gaming-accessories-ps5-carrying-case-with-multiple-pockets","status":"publish","type":"product","link":"https:\/\/vavcase.com\/de\/produkt\/reise-rucksack-fur-ps5-schutzende-tragetasche-tasche-fur-17-3-laptop-controller-spiel-discs-und-mehr-gaming-zubehor-ps5-tragetasche-mit-mehreren-taschen\/","title":{"rendered":"Reise-Rucksack f\u00fcr PS5, sch\u00fctzende Tragetasche f\u00fcr 17.3'' Laptop, Controller, Game Discs und weiteres Gaming-Zubeh\u00f6r, PS5 Tragetasche mit mehreren Taschen"},"content":{"rendered":"<h2>Informationen zum Produkt<\/h2>\n<div class=\"a-row a-spacing-top-base\">\n<div class=\"a-column a-span6\">\n<div class=\"a-row a-spacing-base\">\n<div class=\"a-section table-padding\">\n<table id=\"productDetails_detailBullets_sections1\" class=\"a-keyvalue prodDetTable\" role=\"presentation\">\n<tbody>\n<tr>\n<th class=\"a-color-secondary a-size-base prodDetSectionEntry\">Produkt Abmessungen<\/th>\n<td class=\"a-size-base prodDetAttrValue\">17,3\u2033L x 9\u2033W x 17,3\u2033H<\/td>\n<\/tr>\n<tr>\n<th class=\"a-color-secondary a-size-base prodDetSectionEntry\">Artikel Gewicht<\/th>\n<td class=\"a-size-base prodDetAttrValue\">0,99 Kilogramm<\/td>\n<\/tr>\n<tr>\n<th class=\"a-color-secondary a-size-base prodDetSectionEntry\">Geh\u00e4use Typ<\/th>\n<td class=\"a-size-base prodDetAttrValue\">Weich<\/td>\n<\/tr>\n<tr>\n<th class=\"a-color-secondary a-size-base prodDetSectionEntry\">Verschlussart<\/th>\n<td class=\"a-size-base prodDetAttrValue\">Rei\u00dfverschluss<\/td>\n<\/tr>\n<tr>\n<th class=\"a-color-secondary a-size-base prodDetSectionEntry\">Anzahl der F\u00e4cher<\/th>\n<td class=\"a-size-base prodDetAttrValue\">4<\/td>\n<\/tr>\n<tr>\n<th class=\"a-color-secondary a-size-base prodDetSectionEntry\">Beschreibung der Tasche<\/th>\n<td class=\"a-size-base prodDetAttrValue\">Rei\u00dfverschlusstasche<\/td>\n<\/tr>\n<tr>\n<th class=\"a-color-secondary a-size-base prodDetSectionEntry\">Riemen Typ<\/th>\n<td class=\"a-size-base prodDetAttrValue\">Riemen f\u00fcr den Rucksack<\/td>\n<\/tr>\n<tr>\n<th class=\"a-color-secondary a-size-base prodDetSectionEntry\">Hersteller<\/th>\n<td class=\"a-size-base prodDetAttrValue\">GOTECH<\/td>\n<\/tr>\n<tr>\n<th class=\"a-color-secondary a-size-base prodDetSectionEntry\">ASIN<\/th>\n<td class=\"a-size-base prodDetAttrValue\">B0CJQX1LWD<\/td>\n<\/tr>\n<tr>\n<th class=\"a-color-secondary a-size-base prodDetSectionEntry\">Kundenrezensionen<\/th>\n<td class=\"a-size-base\">\n<div id=\"averageCustomerReviews\" data-asin=\"B0CJQX1LWD\" data-ref=\"dpx_acr_pop_\"><span class=\"a-declarative\" data-action=\"acrStarsLink-click-metrics\" data-acrstarslink-click-metrics=\"{}\"><span id=\"acrPopover\" class=\"reviewCountTextLinkedHistogram noUnderline\" title=\"4,5 von 5 Sternen\"><a class=\"a-popover-trigger a-declarative\" role=\"button\"><span class=\"a-size-base a-color-base\">4.5\u00a0<\/span><i class=\"a-icon a-icon-star a-star-4-5 cm-cr-review-stars-spacing-big\"><span class=\"a-icon-alt\">4,5 von 5 Sternen<\/span><\/i>\u00a0<i class=\"a-icon a-icon-popover\"><\/i><\/a>\u00a0\u00a0<\/span><\/span>\u00a0<span class=\"a-declarative\" data-action=\"acrLink-click-metrics\" data-acrlink-click-metrics=\"{}\"><a id=\"acrCustomerReviewLink\" class=\"a-link-normal\" href=\"https:\/\/www.amazon.com\/Backpack-Protective-Controllers-Accessories-playstation-5\/dp\/B0CJQX1LWD\/ref=sr_1_19?dib=eyJ2IjoiMSJ9.2cYb2ixP8aVFF7PEyv0VVraiyRt5rc1CKpNDgs7Bb0JNc3Lecvgau92G9oWn7WE_KRZ-iYFGBktIVhJ6EZGV7N_YLAUjcqLIfj9m1S96qFcarOiayc3ILWICmuJWwiATCz9PaIGktIYf4Jq9jv1RPnHSSnsE1lt0zaygH951ueIvO4DFijj9QwCdFyg-vtkICDwa7i-czG32zoqmQH1WqLijyU2U9fusI2lgCGuQYtg.YWvL05sRuHGz2u153ObQyDOY2YG7Kt-A-C4BlnDqwF8&amp;dib_tag=se&amp;keywords=gaming+backpack&amp;qid=1739765805&amp;sr=8-19#customerReviews\"><span id=\"acrCustomerReviewText\" class=\"a-size-base\">89 Bewertungen<\/span><\/a><\/span><\/div>\n<p>4,5 von 5 Sternen<\/td>\n<\/tr>\n<tr>\n<th class=\"a-color-secondary a-size-base prodDetSectionEntry\">Meistverkaufter Rang<\/th>\n<td>#1,386 in Videospiele (<a href=\"https:\/\/www.amazon.com\/gp\/bestsellers\/videogames\/ref=pd_zg_ts_videogames\">Siehe Top 100 in Videospiele<\/a>)<br \/>\n#2 in\u00a0<a href=\"https:\/\/www.amazon.com\/gp\/bestsellers\/videogames\/20972793011\/ref=pd_zg_hrsr_videogames\">PlayStation 5-Geh\u00e4use<\/a><\/td>\n<\/tr>\n<tr>\n<th class=\"a-color-secondary a-size-base prodDetSectionEntry\">Art der Position<\/th>\n<td class=\"a-size-base prodDetAttrValue\">Reisegep\u00e4ck<\/td>\n<\/tr>\n<tr>\n<th class=\"a-color-secondary a-size-base prodDetSectionEntry\">Modellnummer des Artikels<\/th>\n<td class=\"a-size-base prodDetAttrValue\">011<\/td>\n<\/tr>\n<tr>\n<th class=\"a-color-secondary a-size-base prodDetSectionEntry\">Artikel Gewicht<\/th>\n<td class=\"a-size-base prodDetAttrValue\">2,18 Pfund<\/td>\n<\/tr>\n<tr>\n<th class=\"a-color-secondary a-size-base prodDetSectionEntry\">Abteilung<\/th>\n<td class=\"a-size-base prodDetAttrValue\">Unisex Erwachsene<\/td>\n<\/tr>\n<tr>\n<th class=\"a-color-secondary a-size-base prodDetSectionEntry\">Datum der Erstverf\u00fcgbarkeit<\/th>\n<td class=\"a-size-base prodDetAttrValue\">15. Dezember 2023<\/td>\n<\/tr>\n<\/tbody>\n<\/table>\n<\/div>\n<\/div>\n<\/div>\n<\/div>","protected":false},"excerpt":{"rendered":"<p><strong>Multifunktionales Aufbewahrungsdesign:<\/strong> Der PlayStation 5-Rucksack verf\u00fcgt \u00fcber vier Hauptf\u00e4cher. In den beiden separaten F\u00e4chern im Inneren k\u00f6nnen eine PlayStation 5-Konsole und ein 17,3-Zoll-Laptop untergebracht werden. Die obere Fronttasche ist f\u00fcr PS5-Discs vorgesehen, w\u00e4hrend die gro\u00dfe untere Fronttasche Platz f\u00fcr zwei PS5-Controller, Daten- und Ladekabel bietet. Au\u00dferdem verf\u00fcgt die PS5-Reisetasche \u00fcber zwei Seitentaschen, in denen kleine Gegenst\u00e4nde wie Schl\u00fcssel und Telefone untergebracht werden k\u00f6nnen.Abmessungen: 13 Zoll x 9 Zoll x 17,3 Zoll.<br \/>\n<strong>\u00dcberlegener Schutz:<\/strong> Die PS5-Transporttasche ist mit einer dichten Polsterung ausgestattet, die Kratzer verhindert und St\u00f6\u00dfe abf\u00e4ngt. Die Konsole wird durch eine solide, verstellbare Trennwand im Hauptfach gesichert und vor St\u00f6\u00dfen und Schl\u00e4gen gesch\u00fctzt. Zus\u00e4tzlich sind die F\u00e4cher f\u00fcr Laptop und Controller mit einer gepolsterten Einlage ausgestattet, um Ihr Spielzubeh\u00f6r zu sch\u00fctzen.<br \/>\n<strong>Wasserfest und m\u00fchelos zu reinigen<\/strong>: Die Oberfl\u00e4che dieser PS5-Tragetasche ist dank des hochdichten Rei\u00dfverschlusses und des strapazierf\u00e4higen, rei\u00dffesten Nylonmaterials kratzfest, wasserfest und verschlei\u00dffest. Folglich ist dieses Spiel Lagerung Rucksack sowohl f\u00fcr den t\u00e4glichen und Reisegebrauch geeignet.<\/p>\n<p><strong>Praktischer Reiserucksack:<\/strong> Dieser Rucksack eignet sich auch f\u00fcr den Transport von Reiseutensilien wie Kleidung, Laptops, Kameras, Powerbanks, Kabeln und Reisep\u00e4ssen, da er \u00fcber bequeme Gurte und viel Stauraum verf\u00fcgt.<br \/>\nVerbraucherservice: Wenn Sie Fragen haben, z\u00f6gern Sie bitte nicht, uns zu kontaktieren. GOTECH ist bestrebt, Ihnen die h\u00f6chste Servicequalit\u00e4t zu bieten. 24 Stunden am Tag!<\/p>\n<p>DIESER ARTIKEL IST NICHT F\u00dcR KINDER UNTER 12 JAHREN GEEIGNET.<\/p>","protected":false},"featured_media":2269,"comment_status":"open","ping_status":"closed","template":"","meta":[],"product_brand":[],"product_cat":[69,57],"product_tag":[],"class_list":{"0":"post-2262","1":"product","2":"type-product","3":"status-publish","4":"has-post-thumbnail","6":"product_cat-gaming-backpacks","7":"product_cat-travel-gears","9":"first","10":"instock","11":"shipping-taxable","12":"purchasable","13":"product-type-simple"},"_links":{"self":[{"href":"https:\/\/vavcase.com\/de\/wp-json\/wp\/v2\/product\/2262","targetHints":{"allow":["GET"]}}],"collection":[{"href":"https:\/\/vavcase.com\/de\/wp-json\/wp\/v2\/product"}],"about":[{"href":"https:\/\/vavcase.com\/de\/wp-json\/wp\/v2\/types\/product"}],"replies":[{"embeddable":true,"href":"https:\/\/vavcase.com\/de\/wp-json\/wp\/v2\/comments?post=2262"}],"wp:featuredmedia":[{"embeddable":true,"href":"https:\/\/vavcase.com\/de\/wp-json\/wp\/v2\/media\/2269"}],"wp:attachment":[{"href":"https:\/\/vavcase.com\/de\/wp-json\/wp\/v2\/media?parent=2262"}],"wp:term":[{"taxonomy":"product_brand","embeddable":true,"href":"https:\/\/vavcase.com\/de\/wp-json\/wp\/v2\/product_brand?post=2262"},{"taxonomy":"product_cat","embeddable":true,"href":"https:\/\/vavcase.com\/de\/wp-json\/wp\/v2\/product_cat?post=2262"},{"taxonomy":"product_tag","embeddable":true,"href":"https:\/\/vavcase.com\/de\/wp-json\/wp\/v2\/product_tag?post=2262"}],"curies":[{"name":"wp","href":"https:\/\/api.w.org\/{rel}","templated":true}]}}