{"id":2270,"date":"2025-02-17T04:48:47","date_gmt":"2025-02-17T04:48:47","guid":{"rendered":"https:\/\/vavcase.com\/?post_type=product&#038;p=2270"},"modified":"2025-02-17T04:48:47","modified_gmt":"2025-02-17T04:48:47","slug":"gaming-backpack-for-ps5-protective-travel-carrying-case-compatible-with-playstation-5-console","status":"publish","type":"product","link":"https:\/\/vavcase.com\/de\/produkt\/gaming-rucksack-fur-ps5-schutzende-reise-tragetasche-kompatibel-mit-playstation-5-konsole\/","title":{"rendered":"Gaming-Rucksack f\u00fcr PS5, sch\u00fctzende Reisetasche kompatibel mit Playstation 5 Konsole"},"content":{"rendered":"<h2>Informationen zum Produkt<\/h2>\n<div class=\"a-row a-spacing-top-base\">\n<div class=\"a-column a-span6\">\n<div class=\"a-row a-spacing-base\">\n<div class=\"a-section table-padding\">\n<table id=\"productDetails_detailBullets_sections1\" class=\"a-keyvalue prodDetTable\" role=\"presentation\">\n<tbody>\n<tr>\n<th class=\"a-color-secondary a-size-base prodDetSectionEntry\">Abmessungen der Verpackung<\/th>\n<td class=\"a-size-base prodDetAttrValue\">16,75 x 12,12 x 3 Zoll<\/td>\n<\/tr>\n<tr>\n<th class=\"a-color-secondary a-size-base prodDetSectionEntry\">Artikel Gewicht<\/th>\n<td class=\"a-size-base prodDetAttrValue\">2,49 Pfund<\/td>\n<\/tr>\n<tr>\n<th class=\"a-color-secondary a-size-base prodDetSectionEntry\">Abteilung<\/th>\n<td class=\"a-size-base prodDetAttrValue\">Unisex-Erwachsene<\/td>\n<\/tr>\n<tr>\n<th class=\"a-color-secondary a-size-base prodDetSectionEntry\">ASIN<\/th>\n<td class=\"a-size-base prodDetAttrValue\">B0D7PXT65S<\/td>\n<\/tr>\n<tr>\n<th class=\"a-color-secondary a-size-base prodDetSectionEntry\">Modellnummer des Artikels<\/th>\n<td class=\"a-size-base prodDetAttrValue\">GP001<\/td>\n<\/tr>\n<tr>\n<th class=\"a-color-secondary a-size-base prodDetSectionEntry\">Kundenrezensionen<\/th>\n<td class=\"a-size-base\">\n<div id=\"averageCustomerReviews\" data-asin=\"B0D7PXT65S\" data-ref=\"dpx_acr_pop_\"><span class=\"a-declarative\" data-action=\"acrStarsLink-click-metrics\" data-acrstarslink-click-metrics=\"{}\"><span id=\"acrPopover\" class=\"reviewCountTextLinkedHistogram noUnderline\" title=\"4,5 von 5 Sternen\"><a class=\"a-popover-trigger a-declarative\" role=\"button\"><span class=\"a-size-base a-color-base\">4.5\u00a0<\/span><i class=\"a-icon a-icon-star a-star-4-5 cm-cr-review-stars-spacing-big\"><span class=\"a-icon-alt\">4,5 von 5 Sternen<\/span><\/i>\u00a0<i class=\"a-icon a-icon-popover\"><\/i><\/a>\u00a0\u00a0<\/span><\/span>\u00a0<span class=\"a-declarative\" data-action=\"acrLink-click-metrics\" data-acrlink-click-metrics=\"{}\"><a id=\"acrCustomerReviewLink\" class=\"a-link-normal\" href=\"https:\/\/www.amazon.com\/GDNasist-Protective-Compatible-Playstation-Accessories\/dp\/B0D7PXT65S\/ref=sr_1_25?dib=eyJ2IjoiMSJ9.U0_eyfkd-nHjDPSuopxFo6MtYovHhLJjN-kLCnl9XfFJfzm3f_PHsrS8CX9vASBTr5b8jhKXrj50ghwQtmoAq77jKph_qKjiXrOvllmreHJGe9Ah8vm4g8rTdmZB5WdGb3hKnUoGZEndkP4c9yePpRurWOnsHDXx4L_B-rXVdwK3EIA2V9JziZtLlizP3HXI_nlklrg0ftkhqU3NtBXQh9mL9lzEMTvVxMvD6nm4Ou4.LIwGl8G3jIYIP6myfvzo2ESpieJCyh0yc6PMbya6i1A&amp;dib_tag=se&amp;keywords=gaming+backpack&amp;qid=1739765928&amp;sr=8-25&amp;xpid=3OdwwBbnjcIfI#customerReviews\"><span id=\"acrCustomerReviewText\" class=\"a-size-base\">30 Bewertungen<\/span><\/a><\/span><\/div>\n<p>4,5 von 5 Sternen<\/td>\n<\/tr>\n<tr>\n<th class=\"a-color-secondary a-size-base prodDetSectionEntry\">Meistverkaufter Rang<\/th>\n<td>#17,861 in Videospiele (<a href=\"https:\/\/www.amazon.com\/gp\/bestsellers\/videogames\/ref=pd_zg_ts_videogames\">Siehe Top 100 in Videospiele<\/a>)<br \/>\n#111 in\u00a0<a href=\"https:\/\/www.amazon.com\/gp\/bestsellers\/videogames\/20972793011\/ref=pd_zg_hrsr_videogames\">PlayStation 5-Geh\u00e4use<\/a><\/td>\n<\/tr>\n<tr>\n<th class=\"a-color-secondary a-size-base prodDetSectionEntry\">Altersgruppe Beschreibung<\/th>\n<td class=\"a-size-base prodDetAttrValue\">Teenager, Erwachsene<\/td>\n<\/tr>\n<\/tbody>\n<\/table>\n<\/div>\n<\/div>\n<\/div>\n<\/div>","protected":false},"excerpt":{"rendered":"<p><strong>Entwickelt f\u00fcr Spiele:<\/strong> Unser PS5-Rucksack verf\u00fcgt \u00fcber f\u00fcnf F\u00e4cher und ein extra gro\u00dfes Fassungsverm\u00f6gen. Die PS5-Konsole, der 15,6-Zoll-Laptop und der tragbare Monitor k\u00f6nnen im ersten Fach verstaut werden, w\u00e4hrend Kopfh\u00f6rer und zwei Controller in das zweite Fach passen. Nintendo und Spiele-Discs k\u00f6nnen im vorderen Fach untergebracht werden. Eine klare Arbeitsteilung zeigt sich in den beiden Seitenf\u00e4chern, von denen eines f\u00fcr die Aufbewahrung von Datenkabeln und anderen Gegenst\u00e4nden vorgesehen ist. Das andere ist f\u00fcr Kleinteile wie Powerbanks und Handyladeger\u00e4te vorgesehen.<br \/>\n<strong>Umfassender Schutz:<\/strong> Das Hauptfach ist mit einem allumfassenden Schutz ausgestattet. Die PS5-Konsole wird im Hauptfach durch zwei Schw\u00e4mme, die mit weichem Material umh\u00fcllt sind, sicher fixiert. An der Unterseite der PS5-Konsole befindet sich ein herausnehmbares, extradickes Schutzpolster, das die Konsole vor Kratzern und St\u00f6\u00dfen sch\u00fctzt. Der umliegende Bereich ist mit einer extradicken Schaumstoffpolsterung ausgef\u00fcllt.<br \/>\n<strong>Sinnvolle Organisation:<\/strong> Jedes Fach dient einem bestimmten Zweck. Die PS5-Konsole, die Kopfh\u00f6rer, der PS5-Controller und anderes Zubeh\u00f6r sollten separat aufbewahrt werden, um sie vor Kratzern und St\u00f6\u00dfen zu sch\u00fctzen.<\/p>\n<p><strong>Mehr als nur ein PS5-Rucksack:<\/strong> Unsere PS5-Tasche ist mit extra viel Platz und bequemen Schultergurten ausgestattet, so dass sie sich auch als Reiserucksack f\u00fcr Kleidung, Laptops, Kameras, Ladeger\u00e4te und andere Reiseutensilien eignet.<br \/>\n<strong>Bequem und komfortabel zu tragen:<\/strong> Unsere PS5-Reisetasche ist mit einem oberen Tragegurt, einem Gep\u00e4ckgurt und dicken, atmungsaktiven, gepolsterten Schultergurten ausgestattet, so dass Sie sie problemlos transportieren k\u00f6nnen.<\/p>","protected":false},"featured_media":2277,"comment_status":"open","ping_status":"closed","template":"","meta":[],"product_brand":[],"product_cat":[69,57],"product_tag":[],"class_list":{"0":"post-2270","1":"product","2":"type-product","3":"status-publish","4":"has-post-thumbnail","6":"product_cat-gaming-backpacks","7":"product_cat-travel-gears","9":"first","10":"instock","11":"shipping-taxable","12":"purchasable","13":"product-type-simple"},"_links":{"self":[{"href":"https:\/\/vavcase.com\/de\/wp-json\/wp\/v2\/product\/2270","targetHints":{"allow":["GET"]}}],"collection":[{"href":"https:\/\/vavcase.com\/de\/wp-json\/wp\/v2\/product"}],"about":[{"href":"https:\/\/vavcase.com\/de\/wp-json\/wp\/v2\/types\/product"}],"replies":[{"embeddable":true,"href":"https:\/\/vavcase.com\/de\/wp-json\/wp\/v2\/comments?post=2270"}],"wp:featuredmedia":[{"embeddable":true,"href":"https:\/\/vavcase.com\/de\/wp-json\/wp\/v2\/media\/2277"}],"wp:attachment":[{"href":"https:\/\/vavcase.com\/de\/wp-json\/wp\/v2\/media?parent=2270"}],"wp:term":[{"taxonomy":"product_brand","embeddable":true,"href":"https:\/\/vavcase.com\/de\/wp-json\/wp\/v2\/product_brand?post=2270"},{"taxonomy":"product_cat","embeddable":true,"href":"https:\/\/vavcase.com\/de\/wp-json\/wp\/v2\/product_cat?post=2270"},{"taxonomy":"product_tag","embeddable":true,"href":"https:\/\/vavcase.com\/de\/wp-json\/wp\/v2\/product_tag?post=2270"}],"curies":[{"name":"wp","href":"https:\/\/api.w.org\/{rel}","templated":true}]}}