{"id":2278,"date":"2025-02-17T04:53:55","date_gmt":"2025-02-17T04:53:55","guid":{"rendered":"https:\/\/vavcase.com\/?post_type=product&#038;p=2278"},"modified":"2026-02-21T02:23:19","modified_gmt":"2026-02-21T02:23:19","slug":"trunab-gaming-console-backpack-compatible-with-playstation-5-ps5-slim-ps4-xbox-one-travel-carrying-bag","status":"publish","type":"product","link":"https:\/\/vavcase.com\/de\/produkt\/trunab-spielkonsole-rucksack-kompatibel-mit-playstation-5-ps5-slim-ps4-xbox-one-reise-tragetasche\/","title":{"rendered":"Trunab Gaming-Konsole Rucksack kompatibel mit Playstation 5 \/ PS5 Slim \/ PS4 \/ Xbox One, Reise-Tragetasche"},"content":{"rendered":"<h2>Informationen zum Produkt<\/h2>\n<div class=\"a-row a-spacing-top-base\">\n<div class=\"a-column a-span6\">\n<div class=\"a-row a-spacing-base\">\n<div class=\"a-section table-padding\">\n<table id=\"productDetails_detailBullets_sections1\" class=\"a-keyvalue prodDetTable\" role=\"presentation\">\n<tbody>\n<tr>\n<th class=\"a-color-secondary a-size-base prodDetSectionEntry\">Muster<\/th>\n<td class=\"a-size-base prodDetAttrValue\">Solide<\/td>\n<\/tr>\n<tr>\n<th class=\"a-color-secondary a-size-base prodDetSectionEntry\">Artikel Gewicht<\/th>\n<td class=\"a-size-base prodDetAttrValue\">0,83 Kilogramm<\/td>\n<\/tr>\n<tr>\n<th class=\"a-color-secondary a-size-base prodDetSectionEntry\">Geh\u00e4use Typ<\/th>\n<td class=\"a-size-base prodDetAttrValue\">Weich<\/td>\n<\/tr>\n<tr>\n<th class=\"a-color-secondary a-size-base prodDetSectionEntry\">Verschlussart<\/th>\n<td class=\"a-size-base prodDetAttrValue\">Rei\u00dfverschluss<\/td>\n<\/tr>\n<tr>\n<th class=\"a-color-secondary a-size-base prodDetSectionEntry\">Anzahl der F\u00e4cher<\/th>\n<td class=\"a-size-base prodDetAttrValue\">6<\/td>\n<\/tr>\n<tr>\n<th class=\"a-color-secondary a-size-base prodDetSectionEntry\">Beschreibung der Tasche<\/th>\n<td class=\"a-size-base prodDetAttrValue\">Rei\u00dfverschlusstasche<\/td>\n<\/tr>\n<tr>\n<th class=\"a-color-secondary a-size-base prodDetSectionEntry\">Riemen Typ<\/th>\n<td class=\"a-size-base prodDetAttrValue\">Verstellbare und gepolsterte Schultergurte<\/td>\n<\/tr>\n<tr>\n<th class=\"a-color-secondary a-size-base prodDetSectionEntry\">Produkt Abmessungen<\/th>\n<td class=\"a-size-base prodDetAttrValue\">12,6 x 7,9 x 17,7 Zoll<\/td>\n<\/tr>\n<tr>\n<th class=\"a-color-secondary a-size-base prodDetSectionEntry\">Artikel Gewicht<\/th>\n<td class=\"a-size-base prodDetAttrValue\">1,83 Pfund<\/td>\n<\/tr>\n<tr>\n<th class=\"a-color-secondary a-size-base prodDetSectionEntry\">ASIN<\/th>\n<td class=\"a-size-base prodDetAttrValue\">B0957962QX<\/td>\n<\/tr>\n<tr>\n<th class=\"a-color-secondary a-size-base prodDetSectionEntry\">Modellnummer des Artikels<\/th>\n<td class=\"a-size-base prodDetAttrValue\">TN04401<\/td>\n<\/tr>\n<tr>\n<th class=\"a-color-secondary a-size-base prodDetSectionEntry\">Kundenrezensionen<\/th>\n<td class=\"a-size-base\">\n<div id=\"averageCustomerReviews\" data-asin=\"B0957962QX\" data-ref=\"dpx_acr_pop_\"><span class=\"a-declarative\" data-action=\"acrStarsLink-click-metrics\" data-acrstarslink-click-metrics=\"{}\"><span id=\"acrPopover\" class=\"reviewCountTextLinkedHistogram noUnderline\" title=\"4,8 von 5 Sternen\"><a class=\"a-popover-trigger a-declarative\" role=\"button\"><span class=\"a-size-base a-color-base\">4.8\u00a0<\/span><i class=\"a-icon a-icon-star a-star-5 cm-cr-review-stars-spacing-big\"><span class=\"a-icon-alt\">4,8 von 5 Sternen<\/span><\/i>\u00a0<i class=\"a-icon a-icon-popover\"><\/i><\/a>\u00a0\u00a0<\/span><\/span>\u00a0<span class=\"a-declarative\" data-action=\"acrLink-click-metrics\" data-acrlink-click-metrics=\"{}\"><a id=\"acrCustomerReviewLink\" class=\"a-link-normal\" href=\"https:\/\/www.amazon.com\/Backpack-Compatible-Carrying-Accessories-playstation-5\/dp\/B0957962QX\/ref=sr_1_46?dib=eyJ2IjoiMSJ9.F_YP9AUcVNhAGzceV___KfdT22j2Tz3JviE5MUusF0AooNQYOGbh7pVsca8qs9vA2LzI2OqaYIMt7VhmwI0fzsYGopsvPrJX96UI62L2ab5hfcJwWTseOtVTUJ0B6HQfafx_IIPnUZnkQZNcx6SaJitpau0nbtQ2pm1hSjLGlZ6eZuZOwgg6jUa-Il253rCdWVVkCYJgTDfd5f9Jp1welbB67f6uaZ4PozR1Y42phxA.QG-Wno98l_4ot7mjLy7_B4mMo1oELJ4047Gql4vtKVA&amp;dib_tag=se&amp;keywords=gaming%2Bbackpack&amp;qid=1739767756&amp;sr=8-46&amp;xpid=3OdwwBbnjcIfI&amp;th=1#customerReviews\"><span id=\"acrCustomerReviewText\" class=\"a-size-base\">1.066 Bewertungen<\/span><\/a><\/span><\/div>\n<p>4,8 von 5 Sternen<\/td>\n<\/tr>\n<tr>\n<th class=\"a-color-secondary a-size-base prodDetSectionEntry\">Meistverkaufter Rang<\/th>\n<td>#21,544 in Videospiele (<a href=\"https:\/\/www.amazon.com\/gp\/bestsellers\/videogames\/ref=pd_zg_ts_videogames\">Siehe Top 100 in Videospiele<\/a>)<br \/>\n#130 in\u00a0<a href=\"https:\/\/www.amazon.com\/gp\/bestsellers\/videogames\/20972793011\/ref=pd_zg_hrsr_videogames\">PlayStation 5-Geh\u00e4use<\/a><br \/>\n#2,600 in\u00a0<a href=\"https:\/\/www.amazon.com\/gp\/bestsellers\/videogames\/6427814011\/ref=pd_zg_hrsr_videogames\">PlayStation 4 Spiele, Konsolen und Zubeh\u00f6r<\/a><\/td>\n<\/tr>\n<\/tbody>\n<\/table>\n<\/div>\n<\/div>\n<\/div>\n<\/div>","protected":false},"excerpt":{"rendered":"<p><strong>GROSSES FACH:<\/strong> Das Organisationsfach f\u00fcr Ihre Konsole kann mit verstellbaren Inneneinteilungen individuell gestaltet werden. Zus\u00e4tzlich ist eine gepolsterte H\u00fclle f\u00fcr einen tragbaren Monitor oder einen 15,6-Zoll-Laptop erh\u00e4ltlich.<br \/>\n<strong>MEHRERE TASCHEN:<\/strong> Eine gro\u00dfe Vordertasche mit zwei kleinen Innentaschen und einer Netztasche f\u00fcr Headsets, Gaming-M\u00e4use, Spielediscs, Kabel, Ladeger\u00e4te und andere Gegenst\u00e4nde. Zwei Seitentaschen bieten zus\u00e4tzlichen Stauraum.<br \/>\n<strong>GUTES PRODUKT:<\/strong> Unser Rucksack ist aus strapazierf\u00e4higem, rei\u00dffestem Nylon gefertigt und verf\u00fcgt \u00fcber einen gepolsterten PE-Schaumstoff-Innenraum, der Ihre Konsole und Ihr Zubeh\u00f6r wirksam sch\u00fctzt.<\/p>\n<p><strong>BEQUEM ZU TRANSPORTIEREN:<\/strong> Die ergonomischen, gepolsterten Schultergurte sind verstellbar, um Erm\u00fcdungserscheinungen beim Transport zu verringern. Au\u00dferdem tr\u00e4gt die atmungsaktive Polsterung im Mittelteil zu einem ruhigeren Reiseerlebnis bei.<br \/>\nAbmessungen: 12,6 Zoll mal 7,9 Zoll mal 17,7 Zoll. Ideal f\u00fcr die Unterbringung und Aufbewahrung Ihres Spielger\u00e4ts. Transportiere dein Lieblingsspiel einfach mit unserem Rucksack und spiele mit deinen Kumpels im Multiplayer-Modus.<\/p>\n<p>&nbsp;<\/p>","protected":false},"featured_media":2285,"comment_status":"open","ping_status":"closed","template":"","meta":[],"product_brand":[],"product_cat":[69,57],"product_tag":[],"class_list":{"0":"post-2278","1":"product","2":"type-product","3":"status-publish","4":"has-post-thumbnail","6":"product_cat-gaming-backpacks","7":"product_cat-travel-gears","9":"first","10":"instock","11":"shipping-taxable","12":"purchasable","13":"product-type-simple"},"_links":{"self":[{"href":"https:\/\/vavcase.com\/de\/wp-json\/wp\/v2\/product\/2278","targetHints":{"allow":["GET"]}}],"collection":[{"href":"https:\/\/vavcase.com\/de\/wp-json\/wp\/v2\/product"}],"about":[{"href":"https:\/\/vavcase.com\/de\/wp-json\/wp\/v2\/types\/product"}],"replies":[{"embeddable":true,"href":"https:\/\/vavcase.com\/de\/wp-json\/wp\/v2\/comments?post=2278"}],"wp:featuredmedia":[{"embeddable":true,"href":"https:\/\/vavcase.com\/de\/wp-json\/wp\/v2\/media\/2285"}],"wp:attachment":[{"href":"https:\/\/vavcase.com\/de\/wp-json\/wp\/v2\/media?parent=2278"}],"wp:term":[{"taxonomy":"product_brand","embeddable":true,"href":"https:\/\/vavcase.com\/de\/wp-json\/wp\/v2\/product_brand?post=2278"},{"taxonomy":"product_cat","embeddable":true,"href":"https:\/\/vavcase.com\/de\/wp-json\/wp\/v2\/product_cat?post=2278"},{"taxonomy":"product_tag","embeddable":true,"href":"https:\/\/vavcase.com\/de\/wp-json\/wp\/v2\/product_tag?post=2278"}],"curies":[{"name":"wp","href":"https:\/\/api.w.org\/{rel}","templated":true}]}}