{"id":2286,"date":"2025-02-17T05:22:37","date_gmt":"2025-02-17T05:22:37","guid":{"rendered":"https:\/\/vavcase.com\/?post_type=product&#038;p=2286"},"modified":"2025-02-17T05:22:37","modified_gmt":"2025-02-17T05:22:37","slug":"portable-monitor-case-15-6-inch-protective-carrying-sleeve","status":"publish","type":"product","link":"https:\/\/vavcase.com\/de\/produkt\/tragbare-monitor-tasche-15-6-zoll-schutzhulle\/","title":{"rendered":"Tragbare Monitortasche 15,6 Zoll, sch\u00fctzende Tragetasche"},"content":{"rendered":"<h2>Informationen zum Produkt<\/h2>\n<div class=\"a-row a-spacing-top-base\">\n<div class=\"a-column a-span6\">\n<div class=\"a-row a-spacing-base\">\n<div class=\"a-section table-padding\">\n<table id=\"productDetails_detailBullets_sections1\" class=\"a-keyvalue prodDetTable\" role=\"presentation\">\n<tbody>\n<tr>\n<th class=\"a-color-secondary a-size-base prodDetSectionEntry\">Riemen Typ<\/th>\n<td class=\"a-size-base prodDetAttrValue\">Abnehmbar<\/td>\n<\/tr>\n<tr>\n<th class=\"a-color-secondary a-size-base prodDetSectionEntry\">Produkt Abmessungen<\/th>\n<td class=\"a-size-base prodDetAttrValue\">14,56 x 14,56 x 0,78 Zoll<\/td>\n<\/tr>\n<tr>\n<th class=\"a-color-secondary a-size-base prodDetSectionEntry\">Artikel Gewicht<\/th>\n<td class=\"a-size-base prodDetAttrValue\">7,4 Unzen<\/td>\n<\/tr>\n<tr>\n<th class=\"a-color-secondary a-size-base prodDetSectionEntry\">ASIN<\/th>\n<td class=\"a-size-base prodDetAttrValue\">B0D2RJM4MX<\/td>\n<\/tr>\n<tr>\n<th class=\"a-color-secondary a-size-base prodDetSectionEntry\">Kundenrezensionen<\/th>\n<td class=\"a-size-base\">\n<div id=\"averageCustomerReviews\" data-asin=\"B0D2RJM4MX\" data-ref=\"dpx_acr_pop_\"><span class=\"a-declarative\" data-action=\"acrStarsLink-click-metrics\" data-acrstarslink-click-metrics=\"{}\"><span id=\"acrPopover\" class=\"reviewCountTextLinkedHistogram noUnderline\" title=\"5,0 von 5 Sternen\"><a class=\"a-popover-trigger a-declarative\" role=\"button\"><span class=\"a-size-base a-color-base\">5.0\u00a0<\/span><i class=\"a-icon a-icon-star a-star-5 cm-cr-review-stars-spacing-big\"><span class=\"a-icon-alt\">5,0 von 5 Sternen<\/span><\/i>\u00a0<i class=\"a-icon a-icon-popover\"><\/i><\/a>\u00a0\u00a0<\/span><\/span>\u00a0<span class=\"a-declarative\" data-action=\"acrLink-click-metrics\" data-acrlink-click-metrics=\"{}\"><a id=\"acrCustomerReviewLink\" class=\"a-link-normal\" href=\"https:\/\/www.amazon.com\/Portable-Protective-Carrying-ViewSonic-Zenscreen\/dp\/B0D2RJM4MX\/ref=sr_1_8?crid=3KMYEBCYJYUP4&amp;dib=eyJ2IjoiMSJ9.IAwYEw1Asn9foZq95cSg95Fywhy9aUSmFtcnh1V8LJH1HdVPxxmAG6-acTtGwwnzdsFUq6MTenw60UZ4EjLTbTxVJZUgOnRgCVUJcqIVxfd0D8qwrCZ48tLAvclD9sb57JAi2Kt4sFdIamm7rAYFae3W9ovBLW0eFBn5ITqeUkY9Ew9fFHXG36HV9LdAAeigpV5XgILGAoixe2ecbxV01Gndc-IHJNVh1lAg7g2NMj0.5KFx8jc-pIKTGHQQDTDOK3EFGoOqE3_W-e1H2Z_EkdQ&amp;dib_tag=se&amp;keywords=%E2%80%A2%2BPortable%2BMonitor%2BCases&amp;qid=1739769273&amp;sprefix=portable%2Bmonitor%2Bcases%2B%2Caps%2C767&amp;sr=8-8&amp;th=1#customerReviews\"><span id=\"acrCustomerReviewText\" class=\"a-size-base\">9 Bewertungen<\/span><\/a><\/span><\/div>\n<p>5,0 von 5 Sternen<\/td>\n<\/tr>\n<tr>\n<th class=\"a-color-secondary a-size-base prodDetSectionEntry\">Meistverkaufter Rang<\/th>\n<td>#60 in\u00a0<a href=\"https:\/\/www.amazon.com\/gp\/bestsellers\/pc\/3012930011\/ref=pd_zg_hrsr_pc\">Tablet-H\u00fcllen<\/a><\/td>\n<\/tr>\n<tr>\n<th class=\"a-color-secondary a-size-base prodDetSectionEntry\">Besondere Merkmale<\/th>\n<td class=\"a-size-base prodDetAttrValue\">Wasserdicht, sto\u00dffest, ergonomischer Handgriff, mehrere Taschen<\/td>\n<\/tr>\n<tr>\n<th class=\"a-color-secondary a-size-base prodDetSectionEntry\">Andere Anzeigefunktionen<\/th>\n<td class=\"a-size-base prodDetAttrValue\">Heimwerken<\/td>\n<\/tr>\n<tr>\n<th class=\"a-color-secondary a-size-base prodDetSectionEntry\">Hersteller<\/th>\n<td class=\"a-size-base prodDetAttrValue\">imComor<\/td>\n<\/tr>\n<tr>\n<th class=\"a-color-secondary a-size-base prodDetSectionEntry\">Datum der Erstverf\u00fcgbarkeit<\/th>\n<td class=\"a-size-base prodDetAttrValue\">27. April 2024<\/td>\n<\/tr>\n<\/tbody>\n<\/table>\n<\/div>\n<\/div>\n<\/div>\n<\/div>","protected":false},"excerpt":{"rendered":"<p><strong>BREITE KOMPATIBILIT\u00c4T: <\/strong>Die wasserdichte 15,6-Zoll-Tasche f\u00fcr tragbare Monitore ist kompatibel mit einer breiten Palette von 15.6 Zoll tragbare Monitore, einschlie\u00dflich der von MNN, ForHelp, KYY, InnoView, VILVA, COOLHOOD, ViewSonic, ReHisk, HotYeah, UPERFECT, KOORUI, ASUS ZenScreen, Acer, QQH, Newsoul, ZSCMALLS, Cocopar, Lepow, Hongo, Fangor, AOC, VisionOwl, WUAWE, EleDuino, GeoYEAO, Feiasia, Newsoul, und GKDY hergestellt. 15.6\u2033-16.1\u2033 Portable Monitore Computer Tasche Fall.<br \/>\n<strong>SCHLANK UND LEICHT:<\/strong> Die Innenma\u00dfe betragen 14.56*10.23*0.78in, w\u00e4hrend die Au\u00dfenma\u00dfe 15*10.6*0.78in betragen. Die tragbare 15,6-Zoll-Monitor-Tasche ist eine ideale Wahl f\u00fcr den t\u00e4glichen Gebrauch von M\u00e4nnern und Frauen auf Gesch\u00e4ftsreisen, im B\u00fcro, in der Schule oder zur Unterhaltung. Sie ist sowohl schlank als auch leicht. Ein ideales Geschenk f\u00fcr Ihre Liebsten.<br \/>\n<strong>PRAKTISCHE MEHRFACHTASCHEN:<\/strong> Diese 15,6-Zoll-H\u00fclle f\u00fcr tragbare Monitore ist mit einem Hauptfach ausgestattet, das speziell f\u00fcr die Unterbringung Ihres tragbaren Monitors konzipiert ist. Dar\u00fcber hinaus verf\u00fcgt sie \u00fcber Au\u00dfentaschen, die sich perfekt f\u00fcr die Aufbewahrung von Alltagsgegenst\u00e4nden wie Ladeger\u00e4ten, Mobiltelefonen, Kabeln, M\u00e4usen, Stiften, Netzadaptern, Karten und Powerbanks eignen.<\/p>\n<p><strong>ERGONOMISCHES GRIFFDESIGN:<\/strong> Die tragbare 15,6-Zoll-Monitorh\u00fclle ist mit einem seitlichen Griff ausgestattet, der bequem zu tragen, schlank und leicht ist. Sie ist ideal f\u00fcr Langzeitreisen, Gesch\u00e4fts- oder Bildungsreisen, da sie Ihr Ger\u00e4t nicht \u00fcberm\u00e4\u00dfig vergr\u00f6\u00dfert. Das Zubeh\u00f6r f\u00fcr die tragbare Monitortasche ist ein ideales Geschenk f\u00fcr M\u00e4nner, Frauen und Kinder zum Geburtstag, Valentinstag, Muttertag, Vatertag, Weihnachten und Neujahr.<br \/>\n<strong>STOSSFESTES UND WASSERDICHTES MATERIAL:<\/strong> Das Zubeh\u00f6r f\u00fcr die 15.6 Portable Monitor Tasche besteht aus hochwertigem, wasserdichtem Segeltuch au\u00dfen und Pl\u00fcschfutter innen und bietet Ihrem Laptop umfassenden Schutz vor Staub, St\u00f6\u00dfen, St\u00f6\u00dfen, Kratzern und Versch\u00fcttungen.<\/p>","protected":false},"featured_media":2293,"comment_status":"open","ping_status":"closed","template":"","meta":[],"product_brand":[],"product_cat":[70,57],"product_tag":[],"class_list":{"0":"post-2286","1":"product","2":"type-product","3":"status-publish","4":"has-post-thumbnail","6":"product_cat-portable-monitor-cases","7":"product_cat-travel-gears","9":"first","10":"instock","11":"shipping-taxable","12":"purchasable","13":"product-type-simple"},"_links":{"self":[{"href":"https:\/\/vavcase.com\/de\/wp-json\/wp\/v2\/product\/2286","targetHints":{"allow":["GET"]}}],"collection":[{"href":"https:\/\/vavcase.com\/de\/wp-json\/wp\/v2\/product"}],"about":[{"href":"https:\/\/vavcase.com\/de\/wp-json\/wp\/v2\/types\/product"}],"replies":[{"embeddable":true,"href":"https:\/\/vavcase.com\/de\/wp-json\/wp\/v2\/comments?post=2286"}],"wp:featuredmedia":[{"embeddable":true,"href":"https:\/\/vavcase.com\/de\/wp-json\/wp\/v2\/media\/2293"}],"wp:attachment":[{"href":"https:\/\/vavcase.com\/de\/wp-json\/wp\/v2\/media?parent=2286"}],"wp:term":[{"taxonomy":"product_brand","embeddable":true,"href":"https:\/\/vavcase.com\/de\/wp-json\/wp\/v2\/product_brand?post=2286"},{"taxonomy":"product_cat","embeddable":true,"href":"https:\/\/vavcase.com\/de\/wp-json\/wp\/v2\/product_cat?post=2286"},{"taxonomy":"product_tag","embeddable":true,"href":"https:\/\/vavcase.com\/de\/wp-json\/wp\/v2\/product_tag?post=2286"}],"curies":[{"name":"wp","href":"https:\/\/api.w.org\/{rel}","templated":true}]}}