{"id":2294,"date":"2025-02-17T05:28:18","date_gmt":"2025-02-17T05:28:18","guid":{"rendered":"https:\/\/vavcase.com\/?post_type=product&#038;p=2294"},"modified":"2025-02-17T05:28:19","modified_gmt":"2025-02-17T05:28:19","slug":"lacdo-15-6-inch-portable-monitor-case-for-most-15-6-inch-portable-monitor","status":"publish","type":"product","link":"https:\/\/vavcase.com\/de\/produkt\/lacdo-15-6-zoll-tragbare-monitortasche-fur-die-meisten-15-6-zoll-tragbaren-monitore\/","title":{"rendered":"Lacdo 15,6 Zoll Portable Monitor Case f\u00fcr die meisten 15,6 Zoll Portable Monitore"},"content":{"rendered":"<h3 class=\"a-size-extra-large a-spacing-base a-text-center\">\u00dcBER DIE GR\u00d6SSE UND KOMPATIBILIT\u00c4T<\/h3>\n<div class=\"a-row\">\n<div class=\"a-column a-span12 aplus-tech-spec-hide-loading\">\n<table class=\"a-bordered a-horizontal-stripes aplus-tech-spec-table\">\n<tbody>\n<tr>\n<td class=\"a-text-bold\">Innere Gr\u00f6\u00dfe:<\/td>\n<td>15,94\u2033 x 1,18\u2033 x 11,02\u2033 | 40,5cm x 3cm x 28cm (L x B x H)<\/td>\n<\/tr>\n<tr>\n<td class=\"a-text-bold\"><\/td>\n<td>Dieses tragbare Monitorgeh\u00e4use ist mit verschiedenen tragbaren 15,6-Zoll-Monitoren kompatibel:<\/td>\n<\/tr>\n<tr>\n<td class=\"a-text-bold\"><\/td>\n<td>ARZOPA \/ KYY \/ ForHelp \/ MNN \/ InnoView \/ VILVA \/ ASUS ZenScreen \/ QQH \/ KOGODA \/ ViewSonic<\/td>\n<\/tr>\n<tr>\n<td class=\"a-text-bold\"><\/td>\n<td>und andere tragbare 15,6-Zoll-Monitore<\/td>\n<\/tr>\n<\/tbody>\n<\/table>\n<\/div>\n<\/div>","protected":false},"excerpt":{"rendered":"<p><strong>Umfassende Kompatibilit\u00e4t:<\/strong> Diese tragbare Monitortasche ist mit einer Vielzahl von tragbaren 15,6-Zoll-Monitoren kompatibel, darunter ARZOPA, KYY, ForHelp, MNN, InnoView, VILVA, ASUS ZenScreen, QQH, KOGODA und ViewSonic. Eine qualitativ hochwertige Monitortasche garantiert, dass Ihre tragbaren Laptop-Monitore sicher aufbewahrt und gesch\u00fctzt sind.<br \/>\nDiese 15,6-Zoll-Monitortransporttasche ist mit einem verdickten Rand und einer sto\u00dffesten, weichen Auskleidung ausgestattet, die Ihren Monitor rundum 360\u00b0 sch\u00fctzen und die St\u00f6\u00dfe durch t\u00e4gliche St\u00f6\u00dfe oder versehentliche St\u00fcrze abfedern. Diese sch\u00fctzende, tragbare Monitortasche besteht aus kratzfestem Canvas-Gewebe und verf\u00fcgt \u00fcber eine WATERPROOF-BESCHICHTUNG, die Spritzwasser oder Regen effektiv abh\u00e4lt. Sie k\u00f6nnen sich darauf verlassen, dass Ihr externer Monitor nicht feucht wird.<br \/>\n<strong>Speicherkapazit\u00e4t:<\/strong> Neben dem Hauptfach f\u00fcr Ihren Laptop-Monitor verf\u00fcgt diese tragbare Monitortasche \u00fcber ZWEI zus\u00e4tzliche Rei\u00dfverschlusstaschen an der Vorderseite und ein gro\u00dfes Fach an der R\u00fcckseite, in denen eine Vielzahl von Gegenst\u00e4nden untergebracht werden kann, z. B. ein kleines iPad, eine Maus, wiederaufladbare Ger\u00e4te, Stromkabel, Kabel, Festplatten und eine Powerbank. STRONG METAL-ZIPPERS k\u00f6nnen verwendet werden, um gleichm\u00e4\u00dfig in beide Richtungen zu gleiten: Um die Zug\u00e4nglichkeit Ihres 15,6-Zoll-Monitors und elektronischen Zubeh\u00f6rs zu erleichtern und zu beschleunigen. Die professionelle Monitortasche von Lacdo sorgt daf\u00fcr, dass Ihre Gegenst\u00e4nde sowohl sicher als auch gut organisiert sind.<\/p>\n<p><strong>Bequem zu transportieren:<\/strong> Die 15,6-Zoll-Monitortasche ist dank des dehnbaren Griffs an der Oberseite, der den Wechsel zwischen einer Monitortasche und einer Monitortasche erm\u00f6glicht, \u00e4u\u00dferst tragbar f\u00fcr die t\u00e4gliche Verwendung und den Transport eines externen Monitors. Diese 15,6-Zoll-Monitortasche mit Griff ist SCHLANK und LEICHT, so dass sie einfach in eine Aktentasche oder einen Rucksack geschoben werden kann. Dies erm\u00f6glicht eine bequeme Nutzung und leichte Tragbarkeit. Ideal f\u00fcr Ihre Anforderungen auf Gesch\u00e4ftsreisen oder bei Meetings. Erm\u00f6glichen Sie eine angenehme und unkomplizierte Reise.<br \/>\n<strong>Ein ausgezeichneter Monitor-Begleiter:<\/strong> Unsere tragbare Monitorh\u00fclle 15,6 Zoll ist ein zuverl\u00e4ssiges und langlebiges Produkt, das au\u00dfergew\u00f6hnlichen Schutz und dauerhafte Qualit\u00e4t bietet. Es ist schlank, modisch und gut konstruiert. Eine stilvolle tragbare Monitortasche ist ein durchdachtes Geschenk f\u00fcr Ihre Lieben; es ist eine komfortable und tragbare Monitortransporttasche, die ideal f\u00fcr die Arbeit, den Alltag, Gesch\u00e4ftsreisen, Reisen oder die Aufbewahrung zu Hause ist. Sie werden stets von einem vertrauensw\u00fcrdigen Begleiter begleitet.<\/p>","protected":false},"featured_media":2301,"comment_status":"open","ping_status":"closed","template":"","meta":[],"product_brand":[],"product_cat":[70,57],"product_tag":[],"class_list":{"0":"post-2294","1":"product","2":"type-product","3":"status-publish","4":"has-post-thumbnail","6":"product_cat-portable-monitor-cases","7":"product_cat-travel-gears","9":"first","10":"instock","11":"shipping-taxable","12":"purchasable","13":"product-type-simple"},"_links":{"self":[{"href":"https:\/\/vavcase.com\/de\/wp-json\/wp\/v2\/product\/2294","targetHints":{"allow":["GET"]}}],"collection":[{"href":"https:\/\/vavcase.com\/de\/wp-json\/wp\/v2\/product"}],"about":[{"href":"https:\/\/vavcase.com\/de\/wp-json\/wp\/v2\/types\/product"}],"replies":[{"embeddable":true,"href":"https:\/\/vavcase.com\/de\/wp-json\/wp\/v2\/comments?post=2294"}],"wp:featuredmedia":[{"embeddable":true,"href":"https:\/\/vavcase.com\/de\/wp-json\/wp\/v2\/media\/2301"}],"wp:attachment":[{"href":"https:\/\/vavcase.com\/de\/wp-json\/wp\/v2\/media?parent=2294"}],"wp:term":[{"taxonomy":"product_brand","embeddable":true,"href":"https:\/\/vavcase.com\/de\/wp-json\/wp\/v2\/product_brand?post=2294"},{"taxonomy":"product_cat","embeddable":true,"href":"https:\/\/vavcase.com\/de\/wp-json\/wp\/v2\/product_cat?post=2294"},{"taxonomy":"product_tag","embeddable":true,"href":"https:\/\/vavcase.com\/de\/wp-json\/wp\/v2\/product_tag?post=2294"}],"curies":[{"name":"wp","href":"https:\/\/api.w.org\/{rel}","templated":true}]}}