{"id":2302,"date":"2025-02-17T05:33:02","date_gmt":"2025-02-17T05:33:02","guid":{"rendered":"https:\/\/vavcase.com\/?post_type=product&#038;p=2302"},"modified":"2025-02-17T05:36:40","modified_gmt":"2025-02-17T05:36:40","slug":"tomtoc-light-a18-slim-15-6-inch-portable-monitor-sleeve-case-with-acessories-storage-light-protective-carrying-sleeve-for-most-15-6-in-portable-monitors-with-eco-friendly-fabric","status":"publish","type":"product","link":"https:\/\/vavcase.com\/de\/produkt\/tomtoc-light-a18-slim-15-6-inch-portable-monitor-sleeve-case-mit-zubehor-aufbewahrung-light-schutzhulle-fur-die-meisten-15-6-in-portable-monitors-mit-umweltfreundlichem-stoff\/","title":{"rendered":"Tomtoc Light-A18 Slim 15,6 Zoll Portable Monitor Sleeve Case mit Zubeh\u00f6r Lagerung, leichte Schutzh\u00fclle f\u00fcr die meisten 15,6 in tragbaren Monitoren mit Eco-Friendly Fabric"},"content":{"rendered":"<h2>Informationen zum Produkt<\/h2>\n<div class=\"a-row a-spacing-top-base\">\n<div class=\"a-column a-span6\">\n<div class=\"a-row a-spacing-base\">\n<div class=\"a-section table-padding\">\n<table id=\"productDetails_detailBullets_sections1\" class=\"a-keyvalue prodDetTable\" role=\"presentation\">\n<tbody>\n<tr>\n<th class=\"a-color-secondary a-size-base prodDetSectionEntry\">Produkt Abmessungen<\/th>\n<td class=\"a-size-base prodDetAttrValue\">0,79 x 15,75 x 10,04 Zoll<\/td>\n<\/tr>\n<tr>\n<th class=\"a-color-secondary a-size-base prodDetSectionEntry\">Artikel Gewicht<\/th>\n<td class=\"a-size-base prodDetAttrValue\">7,4 Unzen<\/td>\n<\/tr>\n<tr>\n<th class=\"a-color-secondary a-size-base prodDetSectionEntry\">ASIN<\/th>\n<td class=\"a-size-base prodDetAttrValue\">B0CY4RYV13<\/td>\n<\/tr>\n<tr>\n<th class=\"a-color-secondary a-size-base prodDetSectionEntry\">Modellnummer des Artikels<\/th>\n<td class=\"a-size-base prodDetAttrValue\">A18E4D1<\/td>\n<\/tr>\n<tr>\n<th class=\"a-color-secondary a-size-base prodDetSectionEntry\">Kundenrezensionen<\/th>\n<td class=\"a-size-base\">\n<div id=\"averageCustomerReviews\" data-asin=\"B0CY4RYV13\" data-ref=\"dpx_acr_pop_\"><span class=\"a-declarative\" data-action=\"acrStarsLink-click-metrics\" data-acrstarslink-click-metrics=\"{}\"><span id=\"acrPopover\" class=\"reviewCountTextLinkedHistogram noUnderline\" title=\"4,7 von 5 Sternen\"><a class=\"a-popover-trigger a-declarative\" role=\"button\"><span class=\"a-size-base a-color-base\">4.7\u00a0<\/span><i class=\"a-icon a-icon-star a-star-4-5 cm-cr-review-stars-spacing-big\"><span class=\"a-icon-alt\">4,7 von 5 Sternen<\/span><\/i>\u00a0<i class=\"a-icon a-icon-popover\"><\/i><\/a>\u00a0\u00a0<\/span><\/span>\u00a0<span class=\"a-declarative\" data-action=\"acrLink-click-metrics\" data-acrlink-click-metrics=\"{}\"><a id=\"acrCustomerReviewLink\" class=\"a-link-normal\" href=\"https:\/\/www.amazon.com\/tomtoc-Light-A18-Acessories-Protective-Eco-Friendly\/dp\/B0CY4RYV13\/ref=sr_1_15?crid=3KMYEBCYJYUP4&amp;dib=eyJ2IjoiMSJ9.IAwYEw1Asn9foZq95cSg95Fywhy9aUSmFtcnh1V8LJH1HdVPxxmAG6-acTtGwwnzdsFUq6MTenw60UZ4EjLTbTxVJZUgOnRgCVUJcqIVxfd0D8qwrCZ48tLAvclD9sb57JAi2Kt4sFdIamm7rAYFae3W9ovBLW0eFBn5ITqeUkY9Ew9fFHXG36HV9LdAAeigpV5XgILGAoixe2ecbxV01Gndc-IHJNVh1lAg7g2NMj0.5KFx8jc-pIKTGHQQDTDOK3EFGoOqE3_W-e1H2Z_EkdQ&amp;dib_tag=se&amp;keywords=%E2%80%A2+Portable+Monitor+Cases&amp;qid=1739769273&amp;sprefix=portable+monitor+cases+%2Caps%2C767&amp;sr=8-15#customerReviews\"><span id=\"acrCustomerReviewText\" class=\"a-size-base\">61 Bewertungen<\/span><\/a><\/span><\/div>\n<p>4,7 von 5 Sternen<\/td>\n<\/tr>\n<tr>\n<th class=\"a-color-secondary a-size-base prodDetSectionEntry\">Meistverkaufter Rang<\/th>\n<td>#387 in\u00a0<a href=\"https:\/\/www.amazon.com\/gp\/bestsellers\/pc\/335609011\/ref=pd_zg_hrsr_pc\">Laptop-H\u00fcllen<\/a><\/td>\n<\/tr>\n<tr>\n<th class=\"a-color-secondary a-size-base prodDetSectionEntry\">Besondere Merkmale<\/th>\n<td class=\"a-size-base prodDetAttrValue\">Schlanke Passform, innovative recycelte Stoffe, geringes Gewicht, Bildschirmschutz<\/td>\n<\/tr>\n<tr>\n<th class=\"a-color-secondary a-size-base prodDetSectionEntry\">Andere Anzeigefunktionen<\/th>\n<td class=\"a-size-base prodDetAttrValue\">Personal Computer<\/td>\n<\/tr>\n<tr>\n<th class=\"a-color-secondary a-size-base prodDetSectionEntry\">Formfaktor<\/th>\n<td class=\"a-size-base prodDetAttrValue\">Etui, H\u00fclle, Beutel, Tasche<\/td>\n<\/tr>\n<tr>\n<th class=\"a-color-secondary a-size-base prodDetSectionEntry\">Farbe<\/th>\n<td class=\"a-size-base prodDetAttrValue\">Schwarz<\/td>\n<\/tr>\n<tr>\n<th class=\"a-color-secondary a-size-base prodDetSectionEntry\">Inhalt der Box<\/th>\n<td class=\"a-size-base prodDetAttrValue\">Laptop-Bildschirmtasche<\/td>\n<\/tr>\n<tr>\n<th class=\"a-color-secondary a-size-base prodDetSectionEntry\">Abteilung<\/th>\n<td class=\"a-size-base prodDetAttrValue\">Unisex Erwachsene<\/td>\n<\/tr>\n<tr>\n<th class=\"a-color-secondary a-size-base prodDetSectionEntry\">Hersteller<\/th>\n<td class=\"a-size-base prodDetAttrValue\">tomtoc<\/td>\n<\/tr>\n<tr>\n<th class=\"a-color-secondary a-size-base prodDetSectionEntry\">Datum der Erstverf\u00fcgbarkeit<\/th>\n<td class=\"a-size-base prodDetAttrValue\">M\u00e4rz 15, 2024<\/td>\n<\/tr>\n<\/tbody>\n<\/table>\n<\/div>\n<\/div>\n<\/div>\n<\/div>","protected":false},"excerpt":{"rendered":"<p><strong>Kompatibilit\u00e4t:<\/strong> Innenma\u00dfe von 14,57\u2033 x 9,06\u2033 x 0,47\u2033 (NICHT geeignet f\u00fcr die meisten 15,6-Zoll-Laptops; speziell f\u00fcr tragbare Monitore entwickelt). Kompatibel mit den meisten tragbaren 15,6-Zoll-Monitoren, einschlie\u00dflich Lenovo, AOC, ASUS, ARZOPA, MNN, KYY, ForHelp, VILVA, InnoView, FANGOR, KOORUI und ViewSonic Lepow.<br \/>\n<strong>Hochwertiger Schutz und effektive Organisation:<\/strong> Bietet den effektivsten Schutz vor Kratzern, Schmutz und Regen durch sto\u00dfd\u00e4mpfende Polsterung und eine wasserabweisende Au\u00dfenseite. Ausgestattet mit einem zus\u00e4tzlichen Fach f\u00fcr pers\u00f6nliche Gegenst\u00e4nde, Ladeger\u00e4te, Kabel, Stifte und Kopfh\u00f6rer<br \/>\n<strong>Schlank und kompakt:<\/strong> Die tomtoc Light-A18 Slim Portable Monitor Sleeve Case zeichnet sich durch ein minimalistisches und pr\u00e4gnantes Design aus, das sowohl leicht als auch schlank ist. Sie ist in der Lage, Ihr Ger\u00e4t ohne \u00fcberfl\u00fcssigen Ballast zu transportieren und l\u00e4sst sich leicht in einer anderen Tasche, einem Rucksack oder einem Koffer verstauen.<\/p>\n<p><strong>Umweltbewusst:<\/strong> Diese strapazierf\u00e4hige Tasche ist ein Beweis f\u00fcr unser Engagement f\u00fcr den Planeten, da sie aus nachhaltigen, erneuerbaren Stoffen hergestellt ist. Sie vereint nahtlos umweltbewusste Materialien mit langlebiger Qualit\u00e4t.<br \/>\nWas Sie erhalten: Eine 15,6-Zoll-Schlankheitstasche f\u00fcr tragbare Monitore, unsere 12-monatige Garantie und ein zuvorkommender Kundendienst sind im Lieferumfang enthalten (Karten, Adapter, Kabel, Stifte und der tragbare Monitor sind nicht enthalten).<\/p>","protected":false},"featured_media":2310,"comment_status":"open","ping_status":"closed","template":"","meta":[],"product_brand":[],"product_cat":[70,57],"product_tag":[],"class_list":{"0":"post-2302","1":"product","2":"type-product","3":"status-publish","4":"has-post-thumbnail","6":"product_cat-portable-monitor-cases","7":"product_cat-travel-gears","9":"first","10":"instock","11":"shipping-taxable","12":"purchasable","13":"product-type-simple"},"_links":{"self":[{"href":"https:\/\/vavcase.com\/de\/wp-json\/wp\/v2\/product\/2302","targetHints":{"allow":["GET"]}}],"collection":[{"href":"https:\/\/vavcase.com\/de\/wp-json\/wp\/v2\/product"}],"about":[{"href":"https:\/\/vavcase.com\/de\/wp-json\/wp\/v2\/types\/product"}],"replies":[{"embeddable":true,"href":"https:\/\/vavcase.com\/de\/wp-json\/wp\/v2\/comments?post=2302"}],"wp:featuredmedia":[{"embeddable":true,"href":"https:\/\/vavcase.com\/de\/wp-json\/wp\/v2\/media\/2310"}],"wp:attachment":[{"href":"https:\/\/vavcase.com\/de\/wp-json\/wp\/v2\/media?parent=2302"}],"wp:term":[{"taxonomy":"product_brand","embeddable":true,"href":"https:\/\/vavcase.com\/de\/wp-json\/wp\/v2\/product_brand?post=2302"},{"taxonomy":"product_cat","embeddable":true,"href":"https:\/\/vavcase.com\/de\/wp-json\/wp\/v2\/product_cat?post=2302"},{"taxonomy":"product_tag","embeddable":true,"href":"https:\/\/vavcase.com\/de\/wp-json\/wp\/v2\/product_tag?post=2302"}],"curies":[{"name":"wp","href":"https:\/\/api.w.org\/{rel}","templated":true}]}}