{"id":2312,"date":"2025-02-17T05:41:22","date_gmt":"2025-02-17T05:41:22","guid":{"rendered":"https:\/\/vavcase.com\/?post_type=product&#038;p=2312"},"modified":"2025-02-17T05:41:23","modified_gmt":"2025-02-17T05:41:23","slug":"asus-zenscreen-acer-laptop-external-display-travel-carrying-bag","status":"publish","type":"product","link":"https:\/\/vavcase.com\/de\/produkt\/asus-zenscreen-acer-laptop-externes-display-reisetasche\/","title":{"rendered":"ASUS ZenScreen ACER Laptop Externes Display Reise Tragetasche"},"content":{"rendered":"<h2>Informationen zum Produkt<\/h2>\n<div class=\"a-row a-spacing-top-base\">\n<div class=\"a-column a-span6\">\n<div class=\"a-row a-spacing-base\">\n<div class=\"a-section table-padding\">\n<table id=\"productDetails_detailBullets_sections1\" class=\"a-keyvalue prodDetTable\" role=\"presentation\">\n<tbody>\n<tr>\n<th class=\"a-color-secondary a-size-base prodDetSectionEntry\">Abmessungen der Verpackung<\/th>\n<td class=\"a-size-base prodDetAttrValue\">15,51 x 10,91 x 1,34 Zoll<\/td>\n<\/tr>\n<tr>\n<th class=\"a-color-secondary a-size-base prodDetSectionEntry\">Artikel Gewicht<\/th>\n<td class=\"a-size-base prodDetAttrValue\">8,4 Unzen<\/td>\n<\/tr>\n<tr>\n<th class=\"a-color-secondary a-size-base prodDetSectionEntry\">ASIN<\/th>\n<td class=\"a-size-base prodDetAttrValue\">B0CQR6YZLG<\/td>\n<\/tr>\n<tr>\n<th class=\"a-color-secondary a-size-base prodDetSectionEntry\">Kundenrezensionen<\/th>\n<td class=\"a-size-base\">\n<div id=\"averageCustomerReviews\" data-asin=\"B0CQR6YZLG\" data-ref=\"dpx_acr_pop_\"><span class=\"a-declarative\" data-action=\"acrStarsLink-click-metrics\" data-acrstarslink-click-metrics=\"{}\"><span id=\"acrPopover\" class=\"reviewCountTextLinkedHistogram noUnderline\" title=\"4,5 von 5 Sternen\"><a class=\"a-popover-trigger a-declarative\" role=\"button\"><span class=\"a-size-base a-color-base\">4.5\u00a0<\/span><i class=\"a-icon a-icon-star a-star-4-5 cm-cr-review-stars-spacing-big\"><span class=\"a-icon-alt\">4,5 von 5 Sternen<\/span><\/i>\u00a0<i class=\"a-icon a-icon-popover\"><\/i><\/a>\u00a0\u00a0<\/span><\/span>\u00a0<span class=\"a-declarative\" data-action=\"acrLink-click-metrics\" data-acrlink-click-metrics=\"{}\"><a id=\"acrCustomerReviewLink\" class=\"a-link-normal\" href=\"https:\/\/www.amazon.com\/15-6-16-1-Portable-CAPERAVE-ViewSonic-ZenScreen\/dp\/B0CQR6YZLG\/ref=sr_1_31?crid=3KMYEBCYJYUP4&amp;dib=eyJ2IjoiMSJ9.o2YPdwddOu6g1n1SnJ-U7c8goFwE6VYFSH_uS3jlrS6de8NtNBmDeWcbKlJeIhvP4Cu5uzO3_Y44oNk2WEBRFKf2zeYF90EtNaJhCzSuWG1DFHhdpLFJbDt4XGg3wKJqLo__djQxC9uGi3TE9EEqdn98hy0ZwJvmzJOnYlJqMlDUWd5ZhVxqfidoojrsvF8ANMJVAJW1_h0t2d3ZaCAz2dRwrfgeXwOHwdNkiiXKCIE.FpqWyfQS4ZBSqRvlgDpDkcSnGQsLLyKOXi8y016YwR0&amp;dib_tag=se&amp;keywords=%E2%80%A2%2BPortable%2BMonitor%2BCases&amp;qid=1739770626&amp;sprefix=portable%2Bmonitor%2Bcases%2B%2Caps%2C767&amp;sr=8-31&amp;xpid=fkTEufsvs_5Np&amp;th=1#customerReviews\"><span id=\"acrCustomerReviewText\" class=\"a-size-base\">43 Bewertungen<\/span><\/a><\/span><\/div>\n<p>4,5 von 5 Sternen<\/td>\n<\/tr>\n<tr>\n<th class=\"a-color-secondary a-size-base prodDetSectionEntry\">Meistverkaufter Rang<\/th>\n<td>#1,445 in\u00a0<a href=\"https:\/\/www.amazon.com\/gp\/bestsellers\/pc\/335609011\/ref=pd_zg_hrsr_pc\">Laptop-H\u00fcllen<\/a><\/td>\n<\/tr>\n<tr>\n<th class=\"a-color-secondary a-size-base prodDetSectionEntry\">Drahtlose Kommunikationstechnologien<\/th>\n<td class=\"a-size-base prodDetAttrValue\">Polyestergewebe<\/td>\n<\/tr>\n<tr>\n<th class=\"a-color-secondary a-size-base prodDetSectionEntry\">Konnektivit\u00e4tstechnologien<\/th>\n<td class=\"a-size-base prodDetAttrValue\">Polyestergewebe<\/td>\n<\/tr>\n<tr>\n<th class=\"a-color-secondary a-size-base prodDetSectionEntry\">Besondere Merkmale<\/th>\n<td class=\"a-size-base prodDetAttrValue\">Slim Fit, Reisen, Universal, Displayschutzfolie<\/td>\n<\/tr>\n<tr>\n<th class=\"a-color-secondary a-size-base prodDetSectionEntry\">Aufl\u00f6sung der Anzeige<\/th>\n<td class=\"a-size-base prodDetAttrValue\">Polyestergewebe<\/td>\n<\/tr>\n<tr>\n<th class=\"a-color-secondary a-size-base prodDetSectionEntry\">Andere Anzeigefunktionen<\/th>\n<td class=\"a-size-base prodDetAttrValue\">Personal Computer<\/td>\n<\/tr>\n<tr>\n<th class=\"a-color-secondary a-size-base prodDetSectionEntry\">Formfaktor<\/th>\n<td class=\"a-size-base prodDetAttrValue\">Fall<\/td>\n<\/tr>\n<tr>\n<th class=\"a-color-secondary a-size-base prodDetSectionEntry\">Farbe<\/th>\n<td class=\"a-size-base prodDetAttrValue\">Schwarz<\/td>\n<\/tr>\n<tr>\n<th class=\"a-color-secondary a-size-base prodDetSectionEntry\">Inhalt der Box<\/th>\n<td class=\"a-size-base prodDetAttrValue\">Polyestergewebe<\/td>\n<\/tr>\n<tr>\n<th class=\"a-color-secondary a-size-base prodDetSectionEntry\">Hersteller<\/th>\n<td class=\"a-size-base prodDetAttrValue\">NBOXUMG<\/td>\n<\/tr>\n<tr>\n<th class=\"a-color-secondary a-size-base prodDetSectionEntry\">Datum der Erstverf\u00fcgbarkeit<\/th>\n<td class=\"a-size-base prodDetAttrValue\">21. Dezember 2023<\/td>\n<\/tr>\n<\/tbody>\n<\/table>\n<\/div>\n<\/div>\n<\/div>\n<\/div>","protected":false},"excerpt":{"rendered":"<p><strong>Weitreichende Kompatibilit\u00e4t:<\/strong> Das Geh\u00e4use f\u00fcr tragbare Monitore ist mit den meisten 15,6-Zoll-Monitoren von KYY, ZSCMALLS, ForHelp, Lepow, MNN, InnoView, HONGO, FANGOR, VisionOwl, WUAWE, Scnsuptp, VILVA, AOC, ASUS ZenScreen, QQH, KOGODA, ViewSonic, EleDuino, GeoYEAO, Feiasia, Newsoul, Cocopar, GKDY und anderen Herstellern kompatibel.<br \/>\n<strong>Umfassender Schutz:<\/strong>\u00a0 Die tragbare Monitortasche besteht aus hochwertigem, wasserdichtem Polyestergewebe und einem dicken, pl\u00fcschigen Futter. Sie ist sto\u00dffest, wasserdicht und kratzfest und sorgt daf\u00fcr, dass Ihr Bildschirm aus allen Blickwinkeln gesch\u00fctzt ist.<br \/>\nAusreichend Stauraum und optimierte Organisation - Das Hauptfach mit Rei\u00dfverschluss bietet reichlich Stauraum f\u00fcr den Laptop-Monitor, w\u00e4hrend die Vordertasche daf\u00fcr sorgt, dass kleinere Gegenst\u00e4nde wie Maus, Stifte, skalierbarer St\u00e4nder, Ladeger\u00e4te, Mobiltelefone, Karten und Powerbank gut organisiert sind. Dies erm\u00f6glicht eine schnelle Suche und einen schnellen Zugriff auf Ihr Laptop-Zubeh\u00f6r.<\/p>\n<p><strong>Praktisch f\u00fcr den t\u00e4glichen Gebrauch:<\/strong> Diese tragbare Monitortasche verf\u00fcgt \u00fcber einen bequemen Griff, der den Transport erleichtert.GR\u00d6SSE: 14,56 x 10,23 x 0,78 Zoll, dieser leichte und schlanke Artikel ist leicht zu transportieren und bequem zu verwenden. Es kann leicht in einem Koffer, Rucksack oder einer Aktentasche verstaut werden.<br \/>\n<strong>Garantien auf Lebenszeit:<\/strong> Wir bieten kostenlose R\u00fccksendungen an. Wenn Sie mit den erhaltenen Produkten nicht zufrieden sind, z\u00f6gern Sie bitte nicht, uns zu kontaktieren. Hinweis: Um die Passgenauigkeit zu gew\u00e4hrleisten, vergleichen Sie bitte die Innenma\u00dfe des Geh\u00e4uses mit den Ma\u00dfen Ihres tragbaren Monitors. Wenn Sie unsicher sind, welche Option Sie w\u00e4hlen sollen, z\u00f6gern Sie bitte nicht, uns zu kontaktieren.<\/p>","protected":false},"featured_media":2318,"comment_status":"open","ping_status":"closed","template":"","meta":[],"product_brand":[],"product_cat":[70,57],"product_tag":[],"class_list":{"0":"post-2312","1":"product","2":"type-product","3":"status-publish","4":"has-post-thumbnail","6":"product_cat-portable-monitor-cases","7":"product_cat-travel-gears","9":"first","10":"instock","11":"shipping-taxable","12":"purchasable","13":"product-type-simple"},"_links":{"self":[{"href":"https:\/\/vavcase.com\/de\/wp-json\/wp\/v2\/product\/2312","targetHints":{"allow":["GET"]}}],"collection":[{"href":"https:\/\/vavcase.com\/de\/wp-json\/wp\/v2\/product"}],"about":[{"href":"https:\/\/vavcase.com\/de\/wp-json\/wp\/v2\/types\/product"}],"replies":[{"embeddable":true,"href":"https:\/\/vavcase.com\/de\/wp-json\/wp\/v2\/comments?post=2312"}],"wp:featuredmedia":[{"embeddable":true,"href":"https:\/\/vavcase.com\/de\/wp-json\/wp\/v2\/media\/2318"}],"wp:attachment":[{"href":"https:\/\/vavcase.com\/de\/wp-json\/wp\/v2\/media?parent=2312"}],"wp:term":[{"taxonomy":"product_brand","embeddable":true,"href":"https:\/\/vavcase.com\/de\/wp-json\/wp\/v2\/product_brand?post=2312"},{"taxonomy":"product_cat","embeddable":true,"href":"https:\/\/vavcase.com\/de\/wp-json\/wp\/v2\/product_cat?post=2312"},{"taxonomy":"product_tag","embeddable":true,"href":"https:\/\/vavcase.com\/de\/wp-json\/wp\/v2\/product_tag?post=2312"}],"curies":[{"name":"wp","href":"https:\/\/api.w.org\/{rel}","templated":true}]}}