{"id":2319,"date":"2025-02-17T05:46:22","date_gmt":"2025-02-17T05:46:22","guid":{"rendered":"https:\/\/vavcase.com\/?post_type=product&#038;p=2319"},"modified":"2025-02-17T05:46:22","modified_gmt":"2025-02-17T05:46:22","slug":"casematix-portable-monitor-case-for-15-6-to-24-gaming-monitors-or-laptop-portable-screens","status":"publish","type":"product","link":"https:\/\/vavcase.com\/de\/produkt\/casematix-tragbare-monitortasche-fur-15-6-bis-24-gaming-monitore-oder-tragbare-laptop-bildschirme\/","title":{"rendered":"CASEMATIX Tragbare Monitortasche f\u00fcr 15,6\u2033 bis 24\u2033 Gaming-Monitore oder tragbare Laptop-Bildschirme"},"content":{"rendered":"<h2>Informationen zum Produkt<\/h2>\n<div class=\"a-row a-spacing-top-base\">\n<div class=\"a-column a-span6\">\n<div class=\"a-row a-spacing-base\">\n<div class=\"a-section table-padding\">\n<table id=\"productDetails_detailBullets_sections1\" class=\"a-keyvalue prodDetTable\" role=\"presentation\">\n<tbody>\n<tr>\n<th class=\"a-color-secondary a-size-base prodDetSectionEntry\">Produkt Abmessungen<\/th>\n<td class=\"a-size-base prodDetAttrValue\">24 x 15 x 3,5 Zoll<\/td>\n<\/tr>\n<tr>\n<th class=\"a-color-secondary a-size-base prodDetSectionEntry\">Artikel Gewicht<\/th>\n<td class=\"a-size-base prodDetAttrValue\">3,8 Pfund<\/td>\n<\/tr>\n<tr>\n<th class=\"a-color-secondary a-size-base prodDetSectionEntry\">ASIN<\/th>\n<td class=\"a-size-base prodDetAttrValue\">B0DDRWWX91<\/td>\n<\/tr>\n<tr>\n<th class=\"a-color-secondary a-size-base prodDetSectionEntry\">Kundenrezensionen<\/th>\n<td class=\"a-size-base\">\n<div id=\"averageCustomerReviews\" data-asin=\"B0DDRWWX91\" data-ref=\"dpx_acr_pop_\"><span class=\"a-declarative\" data-action=\"acrStarsLink-click-metrics\" data-acrstarslink-click-metrics=\"{}\"><span id=\"acrPopover\" class=\"reviewCountTextLinkedHistogram noUnderline\" title=\"5,0 von 5 Sternen\"><a class=\"a-popover-trigger a-declarative\" role=\"button\"><span class=\"a-size-base a-color-base\">5.0\u00a0<\/span><i class=\"a-icon a-icon-star a-star-5 cm-cr-review-stars-spacing-big\"><span class=\"a-icon-alt\">5,0 von 5 Sternen<\/span><\/i>\u00a0<i class=\"a-icon a-icon-popover\"><\/i><\/a>\u00a0\u00a0<\/span><\/span>\u00a0<span class=\"a-declarative\" data-action=\"acrLink-click-metrics\" data-acrlink-click-metrics=\"{}\"><a id=\"acrCustomerReviewLink\" class=\"a-link-normal\" href=\"https:\/\/www.amazon.com\/CASEMATIX-Portable-Monitor-Monitors-Accessories\/dp\/B0DDRWWX91\/ref=sr_1_21?crid=3KMYEBCYJYUP4&amp;dib=eyJ2IjoiMSJ9.IAwYEw1Asn9foZq95cSg95Fywhy9aUSmFtcnh1V8LJH1HdVPxxmAG6-acTtGwwnzdsFUq6MTenw60UZ4EjLTbTxVJZUgOnRgCVUJcqIVxfd0D8qwrCZ48tLAvclD9sb57JAi2Kt4sFdIamm7rAYFae3W9ovBLW0eFBn5ITqeUkY9Ew9fFHXG36HV9LdAAeigpV5XgILGAoixe2ecbxV01Gndc-IHJNVh1lAg7g2NMj0.5KFx8jc-pIKTGHQQDTDOK3EFGoOqE3_W-e1H2Z_EkdQ&amp;dib_tag=se&amp;keywords=%E2%80%A2%2BPortable%2BMonitor%2BCases&amp;qid=1739769273&amp;sprefix=portable%2Bmonitor%2Bcases%2B%2Caps%2C767&amp;sr=8-21&amp;th=1#customerReviews\"><span id=\"acrCustomerReviewText\" class=\"a-size-base\">11 Bewertungen<\/span><\/a><\/span><\/div>\n<p>5,0 von 5 Sternen<\/td>\n<\/tr>\n<tr>\n<th class=\"a-color-secondary a-size-base prodDetSectionEntry\">Meistverkaufter Rang<\/th>\n<td>#638 in\u00a0<a href=\"https:\/\/www.amazon.com\/gp\/bestsellers\/pc\/335609011\/ref=pd_zg_hrsr_pc\">Laptop-H\u00fcllen<\/a><\/td>\n<\/tr>\n<tr>\n<th class=\"a-color-secondary a-size-base prodDetSectionEntry\">Besondere Merkmale<\/th>\n<td class=\"a-size-base prodDetAttrValue\">Staubbest\u00e4ndig, Schwerer Schutz, Leicht, Bildschirmschutz<\/td>\n<\/tr>\n<tr>\n<th class=\"a-color-secondary a-size-base prodDetSectionEntry\">Formfaktor<\/th>\n<td class=\"a-size-base prodDetAttrValue\">Fall<\/td>\n<\/tr>\n<tr>\n<th class=\"a-color-secondary a-size-base prodDetSectionEntry\">Farbe<\/th>\n<td class=\"a-size-base prodDetAttrValue\">Schwarz<\/td>\n<\/tr>\n<tr>\n<th class=\"a-color-secondary a-size-base prodDetSectionEntry\">Inhalt der Box<\/th>\n<td class=\"a-size-base prodDetAttrValue\">Hartschalen-EVA-Au\u00dfenseite, gepolsterte Innenseite mit einstellbarem Schaumstoff<\/td>\n<\/tr>\n<tr>\n<th class=\"a-color-secondary a-size-base prodDetSectionEntry\">Hersteller<\/th>\n<td class=\"a-size-base prodDetAttrValue\">CASEMATIX<\/td>\n<\/tr>\n<tr>\n<th class=\"a-color-secondary a-size-base prodDetSectionEntry\">Datum der Erstverf\u00fcgbarkeit<\/th>\n<td class=\"a-size-base prodDetAttrValue\">20. August 2024<\/td>\n<\/tr>\n<\/tbody>\n<\/table>\n<\/div>\n<\/div>\n<\/div>\n<\/div>","protected":false},"excerpt":{"rendered":"<p><strong>HARTSCHALENSCHUTZ:<\/strong> Der Monitor-Reisekoffer ist f\u00fcr eine Vielzahl von Bildschirmgr\u00f6\u00dfen und Zubeh\u00f6r ausgelegt. Mit EVA-Au\u00dfenschutz und Schaumstoffpolsterung zum Schutz von Bildschirmen, Laptops und Monitoren mit einer Breite von bis zu 22 Zoll konstruiert. DAS MAXIMUM<br \/>\n<strong>STOSSABSORBIERENDEM SCHAUMSTOFF:<\/strong> Der CASEMATIX-Computermonitorkoffer ist an der Ober- und Unterseite mit gewelltem Schaumstoff ausgestattet, um Ihren wertvollen Bildschirm vor St\u00f6\u00dfen und Dellen zu sch\u00fctzen. Eine zus\u00e4tzliche Schutzschicht f\u00fcr das Zubeh\u00f6r wird durch die zahlreichen Schaumstoffabschnitte geboten.<br \/>\n<strong>REISEFREUNDLICHES DESIGN DER BILDSCHIRMABDECKUNG:<\/strong> Der Koffer misst 24 x 15 x 3,5 Zoll und verf\u00fcgt \u00fcber ein elegantes \u00c4u\u00dferes mit robusten Verschl\u00fcssen, die seine Sicherheit gew\u00e4hrleisten. Ein integrierter Tragegriff und ein anklippbarer, verstellbarer Schultergurt sorgen f\u00fcr einen bequemen Transport.<\/p>\n<p><strong>Passt zu einer Vielzahl von Displays:<\/strong> Die Innenma\u00dfe des Ger\u00e4ts betragen 22,5 x 13,5 x 2,75 Zoll, und es kann Displays mit einer maximalen Gr\u00f6\u00dfe von 24 Zoll aufnehmen. Verwenden Sie die 0,5\u2033 weichen Schaumstoffteiler und den Schaumstoffblock, um einen sicheren Sitz f\u00fcr kleinere Displays zu schaffen und sie vom Zubeh\u00f6r zu unterscheiden.<br \/>\n<strong>\u00dcBERPR\u00dcFEN SIE DIE BILDSCHIRMGR\u00d6SSE:<\/strong> Bei der Verwendung von Displays mit geringerer Gr\u00f6\u00dfe kann Zubeh\u00f6r untergebracht werden. Es besteht aus einem Schaumstoffblock und zwei flachen Schaumstoffschichten, um Sicherheit und Schutz zu verbessern. Verwenden Sie den Schaumstoffblock, um einen sicheren Sitz zu gew\u00e4hrleisten, und die 0,5\u2033-Schaumstoffzwischenlagen, um Bildschirme zu sch\u00fctzen.<\/p>\n<p>&nbsp;<\/p>","protected":false},"featured_media":2329,"comment_status":"open","ping_status":"closed","template":"","meta":[],"product_brand":[],"product_cat":[70,57],"product_tag":[],"class_list":{"0":"post-2319","1":"product","2":"type-product","3":"status-publish","4":"has-post-thumbnail","6":"product_cat-portable-monitor-cases","7":"product_cat-travel-gears","9":"first","10":"instock","11":"shipping-taxable","12":"purchasable","13":"product-type-simple"},"_links":{"self":[{"href":"https:\/\/vavcase.com\/de\/wp-json\/wp\/v2\/product\/2319","targetHints":{"allow":["GET"]}}],"collection":[{"href":"https:\/\/vavcase.com\/de\/wp-json\/wp\/v2\/product"}],"about":[{"href":"https:\/\/vavcase.com\/de\/wp-json\/wp\/v2\/types\/product"}],"replies":[{"embeddable":true,"href":"https:\/\/vavcase.com\/de\/wp-json\/wp\/v2\/comments?post=2319"}],"wp:featuredmedia":[{"embeddable":true,"href":"https:\/\/vavcase.com\/de\/wp-json\/wp\/v2\/media\/2329"}],"wp:attachment":[{"href":"https:\/\/vavcase.com\/de\/wp-json\/wp\/v2\/media?parent=2319"}],"wp:term":[{"taxonomy":"product_brand","embeddable":true,"href":"https:\/\/vavcase.com\/de\/wp-json\/wp\/v2\/product_brand?post=2319"},{"taxonomy":"product_cat","embeddable":true,"href":"https:\/\/vavcase.com\/de\/wp-json\/wp\/v2\/product_cat?post=2319"},{"taxonomy":"product_tag","embeddable":true,"href":"https:\/\/vavcase.com\/de\/wp-json\/wp\/v2\/product_tag?post=2319"}],"curies":[{"name":"wp","href":"https:\/\/api.w.org\/{rel}","templated":true}]}}