{"id":2332,"date":"2025-02-17T06:05:09","date_gmt":"2025-02-17T06:05:09","guid":{"rendered":"https:\/\/vavcase.com\/?post_type=product&#038;p=2332"},"modified":"2025-02-17T06:05:22","modified_gmt":"2025-02-17T06:05:22","slug":"faceplate-with-rgb-light-strip-for-ps5-digital-edition","status":"publish","type":"product","link":"https:\/\/vavcase.com\/de\/produkt\/faceplate-mit-rgb-lichtleiste-fur-ps5-digital-edition\/","title":{"rendered":"Frontplatte mit RGB-Lichtleiste f\u00fcr PS5 Digital Edition"},"content":{"rendered":"<h2>Informationen zum Produkt<\/h2>\n<div class=\"a-row a-spacing-top-base\">\n<div class=\"a-column a-span6\">\n<div class=\"a-row a-spacing-base\">\n<div class=\"a-section table-padding\">\n<table id=\"productDetails_detailBullets_sections1\" class=\"a-keyvalue prodDetTable\" role=\"presentation\">\n<tbody>\n<tr>\n<th class=\"a-color-secondary a-size-base prodDetSectionEntry\">Produkt Abmessungen<\/th>\n<td class=\"a-size-base prodDetAttrValue\">11\u2033B x 2,2\u2033H<\/td>\n<\/tr>\n<tr>\n<th class=\"a-color-secondary a-size-base prodDetSectionEntry\">Hersteller<\/th>\n<td class=\"a-size-base prodDetAttrValue\">DOBEWINGDELOU<\/td>\n<\/tr>\n<tr>\n<th class=\"a-color-secondary a-size-base prodDetSectionEntry\">Artikel Gewicht<\/th>\n<td class=\"a-size-base prodDetAttrValue\">2,2 Pfund<\/td>\n<\/tr>\n<tr>\n<th class=\"a-color-secondary a-size-base prodDetSectionEntry\">ASIN<\/th>\n<td class=\"a-size-base prodDetAttrValue\">B0BYTDSR9L<\/td>\n<\/tr>\n<tr>\n<th class=\"a-color-secondary a-size-base prodDetSectionEntry\">Kundenrezensionen<\/th>\n<td class=\"a-size-base\">\n<div id=\"averageCustomerReviews\" data-asin=\"B0BYTDSR9L\" data-ref=\"dpx_acr_pop_\"><span class=\"a-declarative\" data-action=\"acrStarsLink-click-metrics\" data-acrstarslink-click-metrics=\"{}\"><span id=\"acrPopover\" class=\"reviewCountTextLinkedHistogram noUnderline\" title=\"4,4 von 5 Sternen\"><a class=\"a-popover-trigger a-declarative\" role=\"button\"><span class=\"a-size-base a-color-base\">4.4\u00a0<\/span><i class=\"a-icon a-icon-star a-star-4-5 cm-cr-review-stars-spacing-big\"><span class=\"a-icon-alt\">4,4 von 5 Sternen<\/span><\/i>\u00a0<i class=\"a-icon a-icon-popover\"><\/i><\/a>\u00a0\u00a0<\/span><\/span>\u00a0<span class=\"a-declarative\" data-action=\"acrLink-click-metrics\" data-acrlink-click-metrics=\"{}\"><a id=\"acrCustomerReviewLink\" class=\"a-link-normal\" href=\"https:\/\/www.amazon.com\/Faceplate-DOBEWINGDELOU-PlayStation-Decoration-Accessories-5\/dp\/B0BYTDSR9L\/ref=sr_1_10_sspa?crid=1198GW7TPR6CL&amp;dib=eyJ2IjoiMSJ9.oxn3i-7QADowtaFWAvJ5hXA4D24Pl4gEckdLsppjUlgq3QaH9KTwPTG1mL_fw-TgwwKLwGGGXL1Ugr5lcYGdIdku5UDKbJUTpZ1sZFsC3PE.4gHoHkfxWdDWYpDfrtlo116I0sPqub2tOu1zxn4GuTo&amp;dib_tag=se&amp;keywords=Swappable%2Bfaceplates%2Bfor%2BPS5&amp;qid=1739771541&amp;sprefix=swappable%2Bfaceplates%2Bfor%2Bps5%2C%2Bxbox%2Bseries%2Bx%2Fs%2Caps%2C377&amp;sr=8-10-spons&amp;sp_csd=d2lkZ2V0TmFtZT1zcF9tdGY&amp;th=1#customerReviews\"><span id=\"acrCustomerReviewText\" class=\"a-size-base\">54 Bewertungen<\/span><\/a><\/span><\/div>\n<p>4,4 von 5 Sternen<\/td>\n<\/tr>\n<tr>\n<th class=\"a-color-secondary a-size-base prodDetSectionEntry\">Meistverkaufter Rang<\/th>\n<td>#14,375 in Videospielen (<a href=\"https:\/\/www.amazon.com\/gp\/bestsellers\/videogames\/ref=pd_zg_ts_videogames\">Siehe Top 100 in Videospiele<\/a>)<br \/>\n#194 in\u00a0<a href=\"https:\/\/www.amazon.com\/gp\/bestsellers\/videogames\/23568181011\/ref=pd_zg_hrsr_videogames\">Playstation 5-Zubeh\u00f6r-Kits<\/a><\/td>\n<\/tr>\n<tr>\n<th class=\"a-color-secondary a-size-base prodDetSectionEntry\">Datum der Erstverf\u00fcgbarkeit<\/th>\n<td class=\"a-size-base prodDetAttrValue\">M\u00e4rz 18, 2023<\/td>\n<\/tr>\n<\/tbody>\n<\/table>\n<\/div>\n<\/div>\n<\/div>\n<\/div>","protected":false},"excerpt":{"rendered":"<p><strong>K\u00fchlungs\u00f6ffnungen und Staubfilterdesign:<\/strong> Die Frontplatten sind mit einer Bel\u00fcftung ausgestattet, die die K\u00fchlung der Konsole w\u00e4hrend des Betriebs unterst\u00fctzt, die Luftzirkulation f\u00f6rdert und eine \u00dcberhitzung verhindert. Der Staubfilter f\u00fcr die Bel\u00fcftung kann dazu beitragen, die Konsole sauber zu halten und die Menge an L\u00fcfterstaub zu reduzieren, wodurch die Lebensdauer der Konsole verl\u00e4ngert und ein komfortableres Spielerlebnis erm\u00f6glicht wird.<br \/>\n<strong>Speziell f\u00fcr die digitale PS5-Version entwickelt:<\/strong> Die Frontplatten und die RGB-LED-Beleuchtung sind genau zugeschnitten. Das Design des LED-Lichtrings erm\u00f6glicht es, das neue Geh\u00e4use direkt auf den L\u00fcfterrahmen zu kleben und die Originalabdeckung zu ersetzen. In der Zwischenzeit kann das unverwechselbare Fensterdesign der Frontplatten die Intuitivit\u00e4t der Beleuchtung des Lichtstreifens verbessern und Ihre Konsole so von der Konkurrenz abheben.<br \/>\n<strong>Mehr als 400 LED-Beleuchtungseffekte:<\/strong> Durch \u00c4ndern von Farbe, Lichtgeschwindigkeit und Helligkeit k\u00f6nnen Sie den Beleuchtungsmodus ausw\u00e4hlen, der f\u00fcr Ihr Spiel am besten geeignet ist. Au\u00dferdem verf\u00fcgt er \u00fcber einen intelligenten Audiomodus. Wenn der Musikmodus aktiviert ist, \u00e4ndert sich die Farbe der Lichter im Einklang mit der Kadenz der Musik und des Sounds. So k\u00f6nnen Sie die Spielumgebung besser wahrnehmen und haben ein angenehmeres Spielerlebnis. Unabh\u00e4ngig von der Art des Spiels gibt es immer eine RGB-LED-Konfiguration, die f\u00fcr Sie geeignet ist.<\/p>\n<p><strong>Hochwertige 5050 RGB LED:<\/strong> Dioden bestehen aus dem hochwertigen Material der LED-Leuchte. Die \u00e4u\u00dfere H\u00fclle besteht aus hartem ABS-Material, das sowohl kratzfest als auch langlebig ist. Durch die Kombination des RGB-LED-Lichteffekts mit der mattierten Oberfl\u00e4che wird die \u00c4sthetik Ihrer Spielkonsole aufgewertet.<br \/>\n<strong>Einfache Installation:<\/strong> Entfernen Sie die runde Schnalle, indem Sie die hintere Ecke der Schutzabdeckung anheben, wo sich das Logo befindet. Die Abdeckung l\u00e4sst sich abnehmen, indem Sie sie nach unten in Richtung Konsolenboden dr\u00fccken. Bringen Sie den konfigurierten Selbstkleber auf der R\u00fcckseite des LED-Leuchtrings an und befestigen Sie ihn anschlie\u00dfend an der \u00d6ffnung der P5-Konsole. Richten Sie die neue Abdeckung an der \u00d6ffnung der Haupteinheit aus, schieben Sie sie bis zum oberen Rand der Konsole, und die Schnalle schlie\u00dft die Befestigung ab.<\/p>","protected":false},"featured_media":2340,"comment_status":"open","ping_status":"closed","template":"","meta":[],"product_brand":[],"product_cat":[71,56],"product_tag":[],"class_list":{"0":"post-2332","1":"product","2":"type-product","3":"status-publish","4":"has-post-thumbnail","6":"product_cat-custom-console-covers","7":"product_cat-custom-shells-skins","9":"first","10":"instock","11":"shipping-taxable","12":"purchasable","13":"product-type-simple"},"_links":{"self":[{"href":"https:\/\/vavcase.com\/de\/wp-json\/wp\/v2\/product\/2332","targetHints":{"allow":["GET"]}}],"collection":[{"href":"https:\/\/vavcase.com\/de\/wp-json\/wp\/v2\/product"}],"about":[{"href":"https:\/\/vavcase.com\/de\/wp-json\/wp\/v2\/types\/product"}],"replies":[{"embeddable":true,"href":"https:\/\/vavcase.com\/de\/wp-json\/wp\/v2\/comments?post=2332"}],"wp:featuredmedia":[{"embeddable":true,"href":"https:\/\/vavcase.com\/de\/wp-json\/wp\/v2\/media\/2340"}],"wp:attachment":[{"href":"https:\/\/vavcase.com\/de\/wp-json\/wp\/v2\/media?parent=2332"}],"wp:term":[{"taxonomy":"product_brand","embeddable":true,"href":"https:\/\/vavcase.com\/de\/wp-json\/wp\/v2\/product_brand?post=2332"},{"taxonomy":"product_cat","embeddable":true,"href":"https:\/\/vavcase.com\/de\/wp-json\/wp\/v2\/product_cat?post=2332"},{"taxonomy":"product_tag","embeddable":true,"href":"https:\/\/vavcase.com\/de\/wp-json\/wp\/v2\/product_tag?post=2332"}],"curies":[{"name":"wp","href":"https:\/\/api.w.org\/{rel}","templated":true}]}}