{"id":2341,"date":"2025-02-17T06:09:10","date_gmt":"2025-02-17T06:09:10","guid":{"rendered":"https:\/\/vavcase.com\/?post_type=product&#038;p=2341"},"modified":"2026-03-18T13:24:34","modified_gmt":"2026-03-18T13:24:34","slug":"faceplate-for-ps5-slim-disc-edition-faceplate-for-ps5-slim-cd-version-4-piece-set-black","status":"publish","type":"product","link":"https:\/\/vavcase.com\/de\/produkt\/frontplatte-fur-ps5-slim-disc-edition-frontplatte-fur-ps5-slim-cd-version-4-teiliges-set-schwarz\/","title":{"rendered":"Faceplate f\u00fcr Ps5 Slim Disc Edition, Faceplate f\u00fcr Ps5 Slim Cd Version 4 St\u00fcck Set Schwarz"},"content":{"rendered":"<h2>Spezifikationen<\/h2>\n<div class=\"details-card\">\n<div class=\"details-card-body\">\n<ul class=\"specification-list\">\n<li class=\"row\">\n<div class=\"col-12 col-sm-12 col-md-6 col-lg-5 col-xl-5 mb-3 mb-sm-3 mb-md-0 mb-lg-0 mb-xl-0\">\n<h3>Hardware-Plattform:<\/h3>\n<\/div>\n<div class=\"col-12 col-sm-12 col-md-6 col-lg-7 col-xl-7\">\n<p>PlayStation 5 Slim<\/p>\n<\/div>\n<\/li>\n<li class=\"row\">\n<div class=\"col-12 col-sm-12 col-md-6 col-lg-5 col-xl-5 mb-3 mb-sm-3 mb-md-0 mb-lg-0 mb-xl-0\">\n<h3>Marke:<\/h3>\n<\/div>\n<div class=\"col-12 col-sm-12 col-md-6 col-lg-7 col-xl-7\">\n<p>EINGEF\u00dcHRT<\/p>\n<\/div>\n<\/li>\n<li class=\"row\">\n<div class=\"col-12 col-sm-12 col-md-6 col-lg-5 col-xl-5 mb-3 mb-sm-3 mb-md-0 mb-lg-0 mb-xl-0\">\n<h3>Farbe:<\/h3>\n<\/div>\n<div class=\"col-12 col-sm-12 col-md-6 col-lg-7 col-xl-7\">\n<p>Schwarz<\/p>\n<\/div>\n<\/li>\n<li class=\"row\">\n<div class=\"col-12 col-sm-12 col-md-6 col-lg-5 col-xl-5 mb-3 mb-sm-3 mb-md-0 mb-lg-0 mb-xl-0\">\n<h3>Material:<\/h3>\n<\/div>\n<div class=\"col-12 col-sm-12 col-md-6 col-lg-7 col-xl-7\">\n<p>Acrylnitril-Butadien-Styrol (ABS)<\/p>\n<\/div>\n<\/li>\n<li class=\"row ng-star-inserted\">\n<div class=\"col-12 col-sm-12 col-md-6 col-lg-5 col-xl-5 mb-3 mb-sm-3 mb-md-0 mb-lg-0 mb-xl-0\">\n<h3>Ausf\u00fchrung Typ:<\/h3>\n<\/div>\n<div class=\"col-12 col-sm-12 col-md-6 col-lg-7 col-xl-7\">\n<p>Matt<\/p>\n<\/div>\n<\/li>\n<\/ul>\n<\/div>\n<\/div>","protected":false},"excerpt":{"rendered":"<p>Material und Qualit\u00e4t: Die schwarzen PS5 Slim-Platten werden aus hochwertigen ABS-Materialien hergestellt, was ihre Haltbarkeit und Langlebigkeit garantiert. Das PS5 Slim Shell Cover wurde sorgf\u00e4ltig entwickelt, um sich genau an die Abmessungen und die Form der PS5 Slim Konsole anzupassen und eine sichere und m\u00fchelose Installation zu gew\u00e4hrleisten.<br \/>\nExtra Luftstrom-Verbesserung: Das schlanke PS5-Geh\u00e4use ist auf beiden Seiten mit kreisf\u00f6rmigen K\u00fchlkan\u00e4len ausgestattet, die die Bel\u00fcftung und W\u00e4rmeableitung des Ger\u00e4ts erleichtern und so zu einer verbesserten Leistung f\u00fchren. Ein verbessertes Design mit zus\u00e4tzlicher Bel\u00fcftung mindert das Problem der \u00dcberhitzung der Konsole bei l\u00e4ngerem Gebrauch und bietet ein reibungsloseres Spielerlebnis.<br \/>\nGarantierte Passform: Die PS5 Slim Schutzh\u00fclle wurde speziell f\u00fcr die PS5 Slim Maschine entwickelt und garantiert eine perfekte Passform. Sie beh\u00e4lt die Leistung und Funktionalit\u00e4t Ihrer Konsole bei, w\u00e4hrend sie die Abmessungen und die Form des Originalgeh\u00e4uses beibeh\u00e4lt. Bitte beachten Sie, dass die Frontplatten ausschlie\u00dflich mit der PS5 Slim Disc-Edition kompatibel sind.<\/p>\n<p>Pers\u00f6nlicher Stil: Das schwarze PS5 Slim Cover wertet das Aussehen und das Design Ihres PS5 Slim-Ger\u00e4ts auf. Schwarz ist eine zeitlose und modische Farbe, die Ihrer Konsole einen Hauch von Modernit\u00e4t und Raffinesse verleiht. Sie spiegelt Ihre Pers\u00f6nlichkeit und Ihre Vorlieben wider, unabh\u00e4ngig davon, ob sie in einem Spielzimmer oder einem Wohnzimmer ausgestellt wird.<br \/>\nEinfache Installation: Das Verfahren zum Austausch der PS5 Slim H\u00fclle ist einfach. Die Anweisungen, die mit der PS5 Slim Konsole Abdeckung enthalten sind, f\u00fchren Sie durch die einfachen Schritte f\u00fcr die Installation erforderlich. Die PlayStation 5 Slim-Konsole kann von jedermann angepasst werden, ohne dass spezielle Ausr\u00fcstung oder F\u00e4higkeiten erforderlich sind.<br \/>\nSch\u00fctzende Funktion: Die schwarzen PS5 Slim-Platten verbessern nicht nur das Aussehen Ihrer PS5 Slim-Maschine, sondern bieten auch zuverl\u00e4ssigen Schutz. Sie sch\u00fctzen Ihre Konsole vor Kratzern, Schmutz und den normalen Abnutzungserscheinungen des t\u00e4glichen Gebrauchs und verl\u00e4ngern so ihre Lebensdauer.<\/p>","protected":false},"featured_media":2349,"comment_status":"open","ping_status":"closed","template":"","meta":[],"product_brand":[],"product_cat":[71,56],"product_tag":[],"class_list":{"0":"post-2341","1":"product","2":"type-product","3":"status-publish","4":"has-post-thumbnail","6":"product_cat-custom-console-covers","7":"product_cat-custom-shells-skins","9":"first","10":"instock","11":"shipping-taxable","12":"purchasable","13":"product-type-simple"},"_links":{"self":[{"href":"https:\/\/vavcase.com\/de\/wp-json\/wp\/v2\/product\/2341","targetHints":{"allow":["GET"]}}],"collection":[{"href":"https:\/\/vavcase.com\/de\/wp-json\/wp\/v2\/product"}],"about":[{"href":"https:\/\/vavcase.com\/de\/wp-json\/wp\/v2\/types\/product"}],"replies":[{"embeddable":true,"href":"https:\/\/vavcase.com\/de\/wp-json\/wp\/v2\/comments?post=2341"}],"wp:featuredmedia":[{"embeddable":true,"href":"https:\/\/vavcase.com\/de\/wp-json\/wp\/v2\/media\/2349"}],"wp:attachment":[{"href":"https:\/\/vavcase.com\/de\/wp-json\/wp\/v2\/media?parent=2341"}],"wp:term":[{"taxonomy":"product_brand","embeddable":true,"href":"https:\/\/vavcase.com\/de\/wp-json\/wp\/v2\/product_brand?post=2341"},{"taxonomy":"product_cat","embeddable":true,"href":"https:\/\/vavcase.com\/de\/wp-json\/wp\/v2\/product_cat?post=2341"},{"taxonomy":"product_tag","embeddable":true,"href":"https:\/\/vavcase.com\/de\/wp-json\/wp\/v2\/product_tag?post=2341"}],"curies":[{"name":"wp","href":"https:\/\/api.w.org\/{rel}","templated":true}]}}