{"id":2350,"date":"2025-02-17T06:14:53","date_gmt":"2025-02-17T06:14:53","guid":{"rendered":"https:\/\/vavcase.com\/?post_type=product&#038;p=2350"},"modified":"2026-04-01T17:55:14","modified_gmt":"2026-04-01T17:55:14","slug":"wolibear-magnetic-smart-wraps-for-xbox-series-x-console","status":"publish","type":"product","link":"https:\/\/vavcase.com\/de\/produkt\/wolibear-magnetische-smart-wraps-fur-xbox-serie-x-konsole\/","title":{"rendered":"WOLIBEAR Magnetische Smart Wraps f\u00fcr Xbox Series X Konsole"},"content":{"rendered":"<h2 class=\"default\">Beschreibung des Produkts<\/h2>\n<div id=\"productDescription\" class=\"a-section a-spacing-small\">\n<p><span class=\"a-text-bold\">WOLIBEAR Console Wraps f\u00fcr Xbox Series X ist das perfekte Zubeh\u00f6r, um Ihr Spielerlebnis zu verbessern und Ihre Konsole zu sch\u00fctzen.<\/span><\/p>\n<p>Unsere mit Pr\u00e4zision gefertigten Schutzh\u00fcllen sind aus hochwertigen Materialien hergestellt, die Langlebigkeit und Schutz gew\u00e4hrleisten. Das magnetische Verschlusssystem sorgt f\u00fcr einen sicheren Sitz, sodass Ihre Konsole jederzeit gut gesch\u00fctzt ist.<\/p>\n<p>Verbessern Sie Ihr Gaming-Setup mit unserer H\u00fclle f\u00fcr die Xbox Series X. Verbessern Sie Ihr Gaming-Erlebnis und sorgen Sie daf\u00fcr, dass Ihre Konsole in einem tadellosen Zustand bleibt.<\/p>\n<p><span class=\"a-text-bold\">Merkmale:<\/span><br \/>\nSpeziell f\u00fcr die Xbox Series X Konsole entwickelt<br \/>\nMagnetischer Verschluss<br \/>\nLeicht zu installieren und zu entfernen<br \/>\nWasserdicht und staubdicht<br \/>\nAnti-Kratzer und Anti-Schock<br \/>\nHergestellt aus PU-Leder und weichem Mikrofaserfutter<\/p>\n<h2>Informationen zum Produkt<\/h2>\n<div class=\"a-row a-spacing-top-base\">\n<div class=\"a-column a-span6\">\n<div class=\"a-row a-spacing-base\">\n<div class=\"a-row a-expander-container a-expander-extend-container\">\n<div class=\"a-row\">\n<div class=\"a-column a-span6\">\n<h3 class=\"a-size-medium a-spacing-small\">Technische Details<\/h3>\n<\/div>\n<\/div>\n<div class=\"a-expander-content a-expander-extend-content\" data-expanded=\"true\">\n<div class=\"a-row a-expander-container a-expander-inline-container\">\n<div class=\"a-expander-content a-expander-section-content a-section-expander-inner\" data-expanded=\"true\">\n<table id=\"productDetails_techSpec_section_1\" class=\"a-keyvalue prodDetTable\" role=\"presentation\">\n<tbody>\n<tr>\n<th class=\"a-color-secondary a-size-base prodDetSectionEntry\">Marke<\/th>\n<td class=\"a-size-base prodDetAttrValue\">WOLIBEAR<\/td>\n<\/tr>\n<tr>\n<th class=\"a-color-secondary a-size-base prodDetSectionEntry\">Hersteller<\/th>\n<td class=\"a-size-base prodDetAttrValue\">WOLIBEAR<\/td>\n<\/tr>\n<tr>\n<th class=\"a-color-secondary a-size-base prodDetSectionEntry\">Modell<\/th>\n<td class=\"a-size-base prodDetAttrValue\">XSX46MB-US<\/td>\n<\/tr>\n<tr>\n<th class=\"a-color-secondary a-size-base prodDetSectionEntry\">Name des Modells<\/th>\n<td class=\"a-size-base prodDetAttrValue\">XSX46MB-US<\/td>\n<\/tr>\n<tr>\n<th class=\"a-color-secondary a-size-base prodDetSectionEntry\">Abmessungen der Verpackung<\/th>\n<td class=\"a-size-base prodDetAttrValue\">32,21 x 17,7 x 1,6 cm; 390 g<\/td>\n<\/tr>\n<tr>\n<th class=\"a-color-secondary a-size-base prodDetSectionEntry\">Modellnummer des Artikels<\/th>\n<td class=\"a-size-base prodDetAttrValue\">XSX46MB-US<\/td>\n<\/tr>\n<tr>\n<th class=\"a-color-secondary a-size-base prodDetSectionEntry\">Hardware-Plattform<\/th>\n<td class=\"a-size-base prodDetAttrValue\">xbox 360<\/td>\n<\/tr>\n<tr>\n<th class=\"a-color-secondary a-size-base prodDetSectionEntry\">Kompatible Ger\u00e4te<\/th>\n<td class=\"a-size-base prodDetAttrValue\">Xbox Serie X<\/td>\n<\/tr>\n<tr>\n<th class=\"a-color-secondary a-size-base prodDetSectionEntry\">Besondere Merkmale<\/th>\n<td class=\"a-size-base prodDetAttrValue\">Magnetischer Verschluss, weiche Innenseite, vollst\u00e4ndiger Schutz, hochwertiges PU-Leder<\/td>\n<\/tr>\n<tr>\n<th class=\"a-color-secondary a-size-base prodDetSectionEntry\">Befestigungsmaterial<\/th>\n<td class=\"a-size-base prodDetAttrValue\">1 X Magnetische Smart Wraps f\u00fcr Xbox Serie X<\/td>\n<\/tr>\n<tr>\n<th class=\"a-color-secondary a-size-base prodDetSectionEntry\">Inklusive Batterien<\/th>\n<td class=\"a-size-base prodDetAttrValue\">Nein<\/td>\n<\/tr>\n<tr>\n<th class=\"a-color-secondary a-size-base prodDetSectionEntry\">Erforderliche Batterien<\/th>\n<td class=\"a-size-base prodDetAttrValue\">Nein<\/td>\n<\/tr>\n<tr>\n<th class=\"a-color-secondary a-size-base prodDetSectionEntry\">Material<\/th>\n<td class=\"a-size-base prodDetAttrValue\">Hochwertiges PU<\/td>\n<\/tr>\n<tr>\n<th class=\"a-color-secondary a-size-base prodDetSectionEntry\">Formfaktor<\/th>\n<td class=\"a-size-base prodDetAttrValue\">Abdeckung<\/td>\n<\/tr>\n<tr>\n<th class=\"a-color-secondary a-size-base prodDetSectionEntry\">Hersteller<\/th>\n<td class=\"a-size-base prodDetAttrValue\">WOLIBEAR<\/td>\n<\/tr>\n<tr>\n<th class=\"a-color-secondary a-size-base prodDetSectionEntry\">Artikel Gewicht<\/th>\n<td class=\"a-size-base prodDetAttrValue\">390 g<\/td>\n<\/tr>\n<\/tbody>\n<\/table>\n<\/div>\n<\/div>\n<\/div>\n<\/div>\n<\/div>\n<\/div>\n<\/div>\n<\/div>","protected":false},"excerpt":{"rendered":"<p>Gestalten Sie Ihr XSX mit neuen Looks: Die Xbox Series X Konsole ist speziell f\u00fcr die magnetischen Smart Covers konzipiert. Die Xbox Series X Blue Camo-Schutzh\u00fclle zeichnet sich durch ein stromlinienf\u00f6rmiges Design und hochwertige Texturen aus, die Ihrer Konsole ein unverwechselbares und individuelles Aussehen verleihen.Verwandeln Sie Ihre Xbox Series X-Konsole mit Konsolenh\u00fcllen und begeben Sie sich auf ein neues Abenteuer.Bitte beachten Sie, dass dieses Produkt ausschlie\u00dflich mit der Xbox Series X-Konsole kompatibel ist (XSX-Konsole nicht enthalten).<br \/>\nHochwertiges PU-Leder und weiches Innenfutter: Die Xbox Series X Schutzh\u00fclle besteht aus hochwertigem PU-Leder und einem weichen Innenfutter und bietet 360\u00b0 Rundumschutz f\u00fcr die Konsole. Die weiche Mikrofaser-Innenseite Ihrer XSX ist in der Lage, St\u00f6\u00dfe oder Kollisionen effektiv zu zerstreuen und Kratzer zu verhindern. Die Xbox-H\u00fcllen sind ein ideales Geschenk f\u00fcr Xbox-Spieler zum Geburtstag und zu Weihnachten.<br \/>\nXSX-Pr\u00e4zisionspassform: Verleihen Sie Ihrer Xbox Series X-Konsole mit Konsolenabdeckungen, die speziell f\u00fcr Ihre XSX-Konsole entwickelt wurden, ein au\u00dfergew\u00f6hnliches Design. Bitte beachten Sie, dass der W\u00e4rmeableitungsanschluss und die USB-Schnittstelle nicht im Lieferumfang enthalten sind. Die Konsolenh\u00fcllen sind wasser- und staubdicht und sch\u00fctzen Ihre Konsole effektiv vor St\u00f6\u00dfen, Staub, Kratzern und Fingerabdr\u00fccken. Hinweis: Der Verkohlungsst\u00e4nder ist aufgrund der Dicke der H\u00fcllen nicht geeignet.<\/p>\n<p>Magnetisches Verschlussdesign: Die Xbox Series X H\u00fclle ist mit starken Magneten ausgestattet, die eine sichere Verbindung zwischen H\u00fclle und Konsole garantieren. Es ist m\u00fchelos zu installieren und zu entfernen, erfordert keine Klebstoffe oder Werkzeuge und wird die XSX-Konsole nicht besch\u00e4digen. Diese Funktion bietet ein benutzerfreundliches und bequemes Erlebnis f\u00fcr Xbox-Fans.<br \/>\nGarantie &amp; Verpackung: Unser Ziel ist es, Ihnen Xbox Series X Zubeh\u00f6r von au\u00dfergew\u00f6hnlicher Qualit\u00e4t anzubieten. Sie erhalten eine Xbox Series X Schutzh\u00fclle. Dieser Artikel ist ein hervorragendes Geschenk f\u00fcr Ihre Freunde oder Familienmitglieder zum Geburtstag oder zu einem Fest. Wir bieten eine sorgenfreie 18-monatige Garantie und einen freundlichen Kundenservice, wenn Sie irgendwelche Bedenken haben.<\/p>","protected":false},"featured_media":2357,"comment_status":"open","ping_status":"closed","template":"","meta":[],"product_brand":[],"product_cat":[71,56],"product_tag":[],"class_list":{"0":"post-2350","1":"product","2":"type-product","3":"status-publish","4":"has-post-thumbnail","6":"product_cat-custom-console-covers","7":"product_cat-custom-shells-skins","9":"first","10":"instock","11":"shipping-taxable","12":"purchasable","13":"product-type-simple"},"_links":{"self":[{"href":"https:\/\/vavcase.com\/de\/wp-json\/wp\/v2\/product\/2350","targetHints":{"allow":["GET"]}}],"collection":[{"href":"https:\/\/vavcase.com\/de\/wp-json\/wp\/v2\/product"}],"about":[{"href":"https:\/\/vavcase.com\/de\/wp-json\/wp\/v2\/types\/product"}],"replies":[{"embeddable":true,"href":"https:\/\/vavcase.com\/de\/wp-json\/wp\/v2\/comments?post=2350"}],"wp:featuredmedia":[{"embeddable":true,"href":"https:\/\/vavcase.com\/de\/wp-json\/wp\/v2\/media\/2357"}],"wp:attachment":[{"href":"https:\/\/vavcase.com\/de\/wp-json\/wp\/v2\/media?parent=2350"}],"wp:term":[{"taxonomy":"product_brand","embeddable":true,"href":"https:\/\/vavcase.com\/de\/wp-json\/wp\/v2\/product_brand?post=2350"},{"taxonomy":"product_cat","embeddable":true,"href":"https:\/\/vavcase.com\/de\/wp-json\/wp\/v2\/product_cat?post=2350"},{"taxonomy":"product_tag","embeddable":true,"href":"https:\/\/vavcase.com\/de\/wp-json\/wp\/v2\/product_tag?post=2350"}],"curies":[{"name":"wp","href":"https:\/\/api.w.org\/{rel}","templated":true}]}}