{"id":2358,"date":"2025-02-17T06:20:16","date_gmt":"2025-02-17T06:20:16","guid":{"rendered":"https:\/\/vavcase.com\/?post_type=product&#038;p=2358"},"modified":"2025-12-15T08:52:43","modified_gmt":"2025-12-15T08:52:43","slug":"cool-x-box-series-x-skin-set%ef%bc%8cfashion-protector-wrap-cover-protective-faceplate-full-set-compatible-with-x-box-series-x-console","status":"publish","type":"product","link":"https:\/\/vavcase.com\/de\/produkt\/cool-x-box-serie-x-skin-set\uff0cfashion-protector-wrap-cover-protective-faceplate-full-set-compatible-with-x-box-serie-x-console\/","title":{"rendered":"Cool X-Box Serie X Skin Set, Mode Protector Wrap Cover Protective Faceplate Full Set Kompatibel mit X-Box Serie X Konsole"},"content":{"rendered":"<h2>Informationen zum Produkt<\/h2>\n<div class=\"a-row a-spacing-top-base\">\n<div class=\"a-column a-span6\">\n<div class=\"a-row a-spacing-base\">\n<div class=\"a-row a-expander-container a-expander-extend-container\">\n<div class=\"a-row\">\n<div class=\"a-column a-span6\">\n<h3 class=\"a-size-medium a-spacing-small\">Technische Details<\/h3>\n<\/div>\n<\/div>\n<div class=\"a-expander-content a-expander-extend-content\" data-expanded=\"true\">\n<div class=\"a-row a-expander-container a-expander-inline-container\">\n<div class=\"a-expander-content a-expander-section-content a-section-expander-inner\" data-expanded=\"true\">\n<table id=\"productDetails_techSpec_section_1\" class=\"a-keyvalue prodDetTable\" role=\"presentation\">\n<tbody>\n<tr>\n<th class=\"a-color-secondary a-size-base prodDetSectionEntry\">Marke<\/th>\n<td class=\"a-size-base prodDetAttrValue\">BOZTYRI<\/td>\n<\/tr>\n<tr>\n<th class=\"a-color-secondary a-size-base prodDetSectionEntry\">Hersteller<\/th>\n<td class=\"a-size-base prodDetAttrValue\">xbox<\/td>\n<\/tr>\n<tr>\n<th class=\"a-color-secondary a-size-base prodDetSectionEntry\">Modell<\/th>\n<td class=\"a-size-base prodDetAttrValue\">Xbox Serie X<\/td>\n<\/tr>\n<tr>\n<th class=\"a-color-secondary a-size-base prodDetSectionEntry\">Abmessungen der Verpackung<\/th>\n<td class=\"a-size-base prodDetAttrValue\">31,5 x 17,81 x 0,79 cm; 91 g<\/td>\n<\/tr>\n<tr>\n<th class=\"a-color-secondary a-size-base prodDetSectionEntry\">Modellnummer des Artikels<\/th>\n<td class=\"a-size-base prodDetAttrValue\">Xbox Serie X<\/td>\n<\/tr>\n<tr>\n<th class=\"a-color-secondary a-size-base prodDetSectionEntry\">Hardware-Plattform<\/th>\n<td class=\"a-size-base prodDetAttrValue\">xbox<\/td>\n<\/tr>\n<tr>\n<th class=\"a-color-secondary a-size-base prodDetSectionEntry\">Kompatible Ger\u00e4te<\/th>\n<td class=\"a-size-base prodDetAttrValue\">Spielkonsole<\/td>\n<\/tr>\n<tr>\n<th class=\"a-color-secondary a-size-base prodDetSectionEntry\">Besondere Merkmale<\/th>\n<td class=\"a-size-base prodDetAttrValue\">kratzfest<\/td>\n<\/tr>\n<tr>\n<th class=\"a-color-secondary a-size-base prodDetSectionEntry\">Technologie zur Bildstabilisierung<\/th>\n<td class=\"a-size-base prodDetAttrValue\">digital<\/td>\n<\/tr>\n<tr>\n<th class=\"a-color-secondary a-size-base prodDetSectionEntry\">Inklusive Batterien<\/th>\n<td class=\"a-size-base prodDetAttrValue\">Nein<\/td>\n<\/tr>\n<tr>\n<th class=\"a-color-secondary a-size-base prodDetSectionEntry\">Erforderliche Batterien<\/th>\n<td class=\"a-size-base prodDetAttrValue\">Nein<\/td>\n<\/tr>\n<tr>\n<th class=\"a-color-secondary a-size-base prodDetSectionEntry\">Material<\/th>\n<td class=\"a-size-base prodDetAttrValue\">Vinyl<\/td>\n<\/tr>\n<tr>\n<th class=\"a-color-secondary a-size-base prodDetSectionEntry\">Formfaktor<\/th>\n<td class=\"a-size-base prodDetAttrValue\">Abdeckung<\/td>\n<\/tr>\n<tr>\n<th class=\"a-color-secondary a-size-base prodDetSectionEntry\">Objektiv-Typ<\/th>\n<td class=\"a-size-base prodDetAttrValue\">Standard<\/td>\n<\/tr>\n<tr>\n<th class=\"a-color-secondary a-size-base prodDetSectionEntry\">Hersteller<\/th>\n<td class=\"a-size-base prodDetAttrValue\">xbox<\/td>\n<\/tr>\n<tr>\n<th class=\"a-color-secondary a-size-base prodDetSectionEntry\">Herkunftsland<\/th>\n<td class=\"a-size-base prodDetAttrValue\">China<\/td>\n<\/tr>\n<tr>\n<th class=\"a-color-secondary a-size-base prodDetSectionEntry\">Artikel Gewicht<\/th>\n<td class=\"a-size-base prodDetAttrValue\">91 g<\/td>\n<\/tr>\n<\/tbody>\n<\/table>\n<\/div>\n<\/div>\n<\/div>\n<\/div>\n<\/div>\n<\/div>\n<\/div>","protected":false},"excerpt":{"rendered":"<p><strong>Paketinhalt:<\/strong> Zwei Xbox Series X Controller-H\u00fcllen.1 Xbox Series X Konsolen-Skin. \ud83d\ude80Die Kompatibilit\u00e4t ist auf die Xbox Serie beschr\u00e4nkt. <strong>X. Materialien von h\u00f6chster Qualit\u00e4t:<\/strong>Unser Skin-Material ist ein erstklassiges Vinylmaterial, das einfach anzubringen und zu entfernen ist. Es ist kratzfest, hinterl\u00e4sst keine R\u00fcckst\u00e4nde und ist passgenau, ohne Tasten oder Sensoren zu beeintr\u00e4chtigen.<\/p>\n<p><strong>Schutz vor Abnutzung und Verschlei\u00df:<\/strong> Sch\u00fctzt vor Kratzern und Staub durch den t\u00e4glichen Gebrauch. Bietet den effektivsten grundlegenden Schutz bei gleichzeitiger Beibehaltung eines modischen Aussehens.<br \/>\n<strong>Verbessern Sie die Sichtbarkeit Ihrer Xbox:<\/strong> Erkunden Sie unsere vielf\u00e4ltige Auswahl an Designs, um dasjenige zu finden, das am besten zu Ihren W\u00fcnschen passt.<\/p>","protected":false},"featured_media":2366,"comment_status":"open","ping_status":"closed","template":"","meta":[],"product_brand":[],"product_cat":[71,56],"product_tag":[],"class_list":{"0":"post-2358","1":"product","2":"type-product","3":"status-publish","4":"has-post-thumbnail","6":"product_cat-custom-console-covers","7":"product_cat-custom-shells-skins","9":"first","10":"instock","11":"shipping-taxable","12":"purchasable","13":"product-type-simple"},"_links":{"self":[{"href":"https:\/\/vavcase.com\/de\/wp-json\/wp\/v2\/product\/2358","targetHints":{"allow":["GET"]}}],"collection":[{"href":"https:\/\/vavcase.com\/de\/wp-json\/wp\/v2\/product"}],"about":[{"href":"https:\/\/vavcase.com\/de\/wp-json\/wp\/v2\/types\/product"}],"replies":[{"embeddable":true,"href":"https:\/\/vavcase.com\/de\/wp-json\/wp\/v2\/comments?post=2358"}],"wp:featuredmedia":[{"embeddable":true,"href":"https:\/\/vavcase.com\/de\/wp-json\/wp\/v2\/media\/2366"}],"wp:attachment":[{"href":"https:\/\/vavcase.com\/de\/wp-json\/wp\/v2\/media?parent=2358"}],"wp:term":[{"taxonomy":"product_brand","embeddable":true,"href":"https:\/\/vavcase.com\/de\/wp-json\/wp\/v2\/product_brand?post=2358"},{"taxonomy":"product_cat","embeddable":true,"href":"https:\/\/vavcase.com\/de\/wp-json\/wp\/v2\/product_cat?post=2358"},{"taxonomy":"product_tag","embeddable":true,"href":"https:\/\/vavcase.com\/de\/wp-json\/wp\/v2\/product_tag?post=2358"}],"curies":[{"name":"wp","href":"https:\/\/api.w.org\/{rel}","templated":true}]}}