{"id":2367,"date":"2025-02-17T06:24:16","date_gmt":"2025-02-17T06:24:16","guid":{"rendered":"https:\/\/vavcase.com\/?post_type=product&#038;p=2367"},"modified":"2025-12-15T05:42:35","modified_gmt":"2025-12-15T05:42:35","slug":"pss-faceplate-for-ps5-slim-disc-edition-ps5-slim-faceplate-replacement-hard-case-shell-cover-side-plates-for-ps5","status":"publish","type":"product","link":"https:\/\/vavcase.com\/de\/produkt\/pss-faceplate-fur-ps5-slim-disc-edition-ps5-slim-faceplate-ersatz-hartes-gehause-schale-abdeckung-seitenplatten-fur-ps5\/","title":{"rendered":"PSS Faceplate f\u00fcr PS5 Slim Disc Edition, PS5 Slim Faceplate, Ersatz-Hartschalendeckel Seitenplatten f\u00fcr PS5"},"content":{"rendered":"<h2>Informationen zum Produkt<\/h2>\n<div class=\"a-row a-spacing-top-base\">\n<div class=\"a-column a-span6\">\n<div class=\"a-row a-spacing-base\">\n<div class=\"a-row a-expander-container a-expander-extend-container\">\n<div class=\"a-row\">\n<div class=\"a-column a-span6\">\n<h3 class=\"a-size-medium a-spacing-small\">Technische Details<\/h3>\n<\/div>\n<\/div>\n<div class=\"a-expander-content a-expander-extend-content\" data-expanded=\"true\">\n<div class=\"a-row a-expander-container a-expander-inline-container\">\n<div class=\"a-expander-content a-expander-section-content a-section-expander-inner\" data-expanded=\"true\">\n<table id=\"productDetails_techSpec_section_1\" class=\"a-keyvalue prodDetTable\" role=\"presentation\">\n<tbody>\n<tr>\n<th class=\"a-color-secondary a-size-base prodDetSectionEntry\">Marke<\/th>\n<td class=\"a-size-base prodDetAttrValue\">PSS<\/td>\n<\/tr>\n<tr>\n<th class=\"a-color-secondary a-size-base prodDetSectionEntry\">Hersteller<\/th>\n<td class=\"a-size-base prodDetAttrValue\">PSS, pssales1984@gmail.com, PSS<\/td>\n<\/tr>\n<tr>\n<th class=\"a-color-secondary a-size-base prodDetSectionEntry\">Name des Modells<\/th>\n<td class=\"a-size-base prodDetAttrValue\">Frontplatte f\u00fcr PS5 Slim Spidy Edition<\/td>\n<\/tr>\n<tr>\n<th class=\"a-color-secondary a-size-base prodDetSectionEntry\">Abmessungen der Verpackung<\/th>\n<td class=\"a-size-base prodDetAttrValue\">28 x 25 x 9 cm; 700 g<\/td>\n<\/tr>\n<tr>\n<th class=\"a-color-secondary a-size-base prodDetSectionEntry\">Hardware-Plattform<\/th>\n<td class=\"a-size-base prodDetAttrValue\">PS5 Schlank<\/td>\n<\/tr>\n<tr>\n<th class=\"a-color-secondary a-size-base prodDetSectionEntry\">Erforderliche Batterien<\/th>\n<td class=\"a-size-base prodDetAttrValue\">Nein<\/td>\n<\/tr>\n<tr>\n<th class=\"a-color-secondary a-size-base prodDetSectionEntry\">Material<\/th>\n<td class=\"a-size-base prodDetAttrValue\">Kunststoff<\/td>\n<\/tr>\n<tr>\n<th class=\"a-color-secondary a-size-base prodDetSectionEntry\">Hersteller<\/th>\n<td class=\"a-size-base prodDetAttrValue\">PSS, pssales1984@gmail.com<\/td>\n<\/tr>\n<tr>\n<th class=\"a-color-secondary a-size-base prodDetSectionEntry\">Artikel Gewicht<\/th>\n<td class=\"a-size-base prodDetAttrValue\">700 g<\/td>\n<\/tr>\n<\/tbody>\n<\/table>\n<\/div>\n<\/div>\n<\/div>\n<\/div>\n<\/div>\n<\/div>\n<\/div>","protected":false},"excerpt":{"rendered":"<p><strong>NEUES UND ELEGANTES AUSSEHEN:<\/strong> Die PStation 5 Slim Faceplate f\u00fcr die Disc Edition ist eine stilvolle und elegante Erweiterung, die Ihr Spielerlebnis verbessern wird. Diese Platten sind so konzipiert, dass sie sich nahtlos in Ihre PS5 Slim-Konsole integrieren und ein hochwertiges Erscheinungsbild bieten, das Ihr Gaming-Setup aufwertet.<br \/>\n<strong>VERBESSERTES DESIGN:<\/strong>\u00a0 Diese PS5-Slim-Platten bestehen aus einer widerstandsf\u00e4higen Schale, die Ihre Konsole vor Kratzern und Schrammen sch\u00fctzt und Ihrem Ger\u00e4t gleichzeitig eine pers\u00f6nliche Note verleiht. Sie sind aus hochwertigen Materialien gefertigt. Die PSS ps5 slim Faceplate ist eine ausgezeichnete Wahl f\u00fcr Gamer, die ihren Stil zeigen wollen, da sie ein gewisses Ma\u00df an Raffinesse und Klasse verleiht.<br \/>\n<strong>QUALIT\u00c4TSVERBESSERUNG:<\/strong> Verbessern Sie Ihr Spielerlebnis mit dem PS 5 Slim Faceplate, der ersten Wahl f\u00fcr Gamer, die ihre Konsole mit einem erstklassigen, hochwertigen \u00c4u\u00dferen, das sowohl Schutz als auch Stil bietet, personalisieren m\u00f6chten.<\/p>\n<p><strong>EINFACHE MONTAGE UND DEMONTAGE:<\/strong> Die PS5 Slim Abdeckungen f\u00fcr die Disc Edition sind unglaublich einfach anzubringen und zu entfernen, so dass Sie Ihr Erscheinungsbild ganz einfach \u00e4ndern k\u00f6nnen, wann immer Sie wollen. Diese Platten sind die ideale L\u00f6sung f\u00fcr diejenigen, die mit anderen Farben mischen und kombinieren m\u00f6chten oder Lust auf ein bestimmtes Design haben.<br \/>\nDiese Blende ist ausschlie\u00dflich mit der PS5 Slim-Variante kompatibel und nicht mit dem regul\u00e4ren PS5-Modell. Bitte beachten Sie, dass die PS5-Konsole nicht enthalten ist.<\/p>","protected":false},"featured_media":2372,"comment_status":"open","ping_status":"closed","template":"","meta":[],"product_brand":[],"product_cat":[71,56],"product_tag":[],"class_list":{"0":"post-2367","1":"product","2":"type-product","3":"status-publish","4":"has-post-thumbnail","6":"product_cat-custom-console-covers","7":"product_cat-custom-shells-skins","9":"first","10":"instock","11":"featured","12":"shipping-taxable","13":"purchasable","14":"product-type-simple"},"_links":{"self":[{"href":"https:\/\/vavcase.com\/de\/wp-json\/wp\/v2\/product\/2367","targetHints":{"allow":["GET"]}}],"collection":[{"href":"https:\/\/vavcase.com\/de\/wp-json\/wp\/v2\/product"}],"about":[{"href":"https:\/\/vavcase.com\/de\/wp-json\/wp\/v2\/types\/product"}],"replies":[{"embeddable":true,"href":"https:\/\/vavcase.com\/de\/wp-json\/wp\/v2\/comments?post=2367"}],"wp:featuredmedia":[{"embeddable":true,"href":"https:\/\/vavcase.com\/de\/wp-json\/wp\/v2\/media\/2372"}],"wp:attachment":[{"href":"https:\/\/vavcase.com\/de\/wp-json\/wp\/v2\/media?parent=2367"}],"wp:term":[{"taxonomy":"product_brand","embeddable":true,"href":"https:\/\/vavcase.com\/de\/wp-json\/wp\/v2\/product_brand?post=2367"},{"taxonomy":"product_cat","embeddable":true,"href":"https:\/\/vavcase.com\/de\/wp-json\/wp\/v2\/product_cat?post=2367"},{"taxonomy":"product_tag","embeddable":true,"href":"https:\/\/vavcase.com\/de\/wp-json\/wp\/v2\/product_tag?post=2367"}],"curies":[{"name":"wp","href":"https:\/\/api.w.org\/{rel}","templated":true}]}}