{"id":2380,"date":"2025-02-17T06:36:37","date_gmt":"2025-02-17T06:36:37","guid":{"rendered":"https:\/\/vavcase.com\/?post_type=product&#038;p=2380"},"modified":"2025-02-17T06:36:37","modified_gmt":"2025-02-17T06:36:37","slug":"extremerate-full-set-shell-buttons-for-xbox-series-x-s-controller","status":"publish","type":"product","link":"https:\/\/vavcase.com\/de\/produkt\/extremer-satz-schalentasten-fur-xbox-serie-x-s-controller\/","title":{"rendered":"eXtremeRate Full Set Shell Buttons f\u00fcr Xbox Series X &amp; S Controller"},"content":{"rendered":"<h2>Informationen zum Produkt<\/h2>\n<div class=\"a-row a-spacing-top-base\">\n<div class=\"a-column a-span6\">\n<div class=\"a-row a-spacing-base\">\n<div class=\"a-section table-padding\">\n<table id=\"productDetails_detailBullets_sections1\" class=\"a-keyvalue prodDetTable\" role=\"presentation\">\n<tbody>\n<tr>\n<th class=\"a-color-secondary a-size-base prodDetSectionEntry\">Produkt Abmessungen<\/th>\n<td class=\"a-size-base prodDetAttrValue\">2,76\u2033B x 0,59\u2033H<\/td>\n<\/tr>\n<tr>\n<th class=\"a-color-secondary a-size-base prodDetSectionEntry\">Hersteller<\/th>\n<td class=\"a-size-base prodDetAttrValue\">Extreme<\/td>\n<\/tr>\n<tr>\n<th class=\"a-color-secondary a-size-base prodDetSectionEntry\">ASIN<\/th>\n<td class=\"a-size-base prodDetAttrValue\">B08RYJL53F<\/td>\n<\/tr>\n<tr>\n<th class=\"a-color-secondary a-size-base prodDetSectionEntry\">Kundenrezensionen<\/th>\n<td class=\"a-size-base\">\n<div id=\"averageCustomerReviews\" data-asin=\"B08RYJL53F\" data-ref=\"dpx_acr_pop_\"><span class=\"a-declarative\" data-action=\"acrStarsLink-click-metrics\" data-acrstarslink-click-metrics=\"{}\"><span id=\"acrPopover\" class=\"reviewCountTextLinkedHistogram noUnderline\" title=\"4,5 von 5 Sternen\"><a class=\"a-popover-trigger a-declarative\" role=\"button\"><span class=\"a-size-base a-color-base\">4.5\u00a0<\/span><i class=\"a-icon a-icon-star a-star-4-5 cm-cr-review-stars-spacing-big\"><span class=\"a-icon-alt\">4,5 von 5 Sternen<\/span><\/i>\u00a0<i class=\"a-icon a-icon-popover\"><\/i><\/a>\u00a0\u00a0<\/span><\/span>\u00a0<span class=\"a-declarative\" data-action=\"acrLink-click-metrics\" data-acrlink-click-metrics=\"{}\"><a id=\"acrCustomerReviewLink\" class=\"a-link-normal\" href=\"https:\/\/www.amazon.com\/eXtremeRate-Transparent-Controller-Housing-Replacement\/dp\/B08RYJL53F\/ref=sr_1_9?crid=EUP4YHA2D3KA&amp;dib=eyJ2IjoiMSJ9.jEXY5_0G06Nl6-QL1wVlh5I3v0AZh0oirXGzOZiX_nVnghQsTi9tXAUMEFRcxTP7BG9ZsqKfjXoZEEqNnzTSvzJfGJRkViFMDNTtNYZ-ByKp19Sz_6p96XcTlXSIxD7SL1KcrO8LS5PSr-QXAehMp4tcnYYifpfnb5HXclho_Dx-VVdGkbaXjlYYLkKXMRkrJO89p3FZOymB0RMGAh1ZW15arsmrQ9jo4OylX-NMMd8.7TaPg7fg50ejGNXgg8h5LcrgWpL4nmf-ITa3389G1ik&amp;dib_tag=se&amp;keywords=%E2%80%A2%2BController%2BShells&amp;qid=1739773506&amp;sprefix=controller%2Bshells%2B%2Caps%2C1031&amp;sr=8-9&amp;th=1#customerReviews\"><span id=\"acrCustomerReviewText\" class=\"a-size-base\">708 Bewertungen<\/span><\/a><\/span><\/div>\n<p>4,5 von 5 Sternen<\/td>\n<\/tr>\n<tr>\n<th class=\"a-color-secondary a-size-base prodDetSectionEntry\">Meistverkaufter Rang<\/th>\n<td>#10,394 in Videospiele (<a href=\"https:\/\/www.amazon.com\/gp\/bestsellers\/videogames\/ref=pd_zg_ts_videogames\">Siehe Top 100 in Videospiele<\/a>)<br \/>\n#49 in\u00a0<a href=\"https:\/\/www.amazon.com\/gp\/bestsellers\/videogames\/23568180011\/ref=pd_zg_hrsr_videogames\">Xbox Serie X &amp; S Zubeh\u00f6r-Kits<\/a><\/td>\n<\/tr>\n<tr>\n<th class=\"a-color-secondary a-size-base prodDetSectionEntry\">Art der Position<\/th>\n<td class=\"a-size-base prodDetAttrValue\">Elektronik<\/td>\n<\/tr>\n<tr>\n<th class=\"a-color-secondary a-size-base prodDetSectionEntry\">Modellnummer des Artikels<\/th>\n<td class=\"a-size-base prodDetAttrValue\">QX3M505<\/td>\n<\/tr>\n<tr>\n<th class=\"a-color-secondary a-size-base prodDetSectionEntry\">Artikel Gewicht<\/th>\n<td class=\"a-size-base prodDetAttrValue\">1,76 Unzen<\/td>\n<\/tr>\n<\/tbody>\n<\/table>\n<\/div>\n<\/div>\n<\/div>\n<\/div>","protected":false},"excerpt":{"rendered":"<p><strong>Kompatibilit\u00e4t Modell:<\/strong> Der Ultra ist mit den Xbox Series X und Xbox Series S Controllern kompatibel; er ist jedoch nicht mit anderen Xbox One Controllern kompatibel. Bevor Sie einen Kauf t\u00e4tigen, \u00fcberpr\u00fcfen Sie bitte das zweite Bild der Auflistung.<br \/>\n<strong>Optimale Passform:<\/strong> Die mit Abstand geeignetste Variante; Passt an allen Seiten b\u00fcndig; Sitzt sicher auf allen Verbindungselementen.<br \/>\nFolgende Teile sind im Paket enthalten: 1 Frontplatte, 1 R\u00fcckplatte, 1 linke Seitenschiene, 1 rechte Seitenschiene, 2 Daumensticks, 1 kompletter Tastensatz, 1 Werkzeug zum \u00d6ffnen des Geh\u00e4uses, 2 Schraubendreher und 17 Schrauben (wichtig: Der Controller und andere Komponenten sind nicht enthalten).<\/p>\n<p><strong>Einfach zu installieren:<\/strong> Demontieren Sie die urspr\u00fcngliche Frontplatte des Controllers und ersetzen Sie sie durch die eXtremeRate H\u00fclle. Eine Videoanleitung zur Installation erhalten Sie, indem Sie auf YouTube nach \"eXtremeRate Full Set Shell for Xbox Series X\/S\" oder \"_n2UYBeixl8\" suchen.<br \/>\n<strong>Personalisierung:<\/strong> Aus hochwertigem ABS-Material gefertigt, ist dieser Artikel sowohl praktisch als auch langlebig. Die durchscheinende atomare lila Farbe ist wirklich atemberaubend.<\/p>","protected":false},"featured_media":2382,"comment_status":"open","ping_status":"closed","template":"","meta":[],"product_brand":[],"product_cat":[72,56],"product_tag":[],"class_list":{"0":"post-2380","1":"product","2":"type-product","3":"status-publish","4":"has-post-thumbnail","6":"product_cat-controller-shells","7":"product_cat-custom-shells-skins","9":"first","10":"instock","11":"shipping-taxable","12":"purchasable","13":"product-type-simple"},"_links":{"self":[{"href":"https:\/\/vavcase.com\/de\/wp-json\/wp\/v2\/product\/2380","targetHints":{"allow":["GET"]}}],"collection":[{"href":"https:\/\/vavcase.com\/de\/wp-json\/wp\/v2\/product"}],"about":[{"href":"https:\/\/vavcase.com\/de\/wp-json\/wp\/v2\/types\/product"}],"replies":[{"embeddable":true,"href":"https:\/\/vavcase.com\/de\/wp-json\/wp\/v2\/comments?post=2380"}],"wp:featuredmedia":[{"embeddable":true,"href":"https:\/\/vavcase.com\/de\/wp-json\/wp\/v2\/media\/2382"}],"wp:attachment":[{"href":"https:\/\/vavcase.com\/de\/wp-json\/wp\/v2\/media?parent=2380"}],"wp:term":[{"taxonomy":"product_brand","embeddable":true,"href":"https:\/\/vavcase.com\/de\/wp-json\/wp\/v2\/product_brand?post=2380"},{"taxonomy":"product_cat","embeddable":true,"href":"https:\/\/vavcase.com\/de\/wp-json\/wp\/v2\/product_cat?post=2380"},{"taxonomy":"product_tag","embeddable":true,"href":"https:\/\/vavcase.com\/de\/wp-json\/wp\/v2\/product_tag?post=2380"}],"curies":[{"name":"wp","href":"https:\/\/api.w.org\/{rel}","templated":true}]}}