{"id":2389,"date":"2025-02-17T06:41:44","date_gmt":"2025-02-17T06:41:44","guid":{"rendered":"https:\/\/vavcase.com\/?post_type=product&#038;p=2389"},"modified":"2025-02-17T06:41:44","modified_gmt":"2025-02-17T06:41:44","slug":"touchpad-front-shell-compatible-with-ps5-controller","status":"publish","type":"product","link":"https:\/\/vavcase.com\/de\/produkt\/touchpad-frontschale-kompatibel-mit-ps5-controller\/","title":{"rendered":"Touchpad Front Shell Kompatibel mit PS5 Controller"},"content":{"rendered":"<h2>Informationen zum Produkt<\/h2>\n<div class=\"a-row a-spacing-top-base\">\n<div class=\"a-column a-span6\">\n<div class=\"a-row a-spacing-base\">\n<div class=\"a-section table-padding\">\n<table id=\"productDetails_detailBullets_sections1\" class=\"a-keyvalue prodDetTable\" role=\"presentation\">\n<tbody>\n<tr>\n<th class=\"a-color-secondary a-size-base prodDetSectionEntry\">Abmessungen der Verpackung<\/th>\n<td class=\"a-size-base prodDetAttrValue\">6,6 x 4,5 x 0,9 Zoll<\/td>\n<\/tr>\n<tr>\n<th class=\"a-color-secondary a-size-base prodDetSectionEntry\">Artikel Gewicht<\/th>\n<td class=\"a-size-base prodDetAttrValue\">4 Unzen<\/td>\n<\/tr>\n<tr>\n<th class=\"a-color-secondary a-size-base prodDetSectionEntry\">ASIN<\/th>\n<td class=\"a-size-base prodDetAttrValue\">B0DMW2SFHL<\/td>\n<\/tr>\n<tr>\n<th class=\"a-color-secondary a-size-base prodDetSectionEntry\">Modellnummer des Artikels<\/th>\n<td class=\"a-size-base prodDetAttrValue\">CF-2189S<\/td>\n<\/tr>\n<tr>\n<th class=\"a-color-secondary a-size-base prodDetSectionEntry\">Meistverkaufter Rang<\/th>\n<td>#41,276 in Videospielen (<a href=\"https:\/\/www.amazon.com\/gp\/bestsellers\/videogames\/ref=pd_zg_ts_videogames\">Siehe Top 100 in Videospiele<\/a>)<br \/>\n#195 in\u00a0<a href=\"https:\/\/www.amazon.com\/gp\/bestsellers\/videogames\/23577568011\/ref=pd_zg_hrsr_videogames\">PlayStation 5 Faceplates<\/a><\/td>\n<\/tr>\n<tr>\n<th class=\"a-color-secondary a-size-base prodDetSectionEntry\">Datum der Erstverf\u00fcgbarkeit<\/th>\n<td class=\"a-size-base prodDetAttrValue\">1. Dezember 2024<\/td>\n<\/tr>\n<tr>\n<th class=\"a-color-secondary a-size-base prodDetSectionEntry\">Hersteller<\/th>\n<td class=\"a-size-base prodDetAttrValue\">Shen Zhen Shi Fei Hu Yu You Xian Gong Si<\/td>\n<\/tr>\n<tr>\n<th class=\"a-color-secondary a-size-base prodDetSectionEntry\">Sprache<\/th>\n<td class=\"a-size-base prodDetAttrValue\">Englisch<\/td>\n<\/tr>\n<\/tbody>\n<\/table>\n<\/div>\n<\/div>\n<\/div>\n<\/div>","protected":false},"excerpt":{"rendered":"<p><strong>DIY-Kompatibilit\u00e4t:<\/strong> Diese ma\u00dfgefertigten Ersatz-Frontschalen und -Verkleidungen sind vollst\u00e4ndig kompatibel mit allen PS5-Controllermodellen, einschlie\u00dflich BDM-010, BDM-020, BDM-030, BDM-040 und BDM-050. Sie sind nicht mit Controllern anderer Marken kompatibel.<br \/>\n<strong>Pr\u00e4zise Anpassung:<\/strong> Das Ersatzgeh\u00e4use f\u00fcr den PS5-Controller ist mit pr\u00e4zisionsgeschnittenen Kanten versehen, die v\u00f6llig b\u00fcndig mit dem Originalgeh\u00e4use abschlie\u00dfen und frei von Graten sind. Dies garantiert eine einwandfreie Installation und Passform, was zu einem frischen und modernen Aussehen f\u00fcr Ihren PS5-Controller f\u00fchrt.<br \/>\n<strong>Individuelles Heimwerken:<\/strong> Mit unserem DIY-Panel k\u00f6nnen Sie Ihren PS5-Controller nach Ihren W\u00fcnschen gestalten, indem Sie aus einer gro\u00dfen Auswahl an Farben und Stilen w\u00e4hlen. Durch die Kombination unserer Thumbstick-Pakete k\u00f6nnen Sie ein unverwechselbares Spielerlebnis schaffen, das Ihren pers\u00f6nlichen Stil widerspiegelt.<\/p>\n<p><strong>Einfache Installation:<\/strong> Das Faceplate-Custom-Touchpad-Cover-Ersatz-Kit ist mit allen notwendigen Werkzeugen ausgestattet, um das Entfernen der Original-Controller-Abdeckung und den Austausch dieses Zubeh\u00f6rs zu erleichtern und so ein optimales Spielerlebnis zu gew\u00e4hrleisten.<br \/>\n<strong>Inhalt des Pakets:<\/strong>1* Faceplate-Schale, 1* Touchpad-Schale und -Halterung, 1* Deko-Schale, 1* Werkzeug zum \u00d6ffnen der Schale, 1* Schraubendreher, 3* Ersatzbefestigungen und 1* Thumbsticks-Kit sind in jedem Paket enthalten. Bitte beachten Sie, dass der Controller und alle anderen Komponenten nicht enthalten sind.<\/p>","protected":false},"featured_media":2396,"comment_status":"open","ping_status":"closed","template":"","meta":[],"product_brand":[],"product_cat":[72,56],"product_tag":[],"class_list":{"0":"post-2389","1":"product","2":"type-product","3":"status-publish","4":"has-post-thumbnail","6":"product_cat-controller-shells","7":"product_cat-custom-shells-skins","9":"first","10":"instock","11":"shipping-taxable","12":"purchasable","13":"product-type-simple"},"_links":{"self":[{"href":"https:\/\/vavcase.com\/de\/wp-json\/wp\/v2\/product\/2389","targetHints":{"allow":["GET"]}}],"collection":[{"href":"https:\/\/vavcase.com\/de\/wp-json\/wp\/v2\/product"}],"about":[{"href":"https:\/\/vavcase.com\/de\/wp-json\/wp\/v2\/types\/product"}],"replies":[{"embeddable":true,"href":"https:\/\/vavcase.com\/de\/wp-json\/wp\/v2\/comments?post=2389"}],"wp:featuredmedia":[{"embeddable":true,"href":"https:\/\/vavcase.com\/de\/wp-json\/wp\/v2\/media\/2396"}],"wp:attachment":[{"href":"https:\/\/vavcase.com\/de\/wp-json\/wp\/v2\/media?parent=2389"}],"wp:term":[{"taxonomy":"product_brand","embeddable":true,"href":"https:\/\/vavcase.com\/de\/wp-json\/wp\/v2\/product_brand?post=2389"},{"taxonomy":"product_cat","embeddable":true,"href":"https:\/\/vavcase.com\/de\/wp-json\/wp\/v2\/product_cat?post=2389"},{"taxonomy":"product_tag","embeddable":true,"href":"https:\/\/vavcase.com\/de\/wp-json\/wp\/v2\/product_tag?post=2389"}],"curies":[{"name":"wp","href":"https:\/\/api.w.org\/{rel}","templated":true}]}}