{"id":2397,"date":"2025-02-17T06:48:10","date_gmt":"2025-02-17T06:48:10","guid":{"rendered":"https:\/\/vavcase.com\/?post_type=product&#038;p=2397"},"modified":"2025-02-17T06:48:10","modified_gmt":"2025-02-17T06:48:10","slug":"extremerate-nine-tailed-fox-touchpad-front-top-shell-compatible-with-ps5-controller","status":"publish","type":"product","link":"https:\/\/vavcase.com\/de\/produkt\/extreme-neun-schwanz-fuchs-touchpad-vordere-oberschale-kompatibel-mit-ps5-controller\/","title":{"rendered":"eXtremeRate Nine-tailed Fox Touchpad Front Top Shell Kompatibel mit ps5 Controller"},"content":{"rendered":"<p><span class=\"a-text-bold\">Produktmerkmal:<\/span><\/p>\n<ul class=\"a-unordered-list a-vertical\">\n<li><span class=\"a-list-item\"><span class=\"a-text-bold\">Hergestellt aus haltbarem, ungiftigem ABS-Kunststoff.<\/span>\u00a0Geruchsneutral.<\/span><\/li>\n<li><span class=\"a-list-item\">Vollst\u00e4ndig b\u00fcndig auf allen Seiten; sitzt richtig auf allen Clips.<\/span><\/li>\n<li><span class=\"a-list-item\">Personalisieren Sie Ihren Controller.<\/span><\/li>\n<li><span class=\"a-list-item\">Es ist eine sch\u00f6ne Abwechslung zu einem langweiligen normalen Wei\u00df, ohne viel Geld auszugeben.<\/span><\/li>\n<\/ul>\n<h3 class=\"a-spacing-mini\">Das Paket enth\u00e4lt:<\/h3>\n<ul class=\"a-unordered-list a-vertical\">\n<li><span class=\"a-list-item\">1* Frontplatte Schale<\/span><\/li>\n<li><span class=\"a-list-item\">1* Touchpad-Schale<\/span><\/li>\n<li><span class=\"a-list-item\">1* Touchpad-Halterungsset<\/span><\/li>\n<li><span class=\"a-list-item\">1* Werkzeug zum \u00d6ffnen der Schale<\/span><\/li>\n<li><span class=\"a-list-item\">1* Schraubenzieher<\/span><\/li>\n<li><span class=\"a-list-item\">13* Schrauben<\/span><\/li>\n<li><span class=\"a-list-item\"><span class=\"a-text-bold\">Hinweis: Der Controller, das Touchpad und andere Teile sind nicht im Lieferumfang enthalten!<\/span><\/span><\/li>\n<\/ul>\n<h2>Informationen zum Produkt<\/h2>\n<div class=\"a-row a-spacing-top-base\">\n<div class=\"a-column a-span6\">\n<div class=\"a-row a-spacing-base\">\n<div class=\"a-section table-padding\">\n<table id=\"productDetails_detailBullets_sections1\" class=\"a-keyvalue prodDetTable\" role=\"presentation\">\n<tbody>\n<tr>\n<th class=\"a-color-secondary a-size-base prodDetSectionEntry\">Produkt Abmessungen<\/th>\n<td class=\"a-size-base prodDetAttrValue\">3,54\u2033B x 0,59\u2033H<\/td>\n<\/tr>\n<tr>\n<th class=\"a-color-secondary a-size-base prodDetSectionEntry\">Hersteller<\/th>\n<td class=\"a-size-base prodDetAttrValue\">Extreme<\/td>\n<\/tr>\n<tr>\n<th class=\"a-color-secondary a-size-base prodDetSectionEntry\">Artikel Gewicht<\/th>\n<td class=\"a-size-base prodDetAttrValue\">1,06 Unzen<\/td>\n<\/tr>\n<tr>\n<th class=\"a-color-secondary a-size-base prodDetSectionEntry\">ASIN<\/th>\n<td class=\"a-size-base prodDetAttrValue\">B0BXCJCPYJ<\/td>\n<\/tr>\n<tr>\n<th class=\"a-color-secondary a-size-base prodDetSectionEntry\">Modellnummer des Artikels<\/th>\n<td class=\"a-size-base prodDetAttrValue\">ZPFT1082G3<\/td>\n<\/tr>\n<tr>\n<th class=\"a-color-secondary a-size-base prodDetSectionEntry\">Kundenrezensionen<\/th>\n<td class=\"a-size-base\">\n<div id=\"averageCustomerReviews\" data-asin=\"B0BXCJCPYJ\" data-ref=\"dpx_acr_pop_\"><span class=\"a-declarative\" data-action=\"acrStarsLink-click-metrics\" data-acrstarslink-click-metrics=\"{}\"><span id=\"acrPopover\" class=\"reviewCountTextLinkedHistogram noUnderline\" title=\"4,4 von 5 Sternen\"><a class=\"a-popover-trigger a-declarative\" role=\"button\"><span class=\"a-size-base a-color-base\">4.4\u00a0<\/span><i class=\"a-icon a-icon-star a-star-4-5 cm-cr-review-stars-spacing-big\"><span class=\"a-icon-alt\">4,4 von 5 Sternen<\/span><\/i>\u00a0<i class=\"a-icon a-icon-popover\"><\/i><\/a>\u00a0\u00a0<\/span><\/span>\u00a0<span class=\"a-declarative\" data-action=\"acrLink-click-metrics\" data-acrlink-click-metrics=\"{}\"><a id=\"acrCustomerReviewLink\" class=\"a-link-normal\" href=\"https:\/\/www.amazon.com\/eXtremeRate-Nine-Tailed-Compatible-Controller-Replacement\/dp\/B0BXCJCPYJ\/ref=sr_1_22_sspa?crid=3EL5ZFAIBP1C4&amp;dib=eyJ2IjoiMSJ9.19A9ecijHQ4E6jOFcBukaEPkLxAXIG81zpJQFqeDTNn8P7g5VOMqckz5RuoM6MoK5fjg7Kr1CrTDyaw8tpUJhBSZmzXLPlq75Y61lPtdPhwje9a-chN8jHT9EETfbpJULJoRI6CBDfs0frsajEV0oX9Tysq6LFGeX0vULnM8BRE.d9hfBqeGHnkAV1U-vY5xxvXgoCmKpoAySsmMERNoKV8&amp;dib_tag=se&amp;keywords=xbox%2Bcontroller%2Bshells%2Bseries%2Bps5&amp;qid=1739774656&amp;sprefix=xbox%2Bcontroller%2Bshells%2Bseries%2Bps5%2Caps%2C355&amp;sr=8-22-spons&amp;xpid=HC_k6rY66ur16&amp;sp_csd=d2lkZ2V0TmFtZT1zcF9tdGY&amp;th=1#customerReviews\"><span id=\"acrCustomerReviewText\" class=\"a-size-base\">461 Bewertungen<\/span><\/a><\/span><\/div>\n<p>4,4 von 5 Sternen<\/td>\n<\/tr>\n<tr>\n<th class=\"a-color-secondary a-size-base prodDetSectionEntry\">Meistverkaufter Rang<\/th>\n<td>#65,369 in Videospiele (<a href=\"https:\/\/www.amazon.com\/gp\/bestsellers\/videogames\/ref=pd_zg_ts_videogames\">Siehe Top 100 in Videospiele<\/a>)<br \/>\n#304 in\u00a0<a href=\"https:\/\/www.amazon.com\/gp\/bestsellers\/videogames\/23577568011\/ref=pd_zg_hrsr_videogames\">PlayStation 5 Faceplates<\/a><br \/>\n#810 in\u00a0<a href=\"https:\/\/www.amazon.com\/gp\/bestsellers\/videogames\/10111041011\/ref=pd_zg_hrsr_videogames\">PlayStation 4 Faceplates, Schutzfolien und Skins<\/a><\/td>\n<\/tr>\n<\/tbody>\n<\/table>\n<\/div>\n<\/div>\n<\/div>\n<\/div>","protected":false},"excerpt":{"rendered":"<p><strong>Kompatibilit\u00e4t:<\/strong> Die benutzerdefinierte Ersatz-Frontschale und die Touchpad-Abdeckung sind mit den PS5-Controllern der Modelle BDM-010, BDM-020, BDM-030, BDM-040 und BDM-050 kompatibel. Sie sind nicht mit anderen Controllermodellen kompatibel. Bitte beachten Sie das zweite Bild der Auflistung, bevor Sie einen Kauf t\u00e4tigen. Pr\u00e4zisionsgeschnitten, um identisch mit der Originalschale zu funktionieren<br \/>\n<strong>Passt perfekt:<\/strong> Passt mit Abstand am besten; sitzt angemessen auf allen Clips; schlie\u00dft an allen Seiten b\u00fcndig ab. Das einzigartige \u00e4u\u00dfere Touchpad mit Frontplatte wurde entwickelt, um die Pers\u00f6nlichkeit Ihres Controllers zu unterstreichen und sicherzustellen, dass er sich vom Rest abhebt.<br \/>\n<strong>Individuelles Merkmal:<\/strong> Eine vielf\u00e4ltige Auswahl an Designs und Mustern ist verf\u00fcgbar. Das Muster mit dem neunschw\u00e4nzigen Fuchs ist sehr ansprechend; es w\u00e4re besonders beeindruckend, wenn es mit unseren Controller-Ersatztasten kombiniert w\u00fcrde.<\/p>\n<p><strong>Einfache Installation:<\/strong> Das mitgelieferte Werkzeug kann bei der m\u00fchelosen Entfernung der Original-Controller-Abdeckung und dem Austausch dieses Zubeh\u00f6rs helfen. Suchen Sie auf YouTube nach \"eXtremeRate front shell compatible with ps5 BDM 010 020 030\" oder \"GI9s7Ejhs44\", um die Videoanleitung f\u00fcr die Installation zu erhalten.<br \/>\n<strong>Paketinhalt:<\/strong> 1* Faceplate-Geh\u00e4use; 1* Touchpad-Geh\u00e4use; 1* Touchpad-Halterset; 1* Werkzeug zum \u00d6ffnen des Geh\u00e4uses; 1* Schraubendreher und Ersatzbefestigungen. Hinweis: In Abwesenheit des Controllers und aller anderen Komponenten<\/p>","protected":false},"featured_media":2398,"comment_status":"open","ping_status":"closed","template":"","meta":[],"product_brand":[],"product_cat":[72,56],"product_tag":[],"class_list":{"0":"post-2397","1":"product","2":"type-product","3":"status-publish","4":"has-post-thumbnail","6":"product_cat-controller-shells","7":"product_cat-custom-shells-skins","9":"first","10":"instock","11":"shipping-taxable","12":"purchasable","13":"product-type-simple"},"_links":{"self":[{"href":"https:\/\/vavcase.com\/de\/wp-json\/wp\/v2\/product\/2397","targetHints":{"allow":["GET"]}}],"collection":[{"href":"https:\/\/vavcase.com\/de\/wp-json\/wp\/v2\/product"}],"about":[{"href":"https:\/\/vavcase.com\/de\/wp-json\/wp\/v2\/types\/product"}],"replies":[{"embeddable":true,"href":"https:\/\/vavcase.com\/de\/wp-json\/wp\/v2\/comments?post=2397"}],"wp:featuredmedia":[{"embeddable":true,"href":"https:\/\/vavcase.com\/de\/wp-json\/wp\/v2\/media\/2398"}],"wp:attachment":[{"href":"https:\/\/vavcase.com\/de\/wp-json\/wp\/v2\/media?parent=2397"}],"wp:term":[{"taxonomy":"product_brand","embeddable":true,"href":"https:\/\/vavcase.com\/de\/wp-json\/wp\/v2\/product_brand?post=2397"},{"taxonomy":"product_cat","embeddable":true,"href":"https:\/\/vavcase.com\/de\/wp-json\/wp\/v2\/product_cat?post=2397"},{"taxonomy":"product_tag","embeddable":true,"href":"https:\/\/vavcase.com\/de\/wp-json\/wp\/v2\/product_tag?post=2397"}],"curies":[{"name":"wp","href":"https:\/\/api.w.org\/{rel}","templated":true}]}}