{"id":2402,"date":"2025-02-17T06:51:52","date_gmt":"2025-02-17T06:51:52","guid":{"rendered":"https:\/\/vavcase.com\/?post_type=product&#038;p=2402"},"modified":"2025-02-17T06:51:52","modified_gmt":"2025-02-17T06:51:52","slug":"extremerate-custom-shell-for-xbox-series-x-s-controller","status":"publish","type":"product","link":"https:\/\/vavcase.com\/de\/produkt\/extreme-benutzerdefinierte-shell-fur-xbox-serie-x-s-controller\/","title":{"rendered":"eXtremeRate Custom Shell f\u00fcr Xbox Series X &amp; S Controller"},"content":{"rendered":"<h2>Informationen zum Produkt<\/h2>\n<div class=\"a-row a-spacing-top-base\">\n<div class=\"a-column a-span6\">\n<div class=\"a-row a-spacing-base\">\n<div class=\"a-section table-padding\">\n<table id=\"productDetails_detailBullets_sections1\" class=\"a-keyvalue prodDetTable\" role=\"presentation\">\n<tbody>\n<tr>\n<th class=\"a-color-secondary a-size-base prodDetSectionEntry\">Produkt Abmessungen<\/th>\n<td class=\"a-size-base prodDetAttrValue\">0,75\u2033B x 0,4\u2033H<\/td>\n<\/tr>\n<tr>\n<th class=\"a-color-secondary a-size-base prodDetSectionEntry\">Hersteller<\/th>\n<td class=\"a-size-base prodDetAttrValue\">Extreme<\/td>\n<\/tr>\n<tr>\n<th class=\"a-color-secondary a-size-base prodDetSectionEntry\">ASIN<\/th>\n<td class=\"a-size-base prodDetAttrValue\">B0CD24JMRV<\/td>\n<\/tr>\n<tr>\n<th class=\"a-color-secondary a-size-base prodDetSectionEntry\">Kundenrezensionen<\/th>\n<td class=\"a-size-base\">\n<div id=\"averageCustomerReviews\" data-asin=\"B0CD24JMRV\" data-ref=\"dpx_acr_pop_\"><span class=\"a-declarative\" data-action=\"acrStarsLink-click-metrics\" data-acrstarslink-click-metrics=\"{}\"><span id=\"acrPopover\" class=\"reviewCountTextLinkedHistogram noUnderline\" title=\"4,4 von 5 Sternen\"><a class=\"a-popover-trigger a-declarative\" role=\"button\"><span class=\"a-size-base a-color-base\">4.4\u00a0<\/span><i class=\"a-icon a-icon-star a-star-4-5 cm-cr-review-stars-spacing-big\"><span class=\"a-icon-alt\">4,4 von 5 Sternen<\/span><\/i>\u00a0<i class=\"a-icon a-icon-popover\"><\/i><\/a>\u00a0\u00a0<\/span><\/span>\u00a0<span class=\"a-declarative\" data-action=\"acrLink-click-metrics\" data-acrlink-click-metrics=\"{}\"><a id=\"acrCustomerReviewLink\" class=\"a-link-normal\" href=\"https:\/\/www.amazon.com\/eXtremeRate-Custom-Shell-Xbox-Controller\/dp\/B0CD24JMRV\/ref=sr_1_11?crid=2L0HYUVKP2NFJ&amp;dib=eyJ2IjoiMSJ9.CBw3KiPKcLm1QHDkVHyV5MVnxO8Ky-4Uqo2qygjQE-UKo8afXWFg3GrM5j8A2aGSmfD4Cx_Y4gM4zgF7Fz0aeYBghsPUrPrrBc32-1C5AHD91iJ_OZ0cwMO8Jb1SdeODK96cFU3gYCSv4viGCadftNo9ohu5rrSWaI8bo6vKSyRupSXu6zxuKHsp76vzpEYmpGyeqNmhYn6RFhEHToA9QibBFMasu7Re2p9JPTuJkus._CdQBPcmejTDJhv_wI9rXrilLRScAgZMu_okdjC3SnI&amp;dib_tag=se&amp;keywords=xbox+controller+shells+series+x%2Fs&amp;qid=1739774923&amp;sprefix=xbox+controller+shells+xbox%2Caps%2C391&amp;sr=8-11#customerReviews\"><span id=\"acrCustomerReviewText\" class=\"a-size-base\">43 Bewertungen<\/span><\/a><\/span><\/div>\n<p>4,4 von 5 Sternen<\/td>\n<\/tr>\n<tr>\n<th class=\"a-color-secondary a-size-base prodDetSectionEntry\">Meistverkaufter Rang<\/th>\n<td>#37,606 in Videospielen (<a href=\"https:\/\/www.amazon.com\/gp\/bestsellers\/videogames\/ref=pd_zg_ts_videogames\">Siehe Top 100 in Videospiele<\/a>)<br \/>\n#43 in\u00a0<a href=\"https:\/\/www.amazon.com\/gp\/bestsellers\/videogames\/23577562011\/ref=pd_zg_hrsr_videogames\">Xbox Serie X &amp; S Schutzvorrichtungen<\/a><\/td>\n<\/tr>\n<tr>\n<th class=\"a-color-secondary a-size-base prodDetSectionEntry\">Art der Position<\/th>\n<td class=\"a-size-base prodDetAttrValue\">Elektronik<\/td>\n<\/tr>\n<tr>\n<th class=\"a-color-secondary a-size-base prodDetSectionEntry\">Modellnummer des Artikels<\/th>\n<td class=\"a-size-base prodDetAttrValue\">FX3T188<\/td>\n<\/tr>\n<tr>\n<th class=\"a-color-secondary a-size-base prodDetSectionEntry\">Artikel Gewicht<\/th>\n<td class=\"a-size-base prodDetAttrValue\">0,353 Unzen<\/td>\n<\/tr>\n<\/tbody>\n<\/table>\n<\/div>\n<\/div>\n<\/div>\n<\/div>","protected":false},"excerpt":{"rendered":"<p><strong>Kompatibilit\u00e4t Modell:<\/strong> Der Ultra ist mit der Xbox Serie X und S sowie dem Xbox Core Controller (Modell 1914) kompatibel. Er ist nicht mit Xbox One Controllern kompatibel. Bevor Sie einen Kauf t\u00e4tigen, \u00fcberpr\u00fcfen Sie bitte das zweite Bild der Auflistung.<br \/>\n<strong>Optimale Passform:<\/strong> Die mit Abstand geeignetste Variante; Passt an allen Seiten b\u00fcndig; Sitzt sicher auf allen Verbindungselementen.<br \/>\nDas Paket enth\u00e4lt eine Frontplattenschale, einen T8H-Schraubendreher und f\u00fcnf Befestigungselemente. (Wichtig: Das Steuerger\u00e4t und andere Komponenten sind nicht enthalten).<\/p>\n<p><strong>Einfach zu installieren:<\/strong> Demontieren Sie die urspr\u00fcngliche Frontplatte des Controllers und ersetzen Sie sie durch die eXtremeRate H\u00fclle. Die Videoanleitung zur Installation finden Sie, wenn Sie auf YouTube nach \"eXtremeRate Shell for Xbox Series X\/S\" oder \"46g8h8toba4\" suchen.<br \/>\n<strong>Personalisierte Option:<\/strong> Es gibt eine Vielzahl von Designs und Mustern. Die pr\u00e4chtige GOLDEN-Welle vor Kanagawa zeichnet sich durch ihr markantes schwarzes Muster aus. Wir w\u00fcrden es sehr begr\u00fc\u00dfen, wenn Sie es in unsere Controller-Ersatzsteuerungen integrieren k\u00f6nnten.<\/p>","protected":false},"featured_media":2408,"comment_status":"open","ping_status":"closed","template":"","meta":[],"product_brand":[],"product_cat":[72,56],"product_tag":[],"class_list":{"0":"post-2402","1":"product","2":"type-product","3":"status-publish","4":"has-post-thumbnail","6":"product_cat-controller-shells","7":"product_cat-custom-shells-skins","9":"first","10":"instock","11":"shipping-taxable","12":"purchasable","13":"product-type-simple"},"_links":{"self":[{"href":"https:\/\/vavcase.com\/de\/wp-json\/wp\/v2\/product\/2402","targetHints":{"allow":["GET"]}}],"collection":[{"href":"https:\/\/vavcase.com\/de\/wp-json\/wp\/v2\/product"}],"about":[{"href":"https:\/\/vavcase.com\/de\/wp-json\/wp\/v2\/types\/product"}],"replies":[{"embeddable":true,"href":"https:\/\/vavcase.com\/de\/wp-json\/wp\/v2\/comments?post=2402"}],"wp:featuredmedia":[{"embeddable":true,"href":"https:\/\/vavcase.com\/de\/wp-json\/wp\/v2\/media\/2408"}],"wp:attachment":[{"href":"https:\/\/vavcase.com\/de\/wp-json\/wp\/v2\/media?parent=2402"}],"wp:term":[{"taxonomy":"product_brand","embeddable":true,"href":"https:\/\/vavcase.com\/de\/wp-json\/wp\/v2\/product_brand?post=2402"},{"taxonomy":"product_cat","embeddable":true,"href":"https:\/\/vavcase.com\/de\/wp-json\/wp\/v2\/product_cat?post=2402"},{"taxonomy":"product_tag","embeddable":true,"href":"https:\/\/vavcase.com\/de\/wp-json\/wp\/v2\/product_tag?post=2402"}],"curies":[{"name":"wp","href":"https:\/\/api.w.org\/{rel}","templated":true}]}}