{"id":2409,"date":"2025-02-17T07:01:10","date_gmt":"2025-02-17T07:01:10","guid":{"rendered":"https:\/\/vavcase.com\/?post_type=product&#038;p=2409"},"modified":"2025-02-17T07:01:11","modified_gmt":"2025-02-17T07:01:11","slug":"cyberpunk-red-keycap-set-backlit-side-pinted-130-keys-cherry-profile-pbt-5-sided-dye-sublimation","status":"publish","type":"product","link":"https:\/\/vavcase.com\/de\/produkt\/cyberpunk-rot-keycap-set-hintergrundbeleuchtet-seite-gefarbt-130-tasten-kirsch-profil-pbt-5-sided-dye-sublimation\/","title":{"rendered":"Cyberpunk Red Keycap Set Backlit Side Pinted 130 Keys Cherry Profile PBT 5 Sided Dye Sublimation"},"content":{"rendered":"<h2>Informationen zum Produkt<\/h2>\n<div class=\"a-row a-spacing-top-base\">\n<div class=\"a-column a-span6\">\n<div class=\"a-row a-spacing-base\">\n<div class=\"a-row a-expander-container a-expander-extend-container\">\n<div class=\"a-row\"><\/div>\n<div class=\"a-expander-content a-expander-extend-content\" data-expanded=\"true\">\n<div class=\"a-row a-expander-container a-expander-inline-container\">\n<div class=\"a-expander-content a-expander-section-content a-section-expander-inner\" data-expanded=\"true\">\n<table id=\"productDetails_techSpec_section_1\" class=\"a-keyvalue prodDetTable\" role=\"presentation\">\n<tbody>\n<tr>\n<th class=\"a-color-secondary a-size-base prodDetSectionEntry\">Marke<\/th>\n<td class=\"a-size-base prodDetAttrValue\">REDQIN<\/td>\n<\/tr>\n<tr>\n<th class=\"a-color-secondary a-size-base prodDetSectionEntry\">Artikel Gewicht<\/th>\n<td class=\"a-size-base prodDetAttrValue\">13,7 Unzen<\/td>\n<\/tr>\n<tr>\n<th class=\"a-color-secondary a-size-base prodDetSectionEntry\">Produkt Abmessungen<\/th>\n<td class=\"a-size-base prodDetAttrValue\">8,26 x 5,51 x 1,96 Zoll<\/td>\n<\/tr>\n<tr>\n<th class=\"a-color-secondary a-size-base prodDetSectionEntry\">Artikel Abmessungen LxBxH<\/th>\n<td class=\"a-size-base prodDetAttrValue\">8,26 x 5,51 x 1,96 Zoll<\/td>\n<\/tr>\n<tr>\n<th class=\"a-color-secondary a-size-base prodDetSectionEntry\">Farbe<\/th>\n<td class=\"a-size-base prodDetAttrValue\">CyberPink 130 Schl\u00fcssel<\/td>\n<\/tr>\n<tr>\n<th class=\"a-color-secondary a-size-base prodDetSectionEntry\">Stromquelle<\/th>\n<td class=\"a-size-base prodDetAttrValue\">Verkabelt<\/td>\n<\/tr>\n<tr>\n<th class=\"a-color-secondary a-size-base prodDetSectionEntry\">Hersteller<\/th>\n<td class=\"a-size-base prodDetAttrValue\">REDQIN<\/td>\n<\/tr>\n<tr>\n<th class=\"a-color-secondary a-size-base prodDetSectionEntry\">ASIN<\/th>\n<td class=\"a-size-base prodDetAttrValue\">B0CQTM84PJ<\/td>\n<\/tr>\n<tr>\n<th class=\"a-color-secondary a-size-base prodDetSectionEntry\">Datum der Erstverf\u00fcgbarkeit<\/th>\n<td class=\"a-size-base prodDetAttrValue\">22. Dezember 2023<\/td>\n<\/tr>\n<\/tbody>\n<\/table>\n<\/div>\n<\/div>\n<\/div>\n<\/div>\n<\/div>\n<\/div>\n<\/div>","protected":false},"excerpt":{"rendered":"<p><strong>Cyberpunk-Thema:<\/strong> Die Tastenkappen sind mit einem Cyberpunk-Thema gestaltet, das eine Mischung aus futuristischen und dystopischen Elementen wie Neonbeleuchtung, Schaltkreisen und Totenk\u00f6pfen enth\u00e4lt. Sie verleihen Ihrer mechanischen Gaming-Tastatur ein unverwechselbares und modisches Aussehen.<br \/>\n<strong>Kirschen-Profil:<\/strong> Die Tastenkappen sind mit einem Cherry-Profil ausgestattet, das f\u00fcr sein reaktionsschnelles und m\u00fcheloses Tippen bekannt ist.<br \/>\nPBT 5-seitige Thermosublimation: Die Tastenkappen sind aus einem haltbaren PBT-Material gefertigt, das eine l\u00e4ngere Lebensdauer als ABS-Tastenkappen bietet. Sie besitzen eine makellose Oberfl\u00e4che, bieten eine au\u00dfergew\u00f6hnliche taktile R\u00fcckmeldung und widerstehen Abnutzung mit Leichtigkeit.<\/p>\n<p><strong>Hintergrundbeleuchtetes Design:<\/strong> Die Tastenkappen sind lichtdurchl\u00e4ssig und lassen das Licht der Hintergrundbeleuchtung Ihrer Tastatur durchscheinen. Dies erzeugt einen optisch verlockenden und coolen Effekt auf Ihrer Tastatur.<br \/>\n<strong>Das Cyberpunk Keycap:<\/strong> Das Set umfasst 130 Tastenkappen, was f\u00fcr die meisten herk\u00f6mmlichen mechanischen Tastaturen ausreicht. Es ist benutzerfreundlich und aufgrund der Standardanordnung der Tasten mit einer Vielzahl von Tastaturkonfigurationen kompatibel.<br \/>\nEin auf dem Markt ungew\u00f6hnliches Druckverfahren, der Top+Side-Druck, macht Ihre Tastatur aus jeder Perspektive einzigartig und \u00e4sthetisch ansprechend.<br \/>\n<strong>Schl\u00fcsselkappen-Abzieher:<\/strong> Das Tastenkappenset enth\u00e4lt einen Tastenkappenabzieher, der das Entfernen und Austauschen der Tastenkappen vereinfacht. Dies ist ein praktisches Hilfsmittel f\u00fcr Gamer, die ihre Tastenkappen h\u00e4ufig \u00e4ndern oder ihre Tastatur individuell gestalten m\u00f6chten.<\/p>","protected":false},"featured_media":2417,"comment_status":"open","ping_status":"closed","template":"","meta":[],"product_brand":[],"product_cat":[56,73],"product_tag":[],"class_list":{"0":"post-2409","1":"product","2":"type-product","3":"status-publish","4":"has-post-thumbnail","6":"product_cat-custom-shells-skins","7":"product_cat-keyboard-keycaps","9":"first","10":"instock","11":"shipping-taxable","12":"purchasable","13":"product-type-simple"},"_links":{"self":[{"href":"https:\/\/vavcase.com\/de\/wp-json\/wp\/v2\/product\/2409","targetHints":{"allow":["GET"]}}],"collection":[{"href":"https:\/\/vavcase.com\/de\/wp-json\/wp\/v2\/product"}],"about":[{"href":"https:\/\/vavcase.com\/de\/wp-json\/wp\/v2\/types\/product"}],"replies":[{"embeddable":true,"href":"https:\/\/vavcase.com\/de\/wp-json\/wp\/v2\/comments?post=2409"}],"wp:featuredmedia":[{"embeddable":true,"href":"https:\/\/vavcase.com\/de\/wp-json\/wp\/v2\/media\/2417"}],"wp:attachment":[{"href":"https:\/\/vavcase.com\/de\/wp-json\/wp\/v2\/media?parent=2409"}],"wp:term":[{"taxonomy":"product_brand","embeddable":true,"href":"https:\/\/vavcase.com\/de\/wp-json\/wp\/v2\/product_brand?post=2409"},{"taxonomy":"product_cat","embeddable":true,"href":"https:\/\/vavcase.com\/de\/wp-json\/wp\/v2\/product_cat?post=2409"},{"taxonomy":"product_tag","embeddable":true,"href":"https:\/\/vavcase.com\/de\/wp-json\/wp\/v2\/product_tag?post=2409"}],"curies":[{"name":"wp","href":"https:\/\/api.w.org\/{rel}","templated":true}]}}