{"id":2418,"date":"2025-02-17T07:05:50","date_gmt":"2025-02-17T07:05:50","guid":{"rendered":"https:\/\/vavcase.com\/?post_type=product&#038;p=2418"},"modified":"2025-02-17T07:05:50","modified_gmt":"2025-02-17T07:05:50","slug":"xvx-pbt-keycaps-132-keys-great-wave-off-kanagawa-japanese-keyboard-keycaps","status":"publish","type":"product","link":"https:\/\/vavcase.com\/de\/produkt\/xvx-pbt-tastenkappen-132-tasten-grose-welle-aus-kanagawa-japanische-tastatur-tastenkappen\/","title":{"rendered":"XVX PBT Tastenkappen 132 Tasten, Great Wave Off Kanagawa Japanische Tastatur Tastenkappen"},"content":{"rendered":"<h2>Informationen zum Produkt<\/h2>\n<div class=\"a-row a-spacing-top-base\">\n<div class=\"a-column a-span6\">\n<div class=\"a-row a-spacing-base\">\n<div class=\"a-section table-padding\">\n<table id=\"productDetails_detailBullets_sections1\" class=\"a-keyvalue prodDetTable\" role=\"presentation\">\n<tbody>\n<tr>\n<th class=\"a-color-secondary a-size-base prodDetSectionEntry\">Abmessungen der Verpackung<\/th>\n<td class=\"a-size-base prodDetAttrValue\">13,54 x 5,35 x 1,89 Zoll<\/td>\n<\/tr>\n<tr>\n<th class=\"a-color-secondary a-size-base prodDetSectionEntry\">Artikel Gewicht<\/th>\n<td class=\"a-size-base prodDetAttrValue\">1,01 Pfund<\/td>\n<\/tr>\n<tr>\n<th class=\"a-color-secondary a-size-base prodDetSectionEntry\">Hersteller<\/th>\n<td class=\"a-size-base prodDetAttrValue\">SDYZ<\/td>\n<\/tr>\n<tr>\n<th class=\"a-color-secondary a-size-base prodDetSectionEntry\">ASIN<\/th>\n<td class=\"a-size-base prodDetAttrValue\">B0BJ1H33DM<\/td>\n<\/tr>\n<tr>\n<th class=\"a-color-secondary a-size-base prodDetSectionEntry\">Kundenrezensionen<\/th>\n<td class=\"a-size-base\">\n<div id=\"averageCustomerReviews\" data-asin=\"B0BJ1H33DM\" data-ref=\"dpx_acr_pop_\"><span class=\"a-declarative\" data-action=\"acrStarsLink-click-metrics\" data-acrstarslink-click-metrics=\"{}\"><span id=\"acrPopover\" class=\"reviewCountTextLinkedHistogram noUnderline\" title=\"4,5 von 5 Sternen\"><a class=\"a-popover-trigger a-declarative\" role=\"button\"><span class=\"a-size-base a-color-base\">4.5\u00a0<\/span><i class=\"a-icon a-icon-star a-star-4-5 cm-cr-review-stars-spacing-big\"><span class=\"a-icon-alt\">4,5 von 5 Sternen<\/span><\/i>\u00a0<i class=\"a-icon a-icon-popover\"><\/i><\/a>\u00a0\u00a0<\/span><\/span>\u00a0<span class=\"a-declarative\" data-action=\"acrLink-click-metrics\" data-acrlink-click-metrics=\"{}\"><a id=\"acrCustomerReviewLink\" class=\"a-link-normal\" href=\"https:\/\/www.amazon.com\/Kanagawa-Japanese-Keyboard-Switches-Mechanical\/dp\/B0BJ1H33DM\/ref=sr_1_10?crid=1MXURFH0JMT6N&amp;dib=eyJ2IjoiMSJ9.bk_LRRkkgoeKRqxB4hALWI4llGS3niUWJ1wzrGcDu7SRCsOoilxTc-ubSQ0cYGXYHlGhnc5Ab1kYAp7-EFwRdBCL0IeuWz5jjJGzu6MSDcP1bHrqK1mdbiyKZoJX8DS9Fbbh-xENG5Hhv0ECYBd9x5r6FGzILK57Og2t0KouIcvRH-vVB4F36qXK-DzuL_DFqWZyQ0RJbVPpDnb-xgl4anKLBw7TUnOszKaremjiKXo.aP8qAnJX6wN62Wn6KjL8X2AOoygl5_2qG3uW8MhgwJM&amp;dib_tag=se&amp;keywords=Keyboard%2BKeycaps%2B%E2%80%93%2BGaming-themed%2BRGB%2Bkeycaps%2Bwith%2Bunique%2Bdesigns&amp;qid=1739775146&amp;sprefix=keyboard%2Bkeycaps%2Bgaming-themed%2Brgb%2Bkeycaps%2Bwith%2Bunique%2Bdesigns%2Caps%2C529&amp;sr=8-10&amp;th=1#customerReviews\"><span id=\"acrCustomerReviewText\" class=\"a-size-base\">413 Bewertungen<\/span><\/a><\/span><\/div>\n<p>4,5 von 5 Sternen<\/td>\n<\/tr>\n<tr>\n<th class=\"a-color-secondary a-size-base prodDetSectionEntry\">Meistverkaufter Rang<\/th>\n<td>#49 in\u00a0<a href=\"https:\/\/www.amazon.com\/gp\/bestsellers\/pc\/36818458011\/ref=pd_zg_hrsr_pc\">Tastenkappen<\/a><\/td>\n<\/tr>\n<tr>\n<th class=\"a-color-secondary a-size-base prodDetSectionEntry\">Datum der Erstverf\u00fcgbarkeit<\/th>\n<td class=\"a-size-base prodDetAttrValue\">Oktober 13, 2022<\/td>\n<\/tr>\n<\/tbody>\n<\/table>\n<\/div>\n<\/div>\n<\/div>\n<\/div>","protected":false},"excerpt":{"rendered":"<p><strong>Kunstwerke:<\/strong> Die japanischen Tastenkappen verwenden das hochentwickelte f\u00fcnfseitige Dye-Sub-Verfahren, was zu einem lebendigeren Farbmuster f\u00fchrt, das niemals \u00f6lig ist. Das komplizierte Muster erinnert an das Kunstwerk auf der Tastatur. Das Beste kommt von Ihnen und Ihren Liebsten.<br \/>\n<strong>Kompatibilit\u00e4t:<\/strong> Dieser kundenspezifische Tastenkappensatz ist mit den meisten mechanischen Tastaturen mit ASIN US und UK Layout 61\/68\/84\/87\/96\/98\/100\/104\/108 kompatibel. Es enth\u00e4lt 132 Tastenkappen, darunter 104 Standardtasten und 28 Modifier-Tasten.<br \/>\n<strong>Dauerhaftes PBT-Material:<\/strong> Diese PBT-Tastenkappen sind aus hochwertigem, strukturiertem PBT gefertigt, das gegen L\u00f6sungsmittel, Abrieb und Reibung best\u00e4ndig ist. Garantieren ein verbessertes Benutzererlebnis.<\/p>\n<p>\"Klassische Cherry-Profil-Tastenkappen \"Die Tastenkappe wurde entwickelt, um ein au\u00dfergew\u00f6hnliches Tipperlebnis zu bieten, mit dem kultigen Cherry-Profil. Selbst wenn Sie sie \u00fcber einen l\u00e4ngeren Zeitraum in einer Arbeits- oder Spielumgebung verwenden, werden Sie keine Erm\u00fcdung versp\u00fcren.<br \/>\n<strong>Was Sie bekommen:<\/strong> 1\u00d7132 Tastenkappensatz (inklusive Tastenabzieher), unsere 18-monatige Garantie und einen zuvorkommenden Kundenservice. Es ist keine Tastatur enthalten; nur Tastenkappen sind enthalten.<\/p>","protected":false},"featured_media":2425,"comment_status":"open","ping_status":"closed","template":"","meta":[],"product_brand":[],"product_cat":[56,73],"product_tag":[],"class_list":{"0":"post-2418","1":"product","2":"type-product","3":"status-publish","4":"has-post-thumbnail","6":"product_cat-custom-shells-skins","7":"product_cat-keyboard-keycaps","9":"first","10":"instock","11":"shipping-taxable","12":"purchasable","13":"product-type-simple"},"_links":{"self":[{"href":"https:\/\/vavcase.com\/de\/wp-json\/wp\/v2\/product\/2418","targetHints":{"allow":["GET"]}}],"collection":[{"href":"https:\/\/vavcase.com\/de\/wp-json\/wp\/v2\/product"}],"about":[{"href":"https:\/\/vavcase.com\/de\/wp-json\/wp\/v2\/types\/product"}],"replies":[{"embeddable":true,"href":"https:\/\/vavcase.com\/de\/wp-json\/wp\/v2\/comments?post=2418"}],"wp:featuredmedia":[{"embeddable":true,"href":"https:\/\/vavcase.com\/de\/wp-json\/wp\/v2\/media\/2425"}],"wp:attachment":[{"href":"https:\/\/vavcase.com\/de\/wp-json\/wp\/v2\/media?parent=2418"}],"wp:term":[{"taxonomy":"product_brand","embeddable":true,"href":"https:\/\/vavcase.com\/de\/wp-json\/wp\/v2\/product_brand?post=2418"},{"taxonomy":"product_cat","embeddable":true,"href":"https:\/\/vavcase.com\/de\/wp-json\/wp\/v2\/product_cat?post=2418"},{"taxonomy":"product_tag","embeddable":true,"href":"https:\/\/vavcase.com\/de\/wp-json\/wp\/v2\/product_tag?post=2418"}],"curies":[{"name":"wp","href":"https:\/\/api.w.org\/{rel}","templated":true}]}}