{"id":2426,"date":"2025-02-17T07:11:02","date_gmt":"2025-02-17T07:11:02","guid":{"rendered":"https:\/\/vavcase.com\/?post_type=product&#038;p=2426"},"modified":"2025-02-17T07:11:02","modified_gmt":"2025-02-17T07:11:02","slug":"womier-pbt-keycaps-60-65-75-100-percent-moa-keycaps-dye-sublimation","status":"publish","type":"product","link":"https:\/\/vavcase.com\/de\/produkt\/womier-pbt-keycaps-60-65-75-100-prozent-moa-keycaps-dye-sublimation\/","title":{"rendered":"Womier PBT Keycaps 60 65 75 100 Prozent, MOA Keycaps Dye-Sublimation"},"content":{"rendered":"<h2>Informationen zum Produkt<\/h2>\n<div class=\"a-row a-spacing-top-base\">\n<div class=\"a-column a-span6\">\n<div class=\"a-row a-spacing-base\">\n<div class=\"a-row a-expander-container a-expander-extend-container\">\n<div class=\"a-row\">\n<div class=\"a-column a-span6\">\n<h1 class=\"a-size-medium a-spacing-small\">Technische Details<\/h1>\n<\/div>\n<p><i class=\"a-icon a-icon-extender-collapse\"><\/i><\/div>\n<div class=\"a-expander-content a-expander-extend-content\" data-expanded=\"true\">\n<div class=\"a-row a-expander-container a-expander-inline-container\">\n<div class=\"a-expander-content a-expander-section-content a-section-expander-inner\" data-expanded=\"true\">\n<table id=\"productDetails_techSpec_section_1\" class=\"a-keyvalue prodDetTable\" role=\"presentation\">\n<tbody>\n<tr>\n<th class=\"a-color-secondary a-size-base prodDetSectionEntry\">Marke<\/th>\n<td class=\"a-size-base prodDetAttrValue\">Womier<\/td>\n<\/tr>\n<tr>\n<th class=\"a-color-secondary a-size-base prodDetSectionEntry\">Artikel Gewicht<\/th>\n<td class=\"a-size-base prodDetAttrValue\">15,2 Unzen<\/td>\n<\/tr>\n<tr>\n<th class=\"a-color-secondary a-size-base prodDetSectionEntry\">Abmessungen der Verpackung<\/th>\n<td class=\"a-size-base prodDetAttrValue\">10,04 x 5,94 x 1,65 Zoll<\/td>\n<\/tr>\n<tr>\n<th class=\"a-color-secondary a-size-base prodDetSectionEntry\">Farbe<\/th>\n<td class=\"a-size-base prodDetAttrValue\">Schwarz1<\/td>\n<\/tr>\n<tr>\n<th class=\"a-color-secondary a-size-base prodDetSectionEntry\">Stromquelle<\/th>\n<td class=\"a-size-base prodDetAttrValue\">Verkabelt<\/td>\n<\/tr>\n<tr>\n<th class=\"a-color-secondary a-size-base prodDetSectionEntry\">Hersteller<\/th>\n<td class=\"a-size-base prodDetAttrValue\">Womier<\/td>\n<\/tr>\n<tr>\n<th class=\"a-color-secondary a-size-base prodDetSectionEntry\">ASIN<\/th>\n<td class=\"a-size-base prodDetAttrValue\">B0D598CMF3<\/td>\n<\/tr>\n<\/tbody>\n<\/table>\n<\/div>\n<\/div>\n<\/div>\n<\/div>\n<\/div>\n<\/div>\n<\/div>","protected":false},"excerpt":{"rendered":"<p><strong>Kanagawa PBT Japanische Tastenkappen:<\/strong> MOA-Tastenkappen werden durch das klassische Kanagawa-Muster erg\u00e4nzt, das f\u00fcr eine erfrischende \u00c4sthetik sorgt. Die Tastenkappenabdeckung hat eine lange Lebensdauer, ist resistent gegen \u00d6lflecken und l\u00e4sst sich dank des fortschrittlichen f\u00fcnfseitigen Dye-Sub-Verfahrens besser an japanische Tastenkappenzeichen anpassen.<br \/>\nMOA-Tastenkappen sind im Lieferumfang enthalten. Die verbesserte MOA-Profil-Tastenkappe ist \u00e4sthetisch ansprechender als die XDA-Tastenkappe. Der ergonomische Komfort des Arc-Layouts mit seinem konkaven Bogen, dem gr\u00f6\u00dferen Bereich, in dem die Fingerspitzen die Tastenkappe ber\u00fchren, und dem seidigen Anschlag sorgt f\u00fcr eine stressfreie Erfahrung. Bietet Ihnen den gr\u00f6\u00dftm\u00f6glichen Komfort bei der Benutzung.<br \/>\n<strong>Tastatur-Tastenkappen mit Farbstoff-Sublimationstechnologie:\u00a0<\/strong> Die matte Textur und die Verschlei\u00dffestigkeit dieser Tastenkappe sind das Ergebnis ihrer Konstruktion aus hochwertigem PBT-Tastenmaterial. Tastenkappen, die dicker sind, bieten dem Benutzer ein besseres Tastgef\u00fchl. Die Farbstoffsublimationstechnologie, die zur Erstellung des Musters auf der Tastenkappe verwendet wird, sorgt daf\u00fcr, dass es sich nie abnutzt.<\/p>\n<p><strong>Keycaps Set Kompatibilit\u00e4t:<\/strong> Diese mechanische Tastatur ist mit dem ASIN US und UK Layout kompatibel. Au\u00dferdem ist sie kompatibel mit den Tastaturen 60%, 65%, 75%, 80% oder 100%. Die Tastenkappen sind mit allen Tastenschaltern kompatibel, die \u00fcber kreuzf\u00f6rmige Schalter verf\u00fcgen. Es ist eine kluge Entscheidung, Ihre mechanische Tastatur selbst zu konstruieren.<br \/>\n<strong>Benutzerdefinierte Tastenkappen Tipps:<\/strong> Einschlie\u00dflich eines Tastenkappenabziehers und Tastenkappen in Originalgr\u00f6\u00dfe, dieser Artikel enth\u00e4lt keine Tastatur. Der Zweck der Tastatur in den beigef\u00fcgten Bildern ist zu illustrieren. Bitte z\u00f6gern Sie nicht, sich mit uns in Verbindung zu setzen, wenn Sie Probleme mit dem Produkt haben, das Sie erhalten haben. Wir bleiben f\u00fcr Sie da, bis Ihr Problem gel\u00f6st ist.<\/p>","protected":false},"featured_media":2432,"comment_status":"open","ping_status":"closed","template":"","meta":[],"product_brand":[],"product_cat":[56,73],"product_tag":[],"class_list":{"0":"post-2426","1":"product","2":"type-product","3":"status-publish","4":"has-post-thumbnail","6":"product_cat-custom-shells-skins","7":"product_cat-keyboard-keycaps","9":"first","10":"instock","11":"shipping-taxable","12":"purchasable","13":"product-type-simple"},"_links":{"self":[{"href":"https:\/\/vavcase.com\/de\/wp-json\/wp\/v2\/product\/2426","targetHints":{"allow":["GET"]}}],"collection":[{"href":"https:\/\/vavcase.com\/de\/wp-json\/wp\/v2\/product"}],"about":[{"href":"https:\/\/vavcase.com\/de\/wp-json\/wp\/v2\/types\/product"}],"replies":[{"embeddable":true,"href":"https:\/\/vavcase.com\/de\/wp-json\/wp\/v2\/comments?post=2426"}],"wp:featuredmedia":[{"embeddable":true,"href":"https:\/\/vavcase.com\/de\/wp-json\/wp\/v2\/media\/2432"}],"wp:attachment":[{"href":"https:\/\/vavcase.com\/de\/wp-json\/wp\/v2\/media?parent=2426"}],"wp:term":[{"taxonomy":"product_brand","embeddable":true,"href":"https:\/\/vavcase.com\/de\/wp-json\/wp\/v2\/product_brand?post=2426"},{"taxonomy":"product_cat","embeddable":true,"href":"https:\/\/vavcase.com\/de\/wp-json\/wp\/v2\/product_cat?post=2426"},{"taxonomy":"product_tag","embeddable":true,"href":"https:\/\/vavcase.com\/de\/wp-json\/wp\/v2\/product_tag?post=2426"}],"curies":[{"name":"wp","href":"https:\/\/api.w.org\/{rel}","templated":true}]}}