{"id":2433,"date":"2025-02-17T07:16:06","date_gmt":"2025-02-17T07:16:06","guid":{"rendered":"https:\/\/vavcase.com\/?post_type=product&#038;p=2433"},"modified":"2025-02-17T07:16:27","modified_gmt":"2025-02-17T07:16:27","slug":"dagaladoo-pbt-keycaps-60-75-percentshine-through-custom-key-capdouble-shot-keyboard-caps","status":"publish","type":"product","link":"https:\/\/vavcase.com\/de\/produkt\/dagaladoo-pbt-keycaps-60-75-percentshine-durch-benutzerdefinierte-taste-capdouble-shot-keyboard-caps\/","title":{"rendered":"Dagaladoo PBT Tastenkappen 60 75 Prozent,Shine Through Custom Key Cap,Double Shot Tastaturkappen"},"content":{"rendered":"<h2>Informationen zum Produkt<\/h2>\n<div class=\"a-row a-spacing-top-base\">\n<div class=\"a-column a-span6\">\n<div class=\"a-row a-spacing-base\">\n<div class=\"a-section table-padding\">\n<table id=\"productDetails_detailBullets_sections1\" class=\"a-keyvalue prodDetTable\" role=\"presentation\">\n<tbody>\n<tr>\n<th class=\"a-color-secondary a-size-base prodDetSectionEntry\">Produkt Abmessungen<\/th>\n<td class=\"a-size-base prodDetAttrValue\">10 x 6 x 1 Zoll<\/td>\n<\/tr>\n<tr>\n<th class=\"a-color-secondary a-size-base prodDetSectionEntry\">Artikel Gewicht<\/th>\n<td class=\"a-size-base prodDetAttrValue\">13,4 Unzen<\/td>\n<\/tr>\n<tr>\n<th class=\"a-color-secondary a-size-base prodDetSectionEntry\">Hersteller<\/th>\n<td class=\"a-size-base prodDetAttrValue\">dagaladoo<\/td>\n<\/tr>\n<tr>\n<th class=\"a-color-secondary a-size-base prodDetSectionEntry\">ASIN<\/th>\n<td class=\"a-size-base prodDetAttrValue\">B0CP7NZCQY<\/td>\n<\/tr>\n<tr>\n<th class=\"a-color-secondary a-size-base prodDetSectionEntry\">Modellnummer des Artikels<\/th>\n<td class=\"a-size-base prodDetAttrValue\">luoriyuhui<\/td>\n<\/tr>\n<tr>\n<th class=\"a-color-secondary a-size-base prodDetSectionEntry\">Kundenrezensionen<\/th>\n<td class=\"a-size-base\">\n<div id=\"averageCustomerReviews\" data-asin=\"B0CP7NZCQY\" data-ref=\"dpx_acr_pop_\"><span class=\"a-declarative\" data-action=\"acrStarsLink-click-metrics\" data-acrstarslink-click-metrics=\"{}\"><span id=\"acrPopover\" class=\"reviewCountTextLinkedHistogram noUnderline\" title=\"4,3 von 5 Sternen\"><a class=\"a-popover-trigger a-declarative\" role=\"button\"><span class=\"a-size-base a-color-base\">4.3\u00a0<\/span><i class=\"a-icon a-icon-star a-star-4-5 cm-cr-review-stars-spacing-big\"><span class=\"a-icon-alt\">4,3 von 5 Sternen<\/span><\/i>\u00a0<i class=\"a-icon a-icon-popover\"><\/i><\/a>\u00a0\u00a0<\/span><\/span>\u00a0<span class=\"a-declarative\" data-action=\"acrLink-click-metrics\" data-acrlink-click-metrics=\"{}\"><a id=\"acrCustomerReviewLink\" class=\"a-link-normal\" href=\"https:\/\/www.amazon.com\/Printed-Keyboard-Kanagawa-Switches-Mechanical\/dp\/B0CP7NZCQY\/ref=sr_1_18?crid=1MXURFH0JMT6N&amp;dib=eyJ2IjoiMSJ9.bk_LRRkkgoeKRqxB4hALWI4llGS3niUWJ1wzrGcDu7SRCsOoilxTc-ubSQ0cYGXYHlGhnc5Ab1kYAp7-EFwRdBCL0IeuWz5jjJGzu6MSDcP1bHrqK1mdbiyKZoJX8DS9Fbbh-xENG5Hhv0ECYBd9x5r6FGzILK57Og2t0KouIcvRH-vVB4F36qXK-DzuL_DFqWZyQ0RJbVPpDnb-xgl4anKLBw7TUnOszKaremjiKXo.aP8qAnJX6wN62Wn6KjL8X2AOoygl5_2qG3uW8MhgwJM&amp;dib_tag=se&amp;keywords=Keyboard%2BKeycaps%2B%E2%80%93%2BGaming-themed%2BRGB%2Bkeycaps%2Bwith%2Bunique%2Bdesigns&amp;qid=1739775146&amp;sprefix=keyboard%2Bkeycaps%2Bgaming-themed%2Brgb%2Bkeycaps%2Bwith%2Bunique%2Bdesigns%2Caps%2C529&amp;sr=8-18&amp;th=1#customerReviews\"><span id=\"acrCustomerReviewText\" class=\"a-size-base\">124 Bewertungen<\/span><\/a><\/span><\/div>\n<p>4,3 von 5 Sternen<\/td>\n<\/tr>\n<tr>\n<th class=\"a-color-secondary a-size-base prodDetSectionEntry\">Meistverkaufter Rang<\/th>\n<td>#53 in\u00a0<a href=\"https:\/\/www.amazon.com\/gp\/bestsellers\/pc\/36818458011\/ref=pd_zg_hrsr_pc\">Tastenkappen<\/a><\/td>\n<\/tr>\n<\/tbody>\n<\/table>\n<\/div>\n<\/div>\n<\/div>\n<\/div>","protected":false},"excerpt":{"rendered":"<p><strong>Innovatives 3-in-1-Design:<\/strong> Diese Tastenkappe ist die erste, die Double Shot Craft und Thermosublimation vereint, was zu einem einzigartigen Design f\u00fchrt, das nicht nur das exquisite Muster beibeh\u00e4lt, sondern auch Licht durchl\u00e4sst.<br \/>\n<strong>Double Shot PBT Keycaps:<\/strong> Das dagaladoo Tastenkappen-Set ist ein Beweis f\u00fcr die Qualit\u00e4t von PBT-Tastenkappen, da ihre Legenden nie verblassen werden. Im Vergleich zu ABS-Material haben PBT-Tasten eine bessere Haptik und k\u00f6nnen \u00fcber einen l\u00e4ngeren Zeitraum verwendet werden. Aufgrund seiner Trockenheit ist es schwierig, fettig zu werden.<br \/>\n<strong>Weitgehend kompatibel:<\/strong> Dieser Tastensatz enth\u00e4lt 130 Tasten. Es ist kompatibel mit den meisten Tastaturen, einschlie\u00dflich der 60%, 65%, 75%, 80%, 96% und 100% (61\/64, 68, 84, 75, 87, 96, 98, 104 und 108) Bitte konsultieren Sie den H\u00e4ndler vor dem Kauf bestimmter Tastatur Leertasten, da sie einzigartig sind. Bitte \u00fcberpr\u00fcfen Sie die Eignung unserer 6,25U-Leertaste vor dem Kauf.<\/p>\n<p><strong>Tastenkappe mit Kirschenprofil:<\/strong> Das Design ist klassisch. Vom ergonomischen Standpunkt aus wird sie auch bei l\u00e4ngerem Gebrauch nicht erm\u00fcden. Ergonomisches Design in Kirschbaumh\u00f6he, geeignet f\u00fcr mechanische Tastaturen mit oder ohne Hintergrundbeleuchtung.<br \/>\n<strong>Qualit\u00e4tssicherung:<\/strong> Bitte kontaktieren Sie uns per E-Mail, wenn das Produkt, das Sie erhalten haben, nicht vorhanden oder besch\u00e4digt ist. (Die Tastenkappen sind der einzige Artikel; die Tastatur dient nur zu optischen Zwecken).<\/p>","protected":false},"featured_media":2434,"comment_status":"open","ping_status":"closed","template":"","meta":[],"product_brand":[],"product_cat":[56,73],"product_tag":[],"class_list":{"0":"post-2433","1":"product","2":"type-product","3":"status-publish","4":"has-post-thumbnail","6":"product_cat-custom-shells-skins","7":"product_cat-keyboard-keycaps","9":"first","10":"instock","11":"shipping-taxable","12":"purchasable","13":"product-type-simple"},"_links":{"self":[{"href":"https:\/\/vavcase.com\/de\/wp-json\/wp\/v2\/product\/2433","targetHints":{"allow":["GET"]}}],"collection":[{"href":"https:\/\/vavcase.com\/de\/wp-json\/wp\/v2\/product"}],"about":[{"href":"https:\/\/vavcase.com\/de\/wp-json\/wp\/v2\/types\/product"}],"replies":[{"embeddable":true,"href":"https:\/\/vavcase.com\/de\/wp-json\/wp\/v2\/comments?post=2433"}],"wp:featuredmedia":[{"embeddable":true,"href":"https:\/\/vavcase.com\/de\/wp-json\/wp\/v2\/media\/2434"}],"wp:attachment":[{"href":"https:\/\/vavcase.com\/de\/wp-json\/wp\/v2\/media?parent=2433"}],"wp:term":[{"taxonomy":"product_brand","embeddable":true,"href":"https:\/\/vavcase.com\/de\/wp-json\/wp\/v2\/product_brand?post=2433"},{"taxonomy":"product_cat","embeddable":true,"href":"https:\/\/vavcase.com\/de\/wp-json\/wp\/v2\/product_cat?post=2433"},{"taxonomy":"product_tag","embeddable":true,"href":"https:\/\/vavcase.com\/de\/wp-json\/wp\/v2\/product_tag?post=2433"}],"curies":[{"name":"wp","href":"https:\/\/api.w.org\/{rel}","templated":true}]}}