{"id":2440,"date":"2025-02-17T07:20:46","date_gmt":"2025-02-17T07:20:46","guid":{"rendered":"https:\/\/vavcase.com\/?post_type=product&#038;p=2440"},"modified":"2026-04-08T14:18:36","modified_gmt":"2026-04-08T14:18:36","slug":"dagaladoo-shine-through-keycapsdouble-shot-pbt-keycaps","status":"publish","type":"product","link":"https:\/\/vavcase.com\/de\/produkt\/dagaladoo-shine-through-keycapsdouble-shot-pbt-keycaps\/","title":{"rendered":"Dagaladoo Shine Through Tastenkappen, Double Shot PBT Tastenkappen"},"content":{"rendered":"<h2>Informationen zum Produkt<\/h2>\n<div class=\"a-row a-spacing-top-base\">\n<div class=\"a-column a-span6\">\n<div class=\"a-row a-spacing-base\">\n<div class=\"a-section table-padding\">\n<table id=\"productDetails_detailBullets_sections1\" class=\"a-keyvalue prodDetTable\" role=\"presentation\">\n<tbody>\n<tr>\n<th class=\"a-color-secondary a-size-base prodDetSectionEntry\">Abmessungen der Verpackung<\/th>\n<td class=\"a-size-base prodDetAttrValue\">10,24 x 5,91 x 1,38 Zoll<\/td>\n<\/tr>\n<tr>\n<th class=\"a-color-secondary a-size-base prodDetSectionEntry\">Artikel Gewicht<\/th>\n<td class=\"a-size-base prodDetAttrValue\">12 Unzen<\/td>\n<\/tr>\n<tr>\n<th class=\"a-color-secondary a-size-base prodDetSectionEntry\">Hersteller<\/th>\n<td class=\"a-size-base prodDetAttrValue\">dagaladoo<\/td>\n<\/tr>\n<tr>\n<th class=\"a-color-secondary a-size-base prodDetSectionEntry\">ASIN<\/th>\n<td class=\"a-size-base prodDetAttrValue\">B0DDT3GR6Y<\/td>\n<\/tr>\n<tr>\n<th class=\"a-color-secondary a-size-base prodDetSectionEntry\">Kundenrezensionen<\/th>\n<td class=\"a-size-base\">\n<div id=\"averageCustomerReviews\" data-asin=\"B0DDT3GR6Y\" data-ref=\"dpx_acr_pop_\"><span class=\"a-declarative\" data-action=\"acrStarsLink-click-metrics\" data-acrstarslink-click-metrics=\"{}\"><span id=\"acrPopover\" class=\"reviewCountTextLinkedHistogram noUnderline\" title=\"4,0 von 5 Sternen\"><a class=\"a-popover-trigger a-declarative\" role=\"button\"><span class=\"a-size-base a-color-base\">4.0\u00a0<\/span><i class=\"a-icon a-icon-star a-star-4 cm-cr-review-stars-spacing-big\"><span class=\"a-icon-alt\">4,0 von 5 Sternen<\/span><\/i>\u00a0<i class=\"a-icon a-icon-popover\"><\/i><\/a>\u00a0\u00a0<\/span><\/span>\u00a0<span class=\"a-declarative\" data-action=\"acrLink-click-metrics\" data-acrlink-click-metrics=\"{}\"><a id=\"acrCustomerReviewLink\" class=\"a-link-normal\" href=\"https:\/\/www.amazon.com\/dagaladoo-Through-Keyboard-Mechanical-Keyboards%EF%BC%88131\/dp\/B0DDT3GR6Y\/ref=sr_1_16?crid=1MXURFH0JMT6N&amp;dib=eyJ2IjoiMSJ9.bk_LRRkkgoeKRqxB4hALWI4llGS3niUWJ1wzrGcDu7SRCsOoilxTc-ubSQ0cYGXYHlGhnc5Ab1kYAp7-EFwRdBCL0IeuWz5jjJGzu6MSDcP1bHrqK1mdbiyKZoJX8DS9Fbbh-xENG5Hhv0ECYBd9x5r6FGzILK57Og2t0KouIcvRH-vVB4F36qXK-DzuL_DFqWZyQ0RJbVPpDnb-xgl4anKLBw7TUnOszKaremjiKXo.aP8qAnJX6wN62Wn6KjL8X2AOoygl5_2qG3uW8MhgwJM&amp;dib_tag=se&amp;keywords=Keyboard%2BKeycaps%2B%E2%80%93%2BGaming-themed%2BRGB%2Bkeycaps%2Bwith%2Bunique%2Bdesigns&amp;qid=1739775146&amp;sprefix=keyboard%2Bkeycaps%2Bgaming-themed%2Brgb%2Bkeycaps%2Bwith%2Bunique%2Bdesigns%2Caps%2C529&amp;sr=8-16&amp;th=1#customerReviews\"><span id=\"acrCustomerReviewText\" class=\"a-size-base\">13 Bewertungen<\/span><\/a><\/span><\/div>\n<p>4,0 von 5 Sternen<\/td>\n<\/tr>\n<tr>\n<th class=\"a-color-secondary a-size-base prodDetSectionEntry\">Meistverkaufter Rang<\/th>\n<td>#404 in\u00a0<a href=\"https:\/\/www.amazon.com\/gp\/bestsellers\/pc\/36818458011\/ref=pd_zg_hrsr_pc\">Tastenkappen<\/a><\/td>\n<\/tr>\n<\/tbody>\n<\/table>\n<\/div>\n<\/div>\n<\/div>\n<\/div>","protected":false},"excerpt":{"rendered":"<p>Der Drache ist das Totem Chinas, ein legend\u00e4res, gl\u00fcckverhei\u00dfendes Tier, das die uralte Kultur erbt, den Fluss der Zeit anf\u00fchrt und unvergleichliche Majest\u00e4t und Ehre demonstriert. Es dient als Quelle der kreativen Inspiration.<br \/>\n<strong>Double Shot PBT Keycaps &amp; Shine Through Keycaps:<\/strong> Diese hintergrundbeleuchtete Tastenkappe wird in einem zweischichtigen Spritzgussverfahren hergestellt, um die RGB-Beleuchtung mit hervorragender Lichtdurchl\u00e4ssigkeit zu gew\u00e4hrleisten. (Bitte beachten Sie, dass die seitlich bedruckte Tastenkappe eher f\u00fcr Tastaturen mit LEDs geeignet ist, die nach S\u00fcden ausgerichtet sind).<br \/>\n<strong>Tastenkappe mit Kirschenprofil:<\/strong> Das Design ist klassisch. Vom ergonomischen Standpunkt aus wird sie auch bei l\u00e4ngerem Gebrauch nicht erm\u00fcden. Ergonomisches Design in Kirschbaumh\u00f6he, geeignet f\u00fcr mechanische Tastaturen mit oder ohne Hintergrundbeleuchtung.<\/p>\n<p><strong>Universelle Kompatibilit\u00e4t:<\/strong> Dieser Satz durchscheinender Tastenkappen umfasst 129 Tasten. Es ist mit den meisten Tastaturen kompatibel, einschlie\u00dflich 60%, 65%, 75%, 80%, 96% und 100% (61\/64, 68, 75, 84, 87, 96, 98, 104 oder 108).<br \/>\n<strong>Einzigartiges 3-in-One-Design:<\/strong> Die Tastenkappe ist ein einzigartiges Design, das Thermosublimation und Double Shot Craft umfasst. Sie bewahrt nicht nur das exquisite Muster, sondern ist auch lichtdurchl\u00e4ssig. Um zu verhindern, dass direktes Sonnenlicht nach oben scheint, wird eine seitliche Beschriftung verwendet. Dies ist eine ideale L\u00f6sung, die zahlreiche Vorteile bietet. Sie spiegeln die Eleganz der Tastatur wider, behindern aber nicht die Sicht.<br \/>\n<strong>Au\u00dfergew\u00f6hnlicher Kundendienst:<\/strong> Unsere Produkte bieten einen benutzerfreundlichen Kundendienst. Wenn Sie ein Produkt erhalten, das fehlt oder besch\u00e4digt ist, kontaktieren Sie uns bitte per E-Mail. Wir werden Ihr Anliegen zeitnah und r\u00fccksichtsvoll bearbeiten. Die abgebildete Tastatur ist nicht vorhanden; nur die Tastenkappe ist enthalten.<\/p>","protected":false},"featured_media":2446,"comment_status":"open","ping_status":"closed","template":"","meta":[],"product_brand":[],"product_cat":[56,73],"product_tag":[],"class_list":{"0":"post-2440","1":"product","2":"type-product","3":"status-publish","4":"has-post-thumbnail","6":"product_cat-custom-shells-skins","7":"product_cat-keyboard-keycaps","9":"first","10":"instock","11":"featured","12":"shipping-taxable","13":"purchasable","14":"product-type-simple"},"_links":{"self":[{"href":"https:\/\/vavcase.com\/de\/wp-json\/wp\/v2\/product\/2440","targetHints":{"allow":["GET"]}}],"collection":[{"href":"https:\/\/vavcase.com\/de\/wp-json\/wp\/v2\/product"}],"about":[{"href":"https:\/\/vavcase.com\/de\/wp-json\/wp\/v2\/types\/product"}],"replies":[{"embeddable":true,"href":"https:\/\/vavcase.com\/de\/wp-json\/wp\/v2\/comments?post=2440"}],"wp:featuredmedia":[{"embeddable":true,"href":"https:\/\/vavcase.com\/de\/wp-json\/wp\/v2\/media\/2446"}],"wp:attachment":[{"href":"https:\/\/vavcase.com\/de\/wp-json\/wp\/v2\/media?parent=2440"}],"wp:term":[{"taxonomy":"product_brand","embeddable":true,"href":"https:\/\/vavcase.com\/de\/wp-json\/wp\/v2\/product_brand?post=2440"},{"taxonomy":"product_cat","embeddable":true,"href":"https:\/\/vavcase.com\/de\/wp-json\/wp\/v2\/product_cat?post=2440"},{"taxonomy":"product_tag","embeddable":true,"href":"https:\/\/vavcase.com\/de\/wp-json\/wp\/v2\/product_tag?post=2440"}],"curies":[{"name":"wp","href":"https:\/\/api.w.org\/{rel}","templated":true}]}}