{"id":2462,"date":"2025-02-17T08:52:49","date_gmt":"2025-02-17T08:52:49","guid":{"rendered":"https:\/\/vavcase.com\/?post_type=product&#038;p=2462"},"modified":"2025-02-17T08:52:49","modified_gmt":"2025-02-17T08:52:49","slug":"hystar-extended-gaming-mouse-pad-xxl-36-x-16-5mm-thick-waterproof-surface-natural-rubber-base-mythic-pegasus-with-case","status":"publish","type":"product","link":"https:\/\/vavcase.com\/de\/produkt\/hystar-extended-gaming-mauspad-xxl-36-x-16-5mm-dick-wasserdichte-oberflache-naturkautschuk-basis-mythic-pegasus-mit-etui\/","title":{"rendered":"Hystar Extended Gaming Mauspad XXL 36\u2033 x 16\u2033 5mm dicke wasserdichte Oberfl\u00e4che Naturkautschukbasis Mythic Pegasus mit Tasche"},"content":{"rendered":"<h2>Informationen zum Produkt<\/h2>\n<div class=\"a-row a-spacing-top-base\">\n<div class=\"a-column a-span6\">\n<div class=\"a-row a-spacing-base\">\n<div class=\"a-row a-expander-container a-expander-extend-container\">\n<div class=\"a-row\">\n<div class=\"a-column a-span6\">\n<h1 class=\"a-size-medium a-spacing-small\">Technische Details<\/h1>\n<\/div>\n<p><i class=\"a-icon a-icon-extender-collapse\"><\/i><\/div>\n<div class=\"a-expander-content a-expander-extend-content\" data-expanded=\"true\">\n<div class=\"a-row a-expander-container a-expander-inline-container\">\n<div class=\"a-expander-content a-expander-section-content a-section-expander-inner\" data-expanded=\"true\">\n<table id=\"productDetails_techSpec_section_1\" class=\"a-keyvalue prodDetTable\" role=\"presentation\">\n<tbody>\n<tr>\n<th class=\"a-color-secondary a-size-base prodDetSectionEntry\">Marke<\/th>\n<td class=\"a-size-base prodDetAttrValue\">Hystar<\/td>\n<\/tr>\n<tr>\n<th class=\"a-color-secondary a-size-base prodDetSectionEntry\">Modellnummer des Artikels<\/th>\n<td class=\"a-size-base prodDetAttrValue\">Mythos Pegasus<\/td>\n<\/tr>\n<tr>\n<th class=\"a-color-secondary a-size-base prodDetSectionEntry\">Artikel Gewicht<\/th>\n<td class=\"a-size-base prodDetAttrValue\">2,85 Pfund<\/td>\n<\/tr>\n<tr>\n<th class=\"a-color-secondary a-size-base prodDetSectionEntry\">Produkt Abmessungen<\/th>\n<td class=\"a-size-base prodDetAttrValue\">36 x 16 x 0,04 Zoll<\/td>\n<\/tr>\n<tr>\n<th class=\"a-color-secondary a-size-base prodDetSectionEntry\">Artikel Abmessungen LxBxH<\/th>\n<td class=\"a-size-base prodDetAttrValue\">36 x 16 x 0,04 Zoll<\/td>\n<\/tr>\n<tr>\n<th class=\"a-color-secondary a-size-base prodDetSectionEntry\">Farbe<\/th>\n<td class=\"a-size-base prodDetAttrValue\">Wei\u00df<\/td>\n<\/tr>\n<tr>\n<th class=\"a-color-secondary a-size-base prodDetSectionEntry\">Hersteller<\/th>\n<td class=\"a-size-base prodDetAttrValue\">Hystar<\/td>\n<\/tr>\n<tr>\n<th class=\"a-color-secondary a-size-base prodDetSectionEntry\">ASIN<\/th>\n<td class=\"a-size-base prodDetAttrValue\">B0CCXLYL4G<\/td>\n<\/tr>\n<\/tbody>\n<\/table>\n<\/div>\n<\/div>\n<\/div>\n<\/div>\n<\/div>\n<\/div>\n<\/div>","protected":false},"excerpt":{"rendered":"<p><strong>Individuelles Kunstwerk<\/strong> - Unser charakteristisches Kunstwerk wurde speziell f\u00fcr Ihren Arbeitsplatz entworfen. Mit seinen handverlesenen Farben und Designs, die sich nahtlos in Ihre bestehende Einrichtung einf\u00fcgen, ist dieses Herzst\u00fcck die ideale M\u00f6glichkeit, Ihre Einrichtung neu zu beleben.<br \/>\n<strong>Wasserdichtes Design<\/strong> - Verabschieden Sie sich von der unangenehmen, tr\u00e4gen Erfahrung, die oft mit anderen Matten verbunden ist. Das wasserabweisende Design unserer Matte verhindert versehentliche Unf\u00e4lle, ist feuchtigkeitsbest\u00e4ndig und garantiert, dass sie m\u00fchelos zu reinigen ist.<br \/>\n<strong>Hochwertige Materialien<\/strong> - Handgefertigt aus hochwertigem Naturkautschuk und Stoff. Unser seidenweiches Polyestergewebe ist so konzipiert, dass es jahrelanger Nutzung und Reinigung standh\u00e4lt, ohne jemals auszubleichen, dank unseres lichtechten Drucks. Unser umweltfreundlicher Naturkautschuk auf der R\u00fcckseite ist unbedenklich und griffig und sorgt f\u00fcr ein H\u00f6chstma\u00df an Stabilit\u00e4t.<\/p>\n<p><strong>Ultradicke<\/strong> - Qualit\u00e4t, die vom ersten Moment an sp\u00fcrbar ist. Dicker als 5mm oder 0.20\u2033. Das ist 40% dicker als die Mehrheit der anderen Marken. Unser massives Design bietet verbesserten Komfort, l\u00e4ngere Haltbarkeit und h\u00f6here Festigkeit.<br \/>\nAbmessungen: 36 Zoll mal 16 Zoll, also etwa 900 Millimeter mal 400 Millimeter<\/p>\n<p>&nbsp;<\/p>","protected":false},"featured_media":2469,"comment_status":"open","ping_status":"closed","template":"","meta":[],"product_brand":[],"product_cat":[66,58],"product_tag":[],"class_list":{"0":"post-2462","1":"product","2":"type-product","3":"status-publish","4":"has-post-thumbnail","6":"product_cat-mousepad-cases","7":"product_cat-setup-accessories","9":"first","10":"instock","11":"shipping-taxable","12":"purchasable","13":"product-type-simple"},"_links":{"self":[{"href":"https:\/\/vavcase.com\/de\/wp-json\/wp\/v2\/product\/2462","targetHints":{"allow":["GET"]}}],"collection":[{"href":"https:\/\/vavcase.com\/de\/wp-json\/wp\/v2\/product"}],"about":[{"href":"https:\/\/vavcase.com\/de\/wp-json\/wp\/v2\/types\/product"}],"replies":[{"embeddable":true,"href":"https:\/\/vavcase.com\/de\/wp-json\/wp\/v2\/comments?post=2462"}],"wp:featuredmedia":[{"embeddable":true,"href":"https:\/\/vavcase.com\/de\/wp-json\/wp\/v2\/media\/2469"}],"wp:attachment":[{"href":"https:\/\/vavcase.com\/de\/wp-json\/wp\/v2\/media?parent=2462"}],"wp:term":[{"taxonomy":"product_brand","embeddable":true,"href":"https:\/\/vavcase.com\/de\/wp-json\/wp\/v2\/product_brand?post=2462"},{"taxonomy":"product_cat","embeddable":true,"href":"https:\/\/vavcase.com\/de\/wp-json\/wp\/v2\/product_cat?post=2462"},{"taxonomy":"product_tag","embeddable":true,"href":"https:\/\/vavcase.com\/de\/wp-json\/wp\/v2\/product_tag?post=2462"}],"curies":[{"name":"wp","href":"https:\/\/api.w.org\/{rel}","templated":true}]}}