{"id":2470,"date":"2025-02-17T08:57:10","date_gmt":"2025-02-17T08:57:10","guid":{"rendered":"https:\/\/vavcase.com\/?post_type=product&#038;p=2470"},"modified":"2025-02-17T08:57:10","modified_gmt":"2025-02-17T08:57:10","slug":"stylish-travel-mouse-pouch-bundle-convertible-cushioned-zippered-electronics-storage-case","status":"publish","type":"product","link":"https:\/\/vavcase.com\/de\/produkt\/stylische-reisetasche-fur-die-maus-wandelbar-gepolstert-mit-reisverschluss-zur-aufbewahrung-von-elektronik\/","title":{"rendered":"Stilvolles Reise-Mausetui-Bundle - umwandelbares, gepolstertes Elektronik-Aufbewahrungsetui mit Rei\u00dfverschluss"},"content":{"rendered":"<h2>Informationen zum Produkt<\/h2>\n<div class=\"a-row a-spacing-top-base\">\n<div class=\"a-column a-span6\">\n<div class=\"a-row a-spacing-base\">\n<div class=\"a-row a-expander-container a-expander-extend-container\">\n<div class=\"a-row\">\n<div class=\"a-column a-span6\">\n<h3 class=\"a-size-medium a-spacing-small\">Technische Details<\/h3>\n<\/div>\n<\/div>\n<div class=\"a-expander-content a-expander-extend-content\" data-expanded=\"true\">\n<div class=\"a-row a-expander-container a-expander-inline-container\">\n<div class=\"a-expander-content a-expander-section-content a-section-expander-inner\" data-expanded=\"true\">\n<table id=\"productDetails_techSpec_section_1\" class=\"a-keyvalue prodDetTable\" role=\"presentation\">\n<tbody>\n<tr>\n<th class=\"a-color-secondary a-size-base prodDetSectionEntry\">Marke<\/th>\n<td class=\"a-size-base prodDetAttrValue\">Das Unternehmen Buti-Bag<\/td>\n<\/tr>\n<tr>\n<th class=\"a-color-secondary a-size-base prodDetSectionEntry\">Hersteller<\/th>\n<td class=\"a-size-base prodDetAttrValue\">Das Unternehmen Buti-Bag<\/td>\n<\/tr>\n<tr>\n<th class=\"a-color-secondary a-size-base prodDetSectionEntry\">Farbe<\/th>\n<td class=\"a-size-base prodDetAttrValue\">Wei\u00df,Grau,Silber<\/td>\n<\/tr>\n<tr>\n<th class=\"a-color-secondary a-size-base prodDetSectionEntry\">Artikel H\u00f6he<\/th>\n<td class=\"a-size-base prodDetAttrValue\">4,5 Zoll<\/td>\n<\/tr>\n<tr>\n<th class=\"a-color-secondary a-size-base prodDetSectionEntry\">Artikel Breite<\/th>\n<td class=\"a-size-base prodDetAttrValue\">0,5 Zoll<\/td>\n<\/tr>\n<tr>\n<th class=\"a-color-secondary a-size-base prodDetSectionEntry\">Produkt Abmessungen<\/th>\n<td class=\"a-size-base prodDetAttrValue\">22,86 x 1,27 x 11,43 cm; 68,03 g<\/td>\n<\/tr>\n<tr>\n<th class=\"a-color-secondary a-size-base prodDetSectionEntry\">Modellnummer des Artikels<\/th>\n<td class=\"a-size-base prodDetAttrValue\">BMP<\/td>\n<\/tr>\n<tr>\n<th class=\"a-color-secondary a-size-base prodDetSectionEntry\">Sind Batterien im Lieferumfang enthalten?<\/th>\n<td class=\"a-size-base prodDetAttrValue\">Nein<\/td>\n<\/tr>\n<tr>\n<th class=\"a-color-secondary a-size-base prodDetSectionEntry\">Hersteller<\/th>\n<td class=\"a-size-base prodDetAttrValue\">Das Unternehmen Buti-Bag<\/td>\n<\/tr>\n<tr>\n<th class=\"a-color-secondary a-size-base prodDetSectionEntry\">Artikel Gewicht<\/th>\n<td class=\"a-size-base prodDetAttrValue\">68 g<\/td>\n<\/tr>\n<\/tbody>\n<\/table>\n<\/div>\n<\/div>\n<\/div>\n<\/div>\n<\/div>\n<\/div>\n<\/div>","protected":false},"excerpt":{"rendered":"<p>EXTRA GROSSE, GEPOLSTERTE NEOPREN-MAUSTASCHE &amp; ELEKTRONIK-AUFBEWAHRUNGSTASCHE, DIE SICH MIT EINEM REISSVERSCHLUSS IN EIN MAUSPAD F\u00dcR UNTERWEGS VERWANDELN L\u00c4SST! So ist Ihre Maus stets durch eine sch\u00fctzende Oberfl\u00e4che gesch\u00fctzt. (Bitte beachten Sie, dass die Maus nicht im Lieferumfang enthalten ist).<br \/>\nBeinhaltet ein zweites, separates, superd\u00fcnnes, rutschfestes, aufrollbares Mauspad f\u00fcr den Fall, dass Sie die Tasche lieber versiegelt lassen m\u00f6chten.<br \/>\nHOCHWERTIGE MATERIALIEN UND REISSVERSCHLUSS ZUM SCHUTZ VON MAUS UND KABELN! Sch\u00f6nes graues und wei\u00dfes Au\u00dfenmaterial mit einem silbernen Metallclip zur einfachen Befestigung an jeder Handtasche.<\/p>\n<p>IDEALE MULTIFUNKTIONS-MAUSPAD-AUFBEWAHRUNGSTASCHE UND LAPTOP- UND TABLET-LADEGER\u00c4TETASCHE! Dar\u00fcber hinaus sorgt sie f\u00fcr die Sicherheit von zus\u00e4tzlichen Akkupacks.<br \/>\nHervorragendes Geschenk f\u00fcr Studenten oder Reisende, um all die l\u00e4stigen Kabel, Ladeger\u00e4te, Flash-Laufwerke und Backup-Batterien an einem Ort sicher aufzubewahren und zu organisieren.<\/p>","protected":false},"featured_media":2477,"comment_status":"open","ping_status":"closed","template":"","meta":[],"product_brand":[],"product_cat":[66,58],"product_tag":[],"class_list":{"0":"post-2470","1":"product","2":"type-product","3":"status-publish","4":"has-post-thumbnail","6":"product_cat-mousepad-cases","7":"product_cat-setup-accessories","9":"first","10":"instock","11":"shipping-taxable","12":"purchasable","13":"product-type-simple"},"_links":{"self":[{"href":"https:\/\/vavcase.com\/de\/wp-json\/wp\/v2\/product\/2470","targetHints":{"allow":["GET"]}}],"collection":[{"href":"https:\/\/vavcase.com\/de\/wp-json\/wp\/v2\/product"}],"about":[{"href":"https:\/\/vavcase.com\/de\/wp-json\/wp\/v2\/types\/product"}],"replies":[{"embeddable":true,"href":"https:\/\/vavcase.com\/de\/wp-json\/wp\/v2\/comments?post=2470"}],"wp:featuredmedia":[{"embeddable":true,"href":"https:\/\/vavcase.com\/de\/wp-json\/wp\/v2\/media\/2477"}],"wp:attachment":[{"href":"https:\/\/vavcase.com\/de\/wp-json\/wp\/v2\/media?parent=2470"}],"wp:term":[{"taxonomy":"product_brand","embeddable":true,"href":"https:\/\/vavcase.com\/de\/wp-json\/wp\/v2\/product_brand?post=2470"},{"taxonomy":"product_cat","embeddable":true,"href":"https:\/\/vavcase.com\/de\/wp-json\/wp\/v2\/product_cat?post=2470"},{"taxonomy":"product_tag","embeddable":true,"href":"https:\/\/vavcase.com\/de\/wp-json\/wp\/v2\/product_tag?post=2470"}],"curies":[{"name":"wp","href":"https:\/\/api.w.org\/{rel}","templated":true}]}}