{"id":2478,"date":"2025-02-17T08:59:15","date_gmt":"2025-02-17T08:59:15","guid":{"rendered":"https:\/\/vavcase.com\/?post_type=product&#038;p=2478"},"modified":"2025-02-17T09:03:38","modified_gmt":"2025-02-17T09:03:38","slug":"caturix-mouse-mat-case-protective-cover-for-xxl-gaming-mouse-pads-with-soft-inner-lining-protects-against-scratches","status":"publish","type":"product","link":"https:\/\/vavcase.com\/de\/produkt\/caturix-mouse-mat-case-schutzhulle-fur-xxl-gaming-mauspads-mit-weichem-innenfutter-schutzt-vor-kratzern\/","title":{"rendered":"CATURIX Mouse Mat Case - Schutzh\u00fclle f\u00fcr XXL Gaming Mouse Pads mit weichem Innenfutter, sch\u00fctzt vor Kratzern"},"content":{"rendered":"<div id=\"dp_productDescription_container_div\" class=\"celwidget pd_rd_w-ttTag pd_rd_r-NZ903FC3K87WZT45QJCH pd_rd_wg-R7ct8\" data-feature-name=\"productDescription\" data-csa-c-type=\"widget\" data-csa-c-content-id=\"productDescription\" data-csa-c-slot-id=\"dp_productDescription_container_div\" data-csa-c-asin=\"\" data-csa-c-is-in-initial-active-row=\"false\" data-csa-c-id=\"1lynjg-bkeg3y-pd88b7-35quby\" data-cel-widget=\"dp_productDescription_container_div\">\n<div>\n<div id=\"productDescription_feature_div\" class=\"a-row feature\" data-feature-name=\"productDescription\" data-template-name=\"productDescription\" data-cel-widget=\"productDescription_feature_div\">\n<h2 class=\"softlines\">Beschreibung des Produkts<\/h2>\n<div id=\"productDescription\" class=\"a-section a-spacing-small\">\n<p>CATURIX Mouse Mat Case - Schutzh\u00fclle f\u00fcr XXL Gaming Mousepads mit weichem Innenfutter sch\u00fctzt vor Kratzern Schwarz<\/p>\n<\/div>\n<\/div>\n<\/div>\n<\/div>\n<div id=\"detailBulletsProductFactsDesktopT3\" class=\"celwidget pd_rd_w-PtL8d pd_rd_r-NZ903FC3K87WZT45QJCH pd_rd_wg-R7ct8\" data-feature-name=\"detailBulletsProductFactsDesktopT3\" data-csa-c-type=\"widget\" data-csa-c-content-id=\"detailBulletsProductFactsDesktopT3\" data-csa-c-slot-id=\"detailBulletsProductFactsDesktopT3\" data-csa-c-asin=\"\" data-csa-c-is-in-initial-active-row=\"false\" data-csa-c-id=\"65hrim-tn7d2o-g238ng-1zh9re\" data-cel-widget=\"detailBulletsProductFactsDesktopT3\">\n<div id=\"detailBulletsWrapper_feature_div\" class=\"a-section feature detail-bullets-wrapper bucket\" data-feature-name=\"detailBullets\" data-template-name=\"detailBullets\" data-cel-widget=\"detailBulletsWrapper_feature_div\">\n<h2>Einzelheiten zum Produkt<\/h2>\n<div id=\"detailBullets_feature_div\">\n<ul class=\"a-unordered-list a-nostyle a-vertical a-spacing-none detail-bullet-list\">\n<li><span class=\"a-list-item\"><span class=\"a-text-bold\">Abmessungen der Verpackung .\u00a0<\/span>18,9 x 4,25 x 3,66 Zoll; 9,52 Unzen<\/span><\/li>\n<li><span class=\"a-list-item\"><span class=\"a-text-bold\">Modellnummer des Artikels .\u00a0<\/span>CTRX-18<\/span><\/li>\n<li><span class=\"a-list-item\"><span class=\"a-text-bold\">Datum der Erstver\u00f6ffentlichung .\u00a0<\/span>29. Mai 2024<\/span><\/li>\n<li><span class=\"a-list-item\"><span class=\"a-text-bold\">Hersteller .\u00a0<\/span>Caturix<\/span><\/li>\n<\/ul>\n<\/div>\n<\/div>\n<\/div>","protected":false},"excerpt":{"rendered":"<p>Dank der PE-Einlage bietet die CATURIX-Mausmattentasche Ihrer XXL-Gaming-Mausmatte eine gut gepolsterte Schutzschicht.<br \/>\nDas Mauspad wird durch die weiche Innenpolsterung der Tasche vor Schmutz, Kratzern und anderen Sch\u00e4den gesch\u00fctzt, die die Freude an der Maus beeintr\u00e4chtigen.<br \/>\nSie haben die M\u00f6glichkeit, das Mauspad-Etui an Ihrem Rucksack zu befestigen oder den Schl\u00fcsselring f\u00fcr Ihren Schl\u00fcssel zu nutzen.<\/p>\n<p>Heben Sie sich von der Masse ab und personalisieren Sie Ihre Mausmattentasche mit dem Klettverschluss f\u00fcr Aufn\u00e4her.<br \/>\nNachhaltigkeit ist uns ein gro\u00dfes Anliegen: Die Schutzh\u00fclle besteht aus recyceltem PET-Material, das wasserabweisend, widerstandsf\u00e4hig und von hoher Qualit\u00e4t ist.<\/p>","protected":false},"featured_media":2485,"comment_status":"open","ping_status":"closed","template":"","meta":[],"product_brand":[],"product_cat":[66,58],"product_tag":[],"class_list":{"0":"post-2478","1":"product","2":"type-product","3":"status-publish","4":"has-post-thumbnail","6":"product_cat-mousepad-cases","7":"product_cat-setup-accessories","9":"first","10":"instock","11":"shipping-taxable","12":"purchasable","13":"product-type-simple"},"_links":{"self":[{"href":"https:\/\/vavcase.com\/de\/wp-json\/wp\/v2\/product\/2478","targetHints":{"allow":["GET"]}}],"collection":[{"href":"https:\/\/vavcase.com\/de\/wp-json\/wp\/v2\/product"}],"about":[{"href":"https:\/\/vavcase.com\/de\/wp-json\/wp\/v2\/types\/product"}],"replies":[{"embeddable":true,"href":"https:\/\/vavcase.com\/de\/wp-json\/wp\/v2\/comments?post=2478"}],"wp:featuredmedia":[{"embeddable":true,"href":"https:\/\/vavcase.com\/de\/wp-json\/wp\/v2\/media\/2485"}],"wp:attachment":[{"href":"https:\/\/vavcase.com\/de\/wp-json\/wp\/v2\/media?parent=2478"}],"wp:term":[{"taxonomy":"product_brand","embeddable":true,"href":"https:\/\/vavcase.com\/de\/wp-json\/wp\/v2\/product_brand?post=2478"},{"taxonomy":"product_cat","embeddable":true,"href":"https:\/\/vavcase.com\/de\/wp-json\/wp\/v2\/product_cat?post=2478"},{"taxonomy":"product_tag","embeddable":true,"href":"https:\/\/vavcase.com\/de\/wp-json\/wp\/v2\/product_tag?post=2478"}],"curies":[{"name":"wp","href":"https:\/\/api.w.org\/{rel}","templated":true}]}}