{"id":2486,"date":"2025-02-17T09:13:58","date_gmt":"2025-02-17T09:13:58","guid":{"rendered":"https:\/\/vavcase.com\/?post_type=product&#038;p=2486"},"modified":"2025-12-15T11:18:32","modified_gmt":"2025-12-15T11:18:32","slug":"bubm-electronic-organizer-double-layer-travel-accessories-storage-bag-for-cord-adapter","status":"publish","type":"product","link":"https:\/\/vavcase.com\/de\/produkt\/bubm-electronic-organizer-doppellagig-reisezubehor-aufbewahrungstasche-fur-kabeladapter\/","title":{"rendered":"BUBM Electronic Organizer, doppellagige Reisezubeh\u00f6r-Aufbewahrungstasche f\u00fcr Kabel, Adapter"},"content":{"rendered":"<h2>Informationen zum Produkt<\/h2>\n<div class=\"a-row a-spacing-top-base\">\n<div class=\"a-column a-span6\">\n<div class=\"a-row a-spacing-base\">\n<div class=\"a-section table-padding\">\n<table id=\"productDetails_detailBullets_sections1\" class=\"a-keyvalue prodDetTable\" role=\"presentation\">\n<tbody>\n<tr>\n<th class=\"a-color-secondary a-size-base prodDetSectionEntry\">Produkt Abmessungen<\/th>\n<td class=\"a-size-base prodDetAttrValue\">10,5 x 8 x 4 Zoll<\/td>\n<\/tr>\n<tr>\n<th class=\"a-color-secondary a-size-base prodDetSectionEntry\">Artikel Gewicht<\/th>\n<td class=\"a-size-base prodDetAttrValue\">14,4 Unzen<\/td>\n<\/tr>\n<tr>\n<th class=\"a-color-secondary a-size-base prodDetSectionEntry\">ASIN<\/th>\n<td class=\"a-size-base prodDetAttrValue\">B01N441A06<\/td>\n<\/tr>\n<tr>\n<th class=\"a-color-secondary a-size-base prodDetSectionEntry\">Modellnummer des Artikels<\/th>\n<td class=\"a-size-base prodDetAttrValue\">CAbubm10401<\/td>\n<\/tr>\n<tr>\n<th class=\"a-color-secondary a-size-base prodDetSectionEntry\">Kundenrezensionen<\/th>\n<td class=\"a-size-base\">\n<div id=\"averageCustomerReviews\" data-asin=\"B01N441A06\" data-ref=\"dpx_acr_pop_\"><span class=\"a-declarative\" data-action=\"acrStarsLink-click-metrics\" data-acrstarslink-click-metrics=\"{}\"><span id=\"acrPopover\" class=\"reviewCountTextLinkedHistogram noUnderline\" title=\"4,7 von 5 Sternen\"><a class=\"a-popover-trigger a-declarative\" role=\"button\"><span class=\"a-size-base a-color-base\">4.7\u00a0<\/span><i class=\"a-icon a-icon-star a-star-4-5 cm-cr-review-stars-spacing-big\"><span class=\"a-icon-alt\">4,7 von 5 Sternen<\/span><\/i>\u00a0<i class=\"a-icon a-icon-popover\"><\/i><\/a>\u00a0\u00a0<\/span><\/span>\u00a0<span class=\"a-declarative\" data-action=\"acrLink-click-metrics\" data-acrlink-click-metrics=\"{}\"><a id=\"acrCustomerReviewLink\" class=\"a-link-normal\" href=\"https:\/\/www.amazon.com\/BUBM-Electronic-Organizer-Accessories-Storage\/dp\/B01N441A06\/ref=sr_1_27?crid=2OS6W1OVDEM6B&amp;dib=eyJ2IjoiMSJ9.BqriOz2lSUuLpO8zQBJtCaJpqLA3QOoyPafrNT4Jv9z0Fp0KAS9YQlVPXqnIpVEpzHI6H0Y9qMgQCyoKuoyF5nnFzF_ELmwKX84XKUJ-xQalqe3aQFciZNq49K4l9AI_qODSUNoYKDNxYhhgXF8MPuRcR_wvVEG7TwBEnpcdoIu992_iaFKGgVUu-ekiik13nZov2r15TnpRedk_5JIKzf0hRM5MEdbG6Ew6E7u33NU.8ozNtjnIt_jkreRtNX4OR013RC9iaajKG3kskdwtM1w&amp;dib_tag=se&amp;keywords=Organizers%2Bfor%2Bgaming%2Bcables%2Band%2Badapters&amp;qid=1739783223&amp;sprefix=organizers%2Bfor%2Bgaming%2Bcables%2Band%2Badapters%2Caps%2C490&amp;sr=8-27&amp;xpid=lTxz0-j6iR_8W&amp;th=1#customerReviews\"><span id=\"acrCustomerReviewText\" class=\"a-size-base\">1.204 Bewertungen<\/span><\/a><\/span><\/div>\n<p>4,7 von 5 Sternen<\/td>\n<\/tr>\n<tr>\n<th class=\"a-color-secondary a-size-base prodDetSectionEntry\">Meistverkaufter Rang<\/th>\n<td>#337 in\u00a0<a href=\"https:\/\/www.amazon.com\/gp\/bestsellers\/electronics\/290458\/ref=pd_zg_hrsr_electronics\">Kabelorganisationstaschen und -koffer<\/a><\/td>\n<\/tr>\n<\/tbody>\n<\/table>\n<\/div>\n<\/div>\n<\/div>\n<\/div>\n<div class=\"a-row a-spacing-top-base\">\n<div class=\"a-column a-span6\">\n<div class=\"a-row a-spacing-base\"><\/div>\n<\/div>\n<\/div>","protected":false},"excerpt":{"rendered":"<p><strong>HOHE KAPAZIT\u00c4T:<\/strong> Dieser Technik-Organizer verf\u00fcgt \u00fcber zwei F\u00e4cher mit zahlreichen elastischen Schlaufen und Netztaschen, die Platz f\u00fcr eine Vielzahl elektronischer Ger\u00e4te bieten, darunter Ladeger\u00e4te, Kabel, Kopfh\u00f6rer, Festplatten, Speicherkarten und andere Ger\u00e4te.<br \/>\n<strong>INTELLIGENTES DESIGN:<\/strong> Die Reisetasche f\u00fcr elektronisches Zubeh\u00f6r verf\u00fcgt \u00fcber ein gepolstertes Fach, in das ein iPad* oder ein Tablet bis zu einer Gr\u00f6\u00dfe von 9,7\u2033 ohne H\u00fclle passt. Drei verstellbare, gepolsterte Trennw\u00e4nde stehen zur Verf\u00fcgung, um Ihre unterschiedlichen Anforderungen zu erf\u00fcllen. (*Die angegebene Marke ist nicht mit unserem Produkt verbunden).<br \/>\nStellen Sie sicher, dass alle Gegenst\u00e4nde an einem einzigen Ort aufbewahrt werden: Mit dieser Reisetasche k\u00f6nnen Sie sicherstellen, dass Ihre Sachen sorgf\u00e4ltig an einem einzigen Ort aufbewahrt werden und leicht zug\u00e4nglich sind, um Verlust, Besch\u00e4digung oder Unordnung zu vermeiden.<\/p>\n<p><strong>PREMIUM-QUALIT\u00c4T:<\/strong> Der Travel Cable Organizer ist aus einem wasserdichten, robusten und strapazierf\u00e4higen Gewebe gefertigt. Ihr Gep\u00e4ck wird durch den halbflexiblen, gut gepolsterten Innenraum hervorragend gesch\u00fctzt.<br \/>\n<strong>LEBENSRETTER:<\/strong> Der Travel Device Organizer ist die ideale L\u00f6sung f\u00fcr die Aufbewahrung aller wichtigen Dinge, egal ob Sie auf Reisen oder zu Hause sind. Gewicht: 0.41kg; Abmessungen: 10,5\u2033 x 8\u2033 x 4\u2033<\/p>","protected":false},"featured_media":2494,"comment_status":"open","ping_status":"closed","template":"","meta":[],"product_brand":[],"product_cat":[67,58],"product_tag":[],"class_list":{"0":"post-2486","1":"product","2":"type-product","3":"status-publish","4":"has-post-thumbnail","6":"product_cat-cable-management-cases","7":"product_cat-setup-accessories","9":"first","10":"instock","11":"shipping-taxable","12":"purchasable","13":"product-type-simple"},"_links":{"self":[{"href":"https:\/\/vavcase.com\/de\/wp-json\/wp\/v2\/product\/2486","targetHints":{"allow":["GET"]}}],"collection":[{"href":"https:\/\/vavcase.com\/de\/wp-json\/wp\/v2\/product"}],"about":[{"href":"https:\/\/vavcase.com\/de\/wp-json\/wp\/v2\/types\/product"}],"replies":[{"embeddable":true,"href":"https:\/\/vavcase.com\/de\/wp-json\/wp\/v2\/comments?post=2486"}],"wp:featuredmedia":[{"embeddable":true,"href":"https:\/\/vavcase.com\/de\/wp-json\/wp\/v2\/media\/2494"}],"wp:attachment":[{"href":"https:\/\/vavcase.com\/de\/wp-json\/wp\/v2\/media?parent=2486"}],"wp:term":[{"taxonomy":"product_brand","embeddable":true,"href":"https:\/\/vavcase.com\/de\/wp-json\/wp\/v2\/product_brand?post=2486"},{"taxonomy":"product_cat","embeddable":true,"href":"https:\/\/vavcase.com\/de\/wp-json\/wp\/v2\/product_cat?post=2486"},{"taxonomy":"product_tag","embeddable":true,"href":"https:\/\/vavcase.com\/de\/wp-json\/wp\/v2\/product_tag?post=2486"}],"curies":[{"name":"wp","href":"https:\/\/api.w.org\/{rel}","templated":true}]}}