{"id":2495,"date":"2025-02-17T09:18:27","date_gmt":"2025-02-17T09:18:27","guid":{"rendered":"https:\/\/vavcase.com\/?post_type=product&#038;p=2495"},"modified":"2025-02-17T09:18:45","modified_gmt":"2025-02-17T09:18:45","slug":"under-desk-cable-management-tray-15-7-no-drill-steel-desk-cable-organizers-wire-management-tray-cable-management-rack","status":"publish","type":"product","link":"https:\/\/vavcase.com\/de\/produkt\/unter-dem-schreibtisch-kabel-management-tray-15-7-kein-bohrer-stahl-schreibtisch-kabel-organisatoren-draht-management-tray-kabel-management-rack\/","title":{"rendered":"Unter dem Schreibtisch Kabel Management Tray, 15,7 \"No Drill Stahl Schreibtisch Kabel Organizer, Wire Management Tray Kabel-Management-Rack"},"content":{"rendered":"<h2>Informationen zum Produkt<\/h2>\n<div class=\"a-row a-spacing-top-base\">\n<div class=\"a-column a-span6\">\n<div class=\"a-row a-spacing-base\">\n<div class=\"a-section table-padding\">\n<table id=\"productDetails_detailBullets_sections1\" class=\"a-keyvalue prodDetTable\" role=\"presentation\">\n<tbody>\n<tr>\n<th class=\"a-color-secondary a-size-base prodDetSectionEntry\">Produkt Abmessungen<\/th>\n<td class=\"a-size-base prodDetAttrValue\">15,7 x 4,7 x 0,04 Zoll<\/td>\n<\/tr>\n<tr>\n<th class=\"a-color-secondary a-size-base prodDetSectionEntry\">Artikel Gewicht<\/th>\n<td class=\"a-size-base prodDetAttrValue\">1,54 Pfund<\/td>\n<\/tr>\n<tr>\n<th class=\"a-color-secondary a-size-base prodDetSectionEntry\">ASIN<\/th>\n<td class=\"a-size-base prodDetAttrValue\">B09L62NFJ2<\/td>\n<\/tr>\n<tr>\n<th class=\"a-color-secondary a-size-base prodDetSectionEntry\">Kundenrezensionen<\/th>\n<td class=\"a-size-base\">\n<div id=\"averageCustomerReviews\" data-asin=\"B09L62NFJ2\" data-ref=\"dpx_acr_pop_\"><span class=\"a-declarative\" data-action=\"acrStarsLink-click-metrics\" data-acrstarslink-click-metrics=\"{}\"><span id=\"acrPopover\" class=\"reviewCountTextLinkedHistogram noUnderline\" title=\"4,7 von 5 Sternen\"><a class=\"a-popover-trigger a-declarative\" role=\"button\"><span class=\"a-size-base a-color-base\">4.7\u00a0<\/span><i class=\"a-icon a-icon-star a-star-4-5 cm-cr-review-stars-spacing-big\"><span class=\"a-icon-alt\">4,7 von 5 Sternen<\/span><\/i>\u00a0<i class=\"a-icon a-icon-popover\"><\/i><\/a>\u00a0\u00a0<\/span><\/span>\u00a0<span class=\"a-declarative\" data-action=\"acrLink-click-metrics\" data-acrlink-click-metrics=\"{}\"><a id=\"acrCustomerReviewLink\" class=\"a-link-normal\" href=\"https:\/\/www.amazon.com\/Under-Cable-Management-Organizers-Organizer\/dp\/B09L62NFJ2\/ref=sr_1_4?crid=O7NJBDSK332Z&amp;dib=eyJ2IjoiMSJ9.LQCsa3NDOpKGJ-O1OuSYJ_IEz2CGVwWOSlQCEqU8aBzODSdsjHqym7Im5gFgkbYIHP-WifHfI14_BhPg0jXffgvOh2nFKQorNpwup4m5_jfbTHNyLZp2TYAUAwB1AtZ-VQOjssrAOGolk6b75o4zp0wFaDWIF1_EcmCSocySeHQKP71K4wRU4sYzWbvIDVNNLs47UMXSHy0ZHyk2Qy-Qa-PLpxeOII3iWu1W7hCj4TE.ZIUZOM-P77AjSCz5levdJyhvFwqhTpbB8PkxDS2RW-I&amp;dib_tag=se&amp;keywords=%E2%80%A2%2BCable%2BManagement%2BCases%2B%E2%80%93%2BOrganizers%2Bfor%2Bgaming%2Bcables%2Band%2Badapters.&amp;qid=1739783655&amp;sprefix=cable%2Bmanagement%2Bcases%2Borganizers%2Bfor%2Bgaming%2Bcables%2Band%2Badapters.%2Caps%2C1107&amp;sr=8-4&amp;th=1#customerReviews\"><span id=\"acrCustomerReviewText\" class=\"a-size-base\">3.417 Bewertungen<\/span><\/a><\/span><\/div>\n<p>4,7 von 5 Sternen<\/td>\n<\/tr>\n<tr>\n<th class=\"a-color-secondary a-size-base prodDetSectionEntry\">Meistverkaufter Rang<\/th>\n<td>#1,425 in Elektronik (<a href=\"https:\/\/www.amazon.com\/gp\/bestsellers\/electronics\/ref=pd_zg_ts_electronics\">Siehe Top 100 in Elektronik<\/a>)<br \/>\n#20 in\u00a0<a href=\"https:\/\/www.amazon.com\/gp\/bestsellers\/electronics\/6577543011\/ref=pd_zg_hrsr_electronics\">Kabelkan\u00e4le<\/a><\/td>\n<\/tr>\n<tr>\n<th class=\"a-color-secondary a-size-base prodDetSectionEntry\">Datum der Erstverf\u00fcgbarkeit<\/th>\n<td class=\"a-size-base prodDetAttrValue\">November 8, 2021<\/td>\n<\/tr>\n<tr>\n<th class=\"a-color-secondary a-size-base prodDetSectionEntry\">Hersteller<\/th>\n<td class=\"a-size-base prodDetAttrValue\">REFLYING<\/td>\n<\/tr>\n<\/tbody>\n<\/table>\n<\/div>\n<\/div>\n<\/div>\n<\/div>","protected":false},"excerpt":{"rendered":"<p>\"Bohrfreie Installation\": Dieses Kabelmanagement-Tablett ist schraubenlos und wurde f\u00fcr Ihren Heimarbeitsplatz entwickelt. Wir liefern eine Anleitung. Holz-, Glas-, Metall- und Marmortische sind alle geeignet und lassen sich m\u00fchelos demontieren, ohne den Tisch zu besch\u00e4digen oder Spuren zu hinterlassen.<br \/>\nDESIGN UND VORTEILE VON SILIKON: Der Arbeitsplatz oder Tisch wird durch weiche Gummipuffer, die sich auf verstellbaren und abnehmbaren Klemmen befinden, vor Kratzern gesch\u00fctzt. Anti-\u00dcberhitzung, keine Staubansammlung Extra gro\u00dfe Kapazit\u00e4t, verstellbares Kabel.<br \/>\nSTRONG AND STURDY: Dieser neue Drahtverhinderer ist aus pulverbeschichtetem Kohlenstoffstahl gefertigt, der eine lange Lebensdauer garantiert. Er ist leise und stabil. Das hohle, geschwungene Design des Kabelkanals unter dem Schreibtisch erm\u00f6glicht die einfache Aufbewahrung einer Steckdosenleiste und erleichtert die Organisation von Kabeldr\u00e4hten.<\/p>\n<p>PAKET ENTHALTEN: Dieses Paket enth\u00e4lt f\u00fcnf Unter-Tisch-Kabel-Organisatoren und zwei Computer-Kabel-Organisatoren. Die Abmessungen der Untertisch-Kabelwanne sind L15,7 x B4,7 x H6,3 Zoll. Wenn sich unter der Kabelwanne des Schreibtisches zahlreiche Kabel befinden, k\u00f6nnen die Kabelorganisatoren besonders vorteilhaft sein und die Verwaltung der Kabel auf dem Schreibtisch erleichtern.<br \/>\nSCHREIBPLATZ, DER ORDNUNGSGEM\u00c4SS UND SAUBER IST: OPENING UP Diese Kabelwanne f\u00fcr den Schreibtisch unterscheidet sich von der herk\u00f6mmlichen Kabelf\u00fchrung unter dem Schreibtisch durch ihre Haltbarkeit, Funktionalit\u00e4t und ihren Nutzen. Sie macht eine un\u00fcbersichtliche Steckdosenleiste und Verkabelung \u00fcberfl\u00fcssig und sorgt so f\u00fcr einen aufger\u00e4umten Arbeitsbereich.<\/p>","protected":false},"featured_media":2503,"comment_status":"open","ping_status":"closed","template":"","meta":[],"product_brand":[],"product_cat":[67,58],"product_tag":[],"class_list":{"0":"post-2495","1":"product","2":"type-product","3":"status-publish","4":"has-post-thumbnail","6":"product_cat-cable-management-cases","7":"product_cat-setup-accessories","9":"first","10":"instock","11":"shipping-taxable","12":"purchasable","13":"product-type-simple"},"_links":{"self":[{"href":"https:\/\/vavcase.com\/de\/wp-json\/wp\/v2\/product\/2495","targetHints":{"allow":["GET"]}}],"collection":[{"href":"https:\/\/vavcase.com\/de\/wp-json\/wp\/v2\/product"}],"about":[{"href":"https:\/\/vavcase.com\/de\/wp-json\/wp\/v2\/types\/product"}],"replies":[{"embeddable":true,"href":"https:\/\/vavcase.com\/de\/wp-json\/wp\/v2\/comments?post=2495"}],"wp:featuredmedia":[{"embeddable":true,"href":"https:\/\/vavcase.com\/de\/wp-json\/wp\/v2\/media\/2503"}],"wp:attachment":[{"href":"https:\/\/vavcase.com\/de\/wp-json\/wp\/v2\/media?parent=2495"}],"wp:term":[{"taxonomy":"product_brand","embeddable":true,"href":"https:\/\/vavcase.com\/de\/wp-json\/wp\/v2\/product_brand?post=2495"},{"taxonomy":"product_cat","embeddable":true,"href":"https:\/\/vavcase.com\/de\/wp-json\/wp\/v2\/product_cat?post=2495"},{"taxonomy":"product_tag","embeddable":true,"href":"https:\/\/vavcase.com\/de\/wp-json\/wp\/v2\/product_tag?post=2495"}],"curies":[{"name":"wp","href":"https:\/\/api.w.org\/{rel}","templated":true}]}}