{"id":2504,"date":"2025-02-17T09:22:32","date_gmt":"2025-02-17T09:22:32","guid":{"rendered":"https:\/\/vavcase.com\/?post_type=product&#038;p=2504"},"modified":"2026-04-08T14:19:56","modified_gmt":"2026-04-08T14:19:56","slug":"yecaye-2-pack-cable-management-under-desk-31-5-in-under-desk-cable-management-tray","status":"publish","type":"product","link":"https:\/\/vavcase.com\/de\/produkt\/yecaye-2-pack-kabelmanagement-unter-tisch-31-5-in-unter-tisch-kabelmanagement-tray\/","title":{"rendered":"Yecaye 2 Pack Kabel-Management unter dem Schreibtisch, 31,5 in unter dem Schreibtisch Kabel-Management-Tray"},"content":{"rendered":"<h2>Informationen zum Produkt<\/h2>\n<div class=\"a-row a-spacing-top-base\">\n<div class=\"a-column a-span6\">\n<div class=\"a-row a-spacing-base\">\n<div class=\"a-section table-padding\">\n<table id=\"productDetails_detailBullets_sections1\" class=\"a-keyvalue prodDetTable\" role=\"presentation\">\n<tbody>\n<tr>\n<th class=\"a-color-secondary a-size-base prodDetSectionEntry\">Produkt Abmessungen<\/th>\n<td class=\"a-size-base prodDetAttrValue\">31,4 x 3,9 x 3,5 Zoll<\/td>\n<\/tr>\n<tr>\n<th class=\"a-color-secondary a-size-base prodDetSectionEntry\">Artikel Gewicht<\/th>\n<td class=\"a-size-base prodDetAttrValue\">1,92 Pfund<\/td>\n<\/tr>\n<tr>\n<th class=\"a-color-secondary a-size-base prodDetSectionEntry\">ASIN<\/th>\n<td class=\"a-size-base prodDetAttrValue\">B08J4173VD<\/td>\n<\/tr>\n<tr>\n<th class=\"a-color-secondary a-size-base prodDetSectionEntry\">Modellnummer des Artikels<\/th>\n<td class=\"a-size-base prodDetAttrValue\">Untertisch-Kabelmanagement U-Kanal<\/td>\n<\/tr>\n<tr>\n<th class=\"a-color-secondary a-size-base prodDetSectionEntry\">Kundenrezensionen<\/th>\n<td class=\"a-size-base\">\n<div id=\"averageCustomerReviews\" data-asin=\"B08J4173VD\" data-ref=\"dpx_acr_pop_\"><span class=\"a-declarative\" data-action=\"acrStarsLink-click-metrics\" data-acrstarslink-click-metrics=\"{}\"><span id=\"acrPopover\" class=\"reviewCountTextLinkedHistogram noUnderline\" title=\"4,3 von 5 Sternen\"><a class=\"a-popover-trigger a-declarative\" role=\"button\"><span class=\"a-size-base a-color-base\">4.3\u00a0<\/span><i class=\"a-icon a-icon-star a-star-4-5 cm-cr-review-stars-spacing-big\"><span class=\"a-icon-alt\">4,3 von 5 Sternen<\/span><\/i>\u00a0<i class=\"a-icon a-icon-popover\"><\/i><\/a>\u00a0\u00a0<\/span><\/span>\u00a0<span class=\"a-declarative\" data-action=\"acrLink-click-metrics\" data-acrlink-click-metrics=\"{}\"><a id=\"acrCustomerReviewLink\" class=\"a-link-normal\" href=\"https:\/\/www.amazon.com\/Yecaye-Cable-Management-Organizer-Office\/dp\/B08J4173VD\/ref=sr_1_18?crid=O7NJBDSK332Z&amp;dib=eyJ2IjoiMSJ9.JWbvtaFXB5ENBry_y8QN_cppk5vwDg27FLmB5z9A0Glgzmg0obxHvYyODl2c1op6dOqUMqQ2VxAZUVtjZn4AKnauO3-TuYzmMG1d_rae9KmHXAIEbeTEvCfO_0OpcmDb2pTgkNwmsmVSG6o5CAPPq1M71wmZlQWs5X2D6DRA1WYZh1EUVMY6A4mb-6a_rWeU3gzaQv6oPexHNq2Cn5DySwPlaMsadvfGsWvMN030VLc.d50GkUEU7METsYzHbCO_7ZbwMXUQLdDLieCJ4NIeoGg&amp;dib_tag=se&amp;keywords=%E2%80%A2%2BCable%2BManagement%2BCases%2B%E2%80%93%2BOrganizers%2Bfor%2Bgaming%2Bcables%2Band%2Badapters.&amp;qid=1739783950&amp;sprefix=cable%2Bmanagement%2Bcases%2Borganizers%2Bfor%2Bgaming%2Bcables%2Band%2Badapters.%2Caps%2C1107&amp;sr=8-18&amp;xpid=Budc5jspIi1w2&amp;th=1#customerReviews\"><span id=\"acrCustomerReviewText\" class=\"a-size-base\">1.759 Bewertungen<\/span><\/a><\/span><\/div>\n<p>4,3 von 5 Sternen<\/td>\n<\/tr>\n<tr>\n<th class=\"a-color-secondary a-size-base prodDetSectionEntry\">Meistverkaufter Rang<\/th>\n<td>#2,785 in Elektronik (<a href=\"https:\/\/www.amazon.com\/gp\/bestsellers\/electronics\/ref=pd_zg_ts_electronics\">Siehe Top 100 in Elektronik<\/a>)<br \/>\n#43 in\u00a0<a href=\"https:\/\/www.amazon.com\/gp\/bestsellers\/electronics\/6577543011\/ref=pd_zg_hrsr_electronics\">Kabelkan\u00e4le<\/a><\/td>\n<\/tr>\n<\/tbody>\n<\/table>\n<\/div>\n<\/div>\n<\/div>\n<\/div>","protected":false},"excerpt":{"rendered":"<p>Kabelmanagement mit gro\u00dfer Kapazit\u00e4t: Der gro\u00dfe Yecaye Kabel-Organizer kann dabei helfen, alle Gegenst\u00e4nde ordentlich zu verstauen und Ihren Arbeitsbereich im Heimb\u00fcro oder auf dem Schreibtisch zu organisieren. Er ist eine hervorragende Wahl f\u00fcr Steckdosenleisten, \u00dcberspannungsschutz, Power Bricks, externe Festplatten, Kabel oder Anschl\u00fcsse. Legen Sie die Kabel\/Stromleisten in das unter dem Schreibtisch befindliche Kabelmanagementsystem ein, ohne dass ein Klappdeckel oder eine bewegliche Abdeckung erforderlich ist.<br \/>\nEinfache Installation mit haltbarem Klebeband: Sie sollten mindestens 24 Stunden warten, bevor Sie Kabel oder Stromkabel installieren.Die Tragf\u00e4higkeit betr\u00e4gt bis zu 6 lbs, und es wird sicher befestigt, um zu verhindern, dass es f\u00e4llt.Bitte verzichten Sie darauf, die Kabelorganisation auf strukturierten Oberfl\u00e4chen zu verwenden, um eine positive Erfahrung zu garantieren.<br \/>\nAnpassungsf\u00e4hige Installation: Unser Untertisch-Kabelmanagement besteht aus 2 mm starkem Hart-PVC-Kunststoff und eignet sich f\u00fcr alle glatten Oberfl\u00e4chen, mit Ausnahme von strukturierten W\u00e4nden. Es kann unter dem Schreibtisch, nach innen oder nach au\u00dfen gerichtet, hinter dem Schreibtisch oder an der Wand angebracht werden.<\/p>\n<p>Gen\u00fcgend Platz f\u00fcr den Gebrauch: Die Gesamtl\u00e4nge des Kabels betr\u00e4gt 31,5 Zoll, und die obere \u00d6ffnung und die seitlichen Aussparungen sind so konzipiert, dass die Computerkabel frei auf dem Schreibtisch verlaufen k\u00f6nnen und sich nicht verheddern, insbesondere wenn Sie den Schreibtisch auf und ab bewegen. Das Verstecken von Steckdosenleisten und ungesicherten Kabeln beugt nicht nur Stolperfallen vor, sondern schafft auch Platz auf dem Schreibtisch und auf dem Boden.<br \/>\nEine gro\u00dfe Auswahl an Zubeh\u00f6r ist im Lieferumfang enthalten: Das Paket enth\u00e4lt zwei haltbare Kabelbinder (L15.7in B3.9in H3.5in), vier Kabeldurchf\u00fchrungen und sechs Kabelbinder. Die Seitenwand und der Boden jedes Kabelkanals sind mit f\u00fcnf \u00d6ffnungen vorgebohrt, die jeweils 1,2 x 1,2 Zoll messen. Dies vereinfacht die Verlegung der Kabel. Die einzelnen Kabel lassen sich leicht trennen und durch die \u00d6ffnungen f\u00e4deln.<\/p>","protected":false},"featured_media":2511,"comment_status":"open","ping_status":"closed","template":"","meta":[],"product_brand":[],"product_cat":[67,58],"product_tag":[],"class_list":{"0":"post-2504","1":"product","2":"type-product","3":"status-publish","4":"has-post-thumbnail","6":"product_cat-cable-management-cases","7":"product_cat-setup-accessories","9":"first","10":"instock","11":"shipping-taxable","12":"purchasable","13":"product-type-simple"},"_links":{"self":[{"href":"https:\/\/vavcase.com\/de\/wp-json\/wp\/v2\/product\/2504","targetHints":{"allow":["GET"]}}],"collection":[{"href":"https:\/\/vavcase.com\/de\/wp-json\/wp\/v2\/product"}],"about":[{"href":"https:\/\/vavcase.com\/de\/wp-json\/wp\/v2\/types\/product"}],"replies":[{"embeddable":true,"href":"https:\/\/vavcase.com\/de\/wp-json\/wp\/v2\/comments?post=2504"}],"wp:featuredmedia":[{"embeddable":true,"href":"https:\/\/vavcase.com\/de\/wp-json\/wp\/v2\/media\/2511"}],"wp:attachment":[{"href":"https:\/\/vavcase.com\/de\/wp-json\/wp\/v2\/media?parent=2504"}],"wp:term":[{"taxonomy":"product_brand","embeddable":true,"href":"https:\/\/vavcase.com\/de\/wp-json\/wp\/v2\/product_brand?post=2504"},{"taxonomy":"product_cat","embeddable":true,"href":"https:\/\/vavcase.com\/de\/wp-json\/wp\/v2\/product_cat?post=2504"},{"taxonomy":"product_tag","embeddable":true,"href":"https:\/\/vavcase.com\/de\/wp-json\/wp\/v2\/product_tag?post=2504"}],"curies":[{"name":"wp","href":"https:\/\/api.w.org\/{rel}","templated":true}]}}