{"id":2512,"date":"2025-02-17T09:27:21","date_gmt":"2025-02-17T09:27:21","guid":{"rendered":"https:\/\/vavcase.com\/?post_type=product&#038;p=2512"},"modified":"2025-11-10T10:26:54","modified_gmt":"2025-11-10T10:26:54","slug":"fyy-electronic-organizer-travel-cable-organizer-bag-pouch-electronic-accessories-carry-case-portable-waterproof-double-layers-storage-case","status":"publish","type":"product","link":"https:\/\/vavcase.com\/de\/produkt\/fyy-electronic-organizer-travel-cable-organizer-bag-pouch-electronic-accessories-carry-case-portable-waterproof-double-layers-storage-case\/","title":{"rendered":"FYY Electronic Organizer, Travel Cable Organizer Bag Pouch Electronic Accessories Carry Case Portable Waterproof Double Layers Storage Case"},"content":{"rendered":"<h2>Informationen zum Produkt<\/h2>\n<div class=\"a-row a-spacing-top-base\">\n<div class=\"a-column a-span6\">\n<div class=\"a-row a-spacing-base\">\n<div class=\"a-section table-padding\">\n<table id=\"productDetails_detailBullets_sections1\" class=\"a-keyvalue prodDetTable\" role=\"presentation\">\n<tbody>\n<tr>\n<th class=\"a-color-secondary a-size-base prodDetSectionEntry\">Produkt Abmessungen<\/th>\n<td class=\"a-size-base prodDetAttrValue\">8,3 x 5 x 2,6 Zoll<\/td>\n<\/tr>\n<tr>\n<th class=\"a-color-secondary a-size-base prodDetSectionEntry\">Artikel Gewicht<\/th>\n<td class=\"a-size-base prodDetAttrValue\">3,84 Unzen<\/td>\n<\/tr>\n<tr>\n<th class=\"a-color-secondary a-size-base prodDetSectionEntry\">ASIN<\/th>\n<td class=\"a-size-base prodDetAttrValue\">B09DGDDK1C<\/td>\n<\/tr>\n<tr>\n<th class=\"a-color-secondary a-size-base prodDetSectionEntry\">Modellnummer des Artikels<\/th>\n<td class=\"a-size-base prodDetAttrValue\">FYY-BR-C-002-Cable-Organizer-DL-BK<\/td>\n<\/tr>\n<tr>\n<th class=\"a-color-secondary a-size-base prodDetSectionEntry\">Kundenrezensionen<\/th>\n<td class=\"a-size-base\">\n<div id=\"averageCustomerReviews\" data-asin=\"B09DGDDK1C\" data-ref=\"dpx_acr_pop_\"><span class=\"a-declarative\" data-action=\"acrStarsLink-click-metrics\" data-acrstarslink-click-metrics=\"{}\"><span id=\"acrPopover\" class=\"reviewCountTextLinkedHistogram noUnderline\" title=\"4,5 von 5 Sternen\"><a class=\"a-popover-trigger a-declarative\" role=\"button\"><span class=\"a-size-base a-color-base\">4.5\u00a0<\/span><i class=\"a-icon a-icon-star a-star-4-5 cm-cr-review-stars-spacing-big\"><span class=\"a-icon-alt\">4,5 von 5 Sternen<\/span><\/i>\u00a0<i class=\"a-icon a-icon-popover\"><\/i><\/a>\u00a0\u00a0<\/span><\/span>\u00a0<span class=\"a-declarative\" data-action=\"acrLink-click-metrics\" data-acrlink-click-metrics=\"{}\"><a id=\"acrCustomerReviewLink\" class=\"a-link-normal\" href=\"https:\/\/www.amazon.com\/FYY-Electronic-Organizer-Accessories-Waterproof\/dp\/B09DGDDK1C\/ref=sr_1_12_sspa?crid=3HXWMF2A83JZZ&amp;dib=eyJ2IjoiMSJ9.wEk3Ax8K7Grzd_c2xXzNXdN2UM6xDZWFDxvtqKIpqEsEL62FwsNCDPuekS074scihVQ1YJI2WKouieU40PSM61BxIXy42HgkxqaMhc8UNtjCFskov22rxoNghphv35VM2dpYiT0bbLD3_u0plNogqvqKpxRro-J3BShX4DyWpT2OTF2MZskNbn7E9OGYWwttlXaOfpcQouC_XlbLf2VvumTRfSEXa2Osk0apLEj70yE.rZ-C8XBpZuZzK1eNCfD897WI1VhNBd-8kqx7-HETPj4&amp;dib_tag=se&amp;keywords=Cable%2BManagement%2BCases%2B%E2%80%93%2BOrganizers%2Bfor%2Bgaming%2Bcables%2Band%2Badapters&amp;qid=1739783057&amp;sprefix=cable%2Bmanagement%2Bcases%2Borganizers%2Bfor%2Bgaming%2Bcables%2Band%2Badapters%2Caps%2C730&amp;sr=8-12-spons&amp;sp_csd=d2lkZ2V0TmFtZT1zcF9tdGY&amp;th=1#customerReviews\"><span id=\"acrCustomerReviewText\" class=\"a-size-base\">28.719 Bewertungen<\/span><\/a><\/span><\/div>\n<p>4,5 von 5 Sternen<\/td>\n<\/tr>\n<tr>\n<th class=\"a-color-secondary a-size-base prodDetSectionEntry\">Meistverkaufter Rang<\/th>\n<td>#2 in\u00a0<a href=\"https:\/\/www.amazon.com\/gp\/bestsellers\/electronics\/290458\/ref=pd_zg_hrsr_electronics\">Kabelorganisationstaschen und -koffer<\/a><\/td>\n<\/tr>\n<\/tbody>\n<\/table>\n<\/div>\n<\/div>\n<\/div>\n<\/div>","protected":false},"excerpt":{"rendered":"<p>Abmessungen: Die Kabelspeicher-Reisetasche misst 8,3\u2033 x 5\u2033 x 2,6\u2033. Es ist m\u00fchelos zu transportieren und in Ihrem Rucksack, Handtaschen oder Laptop-Tasche aufgrund seiner kompakten Gr\u00f6\u00dfe und leichtes Design zu speichern. Geeignet f\u00fcr die t\u00e4gliche Organisation und den Familiengebrauch.<br \/>\nHochwertiges Material: Diese elektronische Organizer-Reisetasche besteht aus hochwertigem, strapazierf\u00e4higem, wasserdichtem Oxford und einem weichen Schwamm im Inneren, um sicherzustellen, dass Ihre Ger\u00e4te sicher an ihrem Platz sind und Sie jederzeit schnell darauf zugreifen k\u00f6nnen. Es ist eine ideale Tasche zum Schutz Ihres elektronischen Zubeh\u00f6rs.<br \/>\nDoppellagiges Design: Die Elektronik-Aufbewahrungstasche verf\u00fcgt \u00fcber ein zweilagiges Innenfach, das reichlich Platz f\u00fcr Ihre Kabel, USB-Laufwerk, Handy, Ladeger\u00e4t, Maus, Flash-Laufwerk und anderes Zubeh\u00f6r bietet.<\/p>\n<p>Praktisch und bequem: Ausgestattet mit einem bequemen Tragegurt f\u00fcr den m\u00fchelosen Transport, kann die Tasche beim Verlassen des Hauses in der Hand getragen werden. Die Tasche ist so konzipiert, dass Sie schnell auf die Gegenst\u00e4nde im Inneren zugreifen k\u00f6nnen, und der robuste und glatte Rei\u00dfverschluss sorgt daf\u00fcr, dass Ihr geliebtes Ger\u00e4t sicher aufbewahrt wird.<br \/>\nTragbar und leicht: Diese strapazierf\u00e4hige Kabelorganisationstasche ist aufgrund ihrer kompakten Gr\u00f6\u00dfe und ihres geringen Gewichts die ideale Wahl f\u00fcr den Einsatz auf Reisen, Gesch\u00e4ftsreisen, im Urlaub oder im B\u00fcro. Dieser Artikel ist ein hervorragendes Geschenk f\u00fcr sich selbst und eignet sich auch gut als Mitbringsel f\u00fcr Freunde und Familie. (Elektronisches Zubeh\u00f6r und Kabel sind nicht enthalten.)<\/p>","protected":false},"featured_media":2519,"comment_status":"open","ping_status":"closed","template":"","meta":[],"product_brand":[],"product_cat":[67,58],"product_tag":[],"class_list":{"0":"post-2512","1":"product","2":"type-product","3":"status-publish","4":"has-post-thumbnail","6":"product_cat-cable-management-cases","7":"product_cat-setup-accessories","9":"first","10":"instock","11":"shipping-taxable","12":"purchasable","13":"product-type-simple"},"_links":{"self":[{"href":"https:\/\/vavcase.com\/de\/wp-json\/wp\/v2\/product\/2512","targetHints":{"allow":["GET"]}}],"collection":[{"href":"https:\/\/vavcase.com\/de\/wp-json\/wp\/v2\/product"}],"about":[{"href":"https:\/\/vavcase.com\/de\/wp-json\/wp\/v2\/types\/product"}],"replies":[{"embeddable":true,"href":"https:\/\/vavcase.com\/de\/wp-json\/wp\/v2\/comments?post=2512"}],"wp:featuredmedia":[{"embeddable":true,"href":"https:\/\/vavcase.com\/de\/wp-json\/wp\/v2\/media\/2519"}],"wp:attachment":[{"href":"https:\/\/vavcase.com\/de\/wp-json\/wp\/v2\/media?parent=2512"}],"wp:term":[{"taxonomy":"product_brand","embeddable":true,"href":"https:\/\/vavcase.com\/de\/wp-json\/wp\/v2\/product_brand?post=2512"},{"taxonomy":"product_cat","embeddable":true,"href":"https:\/\/vavcase.com\/de\/wp-json\/wp\/v2\/product_cat?post=2512"},{"taxonomy":"product_tag","embeddable":true,"href":"https:\/\/vavcase.com\/de\/wp-json\/wp\/v2\/product_tag?post=2512"}],"curies":[{"name":"wp","href":"https:\/\/api.w.org\/{rel}","templated":true}]}}