{"id":2521,"date":"2025-02-17T09:32:50","date_gmt":"2025-02-17T09:32:50","guid":{"rendered":"https:\/\/vavcase.com\/?post_type=product&#038;p=2521"},"modified":"2026-04-08T14:19:14","modified_gmt":"2026-04-08T14:19:14","slug":"shikha-cable-management-under-desk-15-7-31-retractable-cable-management-tray","status":"publish","type":"product","link":"https:\/\/vavcase.com\/de\/produkt\/shikha-kabelmanagement-unter-dem-tisch-15-7-31-einziehbare-kabelmanagementwanne\/","title":{"rendered":"Shikha Kabelmanagement unter dem Schreibtisch, 15,7\u2033-31\u2033 einziehbare Kabelmanagementwanne"},"content":{"rendered":"<h2>Informationen zum Produkt<\/h2>\n<div class=\"a-row a-spacing-top-base\">\n<div class=\"a-column a-span6\">\n<div class=\"a-row a-spacing-base\">\n<div class=\"a-section table-padding\">\n<table id=\"productDetails_detailBullets_sections1\" class=\"a-keyvalue prodDetTable\" role=\"presentation\">\n<tbody>\n<tr>\n<th class=\"a-color-secondary a-size-base prodDetSectionEntry\">Produkt Abmessungen<\/th>\n<td class=\"a-size-base prodDetAttrValue\">29,5 x 4,7 x 0,1 Zoll<\/td>\n<\/tr>\n<tr>\n<th class=\"a-color-secondary a-size-base prodDetSectionEntry\">Artikel Gewicht<\/th>\n<td class=\"a-size-base prodDetAttrValue\">3,69 Pfund<\/td>\n<\/tr>\n<tr>\n<th class=\"a-color-secondary a-size-base prodDetSectionEntry\">ASIN<\/th>\n<td class=\"a-size-base prodDetAttrValue\">B0C5QYSKNJ<\/td>\n<\/tr>\n<tr>\n<th class=\"a-color-secondary a-size-base prodDetSectionEntry\">Kundenrezensionen<\/th>\n<td class=\"a-size-base\">\n<div id=\"averageCustomerReviews\" data-asin=\"B0C5QYSKNJ\" data-ref=\"dpx_acr_pop_\"><span class=\"a-declarative\" data-action=\"acrStarsLink-click-metrics\" data-acrstarslink-click-metrics=\"{}\"><span id=\"acrPopover\" class=\"reviewCountTextLinkedHistogram noUnderline\" title=\"4,5 von 5 Sternen\"><a class=\"a-popover-trigger a-declarative\" role=\"button\"><span class=\"a-size-base a-color-base\">4.5\u00a0<\/span><i class=\"a-icon a-icon-star a-star-4-5 cm-cr-review-stars-spacing-big\"><span class=\"a-icon-alt\">4,5 von 5 Sternen<\/span><\/i>\u00a0<i class=\"a-icon a-icon-popover\"><\/i><\/a>\u00a0\u00a0<\/span><\/span>\u00a0<span class=\"a-declarative\" data-action=\"acrLink-click-metrics\" data-acrlink-click-metrics=\"{}\"><a id=\"acrCustomerReviewLink\" class=\"a-link-normal\" href=\"https:\/\/www.amazon.com\/Shikha-Management-Retractable-Drilling-Organizer\/dp\/B0C5QYSKNJ\/ref=sr_1_34_sspa?crid=O7NJBDSK332Z&amp;dib=eyJ2IjoiMSJ9.Zy_NWatJHS3MY4dxWbKWAsCuGZaEd9uESOwohTsNJ3nGjHj071QN20LucGBJIEps.s2K4De6CpZXHf9RimD8QXFw4RBYeSi3-9LnfXndUjjk&amp;dib_tag=se&amp;keywords=%E2%80%A2%2BCable%2BManagement%2BCases%2B%E2%80%93%2BOrganizers%2Bfor%2Bgaming%2Bcables%2Band%2Badapters.&amp;qid=1739784488&amp;sprefix=cable%2Bmanagement%2Bcases%2Borganizers%2Bfor%2Bgaming%2Bcables%2Band%2Badapters.%2Caps%2C1107&amp;sr=8-34-spons&amp;xpid=Budc5jspIi1w2&amp;sp_csd=d2lkZ2V0TmFtZT1zcF9hdGZfbmV4dA&amp;th=1#customerReviews\"><span id=\"acrCustomerReviewText\" class=\"a-size-base\">272 Bewertungen<\/span><\/a><\/span><\/div>\n<p>4,5 von 5 Sternen<\/td>\n<\/tr>\n<tr>\n<th class=\"a-color-secondary a-size-base prodDetSectionEntry\">Meistverkaufter Rang<\/th>\n<td>#74,167 in Elektronik (<a href=\"https:\/\/www.amazon.com\/gp\/bestsellers\/electronics\/ref=pd_zg_ts_electronics\">Siehe Top 100 in Elektronik<\/a>)<br \/>\n#711 in\u00a0<a href=\"https:\/\/www.amazon.com\/gp\/bestsellers\/electronics\/6577543011\/ref=pd_zg_hrsr_electronics\">Kabelkan\u00e4le<\/a><\/td>\n<\/tr>\n<\/tbody>\n<\/table>\n<\/div>\n<\/div>\n<\/div>\n<\/div>","protected":false},"excerpt":{"rendered":"<p><strong>Platzsparend:<\/strong> Haben Sie immer noch Probleme, einen aufger\u00e4umten und schwer zu reinigenden Schreibtisch zu erhalten? Dieses verstellbare Kabelmanagement unter dem Schreibtisch erfordert kein Bohren und l\u00e4sst sich m\u00fchelos anbringen und abnehmen, wodurch die derzeitigen unerw\u00fcnschten Umst\u00e4nde verbessert werden. Es wird mit C-Klammern und selbstklebenden Gleitpads befestigt, die den Schreibtisch nicht besch\u00e4digen und das Bohren \u00fcberfl\u00fcssig machen.<br \/>\n<strong>Die Konstruktion erfordert keine Bohrungen:<\/strong> Die Kabelablage ist 4,7\u2033 breit und kann in der L\u00e4nge von 15,7\u2033 bis 31\u2033 verstellt werden. Sie ist in der Lage, mehrere Steckdosenleisten und iPhone\/PC-Ladeger\u00e4te aufzunehmen und kann mit Hilfe von Kabelbindern pr\u00e4ziser angeordnet werden. Die Installation erfordert kein Bohren oder Kleben; sie ist \u00e4u\u00dferst einfach zu installieren und zu entfernen.<br \/>\n<strong>Innovatives Design:<\/strong> Die aus hochfestem Metall gefertigte Hohlstruktur ist sowohl langlebig als auch effizient in der W\u00e4rmeableitung. Jede \u00d6ffnung dient einem bestimmten Zweck. Die Anbringung unter dem Tisch verhindert Sch\u00e4den durch Haustiere und sorgt daf\u00fcr, dass der Boden w\u00e4hrend der Reinigung nicht besch\u00e4digt wird.<\/p>\n<p><strong>Mehrzweck-Kabel-Organizer:<\/strong> Inklusive Kabelhalter-Clips, um die Organisation des Ladeger\u00e4ts zu erleichtern. Die Clips sind auf der R\u00fcckseite mit 3M-Klebeband versehen, so dass kein zus\u00e4tzlicher Kleber f\u00fcr die Installation ben\u00f6tigt wird. Die Tischoberfl\u00e4che wird durch reibungsarme Pads, die auf der Tischplatte aufliegen, und C-f\u00f6rmige Clips vor Besch\u00e4digungen gesch\u00fctzt. Alle Schrauben und Muttern sind universell einsetzbar, so dass man nicht mehrere Typen kaufen muss, falls eine fehlt oder besch\u00e4digt ist.<br \/>\n<strong>Ausgezeichneter Kundenservice:<\/strong> Bitte z\u00f6gern Sie nicht, sich mit uns in Verbindung zu setzen, wenn Sie w\u00e4hrend der Nutzung des Produkts auf Probleme sto\u00dfen oder nach Erhalt der Lieferung fehlende Teile entdecken. Wir werden innerhalb einer angemessenen Frist antworten.<\/p>","protected":false},"featured_media":2529,"comment_status":"open","ping_status":"closed","template":"","meta":[],"product_brand":[],"product_cat":[67,58],"product_tag":[],"class_list":{"0":"post-2521","1":"product","2":"type-product","3":"status-publish","4":"has-post-thumbnail","6":"product_cat-cable-management-cases","7":"product_cat-setup-accessories","9":"first","10":"instock","11":"shipping-taxable","12":"purchasable","13":"product-type-simple"},"_links":{"self":[{"href":"https:\/\/vavcase.com\/de\/wp-json\/wp\/v2\/product\/2521","targetHints":{"allow":["GET"]}}],"collection":[{"href":"https:\/\/vavcase.com\/de\/wp-json\/wp\/v2\/product"}],"about":[{"href":"https:\/\/vavcase.com\/de\/wp-json\/wp\/v2\/types\/product"}],"replies":[{"embeddable":true,"href":"https:\/\/vavcase.com\/de\/wp-json\/wp\/v2\/comments?post=2521"}],"wp:featuredmedia":[{"embeddable":true,"href":"https:\/\/vavcase.com\/de\/wp-json\/wp\/v2\/media\/2529"}],"wp:attachment":[{"href":"https:\/\/vavcase.com\/de\/wp-json\/wp\/v2\/media?parent=2521"}],"wp:term":[{"taxonomy":"product_brand","embeddable":true,"href":"https:\/\/vavcase.com\/de\/wp-json\/wp\/v2\/product_brand?post=2521"},{"taxonomy":"product_cat","embeddable":true,"href":"https:\/\/vavcase.com\/de\/wp-json\/wp\/v2\/product_cat?post=2521"},{"taxonomy":"product_tag","embeddable":true,"href":"https:\/\/vavcase.com\/de\/wp-json\/wp\/v2\/product_tag?post=2521"}],"curies":[{"name":"wp","href":"https:\/\/api.w.org\/{rel}","templated":true}]}}